{"id":17842,"date":"2025-11-05T12:30:23","date_gmt":"2025-11-05T10:30:23","guid":{"rendered":"https:\/\/xdf.gdu.edu.az\/?page_id=17842"},"modified":"2025-11-05T12:30:23","modified_gmt":"2025-11-05T10:30:23","slug":"huseynova-n%c9%99zrin-elsev%c9%99r-qizi-2","status":"publish","type":"page","link":"https:\/\/xdf.gdu.edu.az\/?page_id=17842","title":{"rendered":"H\u00fcseynova N\u0259zrin Elsev\u0259r q\u0131z\u0131"},"content":{"rendered":"<div class=\"wp-block-image\">\n<figure class=\"aligncenter size-full\"><img loading=\"lazy\" decoding=\"async\" width=\"235\" height=\"314\" src=\"http:\/\/xdf.gdu.edu.az\/wp-content\/uploads\/2025\/11\/902a16be-5164-49da-ae05-75958e8fde1a.jpg\" alt=\"\" class=\"wp-image-17787\"\/><\/figure>\n<\/div>\n\n\n<p>Leksika v\u0259 \u00d6lk\u0259\u015f\u00fcnasl\u0131q kafedras\u0131n\u0131n m\u00fc\u0259llimi<br>H\u00fcseynova N\u0259zrin Elsev\u0259r q\u0131z\u0131<\/p>\n\n\n\n<p>Telefon: 055-347-71-28<br>E-mail: nazrinhsnv@gmail.com<\/p>\n\n\n\n<p>QISA B\u0130OQRAF\u0130K M\u018fLUMAT<\/p>\n\n\n\n<p>19 avqust tarixind\u0259 Rusiya Federasiyas\u0131n\u0131n Sankt-Peterburq \u015f\u0259h\u0259rind\u0259 anadan olmu\u015fdur. Subayd\u0131r.<\/p>\n\n\n\n<p>T\u018fHS\u0130L\u0130, ELM\u0130 D\u018fR\u018fC\u018fS\u0130, ELM\u0130 ADLARI<\/p>\n\n\n\n<p>2007\u20132015-ci ill\u0259rd\u0259 Rusiya Federasiyas\u0131n\u0131n Sankt-Peterburq \u015f\u0259h\u0259rind\u0259 yerl\u0259\u015f\u0259n 186 n\u00f6mr\u0259li orta m\u0259kt\u0259bd\u0259 t\u0259hsil alm\u0131\u015fd\u0131r.<br>2015\u20132018-ci ill\u0259rd\u0259 Az\u0259rbaycan Respublikas\u0131n\u0131n G\u0259nc\u0259 \u015f\u0259h\u0259rind\u0259 yerl\u0259\u015f\u0259n 4 n\u00f6mr\u0259li tam orta m\u0259kt\u0259bd\u0259 t\u0259hsilini davam etdirmi\u015fdir.<br>2018-ci ild\u0259 G\u0259nc\u0259 D\u00f6vl\u0259t Universitetinin Xarici Dill\u0259r fak\u00fclt\u0259sinin \u201c\u0130ngilis dili m\u00fc\u0259llimliyi\u201d ixtisas\u0131na daxil olmu\u015fdur.<br>2022-ci ild\u0259 bakalavr pill\u0259sini bitir\u0259r\u0259k h\u0259min universitetin \u201c\u0130ngilis dilinin t\u0259drisi metodikas\u0131 v\u0259 metodologiyas\u0131\u201d ixtisas\u0131 \u00fczr\u0259 magistratura pill\u0259sin\u0259 q\u0259bul olmu\u015fdur.<\/p>\n\n\n\n<p>\u018fM\u018fK F\u018fAL\u0130YY\u018fT\u0130<\/p>\n\n\n\n<p>2025-ci ild\u0259n G\u0259nc\u0259 D\u00f6vl\u0259t Universitetinin Leksika v\u0259 \u00d6lk\u0259\u015f\u00fcnasl\u0131q kafedras\u0131nda m\u00fc\u0259llim kimi f\u0259aliyy\u0259t g\u00f6st\u0259rir.<\/p>\n\n\n\n<p>T\u018fLT\u0130FL\u018fR\u0130<\/p>\n\n\n\n<p>\u2014<\/p>\n\n\n\n<p>BEYN\u018fLXALQ SEM\u0130NAR, S\u0130MPOZ\u0130UM V\u018f KONFRANSLARDA \u0130\u015eT\u0130RAKI<\/p>\n\n\n\n<p>\u2014<\/p>\n\n\n\n<p>SE\u00c7\u0130LM\u0130\u015e \u018fS\u018fRL\u018fR\u0130<\/p>\n\n\n\n<p>\u2014<\/p>\n\n\n\n<p>D\u0130L B\u0130LG\u0130S\u0130<\/p>\n\n\n\n<p>\u0130ngilis, az\u0259rbaycan, rus dill\u0259ri<\/p>\n","protected":false},"excerpt":{"rendered":"<p>Leksika v\u0259 \u00d6lk\u0259\u015f\u00fcnasl\u0131q kafedras\u0131n\u0131n m\u00fc\u0259llimiH\u00fcseynova N\u0259zrin Elsev\u0259r q\u0131z\u0131 Telefon: 055-347-71-28E-mail: nazrinhsnv@gmail.com QISA B\u0130OQRAF\u0130K M\u018fLUMAT 19 avqust tarixind\u0259 Rusiya Federasiyas\u0131n\u0131n Sankt-Peterburq \u015f\u0259h\u0259rind\u0259 anadan olmu\u015fdur. Subayd\u0131r. T\u018fHS\u0130L\u0130, ELM\u0130 D\u018fR\u018fC\u018fS\u0130, ELM\u0130 ADLARI 2007\u20132015-ci ill\u0259rd\u0259 Rusiya Federasiyas\u0131n\u0131n Sankt-Peterburq \u015f\u0259h\u0259rind\u0259 yerl\u0259\u015f\u0259n 186 n\u00f6mr\u0259li orta m\u0259kt\u0259bd\u0259 t\u0259hsil alm\u0131\u015fd\u0131r.2015\u20132018-ci ill\u0259rd\u0259 Az\u0259rbaycan Respublikas\u0131n\u0131n G\u0259nc\u0259 \u015f\u0259h\u0259rind\u0259 yerl\u0259\u015f\u0259n 4 n\u00f6mr\u0259li tam orta m\u0259kt\u0259bd\u0259 t\u0259hsilini davam [&hellip;]<\/p>\n","protected":false},"author":4,"featured_media":0,"parent":0,"menu_order":0,"comment_status":"closed","ping_status":"closed","template":"","meta":{"footnotes":""},"categories":[],"tags":[],"class_list":["post-17842","page","type-page","status-publish","hentry"],"_links":{"self":[{"href":"https:\/\/xdf.gdu.edu.az\/index.php?rest_route=\/wp\/v2\/pages\/17842","targetHints":{"allow":["GET"]}}],"collection":[{"href":"https:\/\/xdf.gdu.edu.az\/index.php?rest_route=\/wp\/v2\/pages"}],"about":[{"href":"https:\/\/xdf.gdu.edu.az\/index.php?rest_route=\/wp\/v2\/types\/page"}],"author":[{"embeddable":true,"href":"https:\/\/xdf.gdu.edu.az\/index.php?rest_route=\/wp\/v2\/users\/4"}],"replies":[{"embeddable":true,"href":"https:\/\/xdf.gdu.edu.az\/index.php?rest_route=%2Fwp%2Fv2%2Fcomments&post=17842"}],"version-history":[{"count":1,"href":"https:\/\/xdf.gdu.edu.az\/index.php?rest_route=\/wp\/v2\/pages\/17842\/revisions"}],"predecessor-version":[{"id":17843,"href":"https:\/\/xdf.gdu.edu.az\/index.php?rest_route=\/wp\/v2\/pages\/17842\/revisions\/17843"}],"wp:attachment":[{"href":"https:\/\/xdf.gdu.edu.az\/index.php?rest_route=%2Fwp%2Fv2%2Fmedia&parent=17842"}],"wp:term":[{"taxonomy":"category","embeddable":true,"href":"https:\/\/xdf.gdu.edu.az\/index.php?rest_route=%2Fwp%2Fv2%2Fcategories&post=17842"},{"taxonomy":"post_tag","embeddable":true,"href":"https:\/\/xdf.gdu.edu.az\/index.php?rest_route=%2Fwp%2Fv2%2Ftags&post=17842"}],"curies":[{"name":"wp","href":"https:\/\/api.w.org\/{rel}","templated":true}]}}