{"id":17549,"date":"2025-10-16T09:29:35","date_gmt":"2025-10-16T07:29:35","guid":{"rendered":"https:\/\/xdf.gdu.edu.az\/?page_id=17549"},"modified":"2025-12-19T09:22:31","modified_gmt":"2025-12-19T07:22:31","slug":"s%c9%99n%c9%99dl%c9%99r","status":"publish","type":"page","link":"https:\/\/xdf.gdu.edu.az\/?page_id=17549","title":{"rendered":"S\u0259n\u0259dl\u0259r"},"content":{"rendered":"\n<p><a href=\"https:\/\/disk.yandex.ru\/i\/TuxhTu_jeVII4g\">2025-2026-CI T\u018fDR\u0130S \u0130L\u0130N\u0130N \u0130MTAHAN C\u018fDV\u018fL\u0130 (PAYIZ SESS\u0130YASI)<\/a><\/p>\n\n\n\n<p><a href=\"https:\/\/disk.yandex.ru\/d\/ARAyTPzv3KyIMA\">ALMAN D\u0130L\u0130<\/a><\/p>\n\n\n\n<p><\/p>\n\n\n\n<p><a href=\"https:\/\/disk.yandex.ru\/d\/cFx8dJNk3iDmFQ\">FRANSIZ D\u0130L\u0130<\/a><\/p>\n\n\n\n<p>S\u0259n\u0259dl\u0259r<\/p>\n\n\n\n<p><\/p>\n","protected":false},"excerpt":{"rendered":"<p>2025-2026-CI T\u018fDR\u0130S \u0130L\u0130N\u0130N \u0130MTAHAN C\u018fDV\u018fL\u0130 (PAYIZ SESS\u0130YASI) ALMAN D\u0130L\u0130 FRANSIZ D\u0130L\u0130 S\u0259n\u0259dl\u0259r<\/p>\n","protected":false},"author":1,"featured_media":0,"parent":0,"menu_order":0,"comment_status":"closed","ping_status":"closed","template":"","meta":{"footnotes":""},"categories":[],"tags":[],"class_list":["post-17549","page","type-page","status-publish","hentry"],"_links":{"self":[{"href":"https:\/\/xdf.gdu.edu.az\/index.php?rest_route=\/wp\/v2\/pages\/17549","targetHints":{"allow":["GET"]}}],"collection":[{"href":"https:\/\/xdf.gdu.edu.az\/index.php?rest_route=\/wp\/v2\/pages"}],"about":[{"href":"https:\/\/xdf.gdu.edu.az\/index.php?rest_route=\/wp\/v2\/types\/page"}],"author":[{"embeddable":true,"href":"https:\/\/xdf.gdu.edu.az\/index.php?rest_route=\/wp\/v2\/users\/1"}],"replies":[{"embeddable":true,"href":"https:\/\/xdf.gdu.edu.az\/index.php?rest_route=%2Fwp%2Fv2%2Fcomments&post=17549"}],"version-history":[{"count":6,"href":"https:\/\/xdf.gdu.edu.az\/index.php?rest_route=\/wp\/v2\/pages\/17549\/revisions"}],"predecessor-version":[{"id":18272,"href":"https:\/\/xdf.gdu.edu.az\/index.php?rest_route=\/wp\/v2\/pages\/17549\/revisions\/18272"}],"wp:attachment":[{"href":"https:\/\/xdf.gdu.edu.az\/index.php?rest_route=%2Fwp%2Fv2%2Fmedia&parent=17549"}],"wp:term":[{"taxonomy":"category","embeddable":true,"href":"https:\/\/xdf.gdu.edu.az\/index.php?rest_route=%2Fwp%2Fv2%2Fcategories&post=17549"},{"taxonomy":"post_tag","embeddable":true,"href":"https:\/\/xdf.gdu.edu.az\/index.php?rest_route=%2Fwp%2Fv2%2Ftags&post=17549"}],"curies":[{"name":"wp","href":"https:\/\/api.w.org\/{rel}","templated":true}]}}