{"id":17543,"date":"2025-10-16T09:28:14","date_gmt":"2025-10-16T07:28:14","guid":{"rendered":"https:\/\/xdf.gdu.edu.az\/?page_id=17543"},"modified":"2026-03-01T11:14:23","modified_gmt":"2026-03-01T09:14:23","slug":"sillabuslar","status":"publish","type":"page","link":"https:\/\/xdf.gdu.edu.az\/?page_id=17543","title":{"rendered":"Sillabuslar"},"content":{"rendered":"\n<p><a href=\"https:\/\/disk.yandex.ru\/d\/flq4F68pmL9DSg\">AZ\u018fRBAYCAN D\u0130L\u0130 KAFEDRASI<\/a><\/p>\n\n\n\n<p><a href=\"https:\/\/drive.google.com\/file\/d\/13W6fGXSV-WHgywmXMdylZTDHSJtRXW6P\/view?usp=drive_link\">AZ\u018fRBAYCAN V\u018f D\u00dcNYA \u018fD\u018fB\u0130YYATI KAFEDRASI<\/a><\/p>\n\n\n\n<p><a href=\"https:\/\/disk.yandex.ru\/d\/hVS6dJ7nWjhNDw\">LEKS\u0130KA V\u018f \u00d6LK\u018f\u015e\u00dcNASLIQ<\/a><\/p>\n\n\n\n<p><a href=\"https:\/\/disk.yandex.ru\/d\/FFABSGTa6AcGxg\">QRAMMAT\u0130KA V\u018f \u0130NG\u0130L\u0130S D\u0130L\u0130N\u0130N T\u018fDR\u0130S\u0130 <\/a><\/p>\n\n\n\n<p><\/p>\n\n\n\n<p><a href=\"https:\/\/disk.yandex.ru\/d\/ARAyTPzv3KyIMA\">ALMAN D\u0130L\u0130<\/a><\/p>\n\n\n\n<p><a href=\"https:\/\/disk.yandex.ru\/d\/cFx8dJNk3iDmFQ\">FRANSIZ D\u0130L\u0130<\/a><\/p>\n\n\n\n<p><a href=\"https:\/\/disk.yandex.ru\/d\/ra6eyeXjPmRtBA\">RUS DILI<\/a><\/p>\n","protected":false},"excerpt":{"rendered":"<p>AZ\u018fRBAYCAN D\u0130L\u0130 KAFEDRASI AZ\u018fRBAYCAN V\u018f D\u00dcNYA \u018fD\u018fB\u0130YYATI KAFEDRASI LEKS\u0130KA V\u018f \u00d6LK\u018f\u015e\u00dcNASLIQ QRAMMAT\u0130KA V\u018f \u0130NG\u0130L\u0130S D\u0130L\u0130N\u0130N T\u018fDR\u0130S\u0130 ALMAN D\u0130L\u0130 FRANSIZ D\u0130L\u0130 RUS DILI<\/p>\n","protected":false},"author":1,"featured_media":0,"parent":0,"menu_order":0,"comment_status":"closed","ping_status":"closed","template":"","meta":{"footnotes":""},"categories":[],"tags":[],"class_list":["post-17543","page","type-page","status-publish","hentry"],"_links":{"self":[{"href":"https:\/\/xdf.gdu.edu.az\/index.php?rest_route=\/wp\/v2\/pages\/17543","targetHints":{"allow":["GET"]}}],"collection":[{"href":"https:\/\/xdf.gdu.edu.az\/index.php?rest_route=\/wp\/v2\/pages"}],"about":[{"href":"https:\/\/xdf.gdu.edu.az\/index.php?rest_route=\/wp\/v2\/types\/page"}],"author":[{"embeddable":true,"href":"https:\/\/xdf.gdu.edu.az\/index.php?rest_route=\/wp\/v2\/users\/1"}],"replies":[{"embeddable":true,"href":"https:\/\/xdf.gdu.edu.az\/index.php?rest_route=%2Fwp%2Fv2%2Fcomments&post=17543"}],"version-history":[{"count":9,"href":"https:\/\/xdf.gdu.edu.az\/index.php?rest_route=\/wp\/v2\/pages\/17543\/revisions"}],"predecessor-version":[{"id":18506,"href":"https:\/\/xdf.gdu.edu.az\/index.php?rest_route=\/wp\/v2\/pages\/17543\/revisions\/18506"}],"wp:attachment":[{"href":"https:\/\/xdf.gdu.edu.az\/index.php?rest_route=%2Fwp%2Fv2%2Fmedia&parent=17543"}],"wp:term":[{"taxonomy":"category","embeddable":true,"href":"https:\/\/xdf.gdu.edu.az\/index.php?rest_route=%2Fwp%2Fv2%2Fcategories&post=17543"},{"taxonomy":"post_tag","embeddable":true,"href":"https:\/\/xdf.gdu.edu.az\/index.php?rest_route=%2Fwp%2Fv2%2Ftags&post=17543"}],"curies":[{"name":"wp","href":"https:\/\/api.w.org\/{rel}","templated":true}]}}