{"id":14215,"date":"2024-04-17T19:25:24","date_gmt":"2024-04-17T17:25:24","guid":{"rendered":"http:\/\/xdf.gdu.edu.az\/?page_id=14215"},"modified":"2026-03-01T11:16:39","modified_gmt":"2026-03-01T09:16:39","slug":"ixtisaslar-uzr%c9%99-t%c9%99lim-n%c9%99tic%c9%99l%c9%99ri","status":"publish","type":"page","link":"https:\/\/xdf.gdu.edu.az\/?page_id=14215","title":{"rendered":"\u0130xtisaslar \u00fczr\u0259 t\u0259lim n\u0259tic\u0259l\u0259ri"},"content":{"rendered":"\n<p>2025-2026 T\u018fL\u0130M N\u018fT\u0130C\u018fL\u018fR\u0130<\/p>\n\n\n\n<p><a href=\"https:\/\/disk.yandex.ru\/d\/Qo5E0lnRUM6i_A\"><strong>AZ\u018fRBAYCAN D\u0130L\u0130 KAFEDRASI<\/strong><\/a><\/p>\n\n\n\n<p><a href=\"https:\/\/disk.yandex.ru\/d\/-7T_Bb-sR0afDw\"><strong>Az\u0259rbaycan v\u0259 d\u00fcnya \u0259d\u0259biyyat\u0131 kafedras\u0131<\/strong><\/a><\/p>\n\n\n\n<p><a href=\"https:\/\/disk.yandex.ru\/d\/cEvMQcPrHIZ0dQ\">LEKS\u0130KA V\u018f \u00d6LK\u018f\u015e\u00dcNASLIQ; QRAMMAT\u0130KA V\u018f \u0130NG\u0130L\u0130S D\u0130L\u0130N\u0130N T\u018fDR\u0130S\u0130<\/a><\/p>\n\n\n\n<p><a href=\"https:\/\/disk.yandex.ru\/d\/V9irTsmbHZqzow\">T\u018fRC\u00dcM\u018f<\/a><\/p>\n\n\n\n<p><a href=\"https:\/\/disk.yandex.ru\/d\/I3O0gvcWySoHmg\">MAG\u0130STR- \u0130NG\u0130L\u0130S<\/a><\/p>\n\n\n\n<p><a href=\"https:\/\/disk.yandex.ru\/d\/04c6ISpcyxPqlg\">ALMAN D\u0130L\u0130<\/a><\/p>\n\n\n\n<p><a href=\"https:\/\/disk.yandex.ru\/d\/QeduT8BpGoTg-A\">FRANSIZ D\u0130L\u0130<\/a><\/p>\n\n\n\n<p><a href=\"https:\/\/disk.yandex.ru\/d\/tb6gygxQOIpLTg\">RUS D\u0130L\u0130<\/a><\/p>\n\n\n\n<p>2024-2025 ci il<\/p>\n\n\n\n<p><a href=\"https:\/\/disk.yandex.ru\/d\/u1TqMd7e4emW0g\"><strong><em>Qrammatika v\u0259 ingilis dilinin t\u0259drisi kafedras\u0131n\u0131n t\u0259lim n\u0259tic\u0259l\u0259ri<\/em><\/strong><\/a><\/p>\n\n\n\n<ol class=\"wp-block-list\">\n<li><a href=\"https:\/\/disk.yandex.ru\/d\/u1TqMd7e4emW0g\"><strong><em>Leksika v\u0259 \u00f6lk\u0259\u015f\u00fcnasl\u0131q kafedras\u0131n\u0131n t\u0259lim n\u0259tic\u0259l\u0259ri<\/em><\/strong><\/a><\/li>\n\n\n\n<li><a href=\"https:\/\/disk.yandex.ru\/d\/4MN1h85nZEg2DQ\"><strong><em>Magistr -\u0130ngilis <\/em><\/strong><\/a><\/li>\n\n\n\n<li><a href=\"https:\/\/disk.yandex.ru\/d\/pbGocYw6rbXgIw\"><strong><em>T\u0259rc\u00fcm\u0259 ixtisas\u0131 \u00fczr\u0259 t\u0259lim n\u0259tic\u0259l\u0259ri<\/em><\/strong><\/a><\/li>\n\n\n\n<li><a href=\"https:\/\/disk.yandex.ru\/d\/UsMAFBrvU7_l4Q\"><em><strong>Magistr-T\u0259rc\u00fcm\u0259<\/strong><\/em><\/a><\/li>\n\n\n\n<li><a href=\"https:\/\/disk.yandex.ru\/d\/nASFVtC28Aehqw\"><strong><em>Alman dili kafedras\u0131n\u0131n t\u0259lim n\u0259tic\u0259l\u0259ri<\/em><\/strong><\/a><\/li>\n\n\n\n<li><a href=\"https:\/\/disk.yandex.ru\/d\/HAR5QhTfkqn8aw\"><strong><em>Magistr-Alman<\/em><\/strong><\/a><\/li>\n\n\n\n<li><a href=\"https:\/\/disk.yandex.ru\/d\/nySeQupuTYDR9A\"><strong><em>Frans\u0131z dili kafedras\u0131n\u0131n t\u0259lim n\u0259tic\u0259l\u0259ri<\/em><\/strong><\/a><\/li>\n\n\n\n<li><strong><em><a href=\"https:\/\/disk.yandex.ru\/d\/c-ynFsKHjv2VOQ\">Magistr-Frans\u0131z<\/a><\/em><\/strong><\/li>\n\n\n\n<li><a href=\"https:\/\/disk.yandex.ru\/d\/GFwrERNbO_od2A\"><strong><em>Rus dili kafedras\u0131n\u0131n t\u0259lim n\u0259tic\u0259l\u0259ri<\/em><\/strong><\/a><\/li>\n\n\n\n<li><a href=\"https:\/\/disk.yandex.ru\/d\/NZE_BYW2Yqpykg\"><em><strong>Magistr-Rus<\/strong><\/em><\/a><\/li>\n<\/ol>\n\n\n\n<p><\/p>\n","protected":false},"excerpt":{"rendered":"<p>2025-2026 T\u018fL\u0130M N\u018fT\u0130C\u018fL\u018fR\u0130 AZ\u018fRBAYCAN D\u0130L\u0130 KAFEDRASI Az\u0259rbaycan v\u0259 d\u00fcnya \u0259d\u0259biyyat\u0131 kafedras\u0131 LEKS\u0130KA V\u018f \u00d6LK\u018f\u015e\u00dcNASLIQ; QRAMMAT\u0130KA V\u018f \u0130NG\u0130L\u0130S D\u0130L\u0130N\u0130N T\u018fDR\u0130S\u0130 T\u018fRC\u00dcM\u018f MAG\u0130STR- \u0130NG\u0130L\u0130S ALMAN D\u0130L\u0130 FRANSIZ D\u0130L\u0130 RUS D\u0130L\u0130 2024-2025 ci il Qrammatika v\u0259 ingilis dilinin t\u0259drisi kafedras\u0131n\u0131n t\u0259lim n\u0259tic\u0259l\u0259ri<\/p>\n","protected":false},"author":1,"featured_media":0,"parent":0,"menu_order":0,"comment_status":"closed","ping_status":"closed","template":"","meta":{"footnotes":""},"categories":[],"tags":[],"class_list":["post-14215","page","type-page","status-publish","hentry"],"_links":{"self":[{"href":"https:\/\/xdf.gdu.edu.az\/index.php?rest_route=\/wp\/v2\/pages\/14215","targetHints":{"allow":["GET"]}}],"collection":[{"href":"https:\/\/xdf.gdu.edu.az\/index.php?rest_route=\/wp\/v2\/pages"}],"about":[{"href":"https:\/\/xdf.gdu.edu.az\/index.php?rest_route=\/wp\/v2\/types\/page"}],"author":[{"embeddable":true,"href":"https:\/\/xdf.gdu.edu.az\/index.php?rest_route=\/wp\/v2\/users\/1"}],"replies":[{"embeddable":true,"href":"https:\/\/xdf.gdu.edu.az\/index.php?rest_route=%2Fwp%2Fv2%2Fcomments&post=14215"}],"version-history":[{"count":28,"href":"https:\/\/xdf.gdu.edu.az\/index.php?rest_route=\/wp\/v2\/pages\/14215\/revisions"}],"predecessor-version":[{"id":18508,"href":"https:\/\/xdf.gdu.edu.az\/index.php?rest_route=\/wp\/v2\/pages\/14215\/revisions\/18508"}],"wp:attachment":[{"href":"https:\/\/xdf.gdu.edu.az\/index.php?rest_route=%2Fwp%2Fv2%2Fmedia&parent=14215"}],"wp:term":[{"taxonomy":"category","embeddable":true,"href":"https:\/\/xdf.gdu.edu.az\/index.php?rest_route=%2Fwp%2Fv2%2Fcategories&post=14215"},{"taxonomy":"post_tag","embeddable":true,"href":"https:\/\/xdf.gdu.edu.az\/index.php?rest_route=%2Fwp%2Fv2%2Ftags&post=14215"}],"curies":[{"name":"wp","href":"https:\/\/api.w.org\/{rel}","templated":true}]}}