{"id":138,"date":"2015-12-02T23:06:35","date_gmt":"2015-12-02T21:06:35","guid":{"rendered":"http:\/\/bkf.gdu.edu.az\/?page_id=138"},"modified":"2026-04-15T13:57:03","modified_gmt":"2026-04-15T11:57:03","slug":"t%c9%99rbiy%c9%99-isl%c9%99ri-uzr%c9%99-dekan-muavini","status":"publish","type":"page","link":"https:\/\/xdf.gdu.edu.az\/?page_id=138","title":{"rendered":"Humanitar i\u015fl\u0259r \u00fczr\u0259 dekan m\u00fcavini"},"content":{"rendered":"\n<figure class=\"wp-block-image size-large is-resized\"><img loading=\"lazy\" decoding=\"async\" width=\"480\" height=\"640\" src=\"http:\/\/xdf.gdu.edu.az\/wp-content\/uploads\/2021\/10\/20211005_101127.jpg\" alt=\"\" class=\"wp-image-7949\" style=\"width:395px;height:527px\"\/><figcaption class=\"wp-element-caption\"> <em><strong>&nbsp;Babayeva Arzu Tahir&nbsp; q\u0131z\u0131&nbsp;<\/strong><\/em> <br><\/figcaption><\/figure>\n\n\n\n<p><\/p>\n\n\n\n<p>Babayeva Arzu Tahir Q\u0131z\u0131 1988-ci il 29 noyabrda &nbsp;anadan olub.<\/p>\n\n\n\n<p>2005-ci ild\u0259 G\u0259nc\u0259 D\u00f6vl\u0259t Universitetinin \u201c\u0130ngilis dili\u201d ixtisas\u0131na daxil olmu\u015f, 2009-cu ild\u0259 &nbsp;f\u0259rql\u0259nm\u0259 diplomu il\u0259 bakalavr d\u0259r\u0259c\u0259si alm\u0131\u015fd\u0131r. 2009-2011-ci ill\u0259rd\u0259 G\u0259nc\u0259 D\u00f6vl\u0259t Universitetinin \u201cPedaqogikan\u0131n tarixi v\u0259 n\u0259z\u0259riyy\u0259si\u201d ixtisas\u0131 \u00fczr\u0259 magistr d\u0259r\u0259c\u0259sini f\u0259rql\u0259nm\u0259 diplomu il\u0259 bitirmi\u015fdir.<\/p>\n\n\n\n<p>2018-ci ild\u0259 \u201cAli m\u0259kt\u0259bl\u0259rin dil fak\u00fclt\u0259l\u0259rinin I-II kurslar\u0131nda ingilis dilind\u0259 diskursiv kompetensiyan\u0131n formala\u015fd\u0131r\u0131lmas\u0131 yollar\u0131\u201d m\u00f6vzusunda dissertasiya i\u015fini m\u00fcdafi\u0259 etmi\u015f, 05.05.2021-ci ild\u0259 Az\u0259rbaycan Respublikas\u0131 Prezidenti Yan\u0131nda Ali Attestasiya Komissiyas\u0131 t\u0259r\u0259find\u0259n Pedaqogika \u00fczr\u0259 f\u0259ls\u0259f\u0259 doktoru elmi d\u0259r\u0259c\u0259si alm\u0131\u015fd\u0131r.<\/p>\n\n\n\n<p>2012 \u20132024-c\u00fc ill\u0259rd\u0259 G\u0259nc\u0259 D\u00f6vl\u0259t Universitetinin \u201cPraktik xarici dill\u0259r\u201d kafedras\u0131nda m\u00fc\u0259llim kimi f\u0259aliyy\u0259t\u0259 ba\u015flam\u0131\u015fd\u0131r. 2024-c\u00fc ild\u0259n Qrammatika v\u0259 ingilis dilinin t\u0259drisi kafedras\u0131n\u0131n ba\u015f m\u00fc\u0259llimidir.  2 d\u0259rs v\u0259saitinin, 35 elmi m\u0259qal\u0259nin, 6 d\u0259rs proqram\u0131n\u0131n, beyn\u0259lxalq v\u0259 respublika konfranslar\u0131n\u0131n i\u015ftirak\u00e7\u0131s\u0131d\u0131r.<\/p>\n\n\n\n<p>2021-ci ild\u0259n Xarici dill\u0259r fak\u00fclt\u0259sinin Humanitar m\u0259s\u0259l\u0259l\u0259r \u00fczr\u0259 dekan m\u00fcavini kimi f\u0259aliyy\u0259t g\u00f6st\u0259rir. <\/p>\n\n\n<p style=\"text-align: center;\">\n<p style=\"text-align: center;\">","protected":false},"excerpt":{"rendered":"<p>Babayeva Arzu Tahir Q\u0131z\u0131 1988-ci il 29 noyabrda &nbsp;anadan olub. 2005-ci ild\u0259 G\u0259nc\u0259 D\u00f6vl\u0259t Universitetinin \u201c\u0130ngilis dili\u201d ixtisas\u0131na daxil olmu\u015f, 2009-cu ild\u0259 &nbsp;f\u0259rql\u0259nm\u0259 diplomu il\u0259 bakalavr d\u0259r\u0259c\u0259si alm\u0131\u015fd\u0131r. 2009-2011-ci ill\u0259rd\u0259 G\u0259nc\u0259 D\u00f6vl\u0259t Universitetinin \u201cPedaqogikan\u0131n tarixi v\u0259 n\u0259z\u0259riyy\u0259si\u201d ixtisas\u0131 \u00fczr\u0259 magistr d\u0259r\u0259c\u0259sini f\u0259rql\u0259nm\u0259 diplomu il\u0259 bitirmi\u015fdir. 2018-ci ild\u0259 \u201cAli m\u0259kt\u0259bl\u0259rin dil fak\u00fclt\u0259l\u0259rinin I-II kurslar\u0131nda ingilis dilind\u0259 [&hellip;]<\/p>\n","protected":false},"author":1,"featured_media":0,"parent":0,"menu_order":0,"comment_status":"closed","ping_status":"closed","template":"","meta":{"footnotes":""},"categories":[],"tags":[],"class_list":["post-138","page","type-page","status-publish","hentry"],"_links":{"self":[{"href":"https:\/\/xdf.gdu.edu.az\/index.php?rest_route=\/wp\/v2\/pages\/138","targetHints":{"allow":["GET"]}}],"collection":[{"href":"https:\/\/xdf.gdu.edu.az\/index.php?rest_route=\/wp\/v2\/pages"}],"about":[{"href":"https:\/\/xdf.gdu.edu.az\/index.php?rest_route=\/wp\/v2\/types\/page"}],"author":[{"embeddable":true,"href":"https:\/\/xdf.gdu.edu.az\/index.php?rest_route=\/wp\/v2\/users\/1"}],"replies":[{"embeddable":true,"href":"https:\/\/xdf.gdu.edu.az\/index.php?rest_route=%2Fwp%2Fv2%2Fcomments&post=138"}],"version-history":[{"count":20,"href":"https:\/\/xdf.gdu.edu.az\/index.php?rest_route=\/wp\/v2\/pages\/138\/revisions"}],"predecessor-version":[{"id":18924,"href":"https:\/\/xdf.gdu.edu.az\/index.php?rest_route=\/wp\/v2\/pages\/138\/revisions\/18924"}],"wp:attachment":[{"href":"https:\/\/xdf.gdu.edu.az\/index.php?rest_route=%2Fwp%2Fv2%2Fmedia&parent=138"}],"wp:term":[{"taxonomy":"category","embeddable":true,"href":"https:\/\/xdf.gdu.edu.az\/index.php?rest_route=%2Fwp%2Fv2%2Fcategories&post=138"},{"taxonomy":"post_tag","embeddable":true,"href":"https:\/\/xdf.gdu.edu.az\/index.php?rest_route=%2Fwp%2Fv2%2Ftags&post=138"}],"curies":[{"name":"wp","href":"https:\/\/api.w.org\/{rel}","templated":true}]}}