{"id":13461,"date":"2023-12-14T12:35:13","date_gmt":"2023-12-14T10:35:13","guid":{"rendered":"http:\/\/xdf.gdu.edu.az\/?page_id=13461"},"modified":"2023-12-14T12:35:13","modified_gmt":"2023-12-14T10:35:13","slug":"ismayilova-gunay-sabir-qizi","status":"publish","type":"page","link":"https:\/\/xdf.gdu.edu.az\/?page_id=13461","title":{"rendered":"\u0130smayilova G\u00fcnay Sabir q\u0131z\u0131"},"content":{"rendered":"\n<div class=\"wp-block-image\"><figure class=\"alignright size-large is-resized\"><img loading=\"lazy\" decoding=\"async\" src=\"http:\/\/xdf.gdu.edu.az\/wp-content\/uploads\/2023\/12\/g\u00fcnay-scaled.jpg\" alt=\"\" class=\"wp-image-13457\" width=\"187\" height=\"249\" srcset=\"https:\/\/xdf.gdu.edu.az\/wp-content\/uploads\/2023\/12\/g\u00fcnay-scaled.jpg 1920w, https:\/\/xdf.gdu.edu.az\/wp-content\/uploads\/2023\/12\/g\u00fcnay-768x1024.jpg 768w, https:\/\/xdf.gdu.edu.az\/wp-content\/uploads\/2023\/12\/g\u00fcnay-1152x1536.jpg 1152w, https:\/\/xdf.gdu.edu.az\/wp-content\/uploads\/2023\/12\/g\u00fcnay-1536x2048.jpg 1536w\" sizes=\"auto, (max-width: 187px) 100vw, 187px\" \/><\/figure><\/div>\n\n\n\n<p>\u0130smayilova G\u00fcnay Sabir q\u0131z\u0131\n26.05.1990-c\u0131 ild\u0259 G\u0259nc\u0259 \u015f\u0259h\u0259rind\u0259 anadan olub.<\/p>\n\n\n\n<p>2013-ild\u0259 G\u0259nc\u0259 D\u00f6vl\u0259t Universitetinin\nBakalavr pill\u0259sini,&nbsp; <\/p>\n\n\n\n<p>2019-cu ild\u0259 GDU-nun Magistr pill\u0259sini\nbitirmi\u015fdir. <\/p>\n\n\n\n<p>Ya\u015fad\u0131\u011f\u0131 \u00fcnvan: General Zeynalov\nk\u00fcc.ev 46<\/p>\n\n\n\n<p>Mail : ismayilovagunay2018@gmail.com<\/p>\n\n\n\n<p>Tel: 050 349-74-72<\/p>\n","protected":false},"excerpt":{"rendered":"<p>\u0130smayilova G\u00fcnay Sabir q\u0131z\u0131 26.05.1990-c\u0131 ild\u0259 G\u0259nc\u0259 \u015f\u0259h\u0259rind\u0259 anadan olub. 2013-ild\u0259 G\u0259nc\u0259 D\u00f6vl\u0259t Universitetinin Bakalavr pill\u0259sini,&nbsp; 2019-cu ild\u0259 GDU-nun Magistr pill\u0259sini bitirmi\u015fdir. Ya\u015fad\u0131\u011f\u0131 \u00fcnvan: General Zeynalov k\u00fcc.ev 46 Mail : ismayilovagunay2018@gmail.com Tel: 050 349-74-72<\/p>\n","protected":false},"author":4,"featured_media":0,"parent":0,"menu_order":0,"comment_status":"closed","ping_status":"closed","template":"","meta":{"footnotes":""},"categories":[],"tags":[],"class_list":["post-13461","page","type-page","status-publish","hentry"],"_links":{"self":[{"href":"https:\/\/xdf.gdu.edu.az\/index.php?rest_route=\/wp\/v2\/pages\/13461","targetHints":{"allow":["GET"]}}],"collection":[{"href":"https:\/\/xdf.gdu.edu.az\/index.php?rest_route=\/wp\/v2\/pages"}],"about":[{"href":"https:\/\/xdf.gdu.edu.az\/index.php?rest_route=\/wp\/v2\/types\/page"}],"author":[{"embeddable":true,"href":"https:\/\/xdf.gdu.edu.az\/index.php?rest_route=\/wp\/v2\/users\/4"}],"replies":[{"embeddable":true,"href":"https:\/\/xdf.gdu.edu.az\/index.php?rest_route=%2Fwp%2Fv2%2Fcomments&post=13461"}],"version-history":[{"count":1,"href":"https:\/\/xdf.gdu.edu.az\/index.php?rest_route=\/wp\/v2\/pages\/13461\/revisions"}],"predecessor-version":[{"id":13462,"href":"https:\/\/xdf.gdu.edu.az\/index.php?rest_route=\/wp\/v2\/pages\/13461\/revisions\/13462"}],"wp:attachment":[{"href":"https:\/\/xdf.gdu.edu.az\/index.php?rest_route=%2Fwp%2Fv2%2Fmedia&parent=13461"}],"wp:term":[{"taxonomy":"category","embeddable":true,"href":"https:\/\/xdf.gdu.edu.az\/index.php?rest_route=%2Fwp%2Fv2%2Fcategories&post=13461"},{"taxonomy":"post_tag","embeddable":true,"href":"https:\/\/xdf.gdu.edu.az\/index.php?rest_route=%2Fwp%2Fv2%2Ftags&post=13461"}],"curies":[{"name":"wp","href":"https:\/\/api.w.org\/{rel}","templated":true}]}}