{"id":13445,"date":"2023-12-14T12:20:45","date_gmt":"2023-12-14T10:20:45","guid":{"rendered":"http:\/\/xdf.gdu.edu.az\/?page_id=13445"},"modified":"2023-12-14T12:20:45","modified_gmt":"2023-12-14T10:20:45","slug":"huseynova-s%c9%99hla-%c9%99l%c9%99kb%c9%99r-qizi","status":"publish","type":"page","link":"https:\/\/xdf.gdu.edu.az\/?page_id=13445","title":{"rendered":"H\u00fcseynova \u015e\u0259hla \u018fl\u0259kb\u0259r q\u0131z\u0131"},"content":{"rendered":"\n<div class=\"wp-block-image\"><figure class=\"alignright size-large is-resized\"><img loading=\"lazy\" decoding=\"async\" src=\"http:\/\/xdf.gdu.edu.az\/wp-content\/uploads\/2023\/12\/sehla.jpg\" alt=\"\" class=\"wp-image-13447\" width=\"237\" height=\"316\"\/><\/figure><\/div>\n\n\n\n<p>H\u00fcseynova \u015e\u0259hla \u018fl\u0259kb\u0259r q\u0131z\u0131\n10.07.1993-c\u00fc ild\u0259 G\u0259nc\u0259 \u015f\u0259h\u0259rind\u0259 anadan olub<\/p>\n\n\n\n<p>G\u0259nc\u0259 D\u00f6vl\u0259t Universitetinin Bakalavr\npill\u0259sini &nbsp;2016-ci ild\u0259 bitirmi\u015fdir.<\/p>\n\n\n\n<p>G\u0259nc\u0259 D\u00f6vl\u0259t Universitetinin Magistr pill\u0259sini\n&nbsp;2019-cu ild\u0259 bitirmi\u015fdir .<\/p>\n\n\n\n<p>Ya\u015fad\u0131\u011f\u0131 \u00fcnvan: General Zeynalov\nk\u00fcc.ev 17<\/p>\n\n\n\n<p>Mail : <a href=\"mailto:hsehla744@gmail.com\">hsehla744@gmail.com<\/a><\/p>\n\n\n\n<p>Tel: 055 742-62-45<\/p>\n","protected":false},"excerpt":{"rendered":"<p>H\u00fcseynova \u015e\u0259hla \u018fl\u0259kb\u0259r q\u0131z\u0131 10.07.1993-c\u00fc ild\u0259 G\u0259nc\u0259 \u015f\u0259h\u0259rind\u0259 anadan olub G\u0259nc\u0259 D\u00f6vl\u0259t Universitetinin Bakalavr pill\u0259sini &nbsp;2016-ci ild\u0259 bitirmi\u015fdir. G\u0259nc\u0259 D\u00f6vl\u0259t Universitetinin Magistr pill\u0259sini &nbsp;2019-cu ild\u0259 bitirmi\u015fdir . Ya\u015fad\u0131\u011f\u0131 \u00fcnvan: General Zeynalov k\u00fcc.ev 17 Mail : hsehla744@gmail.com Tel: 055 742-62-45<\/p>\n","protected":false},"author":4,"featured_media":0,"parent":0,"menu_order":0,"comment_status":"closed","ping_status":"closed","template":"","meta":{"footnotes":""},"categories":[],"tags":[],"class_list":["post-13445","page","type-page","status-publish","hentry"],"_links":{"self":[{"href":"https:\/\/xdf.gdu.edu.az\/index.php?rest_route=\/wp\/v2\/pages\/13445","targetHints":{"allow":["GET"]}}],"collection":[{"href":"https:\/\/xdf.gdu.edu.az\/index.php?rest_route=\/wp\/v2\/pages"}],"about":[{"href":"https:\/\/xdf.gdu.edu.az\/index.php?rest_route=\/wp\/v2\/types\/page"}],"author":[{"embeddable":true,"href":"https:\/\/xdf.gdu.edu.az\/index.php?rest_route=\/wp\/v2\/users\/4"}],"replies":[{"embeddable":true,"href":"https:\/\/xdf.gdu.edu.az\/index.php?rest_route=%2Fwp%2Fv2%2Fcomments&post=13445"}],"version-history":[{"count":1,"href":"https:\/\/xdf.gdu.edu.az\/index.php?rest_route=\/wp\/v2\/pages\/13445\/revisions"}],"predecessor-version":[{"id":13448,"href":"https:\/\/xdf.gdu.edu.az\/index.php?rest_route=\/wp\/v2\/pages\/13445\/revisions\/13448"}],"wp:attachment":[{"href":"https:\/\/xdf.gdu.edu.az\/index.php?rest_route=%2Fwp%2Fv2%2Fmedia&parent=13445"}],"wp:term":[{"taxonomy":"category","embeddable":true,"href":"https:\/\/xdf.gdu.edu.az\/index.php?rest_route=%2Fwp%2Fv2%2Fcategories&post=13445"},{"taxonomy":"post_tag","embeddable":true,"href":"https:\/\/xdf.gdu.edu.az\/index.php?rest_route=%2Fwp%2Fv2%2Ftags&post=13445"}],"curies":[{"name":"wp","href":"https:\/\/api.w.org\/{rel}","templated":true}]}}