{"id":930,"date":"2016-04-20T11:41:01","date_gmt":"2016-04-20T09:41:01","guid":{"rendered":"http:\/\/xd.gdu.edu.az\/?page_id=930"},"modified":"2025-04-01T14:08:02","modified_gmt":"2025-04-01T12:08:02","slug":"%c9%99liyeva-k%c9%99mal%c9%99-rafiq-qizi","status":"publish","type":"page","link":"http:\/\/xdf.gdu.edu.az\/?page_id=930","title":{"rendered":"\u018fliyeva K\u0259mal\u0259 Rafiq q\u0131z\u0131"},"content":{"rendered":"<div class=\"wp-block-image\">\n<figure class=\"aligncenter size-large is-resized\"><img loading=\"lazy\" decoding=\"async\" width=\"426\" height=\"585\" src=\"http:\/\/xdf.gdu.edu.az\/wp-content\/uploads\/2023\/05\/5.jpg\" alt=\"\" class=\"wp-image-12009\" style=\"width:230px;height:315px\"\/><\/figure>\n<\/div>\n\n<p>. \u018fL\u0130YEVA K\u018fMAL\u018f RAF\u0130Q QIZI \u2013 filologiya \u00fczr\u0259 f\u0259ls\u0259f\u0259 doktoru, ba\u015f m\u00fc\u0259llim<\/p>\n<p>GDU-nun \u201cLeksika v\u0259 \u00f6lk\u0259\u015f\u00fcnasl\u0131q\u201d kafedras\u0131n\u0131n ba\u015f\u00a0 m\u00fc\u0259llimi<\/p>\n<p>\u00a0\u00a0\u00a0\u00a0 \u00a0\u00a0QISA B\u0130OQRAF\u0130K M\u018fLUMAT<\/p>\n<p>1991-ci il 6 oktyabrda G\u0259nc\u0259 \u015f\u0259h\u0259rind\u0259 anadan olmu\u015fdur.<\/p>\n<p>1996-2007-ci ill\u0259rd\u0259 G\u0259nc\u0259 \u015f\u0259h\u0259ri M.Mehdizad\u0259 ad\u0131na 4 sayl\u0131 orta m\u0259kt\u0259bd\u0259 t\u0259hsil alm\u0131\u015f v\u0259 h\u0259min m\u0259kt\u0259bi \u0259la qiym\u0259tl\u0259rl\u0259 bitirmi\u015fdir.<\/p>\n<p>Ail\u0259lidir, 2 \u00f6vlad\u0131 var. .<\/p>\n<p>\u00a0\u00a0\u00a0\u00a0\u00a0 T\u018fHS\u0130L\u0130, ELM\u0130 D\u018fR\u018fC\u018fS\u0130 V\u018f ELM\u0130 ADI<\/p>\n<p>2007-2011 G\u0259nc\u0259 D\u00f6vl\u0259t Universitetind\u0259 \u201c\u0130ngilis dili m\u00fc\u0259llimliyi\u201d istiqam\u0259ti \u00fczr\u0259 bakalavr d\u0259r\u0259c\u0259sini f\u0259rql\u0259nm\u0259 diplomu il\u0259 bitirmi\u015fdir.<\/p>\n<p>2011-2013 G\u0259nc\u0259 D\u00f6vl\u0259t Universitetind\u0259 \u201c\u0130ngilis dili\u201d ixtisas\u0131 \u00fczr\u0259 magistr d\u0259r\u0259c\u0259sini \u00a0 f\u0259rql\u0259nm\u0259 diplomu il\u0259 bitirmi\u015fdir.<\/p>\n<p>2014-2017 G\u0259nc\u0259 D\u00f6vl\u0259t Universitetind\u0259 filologiya \u00fczr\u0259 f\u0259ls\u0259f\u0259 doktoru proqram\u0131 \u00fczr\u0259\u00a0 \u0259yani doktorant olmu\u015fdur.<\/p>\n<p>2017-ci il 6 iyunda \u00a0dissertasiyas\u0131n\u0131 u\u011furla m\u00fcdafi\u0259 \u00a0etmi\u015f, filologiya \u00fczr\u0259 f\u0259ls\u0259f\u0259 doktoru elmi d\u0259r\u0259c\u0259si alm\u0131\u015fd\u0131r.<\/p>\n<p>\u00a0\u00a0\u00a0\u00a0\u00a0\u00a0\u00a0 \u00a0\u018fM\u018fK F\u018fAL\u0130YY\u018fT\u0130<\/p>\n<p>2014-2017-ci ill\u0259r GDU-da \u0259yani doktorant<\/p>\n<p>2015-ci ild\u0259n G\u0259nc\u0259 D\u00f6vl\u0259t Universitetinin \u201cQrammatika v\u0259\u00a0 \u0130ngilis dilinin t\u0259drisi\u201d kafedras\u0131nda \u00a0m\u00fc\u0259llim<\/p>\n<p>2017-ci ild\u0259n Praktik Xarici Dill\u0259r kafedras\u0131nda ba\u015f m\u00fc\u0259llim.<\/p>\n<p>\u00a0\u00a0\u00a0\u00a0\u00a0\u00a0\u00a0\u00a0T\u018fDQ\u0130QAT SAH\u018fS\u0130<\/p>\n<p>\u0130ngilis dilinin qrammatikas\u0131, ingilis dilinin fonetikas\u0131,ingilis dilind\u0259 frazeoloji vahidl\u0259r<\/p>\n<p>\u00a0\u00a0\u00a0\u00a0\u00a0\u00a0\u00a0\u00a0\u00a0\u00a0\u00a0 SE\u00c7\u0130LM\u0130\u015e \u018fS\u018fRL\u018fR\u0130<\/p>\n<p>Az\u0259rbaycan dilind\u0259 gender stereotipl\u0259rini ifad\u0259 ed\u0259n frazeoloji va\u00adhid\u00adl\u0259r haqq\u0131nda (\u201cA\u0130L\u018f\u201d konsepti \u00e7\u0259r\u00e7iv\u0259sind\u0259) \/\/ G\u0259nc\u0259 D\u00f6vl\u0259t Universiteti. Elmi X\u0259b\u0259rl\u0259r Fundamental, Humanitar v\u0259 T\u0259bi\u0259t Elml\u0259ri seriyas\u0131, 2015, \u21162, G\u0259nc\u0259, 2015, s\u0259h.126-130.<\/p>\n<p>Gender m\u00fcnasib\u0259tl\u0259rinin spesifikliyi frazeoloji lakunarl\u0131\u011f\u0131 yaradan amil kimi \/\/\u00a0AMEA-n\u0131n Dil\u00e7ilik \u0130nstitutu,\u00a0\u21161,Bak\u0131,2015,\u201cT\u0259d\u00adqiq\u00adl\u0259r\u201d,\u00a0s\u0259h.51-57.<\/p>\n<p>Az\u0259rbaycan dilind\u0259ki etnoqrafiq m\u0259zmunlu frazeoloji vahidl\u0259rd\u0259 gender m\u00fcnasib\u0259tl\u0259rinin ini\u00adkas\u0131na dair \/\/ Az\u0259rbaycan Dill\u0259r Univer\u00adsi\u00adteti. Elmi X\u0259b\u0259rl\u0259r,Bak\u0131, 2015, s\u0259h.144-152.<\/p>\n<p>Az\u0259rbaycan dilinin frazeoloji sistemind\u0259ki gender assimmetrikliyi semantik universall\u0131\u011f\u0131n ini\u00adkas\u0131 kimi \/\/ AMEA-n\u0131n \u018flyazmalar \u0130nstitutu, Filologiya m\u0259s\u0259l\u0259l\u0259ri, Bak\u0131, 2015, \u21165, s\u0259h.106-111.<\/p>\n<p>Az\u0259rbaycan dilind\u0259ki \u201co\u011ful\/o\u011flan\u201d komponentli frazeoloji vahid\u00adl\u0259rd\u0259 gender assimmetriyas\u0131n\u0131n t\u0259zah\u00fcr formalar\u0131na dair \/\/ Az\u0259r\u00adbay\u00ad\u00adcan Dill\u0259r Universiteti, \u00abDil v\u0259 \u0259d\u0259biyyat\u00bb, \u21164, Bak\u0131, 2015, s\u0259h.87-94.<\/p>\n<p>Frazeoloji birl\u0259\u015fm\u0259l\u0259rin b\u0259dii t\u0259svir v\u0259 t\u0259sir imkanlar\u0131 \/\/ Qafqaz Universiteti, G\u0259nc t\u0259dqiqat\u00e7\u0131\u00adlar\u0131n III beyn\u0259lxalq elmi konfrans\u0131, Materiallar, Bak\u0131, 17-18 Aprel, 2015, s\u0259h.881-883.<\/p>\n<p>Xarici dill\u0259rin frazeologiyas\u0131n\u0131n t\u0259drisind\u0259 gender munasib\u0259tl\u0259rinin f\u0259rqliliyin\u0259 \u0259saslanan linqvokulturoloji \u015f\u0259rtl\u0259nm\u0259y\u0259 dair \/\/ \u201cXarici dill\u0259rin t\u0259drisinin aktual probleml\u0259ri\u201d, Respublika elmi-praktik konfrans\u0131n materiallar\u0131,Bak\u0131, 4-5 may, 2015, s\u0259h. 348-351.<\/p>\n<p>F\u0259rqli m\u0259d\u0259niyy\u0259tl\u0259rin gender stereotipl\u0259ri spesifikliyi frazeoloji lakunarl\u0131\u011f\u0131 \u015f\u0259rtl\u0259ndir\u0259n amill\u0259rd\u0259n biri kimi(gender m\u00fcnasib\u0259tl\u0259ri m\u0259d\u0259niyy\u0259tinin frazeoloji sistemind\u0259 inikas\u0131na dair) \/\/ Az\u0259rbaycan Dill\u0259r Universiteti, \u201cDil v\u0259 M\u0259d\u0259niyy\u0259t\u201d, Respublika elmi-praktiki konfrans, Bak\u0131, 8-9 oktyabr, 2015, s\u0259h. 138-141.<\/p>\n<p>Xarici dill\u0259rin frazeologiyas\u0131n\u0131n t\u0259drisind\u0259 gender stereotipliyinin m\u00fcqayis\u0259si faktoru haqq\u0131nda(\u201cSevgi-Nikah\u201d konsepti \u00e7\u0259r\u00e7i\u00adv\u0259sin\u00add\u0259) \/\/\u201cXarici dill\u0259rin t\u0259drisinin aktual probleml\u0259ri\u201d, Res\u00adpublika el\u00admi-praktik konfrans\u0131n materiallar\u0131,Bak\u0131, 5-6 may, 2016, s\u0259h. 282-284.<\/p>\n<p>Frazeoloji birikm\u0259l\u0259r,\u00a0 frazeoloji\u00a0 biti\u015fm\u0259l\u0259r, frazeoloji birl\u0259\u015fm\u0259l\u0259r v\u0259 onlar\u0131\u00a0 t\u0259\u015fkil ed\u0259n komponentl\u0259rinin m\u0259cazi m\u0259nalar\u0131 \/\/ Qafqaz Universiteti, G\u0259nc t\u0259dqiqat\u00e7\u0131lar\u0131n IV beyn\u0259lxalq elmi konfrans\u0131, Materiallar, Bak\u0131, 29-30 Aprel, 2016, s\u0259h. 823-825.<\/p>\n<p>Az\u0259rbaycan dilind\u0259ki predsedent onimli gender frazeologizml\u0259rinin linqvopraqmatik v\u0259 koqnitiv x\u00fcsusiyy\u0259tl\u0259rin\u0259 dair (ingilis v\u0259 rus dilind\u0259ki analoqlar\u0131 il\u0259 m\u00fcqayis\u0259d\u0259) \/\/ Qafqaz Universiteti, G\u0259nc t\u0259dqiqat\u00e7\u0131lar\u0131n IV beyn\u0259lxalq elmi konfrans\u0131, Materiallar, Bak\u0131, 29-30 Aprel, 2016,s\u0259h. 821-823.<\/p>\n<p>Qohumluq terminl\u0259rinin gender frazeologizml\u0259rinin formala\u015f\u00adma\u00ads\u0131ndak\u0131 roluna dair\/\/Bak\u0131 Slavyan Universiteti,Humanitar Elm\u00adl\u0259rin \u00d6yr\u0259nilm\u0259sinin aktual probleml\u0259ri, N2, Bak\u0131, 2016, s\u0259h. 39-45.<\/p>\n<p>Gender frazeologizml\u0259rinin koqnitiv-linqvopraqmatik t\u0259hlilin\u0259 dair \/\/ Bak\u0131 Slavyan Universiteti, \u201cTa\u011f\u0131yev oxular\u0131\u201d,Elmi m\u0259qal\u0259l\u0259r m\u0259cmu\u0259si, \u21161, Bak\u0131, 2016, s\u0259h. 141-149.<\/p>\n<p>Konsept, freym, slot, freym-ssenari haqq\u0131nda \/\/ G\u0259nc\u0259 D\u00f6vl\u0259t Uni\u00adversiteti,G\u0259nc aliml\u0259rin I beyn\u0259lxalq elmi konfrans\u0131, II hiss\u0259, 17-18 oktyabr, G\u0259nc\u0259,2016, s\u0259h. 43-45.<\/p>\n<p>C\u043e\u043e\u0442\u043d\u043e\u0448\u0435\u043d\u0438\u0435 \u0433\u0435\u043d\u0434\u0435\u0440\u043d\u044b\u0445 \u043e\u0442\u043d\u043e\u0448\u0435\u043d\u0438\u0439 \u043f\u043e \u0444\u0440\u0430\u0437\u0435\u043e\u043b\u043e\u0433\u0438\u0447\u0435\u0441\u043a\u0438\u0445 \u0435\u0434\u0438\u043d\u0438\u0446\u0430\u0445 \u044d\u0442\u043d\u043e\u0433\u0440\u0430\u0444\u0438\u0447\u0435\u0441\u043a\u043e\u0433\u043e \u0441\u043e\u0434\u0435\u0440\u0436\u0430\u043d\u0438\u044f \u043d\u0430\u0440\u043e\u0434\u043d\u043e\u0433\u043e \u0431\u044b\u0442\u0430, \u0435\u0433\u043e \u0442\u0440\u0430\u0434\u0438\u0446\u0438\u0439 \u0438 \u043e\u0431\u044b\u0447\u0430\u0435\u0432\u00a0\/\/\u00a0<a href=\"http:\/\/vestnik.kazmkpu.kz\/ru\/arkhiv\/33-2016\/248-khabarshy-vestnik-bulletin-1-61-2016\">\u0425\u0430\u0431\u0430\u0440\u0448\u044b-\u00a0\u0412\u0435\u0441\u0442\u043d\u0438\u043a \u041a\u0430\u0437\u041d\u041f\u0423 \u0438\u043c. \u0410\u0431\u0430\u044f. \u0421\u0435\u0440\u0438\u044f \u00ab\u0424\u0438\u043b\u043e\u043b\u043e\u0433\u0438\u0447\u0435\u0441\u043a\u0438\u0435 \u043d\u0430\u0443\u043a\u0438\u00bb,\u00a0\u21162 (56), 2016<\/a>, \u0441\u0442\u0440.43-48.<\/p>\n<p>\u041e \u043a\u043e\u043c\u043f\u043e\u043d\u0435\u043d\u0442\u043d\u043e\u0439 \u0438\u0435\u0440\u0430\u0440\u0445\u0438\u0438 \u0432 \u0441\u0435\u043c\u0430\u043d\u0442\u0438\u0447\u0435\u0441\u043a\u043e\u0439 \u0441\u0442\u0440\u0443\u043a\u0442\u0443\u0440\u0435 \u0433\u0435\u043d\u00ad\u0434\u0435\u0440\u00ad\u043d\u044b\u0445 \u0444\u0440\u0430\u0437\u0435\u043e\u043b\u043e\u0433\u0438\u0437\u043c\u043e\u0432 (\u043a\u043e\u043d\u0446\u0435\u043f\u0442, \u0444\u0440\u0435\u0439\u043c, \u0441\u043b\u043e\u0442, \u0444\u0440\u0435\u0439\u043c-\u0441\u0446\u0435\u00ad\u043d\u0430\u00ad\u0440\u0438\u0439)\/\/\u201d<a href=\"http:\/\/www.philol.msu.ru\/publishing\/vestnik\/\">\u0412\u0435\u0441\u0442\u043d\u0438\u043a<\/a>-\u041c\u0413\u041b\u0423\u201d (\u041c\u043e\u0441\u043a\u043e\u0432\u0441\u043a\u0438\u0439 \u0433\u043e\u0441\u0443\u0434\u0430\u0440\u0441\u0442\u0432\u0435\u043d\u043d\u044b\u0439 \u043b\u0438\u043d\u0433\u00ad\u0432\u0438\u0441\u00ad\u00ad\u0442\u0438\u0447\u0435\u0441\u043a\u0438\u0439 \u0443\u043d\u0438\u0432\u0435\u0440\u0441\u0438\u0442\u0435\u0442a), \u0441\u043f\u0435\u0446\u0432\u044b\u043f\u0443\u0441\u043a 16(753), 2016,\u00a0\u0441\u0442\u0440.\u00a087-95.<\/p>\n<p>Gender m\u00fcnasib\u0259tl\u0259rini ifad\u0259 ed\u0259n frazeologizml\u0259rin \u00fcslubi-sin\u00adtak\u00adtik \u00f6z\u00fcn\u0259m\u0259xsuslu\u011funu \u015f\u0259rtl\u0259ndir\u0259n amill\u0259r \/\/ Az\u0259rbaycan Respub\u00adlikas\u0131 Nazirl\u0259r Kabineti yan\u0131nda Terminologiya Komissiya\u00ads\u0131. Toplu Birinci T\u00fcrkoloji Qurultay\u0131n 90 illik yubileyin\u0259 h\u0259sr olunur. \/\/ Ter\u00admi\u00adnologiya m\u0259s\u0259l\u0259l\u0259ri. \u21162, Bak\u0131, 2016, s\u0259h. 85-94.<\/p>\n<p>Frazeologiyada konsept anlay\u0131\u015f\u0131 v\u0259 Az\u0259rbaycan dilind\u0259ki gender frazeologizml\u0259rinin konseptl\u0259rinin f\u0259rql\u0259ndirilm\u0259sinin \u0259sas prinsipl\u0259ri, Fundamental, Humanitar v\u0259 T\u0259bi\u0259t elml\u0259ri seriyas\u0131,G\u0259nc\u0259 \u015f. N-1, s\u0259h330-332<\/p>\n<p>\u0130nnovative reasearch of allusion background of gender phraseology in Azerbaijan, international Scientific Journal THEORETICAL &amp; APPLIED SCIENCE, Philadelphia, USA. N-6(98). S\u0259h. 669-672<\/p>\n<p>\u0130xtisas\u0131 ingilis dili olmayan ali m\u0259kt\u0259b t\u0259l\u0259b\u0259l\u0259ri \u00fc\u00e7\u00fcn n\u0259z\u0259riyy\u0259 v\u0259 t\u0259cr\u00fcb\u0259 adl\u0131 d\u0259rs v\u0259saiti, G\u0259nc\u0259 D\u00f6vl\u0259t Universiteti, 06.04.2022 ci il tarixli 5\/101 sayl\u0131 \u0259mrind\u0259n \u00e7\u0131xar\u0131\u015f ,G\u0259nc\u0259 \u015f.<\/p>\n<p><em>\u00a0<\/em><\/p>","protected":false},"excerpt":{"rendered":"<p>. \u018fL\u0130YEVA K\u018fMAL\u018f RAF\u0130Q QIZI \u2013 filologiya \u00fczr\u0259 f\u0259ls\u0259f\u0259 doktoru, ba\u015f m\u00fc\u0259llim GDU-nun \u201cLeksika v\u0259 \u00f6lk\u0259\u015f\u00fcnasl\u0131q\u201d kafedras\u0131n\u0131n ba\u015f\u00a0 m\u00fc\u0259llimi \u00a0\u00a0\u00a0\u00a0 \u00a0\u00a0QISA B\u0130OQRAF\u0130K M\u018fLUMAT 1991-ci il 6 oktyabrda G\u0259nc\u0259 \u015f\u0259h\u0259rind\u0259 anadan olmu\u015fdur. 1996-2007-ci ill\u0259rd\u0259 G\u0259nc\u0259 \u015f\u0259h\u0259ri M.Mehdizad\u0259 ad\u0131na 4 sayl\u0131 orta m\u0259kt\u0259bd\u0259 t\u0259hsil alm\u0131\u015f v\u0259 h\u0259min m\u0259kt\u0259bi \u0259la qiym\u0259tl\u0259rl\u0259 bitirmi\u015fdir. Ail\u0259lidir, 2 \u00f6vlad\u0131 var. . \u00a0\u00a0\u00a0\u00a0\u00a0 [&hellip;]<\/p>\n","protected":false},"author":4,"featured_media":0,"parent":0,"menu_order":0,"comment_status":"closed","ping_status":"closed","template":"","meta":{"footnotes":""},"categories":[],"tags":[],"class_list":["post-930","page","type-page","status-publish","hentry"],"_links":{"self":[{"href":"http:\/\/xdf.gdu.edu.az\/index.php?rest_route=\/wp\/v2\/pages\/930","targetHints":{"allow":["GET"]}}],"collection":[{"href":"http:\/\/xdf.gdu.edu.az\/index.php?rest_route=\/wp\/v2\/pages"}],"about":[{"href":"http:\/\/xdf.gdu.edu.az\/index.php?rest_route=\/wp\/v2\/types\/page"}],"author":[{"embeddable":true,"href":"http:\/\/xdf.gdu.edu.az\/index.php?rest_route=\/wp\/v2\/users\/4"}],"replies":[{"embeddable":true,"href":"http:\/\/xdf.gdu.edu.az\/index.php?rest_route=%2Fwp%2Fv2%2Fcomments&post=930"}],"version-history":[{"count":9,"href":"http:\/\/xdf.gdu.edu.az\/index.php?rest_route=\/wp\/v2\/pages\/930\/revisions"}],"predecessor-version":[{"id":16240,"href":"http:\/\/xdf.gdu.edu.az\/index.php?rest_route=\/wp\/v2\/pages\/930\/revisions\/16240"}],"wp:attachment":[{"href":"http:\/\/xdf.gdu.edu.az\/index.php?rest_route=%2Fwp%2Fv2%2Fmedia&parent=930"}],"wp:term":[{"taxonomy":"category","embeddable":true,"href":"http:\/\/xdf.gdu.edu.az\/index.php?rest_route=%2Fwp%2Fv2%2Fcategories&post=930"},{"taxonomy":"post_tag","embeddable":true,"href":"http:\/\/xdf.gdu.edu.az\/index.php?rest_route=%2Fwp%2Fv2%2Ftags&post=930"}],"curies":[{"name":"wp","href":"https:\/\/api.w.org\/{rel}","templated":true}]}}