{"id":93,"date":"2014-10-27T12:35:57","date_gmt":"2014-10-27T10:35:57","guid":{"rendered":"http:\/\/localhost\/wordpress\/?page_id=93"},"modified":"2026-04-16T08:38:58","modified_gmt":"2026-04-16T06:38:58","slug":"fakult%c9%99l%c9%99r","status":"publish","type":"page","link":"http:\/\/xdf.gdu.edu.az\/?page_id=93","title":{"rendered":"Kafedralar"},"content":{"rendered":"\n<p><strong>Az\u0259rbaycan dili <\/strong><\/p>\n\n\n\n<p><strong>Az\u0259rbaycan dili v\u0259 d\u00fcnya \u0259d\u0259biyyat\u0131<\/strong><\/p>\n\n\n<p><strong>Leksika v\u0259 \u00d6lk\u0259\u015f\u00fcnasl\u0131q<\/strong><\/p>\n<p><strong>Qrammatika v\u0259 \u0130ngilis dilinin t\u0259drisi<\/strong><\/p>\n<p><strong>Alman dili<\/strong><\/p>\n<p><strong>Rus dili<\/strong><\/p>\n<p><strong>Frans\u0131z dili<\/strong><\/p>\n<p><strong>Praktik Xarici Dill\u0259r<\/strong><\/p>\n\n\n<p><\/p>\n","protected":false},"excerpt":{"rendered":"<p>Az\u0259rbaycan dili Az\u0259rbaycan dili v\u0259 d\u00fcnya \u0259d\u0259biyyat\u0131 Leksika v\u0259 \u00d6lk\u0259\u015f\u00fcnasl\u0131q Qrammatika v\u0259 \u0130ngilis dilinin t\u0259drisi Alman dili Rus dili Frans\u0131z dili Praktik Xarici Dill\u0259r<\/p>\n","protected":false},"author":1,"featured_media":0,"parent":0,"menu_order":4,"comment_status":"closed","ping_status":"closed","template":"","meta":{"footnotes":""},"categories":[],"tags":[],"class_list":["post-93","page","type-page","status-publish","hentry"],"_links":{"self":[{"href":"http:\/\/xdf.gdu.edu.az\/index.php?rest_route=\/wp\/v2\/pages\/93","targetHints":{"allow":["GET"]}}],"collection":[{"href":"http:\/\/xdf.gdu.edu.az\/index.php?rest_route=\/wp\/v2\/pages"}],"about":[{"href":"http:\/\/xdf.gdu.edu.az\/index.php?rest_route=\/wp\/v2\/types\/page"}],"author":[{"embeddable":true,"href":"http:\/\/xdf.gdu.edu.az\/index.php?rest_route=\/wp\/v2\/users\/1"}],"replies":[{"embeddable":true,"href":"http:\/\/xdf.gdu.edu.az\/index.php?rest_route=%2Fwp%2Fv2%2Fcomments&post=93"}],"version-history":[{"count":6,"href":"http:\/\/xdf.gdu.edu.az\/index.php?rest_route=\/wp\/v2\/pages\/93\/revisions"}],"predecessor-version":[{"id":18937,"href":"http:\/\/xdf.gdu.edu.az\/index.php?rest_route=\/wp\/v2\/pages\/93\/revisions\/18937"}],"wp:attachment":[{"href":"http:\/\/xdf.gdu.edu.az\/index.php?rest_route=%2Fwp%2Fv2%2Fmedia&parent=93"}],"wp:term":[{"taxonomy":"category","embeddable":true,"href":"http:\/\/xdf.gdu.edu.az\/index.php?rest_route=%2Fwp%2Fv2%2Fcategories&post=93"},{"taxonomy":"post_tag","embeddable":true,"href":"http:\/\/xdf.gdu.edu.az\/index.php?rest_route=%2Fwp%2Fv2%2Ftags&post=93"}],"curies":[{"name":"wp","href":"https:\/\/api.w.org\/{rel}","templated":true}]}}