{"id":808,"date":"2016-04-15T07:12:31","date_gmt":"2016-04-15T05:12:31","guid":{"rendered":"http:\/\/xd.gdu.edu.az\/?page_id=808"},"modified":"2023-05-15T08:59:00","modified_gmt":"2023-05-15T06:59:00","slug":"h%c9%99midov-allahverdi-isam%c9%99ddin-oglu","status":"publish","type":"page","link":"http:\/\/xdf.gdu.edu.az\/?page_id=808","title":{"rendered":"H\u0259midov Allahverdi \u0130sam\u0259ddin o\u011flu"},"content":{"rendered":"\n<div class=\"wp-block-image\"><figure class=\"aligncenter size-large is-resized\"><img loading=\"lazy\" decoding=\"async\" src=\"http:\/\/xdf.gdu.edu.az\/wp-content\/uploads\/2023\/05\/dos.H\u0259midov-Allahverdi-\u0130sam\u0259ddin-o\u011flu.jpg\" alt=\"\" class=\"wp-image-11744\" width=\"214\" height=\"299\" srcset=\"http:\/\/xdf.gdu.edu.az\/wp-content\/uploads\/2023\/05\/dos.H\u0259midov-Allahverdi-\u0130sam\u0259ddin-o\u011flu.jpg 1160w, http:\/\/xdf.gdu.edu.az\/wp-content\/uploads\/2023\/05\/dos.H\u0259midov-Allahverdi-\u0130sam\u0259ddin-o\u011flu-768x1075.jpg 768w, http:\/\/xdf.gdu.edu.az\/wp-content\/uploads\/2023\/05\/dos.H\u0259midov-Allahverdi-\u0130sam\u0259ddin-o\u011flu-1097x1536.jpg 1097w\" sizes=\"auto, (max-width: 214px) 100vw, 214px\" \/><\/figure><\/div>\n\n\n<p>\u00a0\u00a0\u00a0\u00a0\u00a0\u00a0\u00a0\u00a0\u00a0\u00a0\u00a0\u00a0\u00a0\u00a0\u00a0\u00a0\u00a0\u00a0\u00a0\u00a0\u00a0\u00a0\u00a0\u00a0 <strong>Leksika v\u0259 \u00f6lk\u0259\u015f\u00fcnasl\u0131q kafedras\u0131n\u0131n dosenti<\/strong><\/p>\n<p><strong>\u00a0\u00a0\u00a0\u00a0\u00a0\u00a0\u00a0\u00a0\u00a0\u00a0\u00a0\u00a0\u00a0\u00a0\u00a0\u00a0\u00a0\u00a0\u00a0\u00a0\u00a0\u00a0\u00a0\u00a0\u00a0\u00a0\u00a0\u00a0\u00a0\u00a0\u00a0\u00a0 H\u0259midov Allahverdi \u0130sam\u0259ddin o\u011flu<\/strong><\/p>\n<ul>\n<li><strong>Telefon<\/strong>: 055-625-92-14<\/li>\n<li><strong>E- mail<\/strong>: <a href=\"https:\/\/e.mail.ru\/compose?To=allahverdih363@gmail.com\">allahverdih363@gmail.com<\/a><\/li>\n<\/ul>\n<p><strong>Q\u0131sa bioqrafik m\u0259lumat<\/strong><\/p>\n<p>1940-ci il 15 aprel Da\u011f\u0131stan MR, Axt\u0131 rayonu, Uxlu k\u0259ndind\u0259 anadan olmu\u015fdur. Ail\u0259lidir. 4 \u00f6vlad\u0131, 4 n\u0259v\u0259si var.<\/p>\n<p><strong>T\u0259hsili<\/strong><\/p>\n<p>\u00a0\u00a0\u00a0\u00a0\u00a0\u00a0\u00a0\u00a0 1958-ci ild\u0259 orta m\u0259kt\u0259bi bitirmi\u015fdir.1959-cu ild\u0259 Az\u0259rbaycan D\u00f6vl\u0259t Dill\u0259r institutuna q\u0259bul olmu\u015f v\u0259 1964-c\u00fc ild\u0259 h\u0259min institun m\u0259zunu olmu\u015fdur.<\/p>\n<p><strong>\u00a0\u00a0\u00a0\u00a0\u00a0\u00a0 \u018fm\u0259k f\u0259aliyy\u0259ti<\/strong><\/p>\n<p>1964-c\u00fc ild\u0259n orta m\u0259kt\u0259bl\u0259rd\u0259, sonra is\u0259 se\u00e7ki yolu il\u0259 G\u0259nc\u0259 D\u00f6vl\u0259t \u00dcniversitetinin (KDP\u0130) Xarici dill\u0259r kafedras\u0131na m\u00fc\u0259llim se\u00e7ilmi\u015fdir. Hal-haz\u0131ra q\u0259d\u0259r \u201cLeksika v\u0259 \u00f6lk\u0259\u015f\u00fcnasl\u0131q\u201d kafedras\u0131nda dosent v\u0259zif\u0259sind\u0259 \u00e7al\u0131\u015f\u0131r.<\/p>\n<p><strong>Elmi d\u0259r\u0259c\u0259si v\u0259 elmi adlar\u0131<\/strong><\/p>\n<p>1980-ci ild\u0259 m\u00fcdafi\u0259 ed\u0259r\u0259k filologiya elml\u0259ri namiz\u0259di, bir ne\u00e7\u0259 ild\u0259n sonra dosent elmi d\u0259r\u0259c\u0259si ad\u0131n\u0131 alm\u0131\u015fd\u0131r.<br \/>\u00a0\u00a0\u00a0\u00a0\u00a0\u00a0\u00a0\u00a0 D\u0259f\u0259l\u0259rl\u0259r Xarici dill\u0259rin kafedra m\u00fcdiri, sonra is\u0259 se\u00e7ki yolu il\u0259 h\u0259min fak\u00fclt\u0259nin dekan\u0131 se\u00e7ilmi\u015fdir.<br \/>\u00a0\u00a0\u00a0\u00a0\u00a0\u00a0\u00a0\u00a0 2009-cu ild\u0259n m\u00f6ht\u0259r\u0259m c\u0259nab prezidentimizin s\u0259rancam\u0131 il\u0259 Az\u0259rbaycan Respublikas\u0131n\u0131n \u201c<strong>\u018fm\u0259kdar m\u00fc\u0259llimi\u201d<\/strong> ad\u0131na layiq g\u00f6r\u00fclm\u00fc\u015fd\u00fcr.<\/p>\n<p><strong>Elmi \u0259s\u0259rl\u0259ri<\/strong><\/p>\n<p>2 kitab v\u0259 \u00e7oxlu sayda elmi-metodiki m\u0259qal\u0259l\u0259rin m\u00fc\u0259llifidir.\u00a0<\/p>\n<p><strong>Partiyal\u0131l\u0131\u011f\u0131<\/strong><\/p>\n<p>\u00a0\u00a02000- ci ild\u0259n YAP-\u0131n \u00fczv\u00fcd\u00fcr.<\/p>\n<p><strong>Dil bilgisi<\/strong><\/p>\n<p>\u0130ngilis, rus dill\u0259ri<\/p>\n<p>\u00a0<\/p>\n<p>\u00a0<\/p>","protected":false},"excerpt":{"rendered":"<p>\u00a0\u00a0\u00a0\u00a0\u00a0\u00a0\u00a0\u00a0\u00a0\u00a0\u00a0\u00a0\u00a0\u00a0\u00a0\u00a0\u00a0\u00a0\u00a0\u00a0\u00a0\u00a0\u00a0\u00a0 Leksika v\u0259 \u00f6lk\u0259\u015f\u00fcnasl\u0131q kafedras\u0131n\u0131n dosenti \u00a0\u00a0\u00a0\u00a0\u00a0\u00a0\u00a0\u00a0\u00a0\u00a0\u00a0\u00a0\u00a0\u00a0\u00a0\u00a0\u00a0\u00a0\u00a0\u00a0\u00a0\u00a0\u00a0\u00a0\u00a0\u00a0\u00a0\u00a0\u00a0\u00a0\u00a0\u00a0 H\u0259midov Allahverdi \u0130sam\u0259ddin o\u011flu Telefon: 055-625-92-14 E- mail: allahverdih363@gmail.com Q\u0131sa bioqrafik m\u0259lumat 1940-ci il 15 aprel Da\u011f\u0131stan MR, Axt\u0131 rayonu, Uxlu k\u0259ndind\u0259 anadan olmu\u015fdur. Ail\u0259lidir. 4 \u00f6vlad\u0131, 4 n\u0259v\u0259si var. T\u0259hsili \u00a0\u00a0\u00a0\u00a0\u00a0\u00a0\u00a0\u00a0 1958-ci ild\u0259 orta m\u0259kt\u0259bi bitirmi\u015fdir.1959-cu ild\u0259 Az\u0259rbaycan D\u00f6vl\u0259t Dill\u0259r institutuna q\u0259bul olmu\u015f v\u0259 1964-c\u00fc ild\u0259 h\u0259min [&hellip;]<\/p>\n","protected":false},"author":4,"featured_media":0,"parent":0,"menu_order":0,"comment_status":"closed","ping_status":"closed","template":"","meta":{"footnotes":""},"categories":[],"tags":[],"class_list":["post-808","page","type-page","status-publish","hentry"],"_links":{"self":[{"href":"http:\/\/xdf.gdu.edu.az\/index.php?rest_route=\/wp\/v2\/pages\/808","targetHints":{"allow":["GET"]}}],"collection":[{"href":"http:\/\/xdf.gdu.edu.az\/index.php?rest_route=\/wp\/v2\/pages"}],"about":[{"href":"http:\/\/xdf.gdu.edu.az\/index.php?rest_route=\/wp\/v2\/types\/page"}],"author":[{"embeddable":true,"href":"http:\/\/xdf.gdu.edu.az\/index.php?rest_route=\/wp\/v2\/users\/4"}],"replies":[{"embeddable":true,"href":"http:\/\/xdf.gdu.edu.az\/index.php?rest_route=%2Fwp%2Fv2%2Fcomments&post=808"}],"version-history":[{"count":2,"href":"http:\/\/xdf.gdu.edu.az\/index.php?rest_route=\/wp\/v2\/pages\/808\/revisions"}],"predecessor-version":[{"id":11745,"href":"http:\/\/xdf.gdu.edu.az\/index.php?rest_route=\/wp\/v2\/pages\/808\/revisions\/11745"}],"wp:attachment":[{"href":"http:\/\/xdf.gdu.edu.az\/index.php?rest_route=%2Fwp%2Fv2%2Fmedia&parent=808"}],"wp:term":[{"taxonomy":"category","embeddable":true,"href":"http:\/\/xdf.gdu.edu.az\/index.php?rest_route=%2Fwp%2Fv2%2Fcategories&post=808"},{"taxonomy":"post_tag","embeddable":true,"href":"http:\/\/xdf.gdu.edu.az\/index.php?rest_route=%2Fwp%2Fv2%2Ftags&post=808"}],"curies":[{"name":"wp","href":"https:\/\/api.w.org\/{rel}","templated":true}]}}