{"id":740,"date":"2016-04-12T06:23:04","date_gmt":"2016-04-12T04:23:04","guid":{"rendered":"http:\/\/xd.gdu.edu.az\/?page_id=740"},"modified":"2023-05-22T08:36:28","modified_gmt":"2023-05-22T06:36:28","slug":"%c9%99liyeva-n%c9%99sib%c9%99-islam-qizi","status":"publish","type":"page","link":"http:\/\/xdf.gdu.edu.az\/?page_id=740","title":{"rendered":"\u018fliyeva N\u0259sib\u0259 \u0130slam q\u0131z\u0131"},"content":{"rendered":"\n<div class=\"wp-block-image\"><figure class=\"aligncenter size-large is-resized\"><img loading=\"lazy\" decoding=\"async\" src=\"http:\/\/xdf.gdu.edu.az\/wp-content\/uploads\/2023\/05\/n\u0259sib\u0259.jpg\" alt=\"\" class=\"wp-image-12023\" width=\"262\" height=\"350\"\/><\/figure><\/div>\n\n\n<p><strong>\u018fliyeva N\u0259sib\u0259 \u0130slam q.<\/strong><\/p>\n<p><strong>V\u0259zif\u0259si: \u00a0\u00a0<\/strong>m\u00fc\u0259llim<\/p>\n<p><strong>Telefon: \u00a0\u00a0<\/strong>(055) 586 41 37<\/p>\n<p><strong>E-mail: \u00a0\u00a0\u00a0<\/strong><a href=\"mailto:nasibaaliyeva@yandex.ru\">nasibaaliyeva@yandex.ru<\/a><\/p>\n<ul>\n<li>1963-c\u00fc il 26 tarixd\u0259 anadan olmu\u015fdur<\/li>\n<\/ul>\n<p><strong>T\u0259hsili, elmi d\u0259r\u0259c\u0259si v\u0259 elmi adlar\u0131:<\/strong><\/p>\n<ul>\n<li>1983-1988-ci ill\u0259rd\u0259 Bak\u0131 \u015f\u0259h\u0259ri Az\u0259rbaycan Dill\u0259r Universitetin \u0130ngilis &#8211; frans\u0131z dili m\u00fc\u0259llimliyi ixtisas\u0131 \u00fczr\u0259 t\u0259hsil alm\u0131\u015fd\u0131r<\/li>\n<\/ul>\n<p><strong>\u018fm\u0259k\u00a0 f\u0259aliyy\u0259ti:<\/strong><\/p>\n<ul>\n<li>34 il<\/li>\n<\/ul>\n<p><strong>T\u0259ltifl\u0259ri: <\/strong><\/p>\n<ul>\n<li>2 f\u0259xri f\u0259rman<\/li>\n<\/ul>\n<p><strong>Elmi \u0259s\u0259rl\u0259ri:<\/strong><\/p>\n<ul>\n<li>1 d\u0259rs v\u0259saiti, 17 m\u0259qal\u0259<\/li>\n<\/ul>\n<p><strong>Dil bilgisi: <\/strong><\/p>\n<ul>\n<li>Az\u0259rbaycan, ingilis, rus, frans\u0131z<\/li>\n<\/ul>\n<p><strong>\u00a0<\/strong><\/p>","protected":false},"excerpt":{"rendered":"<p>\u018fliyeva N\u0259sib\u0259 \u0130slam q. V\u0259zif\u0259si: \u00a0\u00a0m\u00fc\u0259llim Telefon: \u00a0\u00a0(055) 586 41 37 E-mail: \u00a0\u00a0\u00a0nasibaaliyeva@yandex.ru 1963-c\u00fc il 26 tarixd\u0259 anadan olmu\u015fdur T\u0259hsili, elmi d\u0259r\u0259c\u0259si v\u0259 elmi adlar\u0131: 1983-1988-ci ill\u0259rd\u0259 Bak\u0131 \u015f\u0259h\u0259ri Az\u0259rbaycan Dill\u0259r Universitetin \u0130ngilis &#8211; frans\u0131z dili m\u00fc\u0259llimliyi ixtisas\u0131 \u00fczr\u0259 t\u0259hsil alm\u0131\u015fd\u0131r \u018fm\u0259k\u00a0 f\u0259aliyy\u0259ti: 34 il T\u0259ltifl\u0259ri: 2 f\u0259xri f\u0259rman Elmi \u0259s\u0259rl\u0259ri: 1 d\u0259rs v\u0259saiti, 17 [&hellip;]<\/p>\n","protected":false},"author":4,"featured_media":0,"parent":0,"menu_order":0,"comment_status":"closed","ping_status":"closed","template":"","meta":{"footnotes":""},"categories":[],"tags":[],"class_list":["post-740","page","type-page","status-publish","hentry"],"_links":{"self":[{"href":"http:\/\/xdf.gdu.edu.az\/index.php?rest_route=\/wp\/v2\/pages\/740","targetHints":{"allow":["GET"]}}],"collection":[{"href":"http:\/\/xdf.gdu.edu.az\/index.php?rest_route=\/wp\/v2\/pages"}],"about":[{"href":"http:\/\/xdf.gdu.edu.az\/index.php?rest_route=\/wp\/v2\/types\/page"}],"author":[{"embeddable":true,"href":"http:\/\/xdf.gdu.edu.az\/index.php?rest_route=\/wp\/v2\/users\/4"}],"replies":[{"embeddable":true,"href":"http:\/\/xdf.gdu.edu.az\/index.php?rest_route=%2Fwp%2Fv2%2Fcomments&post=740"}],"version-history":[{"count":3,"href":"http:\/\/xdf.gdu.edu.az\/index.php?rest_route=\/wp\/v2\/pages\/740\/revisions"}],"predecessor-version":[{"id":12071,"href":"http:\/\/xdf.gdu.edu.az\/index.php?rest_route=\/wp\/v2\/pages\/740\/revisions\/12071"}],"wp:attachment":[{"href":"http:\/\/xdf.gdu.edu.az\/index.php?rest_route=%2Fwp%2Fv2%2Fmedia&parent=740"}],"wp:term":[{"taxonomy":"category","embeddable":true,"href":"http:\/\/xdf.gdu.edu.az\/index.php?rest_route=%2Fwp%2Fv2%2Fcategories&post=740"},{"taxonomy":"post_tag","embeddable":true,"href":"http:\/\/xdf.gdu.edu.az\/index.php?rest_route=%2Fwp%2Fv2%2Ftags&post=740"}],"curies":[{"name":"wp","href":"https:\/\/api.w.org\/{rel}","templated":true}]}}