{"id":736,"date":"2016-04-12T06:20:57","date_gmt":"2016-04-12T04:20:57","guid":{"rendered":"http:\/\/xd.gdu.edu.az\/?page_id=736"},"modified":"2024-10-22T09:57:19","modified_gmt":"2024-10-22T07:57:19","slug":"babayeva-arzu-tahir-qizi","status":"publish","type":"page","link":"http:\/\/xdf.gdu.edu.az\/?page_id=736","title":{"rendered":"Babayeva Arzu Tahir Q\u0131z\u0131"},"content":{"rendered":"\n<div class=\"wp-block-image\"><figure class=\"aligncenter size-large\"><img loading=\"lazy\" decoding=\"async\" width=\"379\" height=\"564\" src=\"http:\/\/xdf.gdu.edu.az\/wp-content\/uploads\/2024\/05\/WhatsApp-Image-2024-05-29-at-14.11.31.jpeg\" alt=\"\" class=\"wp-image-14610\"\/><\/figure><\/div>\n\n\n<p><strong>P.f.dok. Babayeva Arzu Tahir q.<\/strong><\/p>\n<p><strong>V\u0259zif\u0259si:<\/strong>\u00a0 Qrammatika v\u0259 ingilis dilinin t\u0259drisi kafedras\u0131n\u0131n p.f.dok<\/p>\n<p><strong>Telefon:<\/strong>\u00a0\u00a0 0517650044,\u00a0 0702402020<\/p>\n<p><strong>Email:<\/strong>\u00a0\u00a0\u00a0\u00a0\u00a0 ar_sb1@hotmail.com<\/p>\n<p><strong>Bioqrafiya:<\/strong> 29 noyabr 1988-ci ild\u0259 anadan olub. Ail\u0259lidir. 2 \u00f6vlad\u0131 var. Yeni Az\u0259rbaycan partiyas\u0131n\u0131n \u00fczv\u00fcd\u00fcr.<\/p>\n<p><strong>T\u0259hsili:<\/strong> 2009-ci ild\u0259 G\u0259nc\u0259 D\u00f6vl\u0259t Universitetinin \u0130ngilis dili ixtisas\u0131n\u0131n bakalavr t\u0259hsil s\u0259viyy\u0259sini f\u0259rql\u0259nm\u0259 diploma il\u0259 bitirib.<\/p>\n<p>2011-ci ild\u0259 G\u0259nc\u0259 D\u00f6vl\u0259t Universitetinin Pedaqogikan\u0131n n\u0259z\u0259riyy\u0259si v\u0259 tarixi ixtisas\u0131n\u0131n magistr t\u0259hsil s\u0259viyy\u0259sini f\u0259rql\u0259nm\u0259 diploma il\u0259 bitirib.<\/p>\n<p>2018-ci il may 25 Az\u0259rbaycan Dill\u0259r Universiteinin Dissertasiya \u015furas\u0131nda F\u0259ls\u0259f\u0259 doktoru \u00fczr\u0259 dissertasiya i\u015fini m\u00fcdafi\u0259 etmi\u015fdir.<\/p>\n<p>2021-ci il may 5-d\u0259 f\u0259ls\u0259f\u0259 doktoru elmi ad\u0131n\u0131 alm\u0131\u015fd\u0131r.<\/p>\n<p><strong>\u018fm\u0259k f\u0259aliyy\u0259ti:<\/strong> 2012- 2022 GDU Praktik Xarici dill\u0259r kafedras\u0131 m\u00fc\u0259llim<\/p>\n<p>2022-ci ild\u0259n GDU Praktik Xarici dill\u0259r kafedras\u0131nda ba\u015f m\u00fc\u0259llim<\/p>\n<p>2024-c\u00fc ild\u0259n Qrammatika v\u0259 ingilis dilinin t\u0259drisi kafedras\u0131nda ba\u015f m\u00fc\u0259llim<\/p>\n<p>2021-ci ild\u0259n GDU Xarici Dill\u0259r fakult\u0259sind\u0259 Humanitar m\u0259s\u0259l\u0259l\u0259r \u00fczr\u0259 dekan m\u00fcavini<\/p>\n<p>\u201cXarici dilin kommunikativ qrammatikas\u0131\u201d, &#8220;Xarici dilin t\u0259drisi metodikas\u0131&#8221; f\u0259nl\u0259ri \u00fczr\u0259\u00a0 m\u00fchazir\u0259 v\u0259\u00a0 praktik m\u0259\u015f\u011f\u0259l\u0259 d\u0259rsl\u0259rini apar\u0131r. 25 elmi \u0259s\u0259rin, o c\u00fcml\u0259d\u0259n 1 d\u0259rs v\u0259saiti, 4 f\u0259nn proqram\u0131n\u0131n m\u00fc\u0259llifidir.<\/p>\n<p><strong>T\u0259dqiqat sah\u0259si:<\/strong> \u201c\u0410li m\u0259kt\u0259bl\u0259rin dil f\u0430k\u00fclt\u0259l\u0259rinin 1-2-ci kursl\u0430r\u0131nd\u0430 ingilis dilind\u0259 diskursiv k\u043emp\u0435t\u0435nsiy\u0430n\u0131n f\u043erm\u0430l\u0430\u015fd\u0131r\u0131lm\u0430s\u0131 y\u043ell\u0430r\u0131\u201d<\/p>\n<p><strong>Elmi \u0259s\u0259rl\u0259ri: <\/strong><\/p>\n<ol>\n<li>A historical overview of the development in a model of communicative competence up to 1980, GDU. \u201cElmi x\u0259b\u0259l\u0259r\u201d Fundamental, humanitar v\u0259 t\u0259bi\u0259t elml\u0259ri seriyas\u0131 \u2116 4, G\u0259nc\u0259 2013, s\u0259h. 136-140<\/li>\n<li>Dil fak\u00fclt\u0259l\u0259rinin t\u0259l\u0259b\u0259l\u0259rin\u0259 ixtisas dilind\u0259 diskursiv kompetensiyan\u0131n a\u015f\u0131lanmas\u0131na dair b\u0259zi t\u00f6vsiyy\u0259l\u0259r &#8211; ADU \u201cElmi x\u0259b\u0259rl\u0259r\u201d \u2116 2, Bak\u0131, 2014 s\u0259h. 298-303<\/li>\n<li>\u041d\u0435\u043a\u043e\u0442\u043e\u0440\u044b\u0435 \u043f\u0440\u043e\u0431\u043b\u0435\u043c\u044b \u043e\u0431\u0443\u0447\u0435\u043d\u0438\u044f \u043f\u0440\u0430\u0433\u043c\u0430\u0442\u0438-\u0447\u0435\u0441\u043a\u043e\u0439 \u043a\u043e\u043c\u043f\u0435\u0442\u0435\u043d\u0446\u0438\u0438 \u043d\u0430 \u0438\u043d\u043e\u0441\u0442\u0440\u0430\u043d\u043d\u043e\u043c \u044f\u0437\u044b\u043a\u0435, \u041f\u043e\u043b\u0442\u0430\u0432\u044c\u0441\u043a\u0438\u0439 \u041d\u0430\u0446i\u043e\u043d\u0430\u043b\u044c\u043d\u0438\u0439 \u041f\u0435\u0434\u0444\u0433\u043e\u0433i\u0447\u043d\u0438\u0439 \u0443\u043di\u0432\u0435\u0440\u0441\u0438\u0442\u0435\u0442 i\u043c\u0435\u043di \u0412.\u0413.\u041a\u043e\u0440\u043e\u043b\u0435\u043d\u043a\u0430 \u201c \u041f\u0435\u0434\u0430\u0433\u043e\u0433i\u0447\u043di \u043d\u0430\u0443\u043a\u0438\u201d, \u0417\u0431i\u0440\u043d\u0438\u043a \u043d\u0430\u0443\u043a\u043e\u0432\u0438\u0445 \u043f\u0440\u0430\u0446\u044c, \u0432\u0438\u043f\u0443\u0441\u043a 60, \u041f\u043e\u043b\u0442\u0430\u0432\u0430, 2014 \u0441\u0442. 23-26<\/li>\n<li>Dil fak\u00fclt\u0259l\u0259rind\u0259 ingilis dilinin t\u0259drisi prosesinin intensivl\u0259\u015fdirilm\u0259sin\u0259 dair b\u0259zi t\u00f6vsiyy\u0259l\u0259r &#8211; BSU. \u201cElmi \u0259s\u0259rl\u0259r\u201d \u0130ctimai-siyasi elml\u0259r seriyas\u0131 \u2116 1, Bak\u0131, 2014 , s\u0259h.77-83<\/li>\n<li>\u0130xtisas\u0131 dil olan ali m\u0259kt\u0259b t\u0259l\u0259b\u0259l\u0259rind\u0259 kommunikativ kompetensiyan\u0131n formala\u015fmas\u0131n\u0131n s\u0259m\u0259r\u0259li yollar &#8211; ADU \u201cElmi x\u0259b\u0259rl\u0259r\u201d \u2116 1, Bak\u0131, 2015 s\u0259h. 343-349<\/li>\n<li>\u041d\u0435\u043a\u043e\u0442\u043e\u0440\u044b\u0435 \u0440\u0435\u043a\u043e\u043c\u0435\u043d\u0434\u0430\u0446\u0438\u0438 \u043f\u043e \u0444\u043e\u0440\u043c\u0438\u0440\u043e\u0432\u0430\u043d\u0438\u044e \u043d\u0430\u0432\u044b\u043a\u043e\u0432 \u0440\u0430\u0437\u0433\u043e\u0432\u043e\u0440\u043d\u043e\u0439 \u0440\u0435\u0447\u0438 \u043d\u0430 \u0438\u0437\u0443\u0447\u0430\u0435\u043c\u043e\u043c \u044f\u0437\u044b\u043a\u0435 \u0443 \u0441\u0442\u0443\u0434\u0435\u043d\u0442\u043e\u0432 \u044f\u0437\u044b\u043a\u043e\u0432\u043e\u0433\u043e \u0432\u0443\u0437\u0430 -\u041a\u0430\u0437\u0430\u0445\u0441\u043a\u0438\u0439 \u043d\u0430\u0446\u0438\u043e\u043d\u0430\u043b\u044c\u043d\u044b\u0439 \u043f\u0435\u0434\u0430\u0433\u043e\u0433\u0438\u0447\u0435\u0441\u043a\u0438\u0439 \u0443\u043d\u0438\u0432\u0435\u0440\u0441\u0438\u0442\u0435\u0442 \u0438\u043c\u0435\u043d\u0438 \u0410\u0431\u0430\u044f,\u00a0 \u201c\u0412\u0435\u0441\u0442\u043d\u0438\u043a\u201d, \u0441\u0435\u0440\u0438\u044f \u201c\u041f\u0435\u0434\u0430\u0433\u043e\u0433\u0438\u0447\u0435\u0441\u043a\u0438\u0435 \u043d\u0430\u0443\u043a\u0438\u201d \u2116 4(48), \u0410\u043b\u043c\u0430\u0442\u044b , 2015 \u00a0\u00a0\u00a0\u00a0\u00a0\u00a0\u00a0\u00a0\u00a0\u00a0 \u0441\u0442. 40-44<\/li>\n<li>\u0130ngilis dili &#8211; F\u0259nn proqram\u0131, G\u0259nc\u0259- 2015 \u00a0<\/li>\n<li>Ingilis dili fakult\u0259sind\u0259 t\u0259hsil alan t\u0259l\u0259b\u0259l\u0259r\u0259 ixtisas dilind\u0259 diskursiv kompetensiyan\u0131n a\u015f\u0131lanmas\u0131n\u0131n linqvistik \u0259saslar\u0131 &#8211; GDU. \u201cElmi x\u0259b\u0259l\u0259r\u201d Fundamental, humanitar v\u0259 t\u0259bi\u0259t elml\u0259ri seriyas\u0131 \u2116 2, G\u0259nc\u0259 2016 s\u0259h.131-135<\/li>\n<li>\u0130xtisas\u0131 dil olan ali m\u0259kt\u0259b t\u0259l\u0259b\u0259l\u0259rin\u0259 ingilis dilind\u0259 diskursiv kompetensiyan\u0131n a\u015f\u0131lanmas\u0131nda \u00e7al\u0131\u015fmalar\u0131n rolu &#8211; ADU. Dil v\u0259 \u0259d\u0259biyyat, Cild 8, \u21163, Bak\u0131 2017 s\u0259h. 217-223<\/li>\n<li>Kommunikativ situasiyalar \u2013 diskursiv kompetensiyan\u0131n formala\u015fd\u0131r\u0131lmas\u0131nda bir vasit\u0259 kimi &#8211; GDU. \u201cElmi x\u0259b\u0259l\u0259r\u201d Fundamental, humanitar v\u0259 t\u0259bi\u0259t elml\u0259ri seriyas\u0131 \u2116 4, G\u0259nc\u0259 2018 s\u0259h.\u00a0\u00a0 80-85<\/li>\n<li>Akademik diskurs n\u0259z\u0259riyy\u0259si bar\u0259d\u0259 &#8211; GDU. \u201cElmi x\u0259b\u0259l\u0259r\u201d Fundamental, humanitar v\u0259 t\u0259bi\u0259t elml\u0259ri seriyas\u0131 \u21161 , G\u0259nc\u0259 2021, s\u0259h. 98-102<\/li>\n<li>A\u015fa\u011f\u0131 kurs t\u0259l\u0259b\u0259l\u0259rin\u0259 xarici dilin t\u0259drisind\u0259 \u0259m\u0259kda\u015fl\u0131\u011fa \u0259saslanan t\u0259lim metodundan istifad\u0259 &#8211; GDU. \u201cElmi x\u0259b\u0259l\u0259r\u201d Fundamental, humanitar v\u0259 t\u0259bi\u0259t elml\u0259ri seriyas\u0131 \u2116 2 , G\u0259nc\u0259 2021<\/li>\n<li>Xarici dild\u0259 (ingilis dili) i\u015fg\u00fczar v\u0259 akademik kommunikasiya &#8211; F\u0259nn proqram\u0131, G\u0259nc\u0259 2022<\/li>\n<li>Xarici dild\u0259 (ingilis dili) i\u015fg\u00fczar v\u0259 akademik kommunikasiya-2 F\u0259nn proqram\u0131 G\u0259nc\u0259 2022<\/li>\n<li>Xarici dild\u0259 (ingilis dili) i\u015fg\u00fczar v\u0259 akademik kommunikasiya- F\u0259nn proqram\u0131 , G\u0259nc\u0259 2023<\/li>\n<li>Academic and business communication in a foreign language (English textbook for the students of the department of Economics) D\u0259rs v\u0259saiti G\u0259nc\u0259 2023\u00a0\u00a0\u00a0 281 s\u0259h.<\/li>\n<li>Interactive forms of teaching a foreign language at a faculty of economics &#8211; &#8220;Colloquium-journal&#8221; \u2116 9 (168), Pol\u015fa Var\u015fava -2023, s\u0259h. 39-41<\/li>\n<li>Xarici dil d\u0259rsl\u0259rind\u0259 iqtisadi m\u0259tnl\u0259rl\u0259 i\u015fl\u0259m\u0259yin metodlar\u0131 &#8211; Az\u0259rbaycan Elm M\u0259rk\u0259zi. &#8220;Q\u018fD\u0130M D\u0130YAR&#8221; Beyn\u0259lxalq onlayn elmi jurnal, cild 5, say\u0131 4. Bak\u0131- 2023 s\u0259h 11-15<\/li>\n<\/ol>\n<p><strong>Beyn\u0259lxalq v\u0259 respublika simpozium v\u0259 konfranslarda i\u015ftirak\u0131 : <\/strong><\/p>\n<ol>\n<li>Kommunikativ dil t\u0259liminin b\u0259zi prinsipl\u0259ri &#8211; Az\u0259rbaycan Dill\u0259r Universiteti. \u00dcmummilli lider Heyd\u0259r \u018fliyevin anadan olmas\u0131n\u0131n 90 illiyin\u0259 h\u0259sr olunmu\u015f \u201cXarici dill\u0259rin t\u0259drisinin aktual probleml\u0259ri\u201d m\u00f6vzusunda Beyn\u0259lxalq elmi &#8211; praktik konfrans. Bak\u0131, 6-7 may 2013, s\u0259h.19<\/li>\n<li>Dil d\u0259rsl\u0259rind\u0259 yeni t\u0259lim texnologiyalar\u0131n\u0131n t\u0259tbiqi il\u0259 ba\u011fl\u0131 m\u00fclahiz\u0259l\u0259r &#8211; Az\u0259rbaycan Respublikas\u0131 T\u0259hsil probleml\u0259ri \u0130nstitutu. \u00dcmummilli lider Heyd\u0259r \u018fliyevin anadan olmas\u0131n\u0131n 90 illiyin\u0259 h\u0259sr olunmu\u015f \u201c M\u00fcasir t\u0259hsilin actual probleml\u0259ri\u201d Respublika elmi-praktik konfrans\u0131. Bak\u0131, 7-8 may 2013 s\u0259h.130-132<\/li>\n<li>Kommunikativ kompetensiyan\u0131n dil fak\u00fclt\u0259l\u0259ri t\u0259l\u0259b\u0259l\u0259rin\u0259 a\u015f\u0131lanmas\u0131na dair b\u0259zi t\u00f6vsiyy\u0259l\u0259r &#8211; Az\u0259rbaycan Dill\u0259r Universiteti. Doktorantlar\u0131n v\u0259 g\u0259nc t\u0259dqiqat\u00e7\u0131lar\u0131n XVIII Respublika elmi konfras\u0131n\u0131n materiallar\u0131 , II cild, 19-20 dekabr, Bak\u0131, 2013\u00a0\u00a0 s\u0259h. 321-323<\/li>\n<li>Dil fak\u00fclt\u0259l\u0259rinin a\u015fa\u011f\u0131 kurs t\u0259l\u0259b\u0259l\u0259rin\u0259 ixtisas dilind\u0259 diskursiv kompetensiyan\u0131n a\u015f\u0131lanmas\u0131n\u0131n psixolinqvistik \u0259saslar\u0131 &#8211; BDU. C\u0259miyy\u0259tin informasiyala\u015fmas\u0131n\u0131n d\u00f6vl\u0259tin daxili v\u0259 xarici siyas\u0259tin\u0259 t\u0259sirinin iqtisadi, siyasi v\u0259 sosial aspektl\u0259ri. Elmi-praktik konfrans. Bak\u0131 2018 , 24-25 noyabr. S\u0259h.19-24<\/li>\n<li>Kommunikativ yana\u015fma il\u0259 t\u0259l\u0259b\u0259l\u0259rin \u0259sas dil bacar\u0131qlar\u0131n\u0131n inki\u015faf etdirilm\u0259si &#8211; The XXII \u0130nternational Scientific Symposium &#8220;Turkic World between East and West&#8221; Andijan, Uzbekistan 2022 29th January &#8220;\u015e\u0259rql\u0259 Q\u0259rb aras\u0131nda T\u00fcrk d\u00fcnyas\u0131&#8221; adl\u0131 XXII Beyn\u0259lxalq elmi simpozium. \u00d6zb\u0259kistan Andijan 2022, 29 yanvar, s\u0259h.104-107<\/li>\n<\/ol>\n<ol start=\"6\">\n<li>Dil fak\u00fclt\u0259l\u0259ri t\u0259l\u0259b\u0259l\u0259rin\u0259 diskursiv kompetensiyan\u0131n a\u015f\u0131lanmas\u0131 prosesind\u0259 rollu oyunlardan istifad\u0259 &#8211; The XXVI International Scientific Symposium &#8220;Shusha: Triumph of Victory&#8221; Eskishehir, Turkey 2022, 29th may &#8220;\u015eu\u015fa: z\u0259f\u0259rin t\u0259nt\u0259n\u0259si&#8221; adl\u0131 XXVI Beyn\u0259lxalq elmi simpozium. T\u00fcrkiy\u0259, \u018fski\u015f\u0259h\u0259r 2022, 29 May s\u0259h. 128-131<\/li>\n<\/ol>\n<ol start=\"7\">\n<li>T\u0259lim keyfiyy\u0259tinin qiym\u0259tl\u0259ndirilm\u0259sind\u0259 test tap\u015f\u0131r\u0131qlar\u0131ndan istifad\u0259nin \u0259h\u0259miyy\u0259ti The XXVII International Scientific Symposium &#8220;Give the way to the Turkic flag&#8221; , dedicated to the 130 anniversary of Ahmed Javad Stockholm, Sweden 2022, 25th June \u018fhm\u0259d Cavad\u0131n 130 illiyin\u0259 h\u0259sr olunmu\u015f&#8221;Yol ver T\u00fcrk\u00fcn bayra\u011f\u0131na&#8221; adl\u0131 XXVII Beyn\u0259lxalq elmi simpozium. Stokholm, \u0130sve\u00e7 2022, 25 iyun s\u0259h.\u00a0 161-165<\/li>\n<\/ol>\n<p><strong>T\u0259ltifl\u0259ri: <\/strong>GDU 2022-ci il M\u00fc\u0259lliml\u0259r g\u00fcn\u00fc m\u00fcnasib\u0259ti il\u0259 F\u0259xri f\u0259rman<\/p>\n<p><strong>Dil bilgisi :<\/strong> Az\u0259rbaycan, t\u00fcrk , ingilis<\/p>\n<p><strong>Partiyal\u0131l\u0131\u011f\u0131:<\/strong> 2013-c\u00fc ild\u0259n Yeni Az\u0259rbaycan Partiyas\u0131n\u0131n \u00fczv\u00fcd\u00fcr.<\/p>\n<p><strong>\u00a0<\/strong><\/p>","protected":false},"excerpt":{"rendered":"<p>P.f.dok. Babayeva Arzu Tahir q. V\u0259zif\u0259si:\u00a0 Qrammatika v\u0259 ingilis dilinin t\u0259drisi kafedras\u0131n\u0131n p.f.dok Telefon:\u00a0\u00a0 0517650044,\u00a0 0702402020 Email:\u00a0\u00a0\u00a0\u00a0\u00a0 ar_sb1@hotmail.com Bioqrafiya: 29 noyabr 1988-ci ild\u0259 anadan olub. Ail\u0259lidir. 2 \u00f6vlad\u0131 var. Yeni Az\u0259rbaycan partiyas\u0131n\u0131n \u00fczv\u00fcd\u00fcr. T\u0259hsili: 2009-ci ild\u0259 G\u0259nc\u0259 D\u00f6vl\u0259t Universitetinin \u0130ngilis dili ixtisas\u0131n\u0131n bakalavr t\u0259hsil s\u0259viyy\u0259sini f\u0259rql\u0259nm\u0259 diploma il\u0259 bitirib. 2011-ci ild\u0259 G\u0259nc\u0259 D\u00f6vl\u0259t Universitetinin Pedaqogikan\u0131n [&hellip;]<\/p>\n","protected":false},"author":4,"featured_media":0,"parent":0,"menu_order":0,"comment_status":"closed","ping_status":"closed","template":"","meta":{"footnotes":""},"categories":[],"tags":[],"class_list":["post-736","page","type-page","status-publish","hentry"],"_links":{"self":[{"href":"http:\/\/xdf.gdu.edu.az\/index.php?rest_route=\/wp\/v2\/pages\/736","targetHints":{"allow":["GET"]}}],"collection":[{"href":"http:\/\/xdf.gdu.edu.az\/index.php?rest_route=\/wp\/v2\/pages"}],"about":[{"href":"http:\/\/xdf.gdu.edu.az\/index.php?rest_route=\/wp\/v2\/types\/page"}],"author":[{"embeddable":true,"href":"http:\/\/xdf.gdu.edu.az\/index.php?rest_route=\/wp\/v2\/users\/4"}],"replies":[{"embeddable":true,"href":"http:\/\/xdf.gdu.edu.az\/index.php?rest_route=%2Fwp%2Fv2%2Fcomments&post=736"}],"version-history":[{"count":10,"href":"http:\/\/xdf.gdu.edu.az\/index.php?rest_route=\/wp\/v2\/pages\/736\/revisions"}],"predecessor-version":[{"id":15044,"href":"http:\/\/xdf.gdu.edu.az\/index.php?rest_route=\/wp\/v2\/pages\/736\/revisions\/15044"}],"wp:attachment":[{"href":"http:\/\/xdf.gdu.edu.az\/index.php?rest_route=%2Fwp%2Fv2%2Fmedia&parent=736"}],"wp:term":[{"taxonomy":"category","embeddable":true,"href":"http:\/\/xdf.gdu.edu.az\/index.php?rest_route=%2Fwp%2Fv2%2Fcategories&post=736"},{"taxonomy":"post_tag","embeddable":true,"href":"http:\/\/xdf.gdu.edu.az\/index.php?rest_route=%2Fwp%2Fv2%2Ftags&post=736"}],"curies":[{"name":"wp","href":"https:\/\/api.w.org\/{rel}","templated":true}]}}