{"id":731,"date":"2016-04-12T06:17:21","date_gmt":"2016-04-12T04:17:21","guid":{"rendered":"http:\/\/xd.gdu.edu.az\/?page_id=731"},"modified":"2023-05-22T08:28:21","modified_gmt":"2023-05-22T06:28:21","slug":"731-2","status":"publish","type":"page","link":"http:\/\/xdf.gdu.edu.az\/?page_id=731","title":{"rendered":"B\u0259\u015firova Aynur Hilal q\u0131z\u0131"},"content":{"rendered":"\n<div class=\"wp-block-image\"><figure class=\"aligncenter size-large is-resized\"><img loading=\"lazy\" decoding=\"async\" src=\"http:\/\/xdf.gdu.edu.az\/wp-content\/uploads\/2023\/05\/aynur.jpg\" alt=\"\" class=\"wp-image-12011\" width=\"234\" height=\"306\"\/><\/figure><\/div>\n\n\n<p><strong>b\/m. B\u0259\u015firova Aynur Hilal q.<\/strong><\/p>\n<p><strong>V\u0259zif\u0259si: <\/strong>ba\u015f m\u00fc\u0259llim<\/p>\n<p><strong>TEL: <\/strong>0558636411<\/p>\n<p><strong>E-MAIL: <\/strong>bashirova.aynur@bk.ru<\/p>\n<p><strong>QISA B\u0130OQRAF\u0130K M\u018fLUMAT:<\/strong><\/p>\n<ul>\n<li>1989-cu il may\u0131n 9-da Samux rayonunda m\u00fc\u0259llim ail\u0259sind\u0259 anadan olmu\u015fdur.<\/li>\n<li>1995-2006-c\u0131 ill\u0259rd\u0259 G\u0259nc\u0259 \u015f\u0259h\u0259ri 31 sayl\u0131 orta m\u0259kt\u0259bd\u0259 t\u0259hsil alm\u0131\u015fd\u0131r.<\/li>\n<\/ul>\n<p><strong>T\u018fHS\u0130L\u0130, ELM\u0130 D\u018fR\u018fC\u018fS\u0130 V\u018f ELM\u0130 ADLARI:<\/strong><\/p>\n<ul>\n<li>2006 -2010 -cu ill\u0259rd\u0259 G\u0259nc\u0259 D\u00f6vl\u0259t Universitetinin Filologiya (\u0130ngilis dili) ixtisas\u0131 \u00fczr\u0259 bakalavr d\u0259r\u0259c\u0259sini f\u0259rql\u0259nm\u0259 diplomu il\u0259 bitirmi\u015fdir.<\/li>\n<li>2010- 2012 \u2013 ci ill\u0259rd\u0259 G\u0259nc\u0259 D\u00f6vl\u0259t Universitetinin Dil\u015f\u00fcnasl\u0131q (\u0130ngilis dili) istiqam\u0259ti \u00fczr\u0259 magistr d\u0259r\u0259c\u0259sini f\u0259rql\u0259nm\u0259 diplomu il\u0259 bitirmi\u015fdir.<\/li>\n<li>30 aprel 2014-c\u00fc il tarixli 3\/75 sayl\u0131 \u0259mril\u0259 f\u0259ls\u0259f\u0259 doktoru proqram\u0131 \u0259sas\u0131nda G\u0259nc\u0259 D\u00f6vl\u0259t Universitetinin 5714.01 \u201cM\u00fcqayis\u0259li-tarixi v\u0259 m\u00fcqayis\u0259li-tipoloji dil\u00e7ilik\u201c ixtisas\u0131 \u00fczr\u0259 dissertant q\u0259bul olunmu\u015fdur.<\/li>\n<\/ul>\n<p><strong>\u018fM\u018fK\u00a0 F\u018fAL\u0130YY\u018fT\u0130<\/strong><\/p>\n<ul>\n<li>2012-ci ild\u0259n G\u0259nc\u0259 D\u00f6vl\u0259t Universitetinin \u201cPraktik Xarici Dill\u0259r\u201d kafedras\u0131nda m\u00fc\u0259llim.<\/li>\n<li>2023-c\u00fc ilin may ay\u0131ndan G\u0259nc\u0259 D\u00f6vl\u0259t Universitetinin \u201cPraktik Xarici Dill\u0259r\u201d kafedras\u0131nda ba\u015f m\u00fc\u0259llim.<\/li>\n<\/ul>\n<p><strong>T\u018fDQ\u0130QAT SAH\u018fS\u0130<\/strong><\/p>\n<ul>\n<li>Az\u0259rbaycan v\u0259 ingilis dill\u0259rind\u0259 tabeli m\u00fcr\u0259kk\u0259b c\u00fcml\u0259nin t\u0259rkib hiss\u0259l\u0259rini \u0259laq\u0259l\u0259ndir\u0259n vasit\u0259l\u0259r<\/li>\n<\/ul>\n<p><strong>Elmi \u0259s\u0259rl\u0259ri:<\/strong><\/p>\n<p>24 elmi \u0259s\u0259rin, 1 d\u0259rs v\u0259saiti v\u0259 2 f\u0259nn proqram\u0131n\u0131n m\u00fc\u0259llifidir.<\/p>\n<ol>\n<li>\u201c\u0130ngilis dilini \u00f6yr\u0259n\u0259n t\u0259l\u0259b\u0259l\u0259r\u0259 bitmi\u015f zaman formalar\u0131n\u0131n t\u0259drisi metodlar\u0131\u201d GDU Elmi x\u0259b\u0259rl\u0259r. 2013<\/li>\n<li>\u201c\u0130ngilis dilinin l\u00fc\u011f\u0259t t\u0259rkibinin t\u0259drisinin b\u0259zi m\u00fcasir texniki \u00fcsullar\u0131\u201d G\u00fcrc\u00fcstan Telavi D\u00f6vl\u0259t Universiteti, Elmi \u0130\u015fl\u0259r m\u0259cm\u00fc\u0259si, Tiflis 2013, \u21162<\/li>\n<li>\u201cT\u0259limd\u0259 kollektiv i\u015fin t\u0259tbiqi\u201d GDU Elmi x\u0259b\u0259rl\u0259r. G\u0259nc\u0259 2013<\/li>\n<li>\u201c\u0130ngilis dilind\u0259 heca qurulu\u015fu\u201d G.D.U Elmi x\u0259b\u0259rl\u0259r. G\u0259nc\u0259 2013<\/li>\n<li>\u201cSinifd\u0259 \u00f6z\u00fcn\u00fc qiym\u0259tl\u0259ndirm\u0259d\u0259n istifad\u0259\u201d G.D.U Elmi x\u0259b\u0259rl\u0259r. G\u0259nc\u0259 2014<\/li>\n<li>\u201c\u0130ngilis dilini \u00f6yr\u0259n\u0259nl\u0259r \u00fc\u00e7\u00fcn dan\u0131\u015f\u0131q strategiyalar\u0131\u201d G.D.U Elmi x\u0259b\u0259rl\u0259r. G\u0259nc\u0259 2016<\/li>\n<li>\u201cOnlayn t\u0259limin t\u0259cr\u00fcb\u0259d\u0259 t\u0259tbiqi yollar\u0131\u201d. GDU. Elmi X\u0259b\u0259rl\u0259r. 2016<\/li>\n<\/ol>\n<p>8.&#8221;Az\u0259rbaycan v\u0259 \u0130ngilis dill\u0259rind\u0259 tabeli m\u00fcr\u0259kk\u0259b c\u00fcml\u0259l\u0259rin ox\u015far struktur-semantik x\u00fcsusiyy\u0259tl\u0259ri&#8221; AMEA M.F\u00fczuli ad\u0131na \u018flyazmalar \u0130nstitutu &#8220;Filologiya m\u0259s\u0259l\u0259l\u0259ri&#8221; &#8220;Elm v\u0259 T\u0259hsil&#8221; n\u0259\u015friyyat\u0131.Bak\u0131 2017<\/p>\n<p>9.\u201dAz\u0259rbaycan v\u0259 ingilis dill\u0259rind\u0259 tabeli m\u00fcr\u0259kk\u0259b c\u00fcml\u0259nin ba\u015f v\u0259 budaq c\u00fcml\u0259 komponentl\u0259ri\u201dAMEA \u0130.N\u0259simi ad\u0131na Dil\u00e7ilik \u0130nstitutu, T\u0259dqiql\u0259r jurnal\u0131, Elm v\u0259 T\u0259hsil, \u2116 1, Bak\u0131 2018<\/p>\n<ol start=\"10\">\n<li>\u201cSad\u0259 c\u00fcml\u0259 konstruksiyalarindan tabeli m\u00fcr\u0259kk\u0259b c\u00fcml\u0259y\u0259 do\u011fru inki\u015faf prosesi\u201d, BSU, \u00dcmummilli lider Heyd\u0259r \u018fliyevin anadan olmas\u0131n\u0131n 95-ci ild\u00f6n\u00fcm\u00fcn\u0259 h\u0259sr olunmu\u015f Az\u0259rbaycan\u015f\u00fcnasl\u0131\u011f\u0131n aktual probleml\u0259ri IX Beyn\u0259lxalq Elmi Konfrans, Bak\u0131 2018<\/li>\n<li>\u201cT\u00fcrk yaz\u0131l\u0131 abid\u0259l\u0259rind\u0259 v\u0259 m\u00fcasir ingilis dilind\u0259 tabeli m\u00fcr\u0259kk\u0259b c\u00fcml\u0259 komponentl\u0259rinin s\u0131ralanma ard\u0131c\u0131ll\u0131\u011f\u0131\u201d, AMEA \u0130.N\u0259simi ad\u0131na Dil\u00e7ilik \u0130nstitutu, T\u0259dqiql\u0259r jurnal\u0131, Elm v\u0259 T\u0259hsil, \u2116 3,Bak\u0131 2018<\/li>\n<li>\u201cAz\u0259rbaycan v\u0259 \u0130ngilis dill\u0259rind\u0259 tabeli m\u00fcr\u0259kk\u0259b c\u00fcml\u0259l\u0259rin komponent t\u0259rkibi\u201d, GDU, konfrans materiallar\u0131 II hiss\u0259 G\u0259nc aliml\u0259rin III Beyn\u0259lxalq elmi konfrans\u0131 17-18 oktyabr 2018 G\u0259nc\u0259<\/li>\n<li>\u201cM\u00fcr\u0259kk\u0259b c\u00fcml\u0259 komponentl\u0259rinin semantik-sintaktik strukturu\u201d, BSU, H\u00fcmanitar elml\u0259rin \u00f6yr\u0259nilm\u0259sinin aktual probleml\u0259ri (Ali m\u0259kt\u0259bl\u0259r aras\u0131 elmi m\u0259qal\u0259l\u0259r m\u0259cmu\u0259si) \u2116 1.Bak\u0131 2019<\/li>\n<li>\u201cBa\u015f v\u0259 budaq c\u00fcml\u0259l\u0259rin struktur \u2013 semantik x\u00fcsusiyy\u0259tl\u0259ri \u201c, BSU \u201cElmi \u018fs\u0259rl\u0259r\u201d Dil v\u0259 \u0259d\u0259biyyat seriyas\u0131 \u21161. Bak\u0131 2019<\/li>\n<li>\u201cX\u00fcsusi qurulu\u015fa malik komponent t\u0259rkibi olan tabeli m\u00fcr\u0259kk\u0259b c\u00fcml\u0259l\u0259r. Bir ne\u00e7\u0259 budaq c\u00fcml\u0259li tabeli m\u00fcr\u0259kk\u0259b c\u00fcml\u0259l\u0259r\u201d AMEA \u0130.N\u0259simi ad\u0131na Dil\u00e7ilik \u0130nstitutu, T\u00fcrk dill\u0259ri \u015f\u00f6b\u0259si. Tan\u0131nm\u0131\u015f t\u00fcrkoloq alim M\u0259h\u0259bb\u0259t Mirz\u0259liyevan\u0131n 70 illik yubileyin\u0259 h\u0259sr olunmu\u015f \u201cAz\u0259rbaycan dil\u00e7iliyinin aktual probleml\u0259ri\u201d m\u00f6vzusunda Respublika Elmi konfrans\u0131n\u0131n materiallar\u0131, 28 oktyabr 2019, Bak\u0131<\/li>\n<li>\u201cTabeli m\u00fcr\u0259kk\u0259b c\u00fcml\u0259 strukturunda komponentl\u0259rin yerd\u0259yi\u015fm\u0259si\u201d, BDU, Dil v\u0259 \u0259d\u0259biyyat, Beyn\u0259lxalq Elmi-n\u0259z\u0259ri jurnal 2 (110) Bak\u0131 2019<\/li>\n<li>\u201cTabelilik \u0259laq\u0259si v\u0259 tabelilik ba\u011flay\u0131c\u0131lar\u0131 (Az\u0259rbaycan v\u0259 ingilis dill\u0259rinin materiallar\u0131 \u0259sas\u0131nda)\u201d, GDU Elmi X\u0259b\u0259rl\u0259r, Fundamental, humanitar v\u0259 t\u0259bi\u0259t elml\u0259ri seriyas\u0131, \u2116 2, G\u0259nc\u0259 2020<\/li>\n<li>\u201cAz\u0259rbaycan v\u0259 ingilis dill\u0259rind\u0259 ba\u015f v\u0259 budaq c\u00fcml\u0259l\u0259rin tabelilik \u0259laq\u0259si\u201d, Bak\u0131 Slavyan Universiteti \u201cElmi \u018fs\u0259rl\u0259r\u201d Dil v\u0259 \u0259d\u0259biyyat seriyas\u0131, \u2116 2, Bak\u0131 \u015f. 2020<\/li>\n<li>\u201cC\u0440\u0435\u0434\u0441\u0442\u0432\u0430, \u0441\u0432\u044f\u0437\u044b\u0432\u0430\u044e\u0449\u0438\u0435 \u0441\u043e\u0441\u0442\u0430\u0432\u043b\u044f\u044e\u0449\u0438\u0435\u0447\u0430\u0441\u0442\u0438 \u0441\u043b\u043e\u0436\u043d\u043e\u043f\u043e\u0434\u0447\u0438\u043d\u0451\u043d\u043d\u044b\u0445 \u043f\u0440\u0435\u0434\u043b\u043e\u0436\u0435\u043d\u0438\u0439 \u0432 \u0430\u0437\u0435\u0440\u0431\u0430\u0439\u0434 \u0436\u0430\u043d\u0441\u043a\u043e\u043c \u0438 \u0430\u043d\u0433\u043b \u0438\u0439\u0441\u043a\u043e\u043c \u044f\u0437\u044b\u043a\u0430\u0445: \u0441\u043e\u044e\u0437\u044b \u0438 \u0441\u043e\u044e\u0437\u043d\u044b\u0435 \u0441\u043b\u043e\u0432\u0430\u201d, \u0412\u0427\u0415\u041d\u0406 \u0417\u0410\u041f\u0418\u0421\u041a\u0418 \u0422\u0430\u0432\u0440\u0456\u0439\u0441\u044c\u043a\u043e\u0433\u043e \u043d\u0430\u0446\u0456\u043e\u043d\u0430\u043b\u044c\u043d\u043e\u0433\u043e \u0443\u043d\u0456\u0432\u0435\u0440\u0441\u0438\u0442\u0435\u0442\u0443 \u0456\u043c\u0435\u043d \u0456 \u0412. \u0406. \u0412\u0435\u0440\u043d\u0430\u0434\u0441\u044c\u043a\u043e\u0433\u043e \u0421\u0435\u0440\u0456\u044f: \u0424\u0456\u043b\u043e\u043b\u043e\u0433\u0456\u044f. \u0416\u0443\u0440\u043d\u0430\u043b\u0456\u0441\u0442\u0438\u043a\u0430, \u0422\u043e\u043c 32 (71), \u2116 1, 2021<\/li>\n<li>\u201c\u0412\u0438\u0434\u044b \u0441\u0442\u0440\u0443\u043a\u0442\u0443\u0440 \u0441\u043b\u043e\u0436\u043d\u043e\u043f\u043e\u0434\u0447\u0438\u043d\u0435\u043d\u043d\u044b\u0445 \u043f\u0440\u0435\u0434\u043b\u043e\u0436\u0435\u043d\u0438\u0439 \u0432 \u0430\u043d\u0433\u043b\u0438\u0439\u0441\u043a\u043e\u043c \u0438 \u0430\u0437\u0435\u0440\u0431\u0430\u0439\u0434\u0436\u0430\u043d\u0441\u043a\u043e\u043c \u044f\u0437\u044b\u043a\u0430\u0445\u201d, \u041a\u041e\u041e\u041f\u0415\u0420\u0410\u0426\u0418\u042f \u041d\u0410\u0423\u041a\u0418 \u0418 \u041e\u0411\u0429\u0415\u0421\u0422\u0412\u0410: \u041f\u0420\u041e\u0411\u041b\u0415\u041c\u042b \u0418 \u041f\u0415\u0420\u0421\u041f\u0415\u041a\u0422\u0418\u0412\u042b \u0421\u0431\u043e\u0440\u043d\u0438\u043a \u0441\u0442\u0430\u0442\u0435\u0439 \u043f\u043e \u0438\u0442\u043e\u0433\u0430\u043c \u041c\u0435\u0436\u0434\u0443\u043d\u0430\u0440\u043e\u0434\u043d\u043e\u0439 \u043d\u0430\u0443\u0447\u043d\u043e-\u043f\u0440\u0430\u043a\u0442\u0438\u0447\u0435\u0441\u043a\u043e\u0439 \u043a\u043e\u043d\u0444\u0435\u0440\u0435\u043d\u0446\u0438\u0438 \u0421\u0442\u0435\u0440\u043b\u0438\u0442\u0430\u043c\u0430\u043a, \u0420\u043e\u0441\u0441\u0438\u0439\u0441\u043a\u0430\u044f \u0424\u0435\u0434\u0435\u0440\u0430\u0446\u0438\u044f \u041c\u0406\u041d\u0406\u0421\u0422\u0415\u0420\u0421\u0422\u0412\u041e \u041e\u0421\u0412\u0406\u0422\u0418 \u0406 \u041d\u0410\u0423\u041a\u0418 \u0423\u041a\u0420\u0410\u0407\u041d\u0418, 19 \u0444\u0435\u0432\u0440\u0430\u043b\u044f 2021 \u0433<\/li>\n<li>\u201cAz\u0259rbaycan v\u0259 ingilis dill\u0259rind\u0259 tabeli m\u00fcr\u0259kk\u0259b c\u00fcml\u0259 komponentl\u0259rini \u0259laq\u0259l\u0259ndir\u0259n vasit\u0259\u201d Az\u0259rbaycan Respublikas\u0131 Nazirl\u0259r Kabineti yan\u0131nda Terminologiya Komissiyas\u0131. Terminologiya m\u0259s\u0259l\u0259l\u0259ri. Bak\u0131 \u015f., \u21162, 2021<\/li>\n<\/ol>\n<p>22.\u201cAz\u0259rbaycan v\u0259 ingilis dilind\u0259 qo\u015fa i\u015fl\u0259n\u0259n ba\u011flay\u0131c\u0131lar\u201d, Sumqay\u0131t d\u00f6vl\u0259t universiteti T\u00fcrkiy\u0259 c\u00fcmhuriyy\u0259ti Hacettepe universiteti T\u00fcrk dill\u0259rinin v\u0259 \u0259d\u0259biyyatinin t\u0259dqiqi v\u0259 T\u0259drisinin aktual probleml\u0259ri\/Beyn\u0259lxalq elmi konfrans, \u21164, Sumqay\u0131t \u015f. 20-21 may 2021<\/p>\n<ol start=\"23\">\n<li>\u201cT\u0259rc\u00fcm\u0259 m\u0259d\u0259niyy\u0259tl\u0259raras\u0131 \u00fcnsiyy\u0259t vasit\u0259si kimi\u201d , GDU \u201cElmi X\u0259b\u0259rl\u0259r\u201d, Fundamental, humanitar v\u0259 t\u0259bi\u0259t elml\u0259ri seriyas\u0131. G\u0259nc\u0259 \u015f. \u21162, 2022<\/li>\n<li>\u201c\u0130ngilis dilind\u0259 idiomlar\u0131n ikinci dil kimi \u00f6yr\u0259nilm\u0259si\u201d GDU \u201cElmi X\u0259b\u0259rl\u0259r\u201d, Fundamental, humanitar v\u0259 t\u0259bi\u0259t elml\u0259ri seriyas\u0131. G\u0259nc\u0259 \u015f. \u21163, 2022<\/li>\n<li>\u201cEnglish\u201d Ali m\u0259kt\u0259bl\u0259rin t\u0259l\u0259b\u0259l\u0259rinin qiyabi \u015f\u00f6b\u0259si \u00fc\u00e7\u00fcn d\u0259rs v\u0259saiti, \u201cR\u0259bun\u0259\u201d n\u0259\u015friyyat v\u0259 poliqrafiya firmas\u0131 , 2018\u00a0 (GDU-nun 05.11.2018-ci il tarixli 5\/234 sayl\u0131 \u0259mri il\u0259 t\u0259sdiq edilmi\u015fdir).<\/li>\n<li>\u201c\u0130ngilis dili\u201d (Ali m\u0259kt\u0259bl\u0259rin qiyabi \u015f\u00f6b\u0259si \u00fc\u00e7\u00fcn), proqram, G\u0259nc\u0259 D\u00f6vl\u0259t Universitetinin n\u0259\u015friyyat\u0131 2018 (GDU-nun 05.11.2018-ci il tarixli 5\/234 sayl\u0131 \u0259mri il\u0259 t\u0259sdiq edilmi\u015fdir).<\/li>\n<li>Xarici dild\u0259 (\u0130ngilis dili) \u0130\u015fg\u00fczar v\u0259 Akademik Kommunikasiya ,proqram, G\u0259nc\u0259 D\u00f6vl\u0259t Universitetinin n\u0259\u015friyyat\u0131, 2022 (Az\u0259rbaycan Respublikas\u0131 ETN-nin 07.12.2022-ci il tarixli F-695 sayl\u0131 \u0259mri il\u0259 t\u0259sdiq edilmi\u015fdir).<\/li>\n<\/ol>\n<p>\u00a0<\/p>\n<p><strong>BEYN\u018fLXALQ V\u018f RESPUBL\u0130KA S\u0130MPOZ\u0130UM V\u018f KONFRANSLARDA \u0130\u015eT\u0130RAKI: <\/strong><\/p>\n<p>Az\u0259rbaycan Respublikas\u0131n\u0131n, el\u0259c\u0259 d\u0259 \u00f6lk\u0259 h\u00fcdudlar\u0131ndan k\u0259narda ke\u00e7irilmi\u015f beyn\u0259lxalq v\u0259 respublika konfranslar\u0131nda i\u015ftirak etmi\u015fdir.<\/p>\n<ul>\n<li>Bak\u0131 Slavyan Universiteti, \u00dcmummilli lider Heyd\u0259r \u018fliyevin anadan olmas\u0131n\u0131n 95-ci ild\u00f6n\u00fcm\u00fcn\u0259 h\u0259sr olunmu\u015f \u201cAz\u0259rbaycan\u015f\u00fcnasl\u0131\u011f\u0131n aktual probleml\u0259ri\u201d, IX Beyn\u0259lxalq Elmi Konfrans. Bak\u0131 \u015f. 3-4 may 2018<\/li>\n<li>G\u0259nc\u0259 D\u00f6vl\u0259t Universiteti, konfrans materiallar\u0131 \u201cG\u0259nc aliml\u0259rin III Beyn\u0259lxalq elmi konfrans\u0131\u201d. G\u0259nc\u0259 \u015f. 17-18 oktyabr 2018<\/li>\n<li>AMEA \u0130.N\u0259simi ad\u0131na Dil\u00e7ilik \u0130nstitutu,T\u00fcrk dill\u0259ri \u015f\u00f6b\u0259si Tan\u0131nm\u0131\u015f t\u00fcrkoloq alim M\u0259h\u0259bb\u0259t Mirz\u0259liyevan\u0131n 70 illik yubileyin\u0259 h\u0259sr olunmu\u015f \u201cAz\u0259rbaycan dil\u00e7iliyinin aktual probleml\u0259ri\u201d m\u00f6vzusunda Respublika elmi konfrans\u0131. Bak\u0131 \u015f. 28 oktyabr 2019<\/li>\n<li>\u041a\u041e\u041e\u041f\u0415\u0420\u0410\u0426\u0418\u042f \u041d\u0410\u0423\u041a\u0418 \u0418 \u041e\u0411\u0429\u0415\u0421\u0422\u0412\u0410:\u041f\u0420\u041e\u0411\u041b\u0415\u041c\u042b \u0418 \u041f\u0415\u0420\u0421\u041f\u0415\u041a\u0422\u0418\u0412\u042b \u0421\u0431\u043e\u0440\u043d\u0438\u043a \u0441\u0442\u0430\u0442\u0435\u0439 \u043f\u043e \u0438\u0442\u043e\u0433\u0430\u043c \u041c\u0435\u0436\u0434\u0443\u043d\u0430\u0440\u043e\u0434\u043d\u043e\u0439 \u043d\u0430\u0443\u0447\u043d\u043e-\u043f\u0440\u0430\u043a\u0442\u0438\u0447\u0435\u0441\u043a\u043e\u0439 \u043a\u043e\u043d\u0444\u0435\u0440\u0435\u043d\u0446\u0438\u0438. \u0421\u0442\u0435\u0440\u043b\u0438\u0442\u0430\u043c\u0430\u043a, \u0420\u043e\u0441\u0441\u0438\u0439\u0441\u043a\u0430\u044f \u0424\u0435\u0434\u0435\u0440\u0430\u0446\u0438\u044f 19 \u0444\u0435\u0432\u0440\u0430\u043b\u044f 2021 \u0433.<\/li>\n<li>Sumqay\u0131t D\u00f6vl\u0259t Universiteti T\u00fcrkiy\u0259 C\u00fcmhuriyy\u0259ti Hacettepe Universiteti<\/li>\n<\/ul>\n<p>T\u00fcrk dill\u0259rinin v\u0259 \u0259d\u0259biyyatinin t\u0259dqiqi v\u0259 T\u0259drisinin aktual probleml\u0259ri.\u00a0\u00a0\u00a0\u00a0\u00a0\u00a0\u00a0\u00a0 Beyn\u0259lxalq elmi konfrans. Sumqay\u0131t \u015f.20-21 may 2021<\/p>\n<p>\u00a0<\/p>\n<p><strong>D\u0130L B\u0130LG\u0130S\u0130:<\/strong><\/p>\n<p>Az\u0259rbaycan, ingilis, rus, t\u00fcrk<\/p>\n<p><strong>PART\u0130YA: <\/strong>YAP<\/p>","protected":false},"excerpt":{"rendered":"<p>b\/m. B\u0259\u015firova Aynur Hilal q. V\u0259zif\u0259si: ba\u015f m\u00fc\u0259llim TEL: 0558636411 E-MAIL: bashirova.aynur@bk.ru QISA B\u0130OQRAF\u0130K M\u018fLUMAT: 1989-cu il may\u0131n 9-da Samux rayonunda m\u00fc\u0259llim ail\u0259sind\u0259 anadan olmu\u015fdur. 1995-2006-c\u0131 ill\u0259rd\u0259 G\u0259nc\u0259 \u015f\u0259h\u0259ri 31 sayl\u0131 orta m\u0259kt\u0259bd\u0259 t\u0259hsil alm\u0131\u015fd\u0131r. T\u018fHS\u0130L\u0130, ELM\u0130 D\u018fR\u018fC\u018fS\u0130 V\u018f ELM\u0130 ADLARI: 2006 -2010 -cu ill\u0259rd\u0259 G\u0259nc\u0259 D\u00f6vl\u0259t Universitetinin Filologiya (\u0130ngilis dili) ixtisas\u0131 \u00fczr\u0259 bakalavr d\u0259r\u0259c\u0259sini [&hellip;]<\/p>\n","protected":false},"author":4,"featured_media":0,"parent":0,"menu_order":0,"comment_status":"closed","ping_status":"closed","template":"","meta":{"footnotes":""},"categories":[],"tags":[],"class_list":["post-731","page","type-page","status-publish","hentry"],"_links":{"self":[{"href":"http:\/\/xdf.gdu.edu.az\/index.php?rest_route=\/wp\/v2\/pages\/731","targetHints":{"allow":["GET"]}}],"collection":[{"href":"http:\/\/xdf.gdu.edu.az\/index.php?rest_route=\/wp\/v2\/pages"}],"about":[{"href":"http:\/\/xdf.gdu.edu.az\/index.php?rest_route=\/wp\/v2\/types\/page"}],"author":[{"embeddable":true,"href":"http:\/\/xdf.gdu.edu.az\/index.php?rest_route=\/wp\/v2\/users\/4"}],"replies":[{"embeddable":true,"href":"http:\/\/xdf.gdu.edu.az\/index.php?rest_route=%2Fwp%2Fv2%2Fcomments&post=731"}],"version-history":[{"count":3,"href":"http:\/\/xdf.gdu.edu.az\/index.php?rest_route=\/wp\/v2\/pages\/731\/revisions"}],"predecessor-version":[{"id":12068,"href":"http:\/\/xdf.gdu.edu.az\/index.php?rest_route=\/wp\/v2\/pages\/731\/revisions\/12068"}],"wp:attachment":[{"href":"http:\/\/xdf.gdu.edu.az\/index.php?rest_route=%2Fwp%2Fv2%2Fmedia&parent=731"}],"wp:term":[{"taxonomy":"category","embeddable":true,"href":"http:\/\/xdf.gdu.edu.az\/index.php?rest_route=%2Fwp%2Fv2%2Fcategories&post=731"},{"taxonomy":"post_tag","embeddable":true,"href":"http:\/\/xdf.gdu.edu.az\/index.php?rest_route=%2Fwp%2Fv2%2Ftags&post=731"}],"curies":[{"name":"wp","href":"https:\/\/api.w.org\/{rel}","templated":true}]}}