{"id":728,"date":"2016-04-12T06:14:09","date_gmt":"2016-04-12T04:14:09","guid":{"rendered":"http:\/\/xd.gdu.edu.az\/?page_id=728"},"modified":"2023-12-20T12:58:05","modified_gmt":"2023-12-20T10:58:05","slug":"ibrahimova-vusal%c9%99-ilqar-qizi","status":"publish","type":"page","link":"http:\/\/xdf.gdu.edu.az\/?page_id=728","title":{"rendered":"\u0130brahimova V\u00fcsal\u0259 \u0130lqar q\u0131z\u0131"},"content":{"rendered":"\n<div class=\"wp-block-image\"><figure class=\"aligncenter size-large is-resized\"><img loading=\"lazy\" decoding=\"async\" src=\"http:\/\/xdf.gdu.edu.az\/wp-content\/uploads\/2023\/05\/vusal\u0259.jpg\" alt=\"\" class=\"wp-image-12032\" width=\"217\" height=\"266\"\/><\/figure><\/div>\n\n\n\n<p><strong>B\/m.\n\u0130brahimova V\u00fcsal\u0259 \u0130lqar q.<\/strong><\/p>\n\n\n\n<p><strong>V\u0259zif\u0259si:<\/strong>\u00a0 Praktik Xarici dill\u0259r kafedras\u0131n\u0131n ba\u015f m\u00fc\u0259llimi,f.f.dok.<\/p>\n\n\n\n<p><strong>Telefon:<\/strong>&nbsp;&nbsp; 050 366 88 80<\/p>\n\n\n\n<p><strong>Email: &nbsp;&nbsp;<\/strong>i_vusala@mail.ru<\/p>\n\n\n\n<p><strong>QISA B\u0130OQRAF\u0130K M\u018fLUMAT<\/strong><\/p>\n\n\n\n<p>1986-c\u0131 il iyunun 22-d\u0259 Russiya Federasiyas\u0131n\u0131n Moskva \u015f\u0259h\u0259rind\u0259\nanadan olmu\u015fdur.<\/p>\n\n\n\n<p>1993-2003-c\u00fc ill\u0259rd\u0259 G\u0259nc\u0259 \u015f\u0259h\u0259r M.\u018f.Sabir&nbsp; ad\u0131na 5 sayl\u0131 Tam orta&nbsp; m\u0259kt\u0259bind\u0259 t\u0259hsil alm\u0131\u015f v\u0259<\/p>\n\n\n\n<p>&nbsp;h\u0259min m\u0259kt\u0259bi bitirmi\u015fdir.<\/p>\n\n\n\n<p><strong>T\u018fHS\u0130L\u0130 v\u0259 ELM\u0130 D\u018fR\u018fC\u018f ADLARI<\/strong><\/p>\n\n\n\n<p>2006-c\u0131 ild\u0259&nbsp; Az\u0259rbaycan Dill\u0259r\nUniversitetinin Filologiya \u0130ngilis dili m\u00fc\u0259llimliyi fakult\u0259sini f\u0259rql\u0259nm\u0259\ndiplomu il\u0259 bitirmi\u015fdir.<\/p>\n\n\n\n<p>2012-ci ild\u0259&nbsp; Az\u0259rbaycan Dill\u0259r\nUniversitetinin Dil\u015funasl\u0131q ixtisasla\u015fmas\u0131 \u00fczr\u0259 magistraturas\u0131n\u0131 f\u0259rql\u0259nm\u0259\ndiplomu il\u0259 bitirmi\u015fdir.<\/p>\n\n\n\n<p>2022-ci ild\u0259&nbsp; \u201cAB\u015e v\u0259 Az\u0259rbaycan\nn\u0259srind\u0259 m\u00fcharib\u0259 m\u00f6vzusunda \u0259s\u0259rl\u0259rin janr x\u00fcsusiyy\u0259tl\u0259ri\u201d&nbsp; m\u00f6vzusunda \u0259d\u0259biyyat \u00fczr\u0259 f\u0259ls\u0259f\u0259 doktoru\nelmi d\u0259r\u0259c\u0259si almaq \u00fc\u00e7\u00fcn dissertasiya m\u00fcdafi\u0259 etmi\u015fdir.<\/p>\n\n\n\n<p><strong>\u018fM\u018fK F\u018fAL\u0130YY\u018fT\u0130<\/strong><\/p>\n\n\n\n<p>2007- 2009 cu ill\u0259rd\u0259 Da\u015fk\u0259s\u0259n rayon Bayan k\u0259nd orta m\u0259kt\u0259bind\u0259\ningilis dili m\u00fc\u0259llimi<\/p>\n\n\n\n<p>2010-2012 ci ill\u0259rd\u0259 G\u0259nc\u0259 \u015f\u0259h\u0259r 42 n\u00f6mr\u0259li tam orta m\u0259kt\u0259bd\u0259 ingilis\ndili m\u00fc\u0259llimi.<\/p>\n\n\n\n<p>2012-ci ilin aprel\nay\u0131ndan GDU-nun Praktik xarici dill\u0259r fakult\u0259sind\u0259 ba\u015f\nlaborant <\/p>\n\n\n\n<p>2012 ci ilin sentyabr ay\u0131ndan GDU-nun Praktik xarici dill\u0259r fakult\u0259sind\u0259\ningilis dili m\u00fc\u0259llimi<\/p>\n\n\n\n<p>2019cu ilin mart ay\u0131ndan GDU-nun Praktik xarici dill\u0259r fakult\u0259sind\u0259\nba\u015f m\u00fc\u0259llim<\/p>\n\n\n\n<p><strong>T\u018fL\u0130M V\u018f SERT\u0130F\u0130KATLAR <\/strong><\/p>\n\n\n\n<p>1) \u201cMenegment and development of IROs\u201d TEMPUS UNIVIA project\nUniversity of Bologna, Italy. 15\/07\/2016<\/p>\n\n\n\n<p>2) International Language Symposium Brno 2017<\/p>\n\n\n\n<p>3) \u201cErasmus Mundus HUMERIA doctorate project\u201d Masaryk University\n(Brno), Czech Republic 2016-2017<\/p>\n\n\n\n<p>4) \u201cTESOL\u201d Teaching English to Speakers of Other Languages Baku\n\u201c\u0130TT\u0130\u201d 23.07.2019-01.08.2019<\/p>\n\n\n\n<p>5) \u201c Creativity in Teaching Grammar and Vocabulary Ganja \u201c\u0130TT\u0130\u201d\n15.06.2019<\/p>\n\n\n\n<p>6) \u201cSpecialization in Teaching Young Learners \u201c Baku 01.08.2019<\/p>\n\n\n\n<p>7) \u201cTeaching English Effectively\u201d Ganja American Center\n25.01.2020-01.02.2020<\/p>\n\n\n\n<p>8)\u201dMOOC\u201d Using Educational Technology in the English Language\nClassroom Ganja American Center 22.02.2020.<\/p>\n\n\n\n<p>&nbsp;9)\u201d Veb.02 Al\u0259tl\u0259rinin T\u0259hsil\u0259\nT\u0259tbiqi\u201dwww.lim-learn.edu.az online 16.07.2020-29.07.2020<\/p>\n\n\n\n<p>10) Lithuanian Goverment Scholarship for Short term studies PhD\nexchange student Vilnus University( Vilnius)&nbsp;\nLithuania 2021-2022<\/p>\n\n\n\n<p>11) \u201c Let\u2019s Talk&nbsp;\nAbout Antin racism\u201d seminar&nbsp;\nRomanian Erasmus + and European Solidarity corps&nbsp; national&nbsp;\nAgebcy, Bucharest 30 May -3 June <\/p>\n\n\n\n<p><strong>T\u018fDQ\u0130QAT SAH\u018fS\u0130<\/strong><\/p>\n\n\n\n<p>XX\u2013 XXI \u0259srd\u0259 Amerika v\u0259 Az\u0259rbaycan nasirl\u0259rinin m\u00fcharib\u0259 m\u00f6vzusunda\nyaz\u0131lm\u0131\u015f \u0259s\u0259rl\u0259r, Amerika v\u0259 Az\u0259rbaycan nasirl\u0259rinin m\u00fcharib\u0259 m\u00f6vzusunda\nyaz\u0131lm\u0131\u015f \u0259s\u0259rl\u0259rind\u0259 \u0259d\u0259bi q\u0259hr\u0259manlar\u0131n etik v\u0259 estetik t\u0259kam\u00fcl\u00fcn\u00fc\nara\u015fd\u0131r\u0131lmas\u0131, m\u00fcharib\u0259 \u015f\u0259raitin\u0259 d\u00fc\u015f\u0259n insanlar\u0131n psixoloji b\u00f6hran\u0131n t\u0259hlili,\nb\u0259dii fikrin \u00fcmumb\u0259\u015f\u0259r v\u0259 milli-m\u0259d\u0259ni prosesl\u0259ri fonunda \u00f6yr\u0259nilm\u0259si.<\/p>\n\n\n\n<p><strong>ELM\u0130 \u018fS\u018fRL\u018fR\u0130<\/strong><\/p>\n\n\n\n<p>1) \u201cAtalar s\u00f6zl\u0259rinin t\u0259rc\u00fcm\u0259 qaydalar\u0131\u201d G.D.U Elmi x\u0259b\u0259rl\u0259rd\u0259 elmi m\u0259qal\u0259,&nbsp; G\u0259nc\u0259 2012<\/p>\n\n\n\n<p>2) \u201cImportance uses of oral work in English teaching\u201d G.D.U Elmi x\u0259b\u0259rl\u0259rd\u0259\nelmi m\u0259qal\u0259,&nbsp; G\u0259nc\u0259 2015<\/p>\n\n\n\n<p>3) \u201cAB\u015e \u0259d\u0259biyyat\u0131nda m\u00fcharib\u0259 m\u00f6vzusunun t\u0259\u015f\u0259kk\u00fclt\u00fc.\u201d A.D.U Elm x\u0259b\u0259rl\u0259rd\u0259\nelmi m\u0259qal\u0259, Bak\u0131 2016<\/p>\n\n\n\n<p>4) \u201cAmerika H\u0259rbi B\u0259dii Publisistikas\u0131\u201d A.D.U Elm x\u0259b\u0259rl\u0259rd\u0259 elmi m\u0259qal\u0259,\nBak\u0131 2016<\/p>\n\n\n\n<p>5) \u201cKarabakh war reflected in literature \u201dPhilology, literatures and\nlinguistics: research articles, B&amp;M Publishing, U.S.A 2016<\/p>\n\n\n\n<p>6) \u201cSinkler Lyuis v\u0259&nbsp; Amerika&nbsp; \u018fd\u0259biyyat\u0131\u201d&nbsp;\nA.D.U Elm x\u0259b\u0259rl\u0259rd\u0259 elmi m\u0259qal\u0259, Bak\u0131 2017<\/p>\n\n\n\n<p>7)\u201cM\u00fcharib\u0259&nbsp; M\u00f6vzusu Satirik T\u0259qdimatda\n\u201dA.D.U Elm x\u0259b\u0259rl\u0259rd\u0259 elmi m\u0259qal\u0259, Bak\u0131 2017<\/p>\n\n\n\n<p>8) M\u00dcHAR\u0130B\u018f FANTAST\u0130K ROMAN JANRINDA Bak\u0131 2018<\/p>\n\n\n\n<p>9) M\u018fHV OLMU\u015e N\u018fSL\u0130N\u201d N\u00dcMAY\u018fND\u018fL\u018fR\u0130 M\u00dcHAR\u0130B\u018f HAQQINDA&nbsp;&nbsp; Bak\u0131 2018<\/p>\n\n\n\n<p>10) \u0410\u043d\u0442\u0438\u0432\u043e\u0435\u043d\u043d\u044b\u0439 \u0438 \u0430\u043d\u0442\u0438\u043c\u0438\u043b\u0438\u0442\u0430\u0440\u0438\u0441\u0442\u0438\u0447\u0435\u0441\u043a\u0438\u0439\n\u0440\u043e\u043c\u0430\u043d \u0421\u0428\u0410 EURASIAN JOURNAL<\/p>\n\n\n\n<p>of Philology: Science and Education \u0410\u043b\u043c\u0430\u0442\u044b 2020<\/p>\n\n\n\n<p>11) Using Educational Technology in the English Language Classroom G.D.U\nElmi x\u0259b\u0259rl\u0259rd\u0259 elmi m\u0259qal\u0259,&nbsp; G\u0259nc\u0259 2022<\/p>\n\n\n\n<p><strong>BEYNALXALQ V\u018f RESPUBL\u0130KA S\u0130MPOZ\u0130UM V\u018f KONFRANSLARDA\n\u0130\u015eT\u0130RAKI:<\/strong><\/p>\n\n\n\n<p>Collection of Scientifical works \u0406\u0425 International Scientific and\nPractical Conference Labyrinths of Reality Ukraine 2020<\/p>\n\n\n\n<p>\u00dcmummilli lideri Heyd\u0259r \u018fliyevin anadan olmas\u0131n\u0131n 98-ci ild\u00f6n\u00fcm\u00fcn\u0259 h\u0259sr\nolunmu\u015f \u201cHeyd\u0259r \u018fliyevin az\u0259rbaycan\u00e7\u0131l\u0131q ideologiyas\u0131 filoloji fikir\nkontekstind\u0259\u201d m\u00f6vzusunda respublika elmi konfrans\u0131<\/p>\n\n\n\n<p>Bak\u0131 \u015f. 2021<\/p>\n","protected":false},"excerpt":{"rendered":"<p>B\/m. \u0130brahimova V\u00fcsal\u0259 \u0130lqar q. V\u0259zif\u0259si:\u00a0 Praktik Xarici dill\u0259r kafedras\u0131n\u0131n ba\u015f m\u00fc\u0259llimi,f.f.dok. Telefon:&nbsp;&nbsp; 050 366 88 80 Email: &nbsp;&nbsp;i_vusala@mail.ru QISA B\u0130OQRAF\u0130K M\u018fLUMAT 1986-c\u0131 il iyunun 22-d\u0259 Russiya Federasiyas\u0131n\u0131n Moskva \u015f\u0259h\u0259rind\u0259 anadan olmu\u015fdur. 1993-2003-c\u00fc ill\u0259rd\u0259 G\u0259nc\u0259 \u015f\u0259h\u0259r M.\u018f.Sabir&nbsp; ad\u0131na 5 sayl\u0131 Tam orta&nbsp; m\u0259kt\u0259bind\u0259 t\u0259hsil alm\u0131\u015f v\u0259 &nbsp;h\u0259min m\u0259kt\u0259bi bitirmi\u015fdir. T\u018fHS\u0130L\u0130 v\u0259 ELM\u0130 D\u018fR\u018fC\u018f ADLARI 2006-c\u0131 [&hellip;]<\/p>\n","protected":false},"author":4,"featured_media":0,"parent":0,"menu_order":0,"comment_status":"closed","ping_status":"closed","template":"","meta":{"footnotes":""},"categories":[],"tags":[],"class_list":["post-728","page","type-page","status-publish","hentry"],"_links":{"self":[{"href":"http:\/\/xdf.gdu.edu.az\/index.php?rest_route=\/wp\/v2\/pages\/728","targetHints":{"allow":["GET"]}}],"collection":[{"href":"http:\/\/xdf.gdu.edu.az\/index.php?rest_route=\/wp\/v2\/pages"}],"about":[{"href":"http:\/\/xdf.gdu.edu.az\/index.php?rest_route=\/wp\/v2\/types\/page"}],"author":[{"embeddable":true,"href":"http:\/\/xdf.gdu.edu.az\/index.php?rest_route=\/wp\/v2\/users\/4"}],"replies":[{"embeddable":true,"href":"http:\/\/xdf.gdu.edu.az\/index.php?rest_route=%2Fwp%2Fv2%2Fcomments&post=728"}],"version-history":[{"count":3,"href":"http:\/\/xdf.gdu.edu.az\/index.php?rest_route=\/wp\/v2\/pages\/728\/revisions"}],"predecessor-version":[{"id":13505,"href":"http:\/\/xdf.gdu.edu.az\/index.php?rest_route=\/wp\/v2\/pages\/728\/revisions\/13505"}],"wp:attachment":[{"href":"http:\/\/xdf.gdu.edu.az\/index.php?rest_route=%2Fwp%2Fv2%2Fmedia&parent=728"}],"wp:term":[{"taxonomy":"category","embeddable":true,"href":"http:\/\/xdf.gdu.edu.az\/index.php?rest_route=%2Fwp%2Fv2%2Fcategories&post=728"},{"taxonomy":"post_tag","embeddable":true,"href":"http:\/\/xdf.gdu.edu.az\/index.php?rest_route=%2Fwp%2Fv2%2Ftags&post=728"}],"curies":[{"name":"wp","href":"https:\/\/api.w.org\/{rel}","templated":true}]}}