{"id":717,"date":"2016-04-12T06:06:26","date_gmt":"2016-04-12T04:06:26","guid":{"rendered":"http:\/\/xd.gdu.edu.az\/?page_id=717"},"modified":"2023-05-22T08:22:21","modified_gmt":"2023-05-22T06:22:21","slug":"orucova-mehriban-cabit-qizi","status":"publish","type":"page","link":"http:\/\/xdf.gdu.edu.az\/?page_id=717","title":{"rendered":"Orucova Mehriban Cabit q\u0131z\u0131"},"content":{"rendered":"\n<div class=\"wp-block-image\"><figure class=\"aligncenter size-large is-resized\"><img loading=\"lazy\" decoding=\"async\" src=\"http:\/\/xdf.gdu.edu.az\/wp-content\/uploads\/2023\/05\/mehriban.jpg\" alt=\"\" class=\"wp-image-12021\" width=\"236\" height=\"319\"\/><\/figure><\/div>\n\n\n<p><strong>b\/m. Orucova Mehriban Cabit q.<\/strong><\/p>\n<p><strong>V\u0259zif\u0259si<\/strong><\/p>\n<ul>\n<li>Ba\u015f m\u00fc\u0259llim<\/li>\n<\/ul>\n<p><strong>Telefon<\/strong><\/p>\n<ul>\n<li>050\u00a0375 06 30<\/li>\n<\/ul>\n<p><strong>E-mail<\/strong><\/p>\n<ul>\n<li><a href=\"mailto:mehribanorucova80@gmail.com\">mehribanorucova80@com<\/a><\/li>\n<\/ul>\n<p><strong>Q\u0131sa bioqrafik m\u0259lumat<\/strong><\/p>\n<ul>\n<li>1980-ci il mart\u0131n 30-da Az\u0259rbaycan Respublikas\u0131n\u0131n G\u0259nc\u0259 \u015f\u0259h\u0259rind\u0259 m\u00fc\u0259llim ail\u0259sind\u0259 anadan olmu\u015fdur.<\/li>\n<li>1987-ci ild\u0259 G\u0259nc\u0259 \u015f\u0259h\u0259ri \u0130sm\u0259t Qay\u0131bov ad\u0131na 1 sayl\u0131 orta m\u0259kt\u0259bd\u0259 t\u0259hsil alm\u0131\u015f, 1997-ci ild\u0259 h\u0259min m\u0259kt\u0259bi bitirmi\u015fdir.<\/li>\n<\/ul>\n<p><strong>T\u0259hsili<\/strong><\/p>\n<ul>\n<li>2004-c\u00fc ild\u0259 G\u00fcrc\u00fcstan D\u00f6vl\u0259t K\u0259nd T\u0259s\u0259rr\u00fcfat\u0131 Universitetinin \u0130dar\u0259etm\u0259 \u0130nstitutunun \u0130ngilis dili fakult\u0259sini Filologiya xarici dil v\u0259 \u0259d\u0259biyyat (ingilis dili \u00fczr\u0259) ixtisas\u0131 \u00fczr\u0259 bitirmi\u015fdir. (2007-ci ild\u0259 Az\u0259rbaycan Respublikas\u0131 T\u0259hsil Nazirliyi t\u0259r\u0259find\u0259n onun diplpmu nostrifikasiya olunmu\u015fdur)<\/li>\n<li>2015-ci ild\u0259 G\u0259nc\u0259 D\u00f6vl\u0259t Universitetinin F\u0259ls\u0259f\u0259 doktoru proqram\u0131 \u00fczr\u0259 Doktoranturaya dissertant q\u0259bul olmu\u015fdur.<\/li>\n<\/ul>\n<p><strong>Elmi d\u0259r\u0259c\u0259si v\u0259 adlar\u0131<\/strong><\/p>\n<p><strong>\u018fm\u0259k f\u0259aliyy\u0259ti<\/strong><\/p>\n<ul>\n<li>2003-c\u00fc ilin sentyab\u0131r\u0131nda GDU-nun Dill\u0259r kafedras\u0131nda lobarant<\/li>\n<li>2008-ci ilin sentyab\u0131r\u0131nda GDU-nun Praktik xarici dill\u0259r kafedras\u0131nda m\u00fc\u0259llim<\/li>\n<li>2015-ci il mart\u0131nda GDU-nun Praktik xarici dill\u0259r kafedras\u0131nda ba\u015f m\u00fc\u0259llim<\/li>\n<\/ul>\n<p><strong>T\u0259ltifl\u0259ri<\/strong><\/p>\n<ul>\n<li>Az\u0259rbaycan Respublikas\u0131 T\u0259hsil Nazirliyi G\u0259nc\u0259 D\u00f6vl\u0259t Universiteti 2015-ci ild\u0259 Novruz bayram\u0131 m\u00fcnasib\u0259til\u0259 \u201cF\u0259xri F\u0259rman\u201dla t\u0259ltif edilmi\u015fdir.<\/li>\n<\/ul>\n<p><strong>T\u0259dqiqat sah\u0259si <\/strong><\/p>\n<ul>\n<li>S\u00f6hrab Tahir poeziyas\u0131n\u0131n dil v\u0259 \u00fcslub x\u00fcsusiyy\u0259tl\u0259ri<\/li>\n<\/ul>\n<p><strong>Elmi \u0259s\u0259rl\u0259ri<\/strong><\/p>\n<ul>\n<li>20-d\u0259n \u00e7ox elmi \u0259s\u0259rin, \u201cEnglish\u201d (ingilis dili) ixtisas\u0131 ingilis dili olmayan I-II kurslar \u00fc\u00e7\u00fcn d\u0259rs v\u0259saitinin m\u00fc\u0259llifidir.<\/li>\n<\/ul>\n<p><strong>Beyn\u0259lxalq v\u0259 respublika simpozium v\u0259 konfranslarda i\u015ftirak\u0131<\/strong><\/p>\n<p>Az\u0259rbaycan Respublikas\u0131nda, el\u0259c\u0259 d\u0259 Rusiya, T\u00fcrkiy\u0259, Cubada ke\u00e7irilmi\u015f onlarla beyn\u0259lxalq\u00a0 v\u0259 respublika elmi konfranslarda i\u015ftirak etmi\u015fdir<strong>.<\/strong><\/p>\n<p><strong>Dil bilgisi<\/strong><\/p>\n<p><strong>\u0130ngilis, ruz (z\u0259if) t\u00fcrk (yax\u015f\u0131)<\/strong><\/p>\n<p><strong>Partiyal\u0131\u011f\u0131<\/strong><\/p>\n<p>Yeni Az\u0259rbaycan partiyas\u0131<\/p>","protected":false},"excerpt":{"rendered":"<p>b\/m. Orucova Mehriban Cabit q. V\u0259zif\u0259si Ba\u015f m\u00fc\u0259llim Telefon 050\u00a0375 06 30 E-mail mehribanorucova80@com Q\u0131sa bioqrafik m\u0259lumat 1980-ci il mart\u0131n 30-da Az\u0259rbaycan Respublikas\u0131n\u0131n G\u0259nc\u0259 \u015f\u0259h\u0259rind\u0259 m\u00fc\u0259llim ail\u0259sind\u0259 anadan olmu\u015fdur. 1987-ci ild\u0259 G\u0259nc\u0259 \u015f\u0259h\u0259ri \u0130sm\u0259t Qay\u0131bov ad\u0131na 1 sayl\u0131 orta m\u0259kt\u0259bd\u0259 t\u0259hsil alm\u0131\u015f, 1997-ci ild\u0259 h\u0259min m\u0259kt\u0259bi bitirmi\u015fdir. T\u0259hsili 2004-c\u00fc ild\u0259 G\u00fcrc\u00fcstan D\u00f6vl\u0259t K\u0259nd T\u0259s\u0259rr\u00fcfat\u0131 Universitetinin [&hellip;]<\/p>\n","protected":false},"author":4,"featured_media":0,"parent":0,"menu_order":0,"comment_status":"closed","ping_status":"closed","template":"","meta":{"footnotes":""},"categories":[],"tags":[],"class_list":["post-717","page","type-page","status-publish","hentry"],"_links":{"self":[{"href":"http:\/\/xdf.gdu.edu.az\/index.php?rest_route=\/wp\/v2\/pages\/717","targetHints":{"allow":["GET"]}}],"collection":[{"href":"http:\/\/xdf.gdu.edu.az\/index.php?rest_route=\/wp\/v2\/pages"}],"about":[{"href":"http:\/\/xdf.gdu.edu.az\/index.php?rest_route=\/wp\/v2\/types\/page"}],"author":[{"embeddable":true,"href":"http:\/\/xdf.gdu.edu.az\/index.php?rest_route=\/wp\/v2\/users\/4"}],"replies":[{"embeddable":true,"href":"http:\/\/xdf.gdu.edu.az\/index.php?rest_route=%2Fwp%2Fv2%2Fcomments&post=717"}],"version-history":[{"count":2,"href":"http:\/\/xdf.gdu.edu.az\/index.php?rest_route=\/wp\/v2\/pages\/717\/revisions"}],"predecessor-version":[{"id":12066,"href":"http:\/\/xdf.gdu.edu.az\/index.php?rest_route=\/wp\/v2\/pages\/717\/revisions\/12066"}],"wp:attachment":[{"href":"http:\/\/xdf.gdu.edu.az\/index.php?rest_route=%2Fwp%2Fv2%2Fmedia&parent=717"}],"wp:term":[{"taxonomy":"category","embeddable":true,"href":"http:\/\/xdf.gdu.edu.az\/index.php?rest_route=%2Fwp%2Fv2%2Fcategories&post=717"},{"taxonomy":"post_tag","embeddable":true,"href":"http:\/\/xdf.gdu.edu.az\/index.php?rest_route=%2Fwp%2Fv2%2Ftags&post=717"}],"curies":[{"name":"wp","href":"https:\/\/api.w.org\/{rel}","templated":true}]}}