{"id":713,"date":"2016-04-12T06:04:16","date_gmt":"2016-04-12T04:04:16","guid":{"rendered":"http:\/\/xd.gdu.edu.az\/?page_id=713"},"modified":"2023-05-22T08:16:27","modified_gmt":"2023-05-22T06:16:27","slug":"purbayram-jal%c9%99-behman-qizi","status":"publish","type":"page","link":"http:\/\/xdf.gdu.edu.az\/?page_id=713","title":{"rendered":"Purbayram Jal\u0259 Behman q\u0131z\u0131"},"content":{"rendered":"\n<div class=\"wp-block-image\"><figure class=\"aligncenter size-large is-resized\"><img loading=\"lazy\" decoding=\"async\" src=\"http:\/\/xdf.gdu.edu.az\/wp-content\/uploads\/2023\/05\/jal\u0259.jpg\" alt=\"\" class=\"wp-image-12018\" width=\"222\" height=\"256\"\/><\/figure><\/div>\n\n\n<p><strong>b\/m. Purbayram Jal\u0259 Behnam q.<\/strong><\/p>\n<ul>\n<li>V\u0259zif\u0259si: Ba\u015f m\u00fc\u0259llim<\/li>\n<li>Telefon: +99455 756 37 02<\/li>\n<li>E-mail: jalepurbayram@gru<\/li>\n<li>Q\u0131sa bioqrafik m\u0259lumat: 09 noyabr 1982-ci ild\u0259 Rusiya Federasiyas\u0131, Moskva \u015f\u0259h\u0259rind\u0259 anadan olmu\u015fdur. 1989-1999-cu ill\u0259rd\u0259 G\u0259nc\u0259 \u015f\u0259h\u0259r 20 sayl\u0131 orta m\u0259kt\u0259bd\u0259 t\u0259hsil alm\u0131\u015f v\u0259 h\u0259min m\u0259kt\u0259bi bitirmi\u015fdir. 1999-2003- ci ill\u0259rd\u0259 G\u0259nc\u0259 D\u00f6vl\u0259t Universitetinin \u201c\u0130ngilis dili\u201d istiqam\u0259ti \u00fczr\u0259 bakalavr d\u0259r\u0259c\u0259sini f\u0259rql\u0259nm\u0259 diplomu il\u0259 bitirmi\u015fdi. 2003-2007- ci ill\u0259rd\u0259 G\u0259nc\u0259 D\u00f6vl\u0259t Universitetinin \u201cDil\u015f\u00fcnasl\u0131q(ingilis dili)\u201d istiqam\u0259ti \u00fczr\u0259 magistr d\u0259r\u0259c\u0259sini f\u0259rql\u0259nm\u0259 diplomu il\u0259 bitirmi\u015fdi<\/li>\n<li>T\u0259hsili: Ali<\/li>\n<li>Elm d\u0259r\u0259c\u0259si v\u0259 adlar\u0131: Ba\u015f m\u00fc\u0259llim<\/li>\n<li>\u018fm\u0259k f\u0259aliyy\u0259ti: 26 sentyabr 2007-ci ild\u0259n G\u0259nc\u0259 D\u00f6vl\u0259t Universitetinin Praktik xarici dill\u0259r kafedras\u0131nda ingilis dili m\u00fc\u0259llimi.<\/li>\n<li>T\u0259ltifl\u0259ri:<\/li>\n<li>T\u0259dqiqat sah\u0259si:<\/li>\n<\/ul>\n<ol>\n<li>\u0130ngilis dilind\u0259 oxunun t\u0259\u015fkili.<\/li>\n<li>\u0130ngilis dilind\u0259 yaz\u0131n\u0131n n\u00f6vl\u0259ri v\u0259 onlardan istifad\u0259 \u00fcs\u00fcllar\u0131.<\/li>\n<li>Xarici dill\u0259rin t\u0259limi metodikas\u0131n\u0131n \u00fcmumi m\u0259s\u0259l\u0259l\u0259ri.<\/li>\n<\/ol>\n<ul>\n<li><strong>Dil bilgisi: <\/strong>\u0130ngilis, rus, fars<\/li>\n<li><strong>Partiyai\u0131\u011f\u0131:<\/strong> YAP<\/li>\n<\/ul>\n<p><strong>\u00a0<\/strong><\/p>\n<ol start=\"9\">\n<li><strong> b\/m. N\u0259biyeva Samir\u0259 \u00c7ingiz q.<\/strong><\/li>\n<\/ol>","protected":false},"excerpt":{"rendered":"<p>b\/m. Purbayram Jal\u0259 Behnam q. V\u0259zif\u0259si: Ba\u015f m\u00fc\u0259llim Telefon: +99455 756 37 02 E-mail: jalepurbayram@gru Q\u0131sa bioqrafik m\u0259lumat: 09 noyabr 1982-ci ild\u0259 Rusiya Federasiyas\u0131, Moskva \u015f\u0259h\u0259rind\u0259 anadan olmu\u015fdur. 1989-1999-cu ill\u0259rd\u0259 G\u0259nc\u0259 \u015f\u0259h\u0259r 20 sayl\u0131 orta m\u0259kt\u0259bd\u0259 t\u0259hsil alm\u0131\u015f v\u0259 h\u0259min m\u0259kt\u0259bi bitirmi\u015fdir. 1999-2003- ci ill\u0259rd\u0259 G\u0259nc\u0259 D\u00f6vl\u0259t Universitetinin \u201c\u0130ngilis dili\u201d istiqam\u0259ti \u00fczr\u0259 bakalavr d\u0259r\u0259c\u0259sini f\u0259rql\u0259nm\u0259 [&hellip;]<\/p>\n","protected":false},"author":4,"featured_media":0,"parent":0,"menu_order":0,"comment_status":"closed","ping_status":"closed","template":"","meta":{"footnotes":""},"categories":[],"tags":[],"class_list":["post-713","page","type-page","status-publish","hentry"],"_links":{"self":[{"href":"http:\/\/xdf.gdu.edu.az\/index.php?rest_route=\/wp\/v2\/pages\/713","targetHints":{"allow":["GET"]}}],"collection":[{"href":"http:\/\/xdf.gdu.edu.az\/index.php?rest_route=\/wp\/v2\/pages"}],"about":[{"href":"http:\/\/xdf.gdu.edu.az\/index.php?rest_route=\/wp\/v2\/types\/page"}],"author":[{"embeddable":true,"href":"http:\/\/xdf.gdu.edu.az\/index.php?rest_route=\/wp\/v2\/users\/4"}],"replies":[{"embeddable":true,"href":"http:\/\/xdf.gdu.edu.az\/index.php?rest_route=%2Fwp%2Fv2%2Fcomments&post=713"}],"version-history":[{"count":2,"href":"http:\/\/xdf.gdu.edu.az\/index.php?rest_route=\/wp\/v2\/pages\/713\/revisions"}],"predecessor-version":[{"id":12064,"href":"http:\/\/xdf.gdu.edu.az\/index.php?rest_route=\/wp\/v2\/pages\/713\/revisions\/12064"}],"wp:attachment":[{"href":"http:\/\/xdf.gdu.edu.az\/index.php?rest_route=%2Fwp%2Fv2%2Fmedia&parent=713"}],"wp:term":[{"taxonomy":"category","embeddable":true,"href":"http:\/\/xdf.gdu.edu.az\/index.php?rest_route=%2Fwp%2Fv2%2Fcategories&post=713"},{"taxonomy":"post_tag","embeddable":true,"href":"http:\/\/xdf.gdu.edu.az\/index.php?rest_route=%2Fwp%2Fv2%2Ftags&post=713"}],"curies":[{"name":"wp","href":"https:\/\/api.w.org\/{rel}","templated":true}]}}