{"id":709,"date":"2016-04-12T05:57:57","date_gmt":"2016-04-12T03:57:57","guid":{"rendered":"http:\/\/xd.gdu.edu.az\/?page_id=709"},"modified":"2025-02-14T10:29:19","modified_gmt":"2025-02-14T08:29:19","slug":"c%c9%99f%c9%99rova-s%c9%99bin%c9%99-%c9%99bulf%c9%99t-qizi","status":"publish","type":"page","link":"http:\/\/xdf.gdu.edu.az\/?page_id=709","title":{"rendered":"C\u0259f\u0259rova S\u0259bin\u0259 \u018fb\u00fclf\u0259t q\u0131z\u0131"},"content":{"rendered":"\n<figure class=\"wp-block-image size-full is-resized\"><img loading=\"lazy\" decoding=\"async\" width=\"210\" height=\"314\" src=\"https:\/\/xdf.gdu.edu.az\/wp-content\/uploads\/2025\/02\/4d6f4696-d9a5-490d-a445-7b277d0bd177-1.jpg\" alt=\"\" class=\"wp-image-15827\" style=\"width:186px;height:auto\"\/><\/figure>\n\n\n<p><strong>. b\/m. N\u0259biyeva Samir\u0259 \u00c7ingiz q.<\/strong><\/p>\n<ol start=\"10\">\n<li><strong>C\u0259f\u0259rova S\u0259bin\u0259 \u018fb\u00fclf\u0259t q\u0131z\u0131<\/strong><\/li>\n<\/ol>\n<p><strong>V\u0259zif\u0259si:\u00a0 ba\u015f <\/strong>m\u00fc\u0259llim<\/p>\n<p><strong>Telefon:<\/strong> (070) 2650019<\/p>\n<ul>\n<li><strong>E-mail: <\/strong>scafarova117@com<\/li>\n<li><strong>Q\u0131sa bioqrafik m\u0259lumat:<\/strong>\n<ul>\n<li>01.1983 tarixd\u0259 G\u0259nc\u0259 \u015f\u0259h\u0259rind\u0259 anadan olmu\u015fdur.<\/li>\n<li>1990 \u2013 2000-ci ill\u0259rd\u0259 G\u0259nc\u0259 \u015f\u0259h\u0259ri 20 sayl\u0131 orta m\u0259kt\u0259bd\u0259 t\u0259hsil alm\u0131\u015f v\u0259 h\u0259min m\u0259kt\u0259bi bitirmi\u015fdir.<\/li>\n<\/ul>\n<\/li>\n<li><strong>T\u0259hsili, elmi d\u0259r\u0259c\u0259si v\u0259 elmi adlar\u0131:<\/strong>\n<ul>\n<li>2000-ci ild\u0259 G\u0259nc\u0259 D\u00f6vl\u0259t Universitetinin Filologiya fak\u00fclt\u0259sinin \u0130ngilis dili ixtisas\u0131na( d\u00f6vl\u0259t hesab\u0131na) daxil olmu\u015fdur. 2004-c\u00fc ild\u0259 h\u0259min fak\u00fclt\u0259ni F\u0259rql\u0259nm\u0259 diplomu il\u0259 bitirmi\u015fdir.<\/li>\n<li>2004-c\u00fc ild\u0259 G\u0259nc\u0259 D\u00f6vl\u0259t Universitetinin Dil\u015funasl\u0131q istiqam\u0259ti \u00fczr\u0259 Magistratura \u015f\u00f6b\u0259sin\u0259 daxil olmu\u015f v\u0259 2006-c\u0131 ild\u0259 h\u0259min \u015f\u00f6b\u0259nin ingilis dili ixtisas\u0131 \u00fczr\u0259 t\u0259hsilimi F\u0259rql\u0259nm\u0259 diplomu il\u0259 ba\u015fa vurmu\u015fdur.<\/li>\n<\/ul>\n<\/li>\n<li>2016-ci ild\u0259 5706.01- Az\u0259rbaycan dili ixtisas\u0131 \u00fczr\u0259 doktorant q\u0259bul olunmu\u015fdur..<\/li>\n<li><strong>\u018fm\u0259k f\u0259aliyy\u0259ti:<\/strong>\n<ul>\n<li>2000-ci ild\u0259n G\u0259nc\u0259 D\u00f6vl\u0259t Universitetinin Praktik Xarici dill\u0259r kafedras\u0131nda 1 \u015ftat m\u00fc\u0259llim.<\/li>\n<li>2012-ci ilin yanvar ay\u0131ndan bu g\u00fcn\u0259 q\u0259d\u0259r ba\u015f m\u00fc\u0259llim.<\/li>\n<\/ul>\n<\/li>\n<li><strong>T\u0259dqiqat sah\u0259si:<\/strong><\/li>\n<li>\u00ab\u015e\u0259rt \u015e\u0259kil\u00e7isi il\u0259 formala\u015fan tabeli m\u00fcr\u0259kk\u0259b c\u00fcml\u0259l\u0259rin struktur semantik x\u00fcsusiyy\u0259tl\u0259ri \u00bb<\/li>\n<li><strong>Elmi \u0259s\u0259rl\u0259ri<\/strong><\/li>\n<li>The difference between morphology and phonology-GDU. Professor \u2013 m\u00fc\u0259lliml\u0259rin, aspirant v\u0259 g\u0259nc t\u0259dqiqat\u00e7\u0131lar\u0131n elmi-t\u0259dqiqat v\u0259 yarad\u0131c\u0131l\u0131q i\u015fl\u0259rinin toplusu. Bak\u0131 , 2007,<\/li>\n<li>Teaching extra \u2013 curricular work-GDU. Professor \u2013 m\u00fc\u0259lliml\u0259rin, aspirant v\u0259 g\u0259nc t\u0259dqiqat\u00e7\u0131lar\u0131n elmi-t\u0259dqiqat v\u0259 yarad\u0131c\u0131l\u0131q i\u015fl\u0259rinin toplusu. Bak\u0131 , 2007,<\/li>\n<li>M\u00fcasir ingilis dilind\u0259 feli sif\u0259t- GDU. Elmi X\u0259b\u0259rl\u0259r. G\u0259nc\u0259, 2009,<\/li>\n<li>Ingilis dili frazeologizml\u0259rin Az\u0259rbaycan dilin\u0259 t\u0259rc\u00fcm\u0259si- GDU. Elmi X\u0259b\u0259rl\u0259r.G\u0259nc\u0259, 2011,<\/li>\n<li>The history of the English language- GDU. Elmi X\u0259b\u0259rl\u0259r.G\u0259nc\u0259, 2011,<\/li>\n<li>\u201cTabeli m\u00fcr\u0259kk\u0259b c\u00fcml\u0259 komponentl\u0259rinin\u00a0\u0259laq\u0259l\u0259nm\u0259sind\u0259\u00a0 -sa, \u2013 s\u0259 \u015f\u0259kil\u00e7isinin \u00a0rolu\u201d<strong> Konfrans materiallar\u0131 <\/strong>G\u0259nc aliml\u0259rin II beyn\u0259lxalq elmi konfrans\u0131 G\u0259nc\u0259 -2017.<\/li>\n<li><em>\u201c\u2013sa \u2013s\u0259 \u015f\u0259kil\u00e7isi , onun praforma v\u0259 derivatlar\u0131n\u0131n , qrammatik v\u0259 \u00fcslubi x\u00fcsusiyy\u0259tl\u0259rinin t\u0259dqiqi\u201d. G\u0259nc\u0259 D\u00f6vl\u0259t Universiteti, Elmi X\u0259b\u0259rl\u0259r, Fundamental, Humanitar v\u0259 T\u0259bi\u0259t Elml\u0259ri seriyas\u0131, G\u0259nc\u02592017. <\/em><strong>\u21163\u00a0 <\/strong><\/li>\n<li>.\u201c\u015e\u0259rt \u015f\u0259kil\u00e7isi il\u0259 formala\u015fan tabeli m\u00fcr\u0259kk\u0259b c\u00fcml\u0259l\u0259r Filologiya m\u0259s\u0259l\u0259l\u0259ri Elm v\u0259 t\u0259hsil n\u0259\u015friyyat\u0131 Bak\u0131 2017 \u2116 3\n<ul>\n<li>\u201cT\u00fcrk dill\u0259rind\u0259 -sa,-s\u0259 \u015f\u0259kil\u00e7isi tabeli m\u00fcr\u0259kk\u0259b c\u00fcml\u0259 komponentl\u0259rini ba\u011flayan vasit\u0259 kimi.\u201d B\u0259kir \u00c7obanzad\u0259 -125 Az\u0259rbaycan dili: d\u00fcn\u0259n v\u0259 bu g\u00fcn m\u00f6vzusunda beyn\u0259lxalq elmi kofrans\u0131n materiallari Bak\u0131 2018.<\/li>\n<li>\u201c\u015e\u0259rt budaq c\u00fcml\u0259l\u0259rinin q\u0259dim t\u00fcrk dill\u0259ri \u00fczr\u0259 apar\u0131lan t\u0259dqiqatlarda aliml\u0259rin fikir toplusu\u201d. G\u0259nc aliml\u0259rin III beyn\u0259lxalq elmi konfrans\u0131 II hiss\u0259 G\u0259nc\u0259 -2018<\/li>\n<li>\u201cSintetik yolla formala\u015fan tabeli m\u00fcr\u0259kk\u0259b c\u00fcml\u0259l\u0259rd\u0259 \u015f\u0259rt \u015f\u0259kil\u00e7isinin struktur-m\u0259na m\u00fcnasib\u0259tl\u0259ri.\u201d Elmi x\u0259b\u0259rl\u0259r G\u0259nc\u0259 2019<\/li>\n<li>\u201c\u015e\u0259rt v\u0259 qar\u015f\u0131la\u015fd\u0131rma budaq c\u00fcml\u0259l\u0259rind\u0259 -sa, -s\u0259 v\u0259 -sa da,-s\u0259 d\u0259 \u0259datlar\u0131n\u0131n m\u0259tndaxili semantikas\u0131 \u201cV respublika\u00a0 elmi qaynaqlar konfrans\u0131n\u0131n materiallar\u0131 Bak\u0131 \u2013 2021<\/li>\n<li>\u201c\u015e\u0259rt \u015f\u0259kil\u00e7isi il\u0259 formala\u015fan tabeli m\u00fcr\u0259kk\u0259b c\u00fcml\u0259l\u0259rin struktur- semantik x\u00fcsusiyy\u0259tl\u0259ri\u201d \u2013\u201cStructural and semantical features of the complex sentences formed with the subordinating conjunctions.\u201d \u0412\u0447\u0435\u043di \u0437\u0430\u043f\u0438\u0441\u043a\u0438 \u0442\u0430\u0432\u0440\u0131\u0439\u0441\u044c\u043a\u043e\u0433\u043e \u043d\u0430\u0446\u0131\u043e\u043d\u0430\u043b\u044c\u043d\u043e\u0433\u043e \u0443\u043d\u0432\u0435\u0440\u0441\u0438\u0442\u0435\u0442\u0443 i\u043c\u0435\u043di \u0412.\u0130.\u0412\u0435\u0440\u043d\u0430\u0434\u0441\u044c\u043a\u043e\u0433\u043e \u041a\u0438i\u0432 \u2013Ukrayna-2021\u00a0\u00a0\u00a0\u00a0\u00a0\u00a0\u00a0\u00a0\u00a0\u00a0\u00a0<\/li>\n<li>\u201c\u018fg\u0259r ba\u011flay\u0131c\u0131s\u0131 v\u0259 -sa, -s\u0259 \u0259dat\u0131 il\u0259 formala\u015fan analitik -sintetik tipli tabeli m\u00fcr\u0259kk\u0259b c\u00fcml\u0259l\u0259rin t\u0259snifat\u0131\u201d\u00a0 Molla P\u0259nah Vaqifin anadan olmas\u0131n\u0131n 305 illik yubileyin\u0259 h\u0259sr olunmu\u015f M\u0259d\u0259niyy\u0259tl\u0259rin inteqrasiyas\u0131 v\u0259 multikulturalizm adl\u0131 XXIII Beyn\u0259lxalq elmi simpozium. Kars-Turkey 2022<\/li>\n<li><strong>\u201c<\/strong>Az\u0259rbaycan dilind\u0259 ba\u011flay\u0131c\u0131 v\u0259 ba\u011flay\u0131c\u0131 birl\u0259\u015fm\u0259l\u0259rl\u0259 \u0259laq\u0259l\u0259n\u0259n tabeli m\u00fcr\u0259kk\u0259b c\u00fcml\u0259 qurulu\u015flar\u0131 \u201c \u201cElmi t\u0259dqiqat\u201d beyn\u0259lxalq elmi jurnal . AAK t\u00f6vsiyy\u0259 etdiyi n\u0259\u015fr. Bak\u0131 2023 \u21161<\/li>\n<li><strong>\u201c<\/strong>Ba\u011flay\u0131c\u0131 s\u00f6zl\u0259rl\u0259 ba\u011flanan korrelyativ qurulu\u015flu c\u00fcml\u0259l\u0259r\u201d \u201cElmi t\u0259dqiqat \u201cbeyn\u0259lxalq elmi jurnal . AAK t\u00f6vsiyy\u0259 etdiyi n\u0259\u015fr. Bak\u0131 2023<\/li>\n<li>M\u00fcr\u0259kk\u0259b c\u00fcml\u0259 komponentl\u0259rinin h\u0259m analitik, h\u0259m d\u0259 sintetik vasit\u0259l\u0259rl\u0259 \u0259laq\u0259l\u0259nm\u0259si \u201cElmi i\u015f \u201cbeyn\u0259lxalq elmi jurnal . AAK t\u00f6vsiyy\u0259 etdiyi n\u0259\u015fr. Bak\u0131 2023\u21161<\/li>\n<\/ul>\n<\/li>\n<\/ul>\n<p><strong>N\u018f\u015eR\u00a0 OLUNMU\u015e\u00a0\u00a0 V\u018fSA\u0130TL\u018fR\u0130<\/strong><\/p>\n<\/p>\n<ul>\n<li>\u201cEnglish\u201d ali m\u0259kt\u0259bl\u0259rin qeyri-ixtisas fak\u00fclt\u0259l\u0259rinin t\u0259l\u0259b\u0259l\u0259ri \u00fc\u00e7\u00fcn sinifd\u0259nxaric oxu \u2013 \u201cAraz-M\u201d poliqrafiya MMC. G\u0259nc\u0259 -2014<\/li>\n<\/ul>\n<p><strong>F\u018fNN\u00a0 PROQRAMI<\/strong><\/p>\n<ul>\n<li>\u201c \u0130ngilis dili\u201d ali m\u0259kt\u0259bl\u0259rin bakalavr pill\u0259si \u00fc\u00e7\u00fcn f\u0259nn proqram\u0131 G\u0259nc\u0259-2018<\/li>\n<li>\u201c \u0130ngilis dili\u201d ali m\u0259kt\u0259bl\u0259rin bakalavr pill\u0259si \u00fc\u00e7\u00fcn f\u0259nn proqram\u0131 G\u0259nc\u0259-2020<\/li>\n<\/ul>\n<p><strong>Beyn\u0259lxalq v\u0259 respublika simpozium v\u0259 konfranslarda i\u015ftirak\u0131:<\/strong><\/p>\n<ul>\n<li>G\u0259nc aliml\u0259rin II beyn\u0259lxalq elmi konfrans\u0131 G\u0259nc\u0259 -2017.<\/li>\n<li>.\u201d B\u0259kir \u00c7obanzad\u0259 -125 Az\u0259rbaycan dili: d\u00fcn\u0259n v\u0259 bu g\u00fcn m\u00f6vzusunda beyn\u0259lxalq elmi kofrans Bak\u0131 2018.<\/li>\n<li>G\u0259nc aliml\u0259rin III beyn\u0259lxalq elmi konfrans\u0131 II hiss\u0259 G\u0259nc\u0259 -2018<\/li>\n<li>\u201cV respublika elmi qaynaqlar konfrans\u0131n\u0131n materiallar\u0131 Bak\u0131 \u2013 2021<\/li>\n<li>Molla P\u0259nah Vaqifin anadan olmas\u0131n\u0131n 305 illik yubileyin\u0259 h\u0259sr olunmu\u015f M\u0259d\u0259niyy\u0259tl\u0259rin inteqrasiyas\u0131 v\u0259 multikulturalizm adl\u0131 XXIII Beyn\u0259lxalq elmi simpozium. Kars-Turkey 2022<\/li>\n<\/ul>\n<p><strong>Dil bilgisi:<\/strong> Az\u0259rbaycan, ingilis, rus, alman,\u00a0 t\u00fcrk<\/p>\n<p><strong>\u00a0<\/strong><\/p>","protected":false},"excerpt":{"rendered":"<p>. b\/m. N\u0259biyeva Samir\u0259 \u00c7ingiz q. C\u0259f\u0259rova S\u0259bin\u0259 \u018fb\u00fclf\u0259t q\u0131z\u0131 V\u0259zif\u0259si:\u00a0 ba\u015f m\u00fc\u0259llim Telefon: (070) 2650019 E-mail: scafarova117@com Q\u0131sa bioqrafik m\u0259lumat: 01.1983 tarixd\u0259 G\u0259nc\u0259 \u015f\u0259h\u0259rind\u0259 anadan olmu\u015fdur. 1990 \u2013 2000-ci ill\u0259rd\u0259 G\u0259nc\u0259 \u015f\u0259h\u0259ri 20 sayl\u0131 orta m\u0259kt\u0259bd\u0259 t\u0259hsil alm\u0131\u015f v\u0259 h\u0259min m\u0259kt\u0259bi bitirmi\u015fdir. T\u0259hsili, elmi d\u0259r\u0259c\u0259si v\u0259 elmi adlar\u0131: 2000-ci ild\u0259 G\u0259nc\u0259 D\u00f6vl\u0259t Universitetinin Filologiya [&hellip;]<\/p>\n","protected":false},"author":4,"featured_media":0,"parent":0,"menu_order":0,"comment_status":"closed","ping_status":"closed","template":"","meta":{"footnotes":""},"categories":[],"tags":[],"class_list":["post-709","page","type-page","status-publish","hentry"],"_links":{"self":[{"href":"http:\/\/xdf.gdu.edu.az\/index.php?rest_route=\/wp\/v2\/pages\/709","targetHints":{"allow":["GET"]}}],"collection":[{"href":"http:\/\/xdf.gdu.edu.az\/index.php?rest_route=\/wp\/v2\/pages"}],"about":[{"href":"http:\/\/xdf.gdu.edu.az\/index.php?rest_route=\/wp\/v2\/types\/page"}],"author":[{"embeddable":true,"href":"http:\/\/xdf.gdu.edu.az\/index.php?rest_route=\/wp\/v2\/users\/4"}],"replies":[{"embeddable":true,"href":"http:\/\/xdf.gdu.edu.az\/index.php?rest_route=%2Fwp%2Fv2%2Fcomments&post=709"}],"version-history":[{"count":5,"href":"http:\/\/xdf.gdu.edu.az\/index.php?rest_route=\/wp\/v2\/pages\/709\/revisions"}],"predecessor-version":[{"id":15828,"href":"http:\/\/xdf.gdu.edu.az\/index.php?rest_route=\/wp\/v2\/pages\/709\/revisions\/15828"}],"wp:attachment":[{"href":"http:\/\/xdf.gdu.edu.az\/index.php?rest_route=%2Fwp%2Fv2%2Fmedia&parent=709"}],"wp:term":[{"taxonomy":"category","embeddable":true,"href":"http:\/\/xdf.gdu.edu.az\/index.php?rest_route=%2Fwp%2Fv2%2Fcategories&post=709"},{"taxonomy":"post_tag","embeddable":true,"href":"http:\/\/xdf.gdu.edu.az\/index.php?rest_route=%2Fwp%2Fv2%2Ftags&post=709"}],"curies":[{"name":"wp","href":"https:\/\/api.w.org\/{rel}","templated":true}]}}