{"id":705,"date":"2016-04-12T05:54:34","date_gmt":"2016-04-12T03:54:34","guid":{"rendered":"http:\/\/xd.gdu.edu.az\/?page_id=705"},"modified":"2025-01-14T09:33:18","modified_gmt":"2025-01-14T07:33:18","slug":"rust%c9%99mova-ilham%c9%99-saleh-qizi","status":"publish","type":"page","link":"http:\/\/xdf.gdu.edu.az\/?page_id=705","title":{"rendered":"R\u00fcst\u0259mova \u0130lham\u0259 Saleh q\u0131z\u0131"},"content":{"rendered":"<div class=\"wp-block-image\">\n<figure class=\"aligncenter size-large is-resized\"><img loading=\"lazy\" decoding=\"async\" width=\"385\" height=\"525\" src=\"http:\/\/xdf.gdu.edu.az\/wp-content\/uploads\/2023\/05\/ilham.jpg\" alt=\"\" class=\"wp-image-12017\" style=\"width:199px;height:271px\"\/><\/figure>\n<\/div>\n\n<p><strong>\u00a0<\/strong><\/p>\n<p>R\u00fcst\u0259mova \u0130lham\u0259 Saleh q\u0131z\u0131<\/p>\n<p>G\u0259nc\u0259 D\u00f6vl\u0259t Universitetinin \u201cPraktik Xarici dill\u0259r\u201d kafedras\u0131n\u0131n ba\u015f m\u00fc\u0259llimi. f.f.dok<\/p>\n<p><strong>QISA B\u0130BL\u0130OQRAF\u0130K M\u018fLUMAT<\/strong><\/p>\n<ul>\n<li>28 dekabr 1982-ci ild\u0259 Erm\u0259nistan resp.Vardenis rayonunda anadan olmu\u015fdur.<\/li>\n<li>1989-1999-cu ill\u0259rd\u0259 G\u0259nc\u0259 \u015f\u0259h\u0259r 31-sayl\u0131 orta m\u0259kt\u0259bd\u0259 t\u0259hsil alm\u0131\u015f v\u0259 h\u0259min m\u0259kt\u0259bi bitirmi\u015fdir.<\/li>\n<li>Ail\u0259lidir, bir \u00f6vlad\u0131 var.<\/li>\n<\/ul>\n<p><strong>T\u018fHS\u0130L\u0130,ELM\u0130 D\u018fR\u018fC\u018fS\u0130 V\u018f ELM\u0130 ADI<\/strong><\/p>\n<ul>\n<li>2000-2004-c\u00fc ill\u0259rd\u0259 G\u0259nc\u0259 D\u00f6vl\u0259t Universitetinin \u201c \u0130ngilis dili\u201d istiqam\u0259ti \u00fczr\u0259 bakalavr d\u0259r\u0259c\u0259sini f\u0259rql\u0259nm\u0259 diplomu il\u0259 bitirmi\u015fdir.<\/li>\n<li>2004-2006-c\u0131 ill\u0259rd\u0259 G\u0259nc\u0259 D\u00f6vl\u0259t Universitetinin \u201cT\u0259rc\u00fcm\u0259( \u0130ngilis dili)\u201d istiqam\u0259ti \u00fczr\u0259 magistr d\u0259r\u0259c\u0259sini f\u0259rql\u0259nm\u0259 diplomu il\u0259 bitirmi\u015fdir.<\/li>\n<li>4 dekabr 2012-ci il tarixli 3\/252 sayl\u0131 \u0259mril\u0259 f\u0259ls\u0259f\u0259 doktoru proqram\u0131 \u0259sas\u0131nda D\u00fcnya \u0259d\u0259biyyat\u0131-5718.01 ixtisas\u0131 \u00fczr\u0259 dissertant q\u0259bul olunmu\u015fdur.<\/li>\n<\/ul>\n<p><strong>\u018fM\u018fK F\u018fAL\u0130YY\u018fT\u0130<\/strong><\/p>\n<ul>\n<li>7 yanvar 2007- ci ild\u0259n G\u0259nc\u0259 D\u00f6vl\u0259t Universitetinin \u201cPraktik Xarici dill\u0259r\u201d kafedras\u0131nda m\u00fc\u0259llim.<\/li>\n<li>2014-c\u00fc ild\u0259n G\u0259nc\u0259 D\u00f6vl\u0259t Universitetinin \u201cPraktik Xarici dill\u0259r\u201d kafedras\u0131nda ba\u015f m\u00fc\u0259llim.<\/li>\n<\/ul>\n<p><strong>T\u018fDQ\u0130QAT SAH\u018fS\u0130<\/strong><\/p>\n<ul>\n<li><strong> \u201c<\/strong>\u0130ngilis v\u0259 Az\u0259rbaycan romantizmind\u0259 insan konsepsiyas\u0131<strong>\u201d<\/strong><\/li>\n<\/ul>\n<p><strong>BEYN\u018fLXALQ SEM\u0130NAR,S\u0130MPOZ\u0130UM V\u018f KONFRANSLARDA \u0130\u015eT\u0130RAKI<\/strong><\/p>\n<ul>\n<li>\u00dcmummilli lider H.\u018fliyevin anadan olmas\u0131n\u0131n 92-ci ild\u00f6n\u00fcm\u00fcn\u0259 h\u0259sr olunmu\u015f VI Beyn\u0259lxalq elmi konfrans. Bak\u0131,5-7 may, 2015<\/li>\n<\/ul>\n<p><strong>SE\u00c7\u0130LM\u0130\u015e \u018fS\u018fRL\u018fR\u0130<\/strong><\/p>\n<ul>\n<li>M\u00fcasir \u0130ngilis dilind\u0259 can, may, must modal fell\u0259ri v\u0259 onlar\u0131n<\/li>\n<\/ul>\n<p>\u0259v\u0259zedicil\u0259ri.GDU,Elmi x\u0259b\u0259rl\u0259r \u21162,2008<\/p>\n<ul>\n<li>\u0130nversiyan\u0131n t\u0259rc\u00fcm\u0259d\u0259 ifad\u0259 olunmas\u0131.GDU, Elmi x\u0259b\u0259rl\u0259r \u21162,2010<\/li>\n<li>\u0130ngilis dilinin t\u0259drisind\u0259 Az\u0259rbaycan dili il\u0259 m\u00fcqayis\u0259 m\u0259s\u0259l\u0259si.<\/li>\n<\/ul>\n<p>AMEA,X\u0259b\u0259rl\u0259r m\u0259cmu\u0259si 42, \u201cElm\u201d n\u0259\u015friyyat\u0131,2010.<\/p>\n<ul>\n<li>\u0130ngilis dilind\u0259 oxunun t\u0259drisi. GDU,Elmi x\u0259b\u0259rl\u0259r \u21162, 2011.<\/li>\n<li>Abbas S\u0259hh\u0259tin romantik d\u00fcnya g\u00f6r\u00fc\u015f\u00fcn\u00fcn x\u00fcsusiyy\u0259tl\u0259ri. Bak\u0131 Slavyan Universiteti,Humanitar elml\u0259rin \u00f6yr\u0259nilm\u0259sinin aktual probleml\u0259ri \u21161, 2014<\/li>\n<li>\u015eellinin \u201cAzad olunmu\u015f Promotey\u201d \u0259s\u0259ri \u0130ngilis romantizminin t\u0259c\u0259ss\u00fcm\u00fc kimi. Az\u0259rbaycan Dilll\u0259r Universiteti,Dil v\u0259 \u0259d\u0259biyyat \u21162, Bak\u0131 2014<\/li>\n<li>Az\u0259rbaycan romantizmi V\u0259li Osmanl\u0131n\u0131n t\u0259nqidi \u0259s\u0259rl\u0259rind\u0259.\u00dcmummilli lider H.\u018fL\u0130YEV\u0130N anadan olmas\u0131n\u0131n 92-ci ild\u00f6n\u00fcm\u00fcn\u0259 h\u0259sr olunmu\u015f VI Beyn\u0259lxalq elmi konfrans. Bak\u0131 Slavyan Universiteti.Az\u0259rbaycan\u015f\u00fcnasl\u0131\u011f\u0131n aktual probleml\u0259ri.Bak\u0131,2015<\/li>\n<li>Azerbaycan Romantizmi ile ba\u011fl\u0131 Memmed Cafer`in ara\u015ft\u0131rmalar\u0131.T\u00fcrkiy\u0259 Cumhuriyy\u0259ti,2015.<\/li>\n<li>\u0130ngilis romantikl\u0259rinin yarad\u0131c\u0131l\u0131\u011f\u0131nda q\u0259hr\u0259man konsepsiyas\u0131n\u0131n\u00a0\u00a0\u00a0\u00a0\u00a0\u00a0\u00a0\u00a0\u00a0\u00a0\u00a0\u00a0\u00a0\u00a0\u00a0\u00a0\u00a0\u00a0\u00a0\u00a0\u00a0\u00a0\u00a0\u00a0\u00a0\u00a0\u00a0\u00a0\u00a0\u00a0\u00a0\u00a0\u00a0\u00a0\u00a0\u00a0\u00a0\u00a0\u00a0\u00a0\u00a0\u00a0\u00a0\u00a0\u00a0\u00a0 x\u00fcsusiyy\u0259tl\u0259ri.GDU, Elmi x\u0259b\u0259rl\u0259r \u21162, 2015.<\/li>\n<\/ul>\n\n\n<p><strong>R\u00fcst\u0259mova \u0130lham\u0259 Saleh q\u0131z\u0131<\/strong> <strong>&#8211; ba\u015f m\u00fc\u0259llim<\/strong><\/p>\n\n\n\n<p>R\u00fcst\u0259mova \u0130lham\u0259 Saleh q\u0131z\u0131<\/p>\n\n\n\n<p>G\u0259nc\u0259 D\u00f6vl\u0259t Universitetinin \u201cPraktik Xarici dill\u0259r\u201d kafedras\u0131n\u0131n ba\u015f m\u00fc\u0259llimi.<\/p>\n\n\n\n<p><strong>QISA B\u0130BL\u0130OQRAF\u0130K M\u018fLUMAT<\/strong><\/p>\n\n\n\n<ul class=\"wp-block-list\">\n<li>28 dekabr 1982-ci ild\u0259 Erm\u0259nistan resp.Vardenis rayonunda anadan olmu\u015fdur.<\/li>\n\n\n\n<li>1989-1999-cu ill\u0259rd\u0259 G\u0259nc\u0259 \u015f\u0259h\u0259r 31-sayl\u0131 orta m\u0259kt\u0259bd\u0259 t\u0259hsil alm\u0131\u015f v\u0259 h\u0259min m\u0259kt\u0259bi bitirmi\u015fdir.<\/li>\n\n\n\n<li>Ail\u0259lidir, bir \u00f6vlad\u0131 var.<\/li>\n<\/ul>\n\n\n\n<p><strong>T\u018fHS\u0130L\u0130,ELM\u0130 D\u018fR\u018fC\u018fS\u0130 V\u018f ELM\u0130 ADI<\/strong><\/p>\n\n\n\n<ul class=\"wp-block-list\">\n<li>2000-2004-c\u00fc ill\u0259rd\u0259 G\u0259nc\u0259 D\u00f6vl\u0259t Universitetinin \u201c \u0130ngilis dili\u201d istiqam\u0259ti \u00fczr\u0259 bakalavr d\u0259r\u0259c\u0259sini f\u0259rql\u0259nm\u0259 diplomu il\u0259 bitirmi\u015fdir.<\/li>\n\n\n\n<li>2004-2006-c\u0131 ill\u0259rd\u0259 G\u0259nc\u0259 D\u00f6vl\u0259t Universitetinin \u201cT\u0259rc\u00fcm\u0259( \u0130ngilis dili)\u201d istiqam\u0259ti \u00fczr\u0259 magistr d\u0259r\u0259c\u0259sini f\u0259rql\u0259nm\u0259 diplomu il\u0259 bitirmi\u015fdir.<\/li>\n\n\n\n<li>4 dekabr 2012-ci il tarixli 3\/252 sayl\u0131 \u0259mril\u0259 f\u0259ls\u0259f\u0259 doktoru proqram\u0131 \u0259sas\u0131nda D\u00fcnya \u0259d\u0259biyyat\u0131-5718.01 ixtisas\u0131 \u00fczr\u0259 dissertant q\u0259bul olunmu\u015fdur.<\/li>\n<\/ul>\n\n\n\n<p><strong>\u018fM\u018fK F\u018fAL\u0130YY\u018fT\u0130<\/strong><\/p>\n\n\n\n<ul class=\"wp-block-list\">\n<li>7 yanvar 2007- ci ild\u0259n G\u0259nc\u0259 D\u00f6vl\u0259t Universitetinin \u201cPraktik Xarici dill\u0259r\u201d kafedras\u0131nda m\u00fc\u0259llim.<\/li>\n\n\n\n<li>2014-c\u00fc ild\u0259n G\u0259nc\u0259 D\u00f6vl\u0259t Universitetinin \u201cPraktik Xarici dill\u0259r\u201d kafedras\u0131nda ba\u015f m\u00fc\u0259llim.<\/li>\n<\/ul>\n\n\n\n<p><strong>T\u018fDQ\u0130QAT SAH\u018fS\u0130<\/strong><\/p>\n\n\n\n<ul class=\"wp-block-list\">\n<li><strong> \u201c<\/strong>\u0130ngilis v\u0259 Az\u0259rbaycan romantizmind\u0259 insan konsepsiyas\u0131<strong>\u201d<\/strong><\/li>\n<\/ul>\n\n\n\n<p><strong>BEYN\u018fLXALQ SEM\u0130NAR,S\u0130MPOZ\u0130UM V\u018f KONFRANSLARDA \u0130\u015eT\u0130RAKI<\/strong><\/p>\n\n\n\n<ul class=\"wp-block-list\">\n<li>\u00dcmummilli lider H.\u018fliyevin anadan olmas\u0131n\u0131n 92-ci ild\u00f6n\u00fcm\u00fcn\u0259 h\u0259sr olunmu\u015f VI Beyn\u0259lxalq elmi konfrans. Bak\u0131,5-7 may, 2015<\/li>\n<\/ul>\n\n\n\n<p><strong>SE\u00c7\u0130LM\u0130\u015e \u018fS\u018fRL\u018fR\u0130<\/strong><\/p>\n\n\n\n<ul class=\"wp-block-list\">\n<li>M\u00fcasir \u0130ngilis dilind\u0259 can, may, must modal fell\u0259ri v\u0259 onlar\u0131n<\/li>\n<\/ul>\n\n\n\n<p>\u0259v\u0259zedicil\u0259ri.GDU,Elmi x\u0259b\u0259rl\u0259r \u21162,2008<\/p>\n\n\n\n<ul class=\"wp-block-list\">\n<li>\u0130nversiyan\u0131n t\u0259rc\u00fcm\u0259d\u0259 ifad\u0259 olunmas\u0131.GDU, Elmi x\u0259b\u0259rl\u0259r \u21162,2010<\/li>\n\n\n\n<li>\u0130ngilis dilinin t\u0259drisind\u0259 Az\u0259rbaycan dili il\u0259 m\u00fcqayis\u0259 m\u0259s\u0259l\u0259si.<\/li>\n<\/ul>\n\n\n\n<p>AMEA,X\u0259b\u0259rl\u0259r m\u0259cmu\u0259si 42, \u201cElm\u201d n\u0259\u015friyyat\u0131,2010.<\/p>\n\n\n\n<ul class=\"wp-block-list\">\n<li>\u0130ngilis dilind\u0259 oxunun t\u0259drisi. GDU,Elmi x\u0259b\u0259rl\u0259r \u21162, 2011.<\/li>\n\n\n\n<li>Abbas S\u0259hh\u0259tin romantik d\u00fcnya g\u00f6r\u00fc\u015f\u00fcn\u00fcn x\u00fcsusiyy\u0259tl\u0259ri. Bak\u0131 Slavyan Universiteti,Humanitar elml\u0259rin \u00f6yr\u0259nilm\u0259sinin aktual probleml\u0259ri \u21161, 2014<\/li>\n\n\n\n<li>\u015eellinin \u201cAzad olunmu\u015f Promotey\u201d \u0259s\u0259ri \u0130ngilis romantizminin t\u0259c\u0259ss\u00fcm\u00fc kimi. Az\u0259rbaycan Dilll\u0259r Universiteti,Dil v\u0259 \u0259d\u0259biyyat \u21162, Bak\u0131 2014<\/li>\n\n\n\n<li>Az\u0259rbaycan romantizmi V\u0259li Osmanl\u0131n\u0131n t\u0259nqidi \u0259s\u0259rl\u0259rind\u0259.\u00dcmummilli lider H.\u018fL\u0130YEV\u0130N anadan olmas\u0131n\u0131n 92-ci ild\u00f6n\u00fcm\u00fcn\u0259 h\u0259sr olunmu\u015f VI Beyn\u0259lxalq elmi konfrans. Bak\u0131 Slavyan Universiteti.Az\u0259rbaycan\u015f\u00fcnasl\u0131\u011f\u0131n aktual probleml\u0259ri.Bak\u0131,2015<\/li>\n\n\n\n<li>Azerbaycan Romantizmi ile ba\u011fl\u0131 Memmed Cafer`in ara\u015ft\u0131rmalar\u0131.T\u00fcrkiy\u0259 Cumhuriyy\u0259ti,2015.<\/li>\n\n\n\n<li>\u0130ngilis romantikl\u0259rinin yarad\u0131c\u0131l\u0131\u011f\u0131nda q\u0259hr\u0259man konsepsiyas\u0131n\u0131n\u00a0\u00a0\u00a0\u00a0\u00a0\u00a0\u00a0\u00a0\u00a0\u00a0\u00a0\u00a0\u00a0\u00a0\u00a0\u00a0\u00a0\u00a0\u00a0\u00a0\u00a0\u00a0\u00a0\u00a0\u00a0\u00a0\u00a0\u00a0\u00a0\u00a0\u00a0\u00a0\u00a0\u00a0\u00a0\u00a0\u00a0\u00a0\u00a0\u00a0\u00a0\u00a0\u00a0\u00a0\u00a0\u00a0 x\u00fcsusiyy\u0259tl\u0259ri.GDU, Elmi x\u0259b\u0259rl\u0259r \u21162, 2015.<\/li>\n<\/ul>\n","protected":false},"excerpt":{"rendered":"<p>\u00a0 R\u00fcst\u0259mova \u0130lham\u0259 Saleh q\u0131z\u0131 G\u0259nc\u0259 D\u00f6vl\u0259t Universitetinin \u201cPraktik Xarici dill\u0259r\u201d kafedras\u0131n\u0131n ba\u015f m\u00fc\u0259llimi. f.f.dok QISA B\u0130BL\u0130OQRAF\u0130K M\u018fLUMAT 28 dekabr 1982-ci ild\u0259 Erm\u0259nistan resp.Vardenis rayonunda anadan olmu\u015fdur. 1989-1999-cu ill\u0259rd\u0259 G\u0259nc\u0259 \u015f\u0259h\u0259r 31-sayl\u0131 orta m\u0259kt\u0259bd\u0259 t\u0259hsil alm\u0131\u015f v\u0259 h\u0259min m\u0259kt\u0259bi bitirmi\u015fdir. Ail\u0259lidir, bir \u00f6vlad\u0131 var. T\u018fHS\u0130L\u0130,ELM\u0130 D\u018fR\u018fC\u018fS\u0130 V\u018f ELM\u0130 ADI 2000-2004-c\u00fc ill\u0259rd\u0259 G\u0259nc\u0259 D\u00f6vl\u0259t Universitetinin \u201c [&hellip;]<\/p>\n","protected":false},"author":4,"featured_media":0,"parent":0,"menu_order":0,"comment_status":"closed","ping_status":"closed","template":"","meta":{"footnotes":""},"categories":[],"tags":[],"class_list":["post-705","page","type-page","status-publish","hentry"],"_links":{"self":[{"href":"http:\/\/xdf.gdu.edu.az\/index.php?rest_route=\/wp\/v2\/pages\/705","targetHints":{"allow":["GET"]}}],"collection":[{"href":"http:\/\/xdf.gdu.edu.az\/index.php?rest_route=\/wp\/v2\/pages"}],"about":[{"href":"http:\/\/xdf.gdu.edu.az\/index.php?rest_route=\/wp\/v2\/types\/page"}],"author":[{"embeddable":true,"href":"http:\/\/xdf.gdu.edu.az\/index.php?rest_route=\/wp\/v2\/users\/4"}],"replies":[{"embeddable":true,"href":"http:\/\/xdf.gdu.edu.az\/index.php?rest_route=%2Fwp%2Fv2%2Fcomments&post=705"}],"version-history":[{"count":6,"href":"http:\/\/xdf.gdu.edu.az\/index.php?rest_route=\/wp\/v2\/pages\/705\/revisions"}],"predecessor-version":[{"id":15742,"href":"http:\/\/xdf.gdu.edu.az\/index.php?rest_route=\/wp\/v2\/pages\/705\/revisions\/15742"}],"wp:attachment":[{"href":"http:\/\/xdf.gdu.edu.az\/index.php?rest_route=%2Fwp%2Fv2%2Fmedia&parent=705"}],"wp:term":[{"taxonomy":"category","embeddable":true,"href":"http:\/\/xdf.gdu.edu.az\/index.php?rest_route=%2Fwp%2Fv2%2Fcategories&post=705"},{"taxonomy":"post_tag","embeddable":true,"href":"http:\/\/xdf.gdu.edu.az\/index.php?rest_route=%2Fwp%2Fv2%2Ftags&post=705"}],"curies":[{"name":"wp","href":"https:\/\/api.w.org\/{rel}","templated":true}]}}