{"id":702,"date":"2016-04-12T05:51:10","date_gmt":"2016-04-12T03:51:10","guid":{"rendered":"http:\/\/xd.gdu.edu.az\/?page_id=702"},"modified":"2016-04-12T05:52:24","modified_gmt":"2016-04-12T03:52:24","slug":"n%c9%99biyeva-samir%c9%99-cingiz-qizi","status":"publish","type":"page","link":"http:\/\/xdf.gdu.edu.az\/?page_id=702","title":{"rendered":"N\u0259biyeva Samir\u0259 \u00c7ingiz q\u0131z\u0131"},"content":{"rendered":"<p><a href=\"http:\/\/xd.gdu.edu.az\/wp-content\/uploads\/2016\/04\/N\u0259biyeva-Samir\u0259.jpg\"><img loading=\"lazy\" decoding=\"async\" class=\"wp-image-703 size-medium alignright\" src=\"http:\/\/xd.gdu.edu.az\/wp-content\/uploads\/2016\/04\/N\u0259biyeva-Samir\u0259-240x300.jpg\" alt=\"N\u0259biyeva Samir\u0259 \u00c7ingiz q\u0131z\u0131\" width=\"240\" height=\"300\" srcset=\"http:\/\/xdf.gdu.edu.az\/wp-content\/uploads\/2016\/04\/N\u0259biyeva-Samir\u0259-240x300.jpg 240w, http:\/\/xdf.gdu.edu.az\/wp-content\/uploads\/2016\/04\/N\u0259biyeva-Samir\u0259.jpg 472w\" sizes=\"auto, (max-width: 240px) 100vw, 240px\" \/><\/a><\/p>\n<p><strong>N\u0259biyeva Samir\u0259<\/strong> <strong>\u00c7ingiz q\u0131z\u0131<\/strong><strong>\u2013ba\u015f m\u00fc\u0259llim<\/strong><\/p>\n<p>N\u0259biyeva Samir\u0259 \u00c7ingiz q\u0131z\u0131<\/p>\n<p>G\u0259nc\u0259 D\u00f6vl\u0259t Universitetinin \u201cPraktik Xarici Dill\u0259r \u201c kafedras\u0131n\u0131n \u00a0ba\u015f m\u00fc\u0259llimi<\/p>\n<p><strong>\u00a0<\/strong><\/p>\n<p><strong>QISA B\u0130BL\u0130OQRAF\u0130K M\u018fLUMAT <\/strong><\/p>\n<p><strong>\u00a0<\/strong><\/p>\n<ul>\n<li>1984 -c\u00fc il 28 iyun G\u0259nc\u0259 \u015f\u0259h\u0259rind\u0259 anadan olmu\u015fdur.<\/li>\n<li>1990 &#8211; 2000 -ci ill\u0259rd\u0259 G\u0259nc\u0259 \u015f\u0259h\u0259ri 24 sayl\u0131 orta m\u0259kt\u0259bd\u0259 t\u0259hsil alm\u0131\u015f v\u0259 h\u0259min m\u0259kt\u0259bi bitirmi\u015fdir.<\/li>\n<li>Ail\u0259lidir.<\/li>\n<\/ul>\n<p><strong>T\u018fHS\u0130L\u0130, ELM\u0130 D\u018fR\u018fC\u018fS\u0130 V\u018f ELM\u0130 ADI <\/strong><\/p>\n<ul>\n<li>2000 -2004 -c\u00fc ill\u0259rd\u0259 G\u0259nc\u0259 \u015f\u0259h\u0259ri \u201c G\u0259nc\u0259 D\u00f6vl\u0259t Universiteti\u201d nin Xarici dill\u0259r fakult\u0259sinin \u201c \u0130ngilis dili\u201d ixtisas\u0131\u00a0 \u00fczr\u0259 bakalav\u0131r\u00a0 d\u0259r\u0259c\u0259si alm\u0131\u015fd\u0131r.<\/li>\n<li>2004- 2006 &#8211; c\u0131 ill\u0259rd\u0259 G\u0259nc\u0259 \u015f\u0259h\u0259ri \u201cG\u0259nc\u0259 D\u00f6vl\u0259t Universiteti\u201d nin \u201cT\u0259rc\u00fcm\u0259 n\u0259z\u0259riyy\u0259si v\u0259 dill\u0259r aras\u0131 \u0259laq\u0259\u201d istiqam\u0259ti\u00a0 \u00fczr\u0259\u00a0 magistr d\u0259r\u0259c\u0259sini f\u0259rql\u0259nm\u0259 diplomu il\u0259 bitirmi\u015fdir.<\/li>\n<li>01.2013-c\u00fc il tarixli 3\/14 sayl\u0131 \u0259mirl\u0259 f\u0259ls\u0259f\u0259 doktoru proqram\u0131 \u0259sas\u0131nda G\u0259nc\u0259 D\u00f6vl\u0259t Universitetinin\u00a0 \u201cAz\u0259rbaycan dili\u201d\u00a0 ixtisas\u0131 \u00fczr\u0259 dissertant q\u0259bul olunmu\u015fdur.<\/li>\n<\/ul>\n<p><strong>\u00a0<\/strong><\/p>\n<p><strong>\u018fM\u018fK\u00a0 F\u018fAL\u0130YY\u018fT\u0130<\/strong><\/p>\n<p>&nbsp;<\/p>\n<ul>\n<li>2006-2008- ci ill\u0259rd\u0259 \u201cZirv\u0259\u201d MMC haz\u0131rl\u0131q kurslar\u0131nda ingilis dili m\u00fc\u0259llimi v\u0259zif\u0259sind\u0259 \u00e7al\u0131\u015fm\u0131\u015fam.<\/li>\n<li>2012-ci ild\u0259n G\u0259nc\u0259 D\u00f6vl\u0259t Universitetinin \u201cPraktik Xarici Dill\u0259r\u201d kafedras\u0131nda\u00a0 m\u00fc\u0259llim .<\/li>\n<\/ul>\n<p><strong>T\u018fDQ\u0130QAT SAH\u018fS\u0130 <\/strong><\/p>\n<ul>\n<li>\u201cAz\u0259rbaycan v\u0259 \u0130ngilis dilind\u0259 Frazeoloji birl\u0259\u015fm\u0259l\u0259r\u201d<\/li>\n<\/ul>\n<p><strong>\u00a0<\/strong><\/p>\n<p><strong>SE\u00c7\u0130LM\u0130\u015e \u018fS\u018fRL\u018fR\u0130 <\/strong><\/p>\n<p>&nbsp;<\/p>\n<ol>\n<li>\u201c\u0130nversiyan\u0131n t\u0259rc\u00fcm\u0259d\u0259 ifad\u0259 olunmas\u0131.\u201d Elmi x\u0259b\u0259rl\u0259r \u21162,G\u0259nc\u0259 D\u00f6vl\u0259t Universiteti,2010<\/li>\n<li>\u201c\u0130ngilis dilinin t\u0259drisind\u0259 Az\u0259r-baycan dili il\u0259 m\u00fcqayis\u0259 m\u0259s\u0259l\u0259si.\u201d Elmi X\u0259b\u0259rl\u0259r m\u0259cmu\u0259si 42, \u201cElm\u201d n\u0259\u015friyyat\u0131, G\u0259nc\u0259 D\u00f6vl\u0259t Universiteti, 2010<\/li>\n<li>\u201cAz\u0259rbaycan dilind\u0259ki kontrastiv semantikal\u0131 frazeoloji vahidl\u0259rin linqvokultroloji aspektd\u0259n t\u0259dqiqin\u0259 dair\u201d Az\u0259rbaycan Dill\u0259r Universiteti, Elmi x\u0259b\u0259rl\u0259r, Bak\u0131 2013<\/li>\n<li>\u201c\u0130ngilis dilind\u0259ki kontrastiv semantikal\u0131 frazeoloji vahidl\u0259rin linqvokultroloji amil\u0259 istinad\u201d Az\u0259rbaycan Dill\u0259r Universiteti, Bak\u0131 2013, \u00dcmummilli lider H. \u018fliyevin anadan olmas\u0131n\u0131n 90 illiyin\u0259 h\u0259sr olunmu\u015f \u201cXarici Dill\u0259rin T\u0259drisinin aktual probleml\u0259ri\u201d<\/li>\n<li>\u201cZaman konseptin\u0259 daxil olan kontrastiv semantikal\u0131 frazeoloji vahidl\u0259r\u201d Az\u0259rbaycan Dill\u0259r Universiteti, Elmi x\u0259b\u0259rl\u0259r, Bak\u0131 2014<\/li>\n<li>\u201cKontrastiv semantikal\u0131 frazelogizml\u0259rd\u0259 x\u00fcsusi n\u00f6v morfinl\u0259rin struktur semantik rolu haqq\u0131nda.\u201d Az\u0259rbaycan Dill\u0259r Universiteti, Elmi x\u0259b\u0259rl\u0259r, Bak\u0131 2014<\/li>\n<li>\u201cKontrastiv h\u0259lli frazeologizml\u0259r \u2013 d\u00fcnyan\u0131n dil m\u0259nz\u0259r\u0259sinin antinomiyalar\u0131n\u0131n ifad\u0259\u00e7isi kimi\u201d. Az\u0259rbaycan Dill\u0259r Universiteti Bak\u0131 2014\u00a0 XXI \u0259sr m\u0259d\u0259ni paradiqmas\u0131 multim\u0259d\u0259ni aspektd\u0259. Respublika elmi praktiki konfrans<\/li>\n<li>\u201cM\u00fcasir Az\u0259rbaycan dilind\u0259 gender f\u0259rql\u0259ndirm\u0259sin\u0259 \u0259saslanan kontrastiv semantikal\u0131 frazeoloji vahidl\u0259r\u201d Bak\u0131 Slavyan Universiteti. Bak\u0131 Slavyan\u00a0\u00a0\u00a0\u00a0\u00a0\u00a0 Universiteti \u00dcmummilli lider H. \u018fliyevin anadan olmas\u0131n\u0131n 91 illiyin\u0259 h\u0259sr olunmu\u015f \u201cAz\u0259rbaycan\u015f\u00fcnasl\u0131\u011f\u0131n aktual probleml\u0259ri\u201d V Beyn\u0259lxalq elmi konfrans Bak\u0131 2014<\/li>\n<li>\u201cAz\u0259rbaycan dilind\u0259 qastranomik xarakterli qar\u015f\u0131la\u015fd\u0131rmalara istinad ed\u0259n\u201d kontrastiv semantikal\u0131 frazelogizml\u0259r\u201d Az\u0259rbaycan Dill\u0259r Universiteti, Elmi x\u0259b\u0259rl\u0259r, Bak\u0131 2014<\/li>\n<li>\u201cKontradiktor antonim komponentli kontrastiv semantikal\u0131 frazeoloji vahidl\u0259r.\u201d Az\u0259rbaycan Dill\u0259r Universiteti, Elmi x\u0259b\u0259rl\u0259r, Bak\u0131 2014<\/li>\n<li>\u201cZoonim komponentli frazeologizml\u0259rin kontrastiv semantikan\u0131n ifad\u0259sin\u0259 g\u00f6r\u0259 m\u0259na qrupla\u015fd\u0131r\u0131lmas\u0131 haqq\u0131nda.\u201d Az\u0259rbaycan Dill\u0259r Universiteti, Elmi x\u0259b\u0259rl\u0259r, Bak\u0131 2014<\/li>\n<li>\u201cAz\u0259rbaycan dilind\u0259ki dini m\u0259zmuna malik kontrastiv semantikal\u0131 frazeloji vahidl\u0259r.\u201d Az\u0259rbaycan Dill\u0259r Universiteti, Elmi x\u0259b\u0259rl\u0259r, Bak\u0131 2014<\/li>\n<li>F\u0259rqli zoonim personajlar\u0131n\u0131n qar\u015f\u0131la\u015fd\u0131r\u0131lmas\u0131na \u0259saslanan kontrastiv semantikal\u0131 frazeoloji vahidl\u0259r haqq\u0131nda.\u201d Az\u0259rbaycan Dill\u0259r Universiteti, Elmi x\u0259b\u0259rl\u0259r, Bak\u0131 2014<\/li>\n<li>Az\u0259rbaycan dilind\u0259 \u201cAil\u0259\u201d konseptin\u0259 daxil olan kontrastiv semantikal\u0131 frazeloji vahidl\u0259rin leksik sematik x\u00fcsusiyy\u0259tl\u0259ri. Az\u0259rbaycan Dill\u0259r Universiteti, Elmi x\u0259b\u0259rl\u0259r, Bak\u0131 2014<\/li>\n<li>\u201c\u0130ngilis dili frazeologizml\u0259rinin Az\u0259rbaycan dilin\u0259 t\u0259rc\u00fcm\u0259si.\u201d Elmi X\u0259b\u0259rl\u0259r m\u0259cmu\u0259si, \u201cElm\u201d n\u0259\u015friyyat\u0131, G\u0259nc\u0259 D\u00f6vl\u0259t Universiteti, 2014<\/li>\n<li>\u201cH\u00fcseyn Cavid \u0259s\u0259rl\u0259rin dilind\u0259 kostrastiv semantikas\u0131n\u0131n ifad\u0259si (frazeoloji vahidl\u0259r \u0259sas\u0131nda) Az\u0259rbaycan Dill\u0259r Universiteti, Elmi x\u0259b\u0259rl\u0259r, Bak\u0131 2015<\/li>\n<\/ol>\n<p>&nbsp;<\/p>\n<p><strong>F\u018fNN\u00a0 PROQRAMI<\/strong><\/p>\n<ul>\n<li>\u201c \u0130ngilis dili\u201d ali m\u0259kt\u0259bl\u0259rin bakalavr pill\u0259si \u00fc\u00e7\u00fcn f\u0259nn proqram\u0131<\/li>\n<\/ul>\n<p>&nbsp;<\/p>\n","protected":false},"excerpt":{"rendered":"<p>N\u0259biyeva Samir\u0259 \u00c7ingiz q\u0131z\u0131\u2013ba\u015f m\u00fc\u0259llim N\u0259biyeva Samir\u0259 \u00c7ingiz q\u0131z\u0131 G\u0259nc\u0259 D\u00f6vl\u0259t Universitetinin \u201cPraktik Xarici Dill\u0259r \u201c kafedras\u0131n\u0131n \u00a0ba\u015f m\u00fc\u0259llimi \u00a0 QISA B\u0130BL\u0130OQRAF\u0130K M\u018fLUMAT \u00a0 1984 -c\u00fc il 28 iyun G\u0259nc\u0259 \u015f\u0259h\u0259rind\u0259 anadan olmu\u015fdur. 1990 &#8211; 2000 -ci ill\u0259rd\u0259 G\u0259nc\u0259 \u015f\u0259h\u0259ri 24 sayl\u0131 orta m\u0259kt\u0259bd\u0259 t\u0259hsil alm\u0131\u015f v\u0259 h\u0259min m\u0259kt\u0259bi bitirmi\u015fdir. Ail\u0259lidir. T\u018fHS\u0130L\u0130, ELM\u0130 D\u018fR\u018fC\u018fS\u0130 V\u018f [&hellip;]<\/p>\n","protected":false},"author":4,"featured_media":0,"parent":0,"menu_order":0,"comment_status":"closed","ping_status":"closed","template":"","meta":{"footnotes":""},"categories":[],"tags":[],"class_list":["post-702","page","type-page","status-publish","hentry"],"_links":{"self":[{"href":"http:\/\/xdf.gdu.edu.az\/index.php?rest_route=\/wp\/v2\/pages\/702","targetHints":{"allow":["GET"]}}],"collection":[{"href":"http:\/\/xdf.gdu.edu.az\/index.php?rest_route=\/wp\/v2\/pages"}],"about":[{"href":"http:\/\/xdf.gdu.edu.az\/index.php?rest_route=\/wp\/v2\/types\/page"}],"author":[{"embeddable":true,"href":"http:\/\/xdf.gdu.edu.az\/index.php?rest_route=\/wp\/v2\/users\/4"}],"replies":[{"embeddable":true,"href":"http:\/\/xdf.gdu.edu.az\/index.php?rest_route=%2Fwp%2Fv2%2Fcomments&post=702"}],"version-history":[{"count":1,"href":"http:\/\/xdf.gdu.edu.az\/index.php?rest_route=\/wp\/v2\/pages\/702\/revisions"}],"predecessor-version":[{"id":704,"href":"http:\/\/xdf.gdu.edu.az\/index.php?rest_route=\/wp\/v2\/pages\/702\/revisions\/704"}],"wp:attachment":[{"href":"http:\/\/xdf.gdu.edu.az\/index.php?rest_route=%2Fwp%2Fv2%2Fmedia&parent=702"}],"wp:term":[{"taxonomy":"category","embeddable":true,"href":"http:\/\/xdf.gdu.edu.az\/index.php?rest_route=%2Fwp%2Fv2%2Fcategories&post=702"},{"taxonomy":"post_tag","embeddable":true,"href":"http:\/\/xdf.gdu.edu.az\/index.php?rest_route=%2Fwp%2Fv2%2Ftags&post=702"}],"curies":[{"name":"wp","href":"https:\/\/api.w.org\/{rel}","templated":true}]}}