{"id":686,"date":"2016-04-12T05:34:38","date_gmt":"2016-04-12T03:34:38","guid":{"rendered":"http:\/\/xd.gdu.edu.az\/?page_id=686"},"modified":"2016-04-12T05:35:03","modified_gmt":"2016-04-12T03:35:03","slug":"n%c9%99c%c9%99fova-sentaura-m%c9%99h%c9%99bb%c9%99t-qizi","status":"publish","type":"page","link":"http:\/\/xdf.gdu.edu.az\/?page_id=686","title":{"rendered":"N\u0259c\u0259fova Sentaura M\u0259h\u0259bb\u0259t q\u0131z\u0131"},"content":{"rendered":"<p><a href=\"http:\/\/xd.gdu.edu.az\/wp-content\/uploads\/2016\/04\/N\u0259c\u0259fova-Sentaura.jpg\"><img loading=\"lazy\" decoding=\"async\" class=\"wp-image-687 size-medium alignright\" src=\"http:\/\/xd.gdu.edu.az\/wp-content\/uploads\/2016\/04\/N\u0259c\u0259fova-Sentaura-240x300.jpg\" alt=\"N\u0259c\u0259fova Sentaura M\u0259h\u0259bb\u0259t q\u0131z\u0131\" width=\"240\" height=\"300\" srcset=\"http:\/\/xdf.gdu.edu.az\/wp-content\/uploads\/2016\/04\/N\u0259c\u0259fova-Sentaura-240x300.jpg 240w, http:\/\/xdf.gdu.edu.az\/wp-content\/uploads\/2016\/04\/N\u0259c\u0259fova-Sentaura.jpg 472w\" sizes=\"auto, (max-width: 240px) 100vw, 240px\" \/><\/a><\/p>\n<p><strong>N\u0259c\u0259fova Sentaura M\u0259h\u0259bb\u0259t<\/strong><strong> q\u0131z\u0131 &#8211; <\/strong><strong>ba\u015f m\u00fc\u0259llim<\/strong><\/p>\n<p>&nbsp;<\/p>\n<p>G\u0259nc\u0259 D\u00f6vl\u0259t Universitetinin \u201cPraktik Xarici Dill\u0259r \u201c kafedras\u0131n\u0131n \u00a0ba\u015f m\u00fc\u0259llimi<\/p>\n<p><strong>QISA B\u0130OQRAF\u0130K M\u018fLUMAT <\/strong><\/p>\n<p><strong>\u00a0<\/strong><\/p>\n<ul>\n<li>1955 -ci il 11 sentyabrda G\u0259nc\u0259 \u015f\u0259h\u0259rind\u0259 anadan olmu\u015fdur.<\/li>\n<li>1962-1972-ci ill\u0259rd\u0259 G\u0259nc\u0259 \u015f\u0259h\u0259ri M.\u018f. Sabir ad\u0131na 5 sayl\u0131 orta m\u0259kt\u0259bd\u0259 t\u0259hsil alm\u0131\u015f v\u0259 h\u0259min m\u0259kt\u0259bi bitirmi\u015fdir.<\/li>\n<li>\u0130ki \u00f6vlad\u0131 var.<\/li>\n<\/ul>\n<p><strong>T\u018fHS\u0130L\u0130, ELM\u0130 D\u018fR\u018fC\u018fS\u0130 V\u018f ELM\u0130 ADI <\/strong><\/p>\n<ul>\n<li>1972-1977 -ci ill\u0259rd\u0259 Bak\u0131 \u015f\u0259h\u0259ri M . Kirov ad\u0131na \u201c Az\u0259rbaycan D\u00f6vl\u0259t Universiteti\u201d nin\u00a0 \u201c\u015e\u0259rq\u015funasl\u0131q\u201d \u00a0fak\u00fclt\u0259sinin \u201c Fars dili\u201d ixtisas\u0131\u00a0 \u00fczr\u0259 ali t\u0259hsil \u00a0alm\u0131\u015fd\u0131r.<\/li>\n<\/ul>\n<p><strong>\u00a0<\/strong><\/p>\n<p><strong>\u018fM\u018fK\u00a0 F\u018fAL\u0130YY\u018fT\u0130<\/strong><\/p>\n<p>&nbsp;<\/p>\n<ul>\n<li>1982-1996 &#8211; c\u0131 ill\u0259rd\u0259 orta m\u0259kt\u0259bd\u0259 m\u00fc\u0259llim.<\/li>\n<li>1996 \u2013c\u0131 ild\u0259n G\u0259nc\u0259 D\u00f6vl\u0259t Universitetinin \u201cPraktik Xarici Dill\u0259r\u201d kafedras\u0131nda ba\u015f m\u00fc\u0259llim .<\/li>\n<\/ul>\n<p><strong>\u00a0<\/strong><\/p>\n<p><strong>SE\u00c7\u0130LM\u0130\u015e \u018fS\u018fRL\u018fR\u0130 <\/strong><\/p>\n<p>&nbsp;<\/p>\n<ol>\n<li>Fars dili \u0259d\u0259biyyat\u0131n\u0131n d\u00fcnyada m\u00f6vqeyi. GDU , Elmi X\u0259b\u0259rl\u0259r G\u0259nc\u0259<\/li>\n<li>Az\u0259rbaycan \u015fer d\u00fcnyas\u0131n\u0131n dahisi Fars \u0259d\u0259biyyat\u0131n\u0131n incisi P\u0259rvin Ehtisami. GDU, Elmi X\u0259b\u0259rl\u0259r G\u0259nc\u0259<\/li>\n<li>XX \u0259srin Fars \u0259d\u0259biyyat\u0131 GDU, Elmi X\u0259b\u0259rl\u0259r G\u0259nc\u0259<\/li>\n<li>Fars dilind\u0259 vur\u011funun funksiyas\u0131 .GDU, Elmi X\u0259b\u0259rl\u0259r G\u0259nc\u0259<\/li>\n<li>Fars dili v\u0259 \u0259d\u0259biyyat\u0131n\u0131n d\u00fcnyadak\u0131 yeri .GDU, Elmi X\u0259b\u0259rl\u0259r G\u0259nc\u0259<\/li>\n<\/ol>\n<p>&nbsp;<\/p>\n","protected":false},"excerpt":{"rendered":"<p>N\u0259c\u0259fova Sentaura M\u0259h\u0259bb\u0259t q\u0131z\u0131 &#8211; ba\u015f m\u00fc\u0259llim &nbsp; G\u0259nc\u0259 D\u00f6vl\u0259t Universitetinin \u201cPraktik Xarici Dill\u0259r \u201c kafedras\u0131n\u0131n \u00a0ba\u015f m\u00fc\u0259llimi QISA B\u0130OQRAF\u0130K M\u018fLUMAT \u00a0 1955 -ci il 11 sentyabrda G\u0259nc\u0259 \u015f\u0259h\u0259rind\u0259 anadan olmu\u015fdur. 1962-1972-ci ill\u0259rd\u0259 G\u0259nc\u0259 \u015f\u0259h\u0259ri M.\u018f. Sabir ad\u0131na 5 sayl\u0131 orta m\u0259kt\u0259bd\u0259 t\u0259hsil alm\u0131\u015f v\u0259 h\u0259min m\u0259kt\u0259bi bitirmi\u015fdir. \u0130ki \u00f6vlad\u0131 var. T\u018fHS\u0130L\u0130, ELM\u0130 D\u018fR\u018fC\u018fS\u0130 V\u018f [&hellip;]<\/p>\n","protected":false},"author":4,"featured_media":0,"parent":0,"menu_order":0,"comment_status":"closed","ping_status":"closed","template":"","meta":{"footnotes":""},"categories":[],"tags":[],"class_list":["post-686","page","type-page","status-publish","hentry"],"_links":{"self":[{"href":"http:\/\/xdf.gdu.edu.az\/index.php?rest_route=\/wp\/v2\/pages\/686","targetHints":{"allow":["GET"]}}],"collection":[{"href":"http:\/\/xdf.gdu.edu.az\/index.php?rest_route=\/wp\/v2\/pages"}],"about":[{"href":"http:\/\/xdf.gdu.edu.az\/index.php?rest_route=\/wp\/v2\/types\/page"}],"author":[{"embeddable":true,"href":"http:\/\/xdf.gdu.edu.az\/index.php?rest_route=\/wp\/v2\/users\/4"}],"replies":[{"embeddable":true,"href":"http:\/\/xdf.gdu.edu.az\/index.php?rest_route=%2Fwp%2Fv2%2Fcomments&post=686"}],"version-history":[{"count":2,"href":"http:\/\/xdf.gdu.edu.az\/index.php?rest_route=\/wp\/v2\/pages\/686\/revisions"}],"predecessor-version":[{"id":12041,"href":"http:\/\/xdf.gdu.edu.az\/index.php?rest_route=\/wp\/v2\/pages\/686\/revisions\/12041"}],"wp:attachment":[{"href":"http:\/\/xdf.gdu.edu.az\/index.php?rest_route=%2Fwp%2Fv2%2Fmedia&parent=686"}],"wp:term":[{"taxonomy":"category","embeddable":true,"href":"http:\/\/xdf.gdu.edu.az\/index.php?rest_route=%2Fwp%2Fv2%2Fcategories&post=686"},{"taxonomy":"post_tag","embeddable":true,"href":"http:\/\/xdf.gdu.edu.az\/index.php?rest_route=%2Fwp%2Fv2%2Ftags&post=686"}],"curies":[{"name":"wp","href":"https:\/\/api.w.org\/{rel}","templated":true}]}}