{"id":670,"date":"2016-04-12T05:19:09","date_gmt":"2016-04-12T03:19:09","guid":{"rendered":"http:\/\/xd.gdu.edu.az\/?page_id=670"},"modified":"2023-05-19T07:46:26","modified_gmt":"2023-05-19T05:46:26","slug":"670-2","status":"publish","type":"page","link":"http:\/\/xdf.gdu.edu.az\/?page_id=670","title":{"rendered":"\u018fliyeva Zahir\u0259 M\u0259\u015f\u0259di \u018fl\u0259kb\u0259r q\u0131z\u0131"},"content":{"rendered":"\n<div class=\"wp-block-image\"><figure class=\"aligncenter size-large is-resized\"><img loading=\"lazy\" decoding=\"async\" src=\"http:\/\/xdf.gdu.edu.az\/wp-content\/uploads\/2023\/05\/3.jpg\" alt=\"\" class=\"wp-image-12007\" width=\"227\" height=\"274\"\/><\/figure><\/div>\n\n\n<ol>\n<li><span style=\"color: #000000;\"><strong> Dos. \u018fliyeva Zahir\u0259 M\u0259\u015f\u0259di\u0259l\u0259kb\u0259r q.<\/strong><\/span><\/li>\n<\/ol>\n<p><span style=\"color: #000000;\"><strong>\u00a0<\/strong><\/span><\/p>\n<p><span style=\"color: #000000;\"><strong>V\u0259zif\u0259si:<\/strong>\u00a0 Praktik Xarici dill\u0259r kafedras\u0131n\u0131n m\u00fcdiri<\/span><\/p>\n<p><span style=\"color: #000000;\"><strong>Telefon:<\/strong>\u00a0\u00a0 050 633 45 71<\/span><\/p>\n<p><span style=\"color: #000000;\"><strong>Email:\u00a0\u00a0 <\/strong>zahireeliyeva57@gmail.com<\/span><\/p>\n<p><span style=\"color: #000000;\"><strong>QISA B\u0130OQRAF\u0130K M\u018fLUMAT<\/strong><\/span><\/p>\n<p><span style=\"color: #000000;\">1957-ci ild\u0259 G\u0259nc\u0259 \u015f\u0259h\u0259rind\u0259 anadan olmu\u015fdur.<\/span><\/p>\n<p><span style=\"color: #000000;\">1964-1974-c\u00fc ill\u0259rd\u0259 G\u0259nc\u0259 \u015f\u0259h\u0259ri M\u0259h\u0259mm\u0259d F\u00fczuli ad\u0131na tam orta 22 sayl\u0131 m\u0259kt\u0259bi bitirmi\u015fdir.<\/span><\/p>\n<p><span style=\"color: #000000;\"><strong>T\u018fHS\u0130L\u0130, ELM\u0130 D\u018fR\u018fC\u018fS\u0130 V\u018f ELM\u0130 ADI<\/strong><\/span><\/p>\n<p><span style=\"color: #000000;\">1975-1980-ci ild\u0259 SSR\u0130-nin 50 illiyi ad\u0131na Az\u0259rbaycan Pedaqoji Xarici dill\u0259r institutunun \u0130ngilis dili ixtisas\u0131 \u00fczr\u0259 tam kursu bitirmi\u015fdir.<\/span><\/p>\n<p><span style=\"color: #000000;\">2004-c\u00fc ild\u0259 Az\u0259rbaycan Dill\u0259r Universitetinin \u00dcmumi Dil\u00e7ilik kafedras\u0131n\u0131n dissertant olmu\u015fdur.<\/span><\/p>\n<p><span style=\"color: #000000;\">2010-cu ild\u0259 Filologiya \u00fczr\u0259 F\u0259ls\u0259f\u0259 Doktoru elmi d\u0259r\u0259c\u0259si verilmi\u015fdir.<\/span><\/p>\n<p><span style=\"color: #000000;\">2013-c\u00fc ild\u0259 Praktik Xarici dill\u0259r kafedras\u0131 \u00fczr\u0259 Dosent elmi ad\u0131 verilmi\u015fdir.<\/span><\/p>\n<p><span style=\"color: #000000;\"><strong>\u018fM\u018fK F\u018fAL\u0130YY\u018fT\u0130<\/strong><\/span><\/p>\n<p><span style=\"color: #000000;\">1980 \u2013 1984-c\u00fc ill\u0259rd\u0259 H.Z\u0259rdabi ad\u0131na KDP\u0130-nin Xarici Dill\u0259r kafedras\u0131nda laborant v\u0259zif\u0259sind\u0259 i\u015fl\u0259mi\u015fdir.<\/span><\/p>\n<p><span style=\"color: #000000;\">1984-1998-ci ild\u0259d\u0259k G\u0259nc\u0259 \u015f\u0259h\u0259r M.Sabir ad\u0131na 5 sayl\u0131 orta m\u0259kt\u0259bd\u0259 \u0130ngilis dili m\u00fc\u0259llimi v\u0259zif\u0259sind\u0259 \u00e7al\u0131\u015fm\u0131\u015fd\u0131r.<\/span><\/p>\n<p><span style=\"color: #000000;\">1998-ci ild\u0259n hal haz\u0131rad\u0259k G\u0259nc\u0259 D\u00f6vl\u0259t Universtitetinin Xarici dill\u0259r fak\u00fclt\u0259sinin Praktik Xarici dill\u0259r kafedras\u0131nda \u00e7al\u0131\u015f\u0131r.<\/span><\/p>\n<p><span style=\"color: #000000;\">2013-c\u00fc ild\u0259n hal haz\u0131rad\u0259k Praktik Xarici dill\u0259r kafedras\u0131nda m\u00fcdir v\u0259zif\u0259sind\u0259 \u00e7al\u0131\u015f\u0131r.<\/span><\/p>\n<p><span style=\"color: #000000;\">2011- ci ild\u0259n 2013 il\u0259 q\u0259d\u0259r G\u0259nc\u0259 D\u00f6vl\u0259t Universitetinin Praktik Xarici dill\u0259r kafedras\u0131nda dosent \u0259v\u0259zi, 2013 \u2013 c\u00fc ild\u0259n dosent v\u0259zif\u0259sind\u0259 \u00e7al\u0131\u015f\u0131ram.<\/span><\/p>\n<ul>\n<li><span style=\"color: #000000;\"><strong>T\u0259ltifl\u0259r:<\/strong> Qabaqc\u0131l t\u0259hsil i\u015f\u00e7isi.<\/span><\/li>\n<li><span style=\"color: #000000;\">G\u0259nc\u0259 D\u00f6vl\u0259t Universitetin 80 illik yubileyi m\u00fcnasib\u0259ti il\u0259 06.noyabr 2018-ci il tarixli 2\/158 sayl\u0131 \u0259mri il\u0259 t\u0259ltif olunmu\u015fam.<\/span><\/li>\n<li><span style=\"color: #000000;\">T\u0259hsil nazirliyi G\u0259nc\u0259 D\u00f6vl\u0259t Universiteti F\u0259xri F\u0259rman Universitetd\u0259 uzun m\u00fcdd\u0259tli q\u00fcsursuz f\u0259aliyy\u0259tin\u0259 g\u00f6r\u0259 t\u0259ltif edilmi\u015fdir.<\/span><\/li>\n<\/ul>\n<p><span style=\"color: #000000;\">\u00a0<strong>T\u018fDQ\u0130QAT SAH\u018fS\u0130<\/strong><\/span><\/p>\n<p><span style=\"color: #000000;\">\u201c\u0130ngilis v\u0259 Az\u0259rbaycan dill\u0259rind\u0259 Telekommnikasiya terminl\u0259rinin struktur-semantik x\u00fcsusiyy\u0259tl\u0259ri\u201d adl\u0131 namiz\u0259dlik dissertasiyas\u0131 m\u00fcdafi\u0259 ed\u0259r\u0259k 12 yanvar 2010 cu il tarixli (protokol \u00b9 02 q\u0259rar\u0131 il\u0259 filologiya \u00fczr\u0259 f\u0259ls\u0259f\u0259 doktoru elmi d\u0259r\u0259c\u0259si alm\u0131\u015fam).<\/span><\/p>\n<p><span style=\"color: #000000;\"><strong>BEYN\u018fLXALQ SEM\u0130NAR, S\u0130MPOZ\u0130UM V\u018f KONFRANSLARDA \u0130\u015eT\u0130RAKI<\/strong><\/span><\/p>\n<p><span style=\"color: #000000;\">2011-ci ild\u0259 Rusiya Federasiyas\u0131n\u0131n Elm Nazirliyi, Belgorod D\u00f6vl\u0259t Universitetind\u0259 ke\u00e7iril\u0259n elmi konfrasda i\u015ftirak etmi\u015fdir.<\/span><\/p>\n<p><span style=\"color: #000000;\">2014-c\u00fc ild\u0259 Turkiy\u0259 Respublikas\u0131n\u0131n N\u0130\u011eDE universitind\u0259 elmi m\u0259qal\u0259 il\u0259 \u00e7\u0131x\u0131\u015f etmi\u015fdir.<\/span><\/p>\n<p><span style=\"color: #000000;\">2014-c\u00fc ild\u0259 Pol\u015fa Respublikas\u0131n\u0131n Lodz \u015f\u0259h\u0259rind\u0259 <strong>\u201cCLARK \u00a0University and university of\u00a0 Social Sciences master-degree proqrams\u201d <\/strong>\u00a0ixtisas art\u0131rma kursunda i\u015ftirak etmi\u015f\u0259m.<\/span><\/p>\n<p><span style=\"color: #000000;\"><strong>SE\u00c7\u0130LM\u0130\u015e \u018fS\u018fRL\u018fR\u0130<\/strong><\/span><\/p>\n<ol>\n<li><span style=\"color: #000000;\">Az\u0259rbaycanca-ingilisc\u0259 rusca telekommunikasiya terminl\u0259ri \u2013 l\u00fc\u011f\u0259t. Az\u0259rbaycan Respublikas\u0131 T\u0259hsil Nazirliyi G\u0259nc\u0259 D\u00f6vl\u0259t Universiteti G\u0259nc\u0259 &#8211; 2014<\/span><\/li>\n<li><span style=\"color: #000000;\">\u0130ngilis dili . Ali m\u0259kt\u0259bl\u0259rin Magistr pill\u0259si \u00fc\u00e7\u00fcn proqram.<\/span><\/li>\n<li><span style=\"color: #000000;\">\u0130ngilis dili . Ali m\u0259kt\u0259bl\u0259rin qeyri ixtisas magistr pill\u0259si \u00fc\u00e7\u00fcn d\u0259rs v\u0259saiti. G\u0259nc\u0259 2016<\/span><\/li>\n<li><span style=\"color: #000000;\">M\u00fcxt\u0259lif sistemli dill\u0259rd\u0259 telekommunikasiya terminl\u0259rinin linqvistik t\u0259hlili. <em>Monoqrafiya.<\/em> Elm v\u0259 t\u0259hsil. Bak\u0131 2018<\/span><\/li>\n<li><span style=\"color: #000000;\">Ali m\u0259kt\u0259bl\u0259rin qiyabi \u015f\u00f6b\u0259si \u00fc\u00e7\u00fcn proqram. G\u0259nc\u0259 2018<\/span><\/li>\n<li><span style=\"color: #000000;\">\u201cEnglish\u201d Ali m\u0259kt\u0259bl\u0259rin qiyabi \u015f\u00f6b\u0259si \u00fc\u00e7\u00fcn <em>d\u0259rs v\u0259saiti.<\/em> G\u0259nc\u0259 2018<\/span><\/li>\n<li><span style=\"color: #000000;\">Ibtidai sinif m\u00fc\u0259llimliyi ixtisas\u0131 xarici dil ( ingilis dili) <em>proqram.<\/em> G\u0259nc\u0259 2019<\/span><\/li>\n<li><span style=\"color: #000000;\">\u201cBusiness and Academic Communication\u201d adl\u0131 d\u0259rs v\u0259saiti \u2013Bak\u0131 2021.<\/span><\/li>\n<li><span style=\"color: #000000;\">Az\u0259rbaycan Respublikas\u0131 T\u0259hsil Nazirliyi G\u0259nc\u0259 D\u00f6vl\u0259t universiteti \u201cXarici dild\u0259 (ingilis dili) i\u015fg\u00fczar v\u0259 Akademik Kommunikasiya\u201d-Ali m\u0259kt\u0259bl\u0259rin bakalavriat t\u0259hsil s\u0259viyy\u0259si \u00fczr\u0259 proqram-G\u0259nc\u0259 2022<\/span><\/li>\n<li><span style=\"color: #000000;\">Xarici dild\u0259 (\u0130ngilis dili) i\u015fg\u00fczar v\u0259 akademik kommunikasiya 2 \u201c adl\u0131 f\u0259nn proqram\u0131. Az\u0259rbaycan respublikas\u0131 T\u0259hsil Nazirliyi. Bak\u0131 2022<\/span><\/li>\n<li><span style=\"color: #000000;\">Typology as a special branch of linguistics. \u201cColloquium &#8211; journal\u201d Warshava International conference 20.04.2023<\/span><\/li>\n<\/ol>\n<p><span style=\"color: #000000;\"><strong>Dil bilgisi: <\/strong>\u0130ngilis, t\u00fcrk<\/span><\/p>\n<p><span style=\"color: #000000;\"><strong>Partiyal\u0131\u011f\u0131:<\/strong> YAP<\/span><\/p>\n<p>\u00a0<\/p>","protected":false},"excerpt":{"rendered":"<p>Dos. \u018fliyeva Zahir\u0259 M\u0259\u015f\u0259di\u0259l\u0259kb\u0259r q. \u00a0 V\u0259zif\u0259si:\u00a0 Praktik Xarici dill\u0259r kafedras\u0131n\u0131n m\u00fcdiri Telefon:\u00a0\u00a0 050 633 45 71 Email:\u00a0\u00a0 zahireeliyeva57@gmail.com QISA B\u0130OQRAF\u0130K M\u018fLUMAT 1957-ci ild\u0259 G\u0259nc\u0259 \u015f\u0259h\u0259rind\u0259 anadan olmu\u015fdur. 1964-1974-c\u00fc ill\u0259rd\u0259 G\u0259nc\u0259 \u015f\u0259h\u0259ri M\u0259h\u0259mm\u0259d F\u00fczuli ad\u0131na tam orta 22 sayl\u0131 m\u0259kt\u0259bi bitirmi\u015fdir. T\u018fHS\u0130L\u0130, ELM\u0130 D\u018fR\u018fC\u018fS\u0130 V\u018f ELM\u0130 ADI 1975-1980-ci ild\u0259 SSR\u0130-nin 50 illiyi ad\u0131na Az\u0259rbaycan Pedaqoji [&hellip;]<\/p>\n","protected":false},"author":4,"featured_media":0,"parent":0,"menu_order":0,"comment_status":"closed","ping_status":"closed","template":"","meta":{"footnotes":""},"categories":[3],"tags":[],"class_list":["post-670","page","type-page","status-publish","hentry","category-xbrlr"],"_links":{"self":[{"href":"http:\/\/xdf.gdu.edu.az\/index.php?rest_route=\/wp\/v2\/pages\/670","targetHints":{"allow":["GET"]}}],"collection":[{"href":"http:\/\/xdf.gdu.edu.az\/index.php?rest_route=\/wp\/v2\/pages"}],"about":[{"href":"http:\/\/xdf.gdu.edu.az\/index.php?rest_route=\/wp\/v2\/types\/page"}],"author":[{"embeddable":true,"href":"http:\/\/xdf.gdu.edu.az\/index.php?rest_route=\/wp\/v2\/users\/4"}],"replies":[{"embeddable":true,"href":"http:\/\/xdf.gdu.edu.az\/index.php?rest_route=%2Fwp%2Fv2%2Fcomments&post=670"}],"version-history":[{"count":6,"href":"http:\/\/xdf.gdu.edu.az\/index.php?rest_route=\/wp\/v2\/pages\/670\/revisions"}],"predecessor-version":[{"id":12037,"href":"http:\/\/xdf.gdu.edu.az\/index.php?rest_route=\/wp\/v2\/pages\/670\/revisions\/12037"}],"wp:attachment":[{"href":"http:\/\/xdf.gdu.edu.az\/index.php?rest_route=%2Fwp%2Fv2%2Fmedia&parent=670"}],"wp:term":[{"taxonomy":"category","embeddable":true,"href":"http:\/\/xdf.gdu.edu.az\/index.php?rest_route=%2Fwp%2Fv2%2Fcategories&post=670"},{"taxonomy":"post_tag","embeddable":true,"href":"http:\/\/xdf.gdu.edu.az\/index.php?rest_route=%2Fwp%2Fv2%2Ftags&post=670"}],"curies":[{"name":"wp","href":"https:\/\/api.w.org\/{rel}","templated":true}]}}