{"id":6649,"date":"2019-05-06T16:54:46","date_gmt":"2019-05-06T14:54:46","guid":{"rendered":"http:\/\/xd.gdu.edu.az\/?page_id=6649"},"modified":"2026-01-15T09:18:31","modified_gmt":"2026-01-15T07:18:31","slug":"testl%c9%99r","status":"publish","type":"page","link":"http:\/\/xdf.gdu.edu.az\/?page_id=6649","title":{"rendered":"Testl\u0259r"},"content":{"rendered":"\n<p><strong>2025-2026-c\u0131 il pay\u0131z imtahan sessiyas\u0131n\u0131n test suallar\u0131<\/strong><\/p>\n\n\n\n<p><a href=\"https:\/\/disk.yandex.ru\/d\/_kH3SaYpYSrc6g\">TEST SUALLARI (A variant\u0131)<\/a><\/p>\n\n\n\n<p><\/p>\n\n\n\n<p><strong>2024-2025-ci il yaz imtahan sessiyas\u0131n\u0131n test suallar\u0131<\/strong><\/p>\n\n\n\n<p><a href=\"https:\/\/disk.yandex.ru\/d\/WHQQNbB1gb3B3g\">2024-2025-ci il yaz imtahan sessiyas\u0131n\u0131n test suallar\u0131<\/a><\/p>\n\n\n\n<p><\/p>\n\n\n\n<p class=\"has-text-align-center\"><strong>2024-2025-ci il pay\u0131z imtahan sessiyas\u0131n\u0131n test suallar\u0131<\/strong><\/p>\n\n\n\n<p><a href=\"https:\/\/disk.yandex.ru\/d\/kP7nnEPahup3rQ\">2024-2025-ci il pay\u0131z sessiyas\u0131n\u0131n yaz\u0131li imtahan suallar\u0131<\/a><\/p>\n\n\n\n<p><a href=\"https:\/\/disk.yandex.ru\/d\/DudkcQG2SFAz4w\">TESTL\u018fR<\/a><\/p>\n\n\n\n<p class=\"has-text-align-center\"><\/p>\n\n\n\n<p class=\"has-text-align-center\"><\/p>\n\n\n\n<p class=\"has-text-align-center\"><\/p>\n\n\n\n<p><\/p>\n\n\n\n<p><\/p>\n\n\n\n<p><\/p>\n\n\n\n<p><\/p>\n\n\n\n<p><\/p>\n\n\n\n<p><\/p>\n\n\n\n<p><\/p>\n\n\n\n<p class=\"has-text-align-center\"><\/p>\n\n\n\n<p><\/p>\n\n\n\n<p><\/p>\n\n\n\n<p><\/p>\n\n\n\n<p> <a href=\"https:\/\/disk.yandex.ru\/i\/kG4CiWjuXg6D6A\"><strong><em>Kredit sistemi il\u0259 t\u0259drisin t\u0259\u015fkili qaydas\u0131<\/em><\/strong><\/a> <\/p>\n\n\n\n<p><\/p>\n\n\n\n<p><\/p>\n\n\n\n<p><\/p>\n\n\n\n<p><\/p>\n\n\n\n<p><\/p>\n\n\n\n<p><\/p>\n\n\n\n<p><\/p>\n\n\n\n<p><\/p>\n\n\n\n<p><\/p>\n\n\n\n<p><\/p>\n\n\n\n<p><\/p>\n\n\n\n<h2 class=\"wp-block-heading\"><\/h2>\n\n\n\n<p><\/p>\n\n\n\n<p><\/p>\n\n\n\n<h2 class=\"wp-block-heading\"><\/h2>\n","protected":false},"excerpt":{"rendered":"<p>2025-2026-c\u0131 il pay\u0131z imtahan sessiyas\u0131n\u0131n test suallar\u0131 TEST SUALLARI (A variant\u0131) 2024-2025-ci il yaz imtahan sessiyas\u0131n\u0131n test suallar\u0131 2024-2025-ci il yaz imtahan sessiyas\u0131n\u0131n test suallar\u0131 2024-2025-ci il pay\u0131z imtahan sessiyas\u0131n\u0131n test suallar\u0131 2024-2025-ci il pay\u0131z sessiyas\u0131n\u0131n yaz\u0131li imtahan suallar\u0131 TESTL\u018fR Kredit sistemi il\u0259 t\u0259drisin t\u0259\u015fkili qaydas\u0131<\/p>\n","protected":false},"author":1,"featured_media":0,"parent":0,"menu_order":0,"comment_status":"closed","ping_status":"closed","template":"","meta":{"footnotes":""},"categories":[1],"tags":[],"class_list":["post-6649","page","type-page","status-publish","hentry","category-sas"],"_links":{"self":[{"href":"http:\/\/xdf.gdu.edu.az\/index.php?rest_route=\/wp\/v2\/pages\/6649","targetHints":{"allow":["GET"]}}],"collection":[{"href":"http:\/\/xdf.gdu.edu.az\/index.php?rest_route=\/wp\/v2\/pages"}],"about":[{"href":"http:\/\/xdf.gdu.edu.az\/index.php?rest_route=\/wp\/v2\/types\/page"}],"author":[{"embeddable":true,"href":"http:\/\/xdf.gdu.edu.az\/index.php?rest_route=\/wp\/v2\/users\/1"}],"replies":[{"embeddable":true,"href":"http:\/\/xdf.gdu.edu.az\/index.php?rest_route=%2Fwp%2Fv2%2Fcomments&post=6649"}],"version-history":[{"count":129,"href":"http:\/\/xdf.gdu.edu.az\/index.php?rest_route=\/wp\/v2\/pages\/6649\/revisions"}],"predecessor-version":[{"id":18341,"href":"http:\/\/xdf.gdu.edu.az\/index.php?rest_route=\/wp\/v2\/pages\/6649\/revisions\/18341"}],"wp:attachment":[{"href":"http:\/\/xdf.gdu.edu.az\/index.php?rest_route=%2Fwp%2Fv2%2Fmedia&parent=6649"}],"wp:term":[{"taxonomy":"category","embeddable":true,"href":"http:\/\/xdf.gdu.edu.az\/index.php?rest_route=%2Fwp%2Fv2%2Fcategories&post=6649"},{"taxonomy":"post_tag","embeddable":true,"href":"http:\/\/xdf.gdu.edu.az\/index.php?rest_route=%2Fwp%2Fv2%2Ftags&post=6649"}],"curies":[{"name":"wp","href":"https:\/\/api.w.org\/{rel}","templated":true}]}}