{"id":592,"date":"2016-04-08T12:21:21","date_gmt":"2016-04-08T10:21:21","guid":{"rendered":"http:\/\/xd.gdu.edu.az\/?page_id=592"},"modified":"2023-05-17T09:50:59","modified_gmt":"2023-05-17T07:50:59","slug":"talibova-aygun-nof%c9%99l","status":"publish","type":"page","link":"http:\/\/xdf.gdu.edu.az\/?page_id=592","title":{"rendered":"Tal\u0131bova Ayg\u00fcn Nof\u0259r"},"content":{"rendered":"\n<div class=\"wp-block-image\"><figure class=\"aligncenter size-large is-resized\"><img loading=\"lazy\" decoding=\"async\" src=\"http:\/\/xdf.gdu.edu.az\/wp-content\/uploads\/2023\/05\/aygun.jpg\" alt=\"\" class=\"wp-image-11892\" width=\"236\" height=\"314\"\/><\/figure><\/div>\n\n\n<p><\/p>\n\n\n<p>G\u0259nc\u0259 D\u00f6vl\u0259t Universitetinin \u201cQrammatika v\u0259 \u0130ngilis dilinin t\u0259drisi\u201dkafedras\u0131n\u0131n ba\u015f m\u00fc\u0259llim, filologiya \u00fczr\u0259 f\u0259ls\u0259f\u0259 doktoru Tal\u0131bova\nAyg\u00fcn Nof\u0259r q\u0131z\u0131<\/p>\n\n\n\n<p><strong>QISA B\u0130OQRAF\u0130K M\u018fLUMAT<\/strong>: <\/p>\n\n\n\n<p>1977-ci\nil dekabr\u0131n 8-d\u0259 Ming\u0259\u00e7evir \u015f\u0259h\u0259rind\u0259 anadan olmu\u015fdur. <\/p>\n\n\n\n<p>1985-1995-cu\nill\u0259rd\u0259 Ming\u0259\u00e7evir \u015f\u0259h\u0259ri 10 sayl\u0131 orta m\u0259kt\u0259bd\u0259 t\u0259hsil alm\u0131\u015fd\u0131r. <\/p>\n\n\n\n<p>Ail\u0259lidir.\n<\/p>\n\n\n\n<p><strong>Telefon<\/strong> : 077&nbsp;302 35 08<\/p>\n\n\n\n<p><strong>E-mail<\/strong>: <a href=\"mailto:managersat777@yahoo.com\">managersat777@yahoo.com<\/a> <\/p>\n\n\n\n<ul class=\"wp-block-list\"><li>1998-2002\nG\u0259nc\u0259 D\u00f6vl\u0259t Universitetind\u0259 \u201cIngilis dili m\u00fc\u0259llimliyi\u201d ixtisas\u0131 \u00fczr\u0259 bakalavr\nd\u0259r\u0259c\u0259si alm\u0131\u015fd\u0131r. <\/li><li>2002-2004\nG\u0259nc\u0259 D\u00f6vl\u0259t Universitetind\u0259 \u201cT\u0259rc\u00fcm\u0259 n\u0259z\u0259riyy\u0259si v\u0259 dill\u0259raras\u0131 \u0259laq\u0259\u201d\nixtisas\u0131 \u00fczr\u0259 magistr (f\u0259rql\u0259nm\u0259) d\u0259r\u0259c\u0259si alm\u0131\u015fd\u0131r. <\/li><li>2011-2017-cu\nild\u0259n G\u0259nc\u0259 D\u00f6vl\u0259t Universitetinin Az\u0259rbaycan v\u0259 D\u00fcnya \u0259d\u0259biyyat\u0131\u201d kafedras\u0131n\u0131n\n\u201c\u018fd\u0259biyyat n\u0259z\u0259riyy\u0259si\u201d ixtisas\u0131 \u00fczr\u0259 dissertant\u0131 olmu\u015fdur. <\/li><li>2018-ci\nild\u0259n \u201c\u018fd\u0259biyyat n\u0259z\u0259riyy\u0259si\u201d ixtisas \u00fczr\u0259 Filologiya \u00fczr\u0259 f\u0259ls\u0259f\u0259 doktorudur. <\/li><\/ul>\n\n\n\n<p><strong>\u018fM\u018fK F\u018fAL\u0130YY\u018fT\u0130<\/strong>: <\/p>\n\n\n\n<p>2003-2006\nG\u0259nc\u0259 Humanitar kollecinin \u201cXarici dill\u0259r\u201d \u015f\u00f6b\u0259sinin \u0130ngilis dili &nbsp;m\u00fc\u0259llimi. <\/p>\n\n\n\n<p>2006-ci\nild\u0259n G\u0259nc\u0259 D\u00f6vl\u0259t Universitetinin \u201cXarici dill\u0259r\u201d fak\u00fclt\u0259sinin \u201cQrammatika v\u0259\n\u0130ngilis dilinin t\u0259drisi\u201d kafedras\u0131nda ba\u015f m\u00fc\u0259llimi<\/p>\n\n\n\n<p><strong>T\u018fDQ\u0130QAT SAH\u018fS\u0130<\/strong>: <\/p>\n\n\n\n<p>Linqvistika,\n\u0130ngilis dilinin kommunikativ qrammatikas\u0131, \u00fcslubiyy\u0259t, \u0130ngilis dilinin t\u0259drisi\ntarixi, Qrammatik m\u0259fhumlar\u0131n m\u0259nims\u0259nilm\u0259si<\/p>\n\n\n\n<p><strong>ELM\u0130\n\u018fS\u018fRL\u018fR\u0130<\/strong>:<\/p>\n\n\n\n<ol class=\"wp-block-list\"><li>Feilin \u015f\u0259xssiz formalar\u0131n\u0131n v\u0259 onlar\u0131n \u0259m\u0259l\u0259 g\u0259tirdiyi\nsintaktik birl\u0259\u015fm\u0259l\u0259rinin t\u0259rc\u00fcm\u0259si. GDU, G\u0259nc aliml\u0259rin III Beyn\u0259lxalq elmi konfrans\u0131. II hiss\u0259, 17-18 oktyabr\n2018. G\u0259nc\u0259 2018, s\u0259h. 149-151<\/li><li>Heyd\u0259r \u018fliyevin n\u0259z\u0259ri irsind\u0259 \u0259d\u0259bi t\u0259nqid m\u0259s\u0259l\u0259l\u0259ri.\nGDU, Fundamental, humanitar v\u0259 t\u0259bi\u0259t elml\u0259ri\nseriyas\u0131, Elmi X\u0259b\u0259rl\u0259r, \u2116 3, G\u0259nc\u0259 2018, s\u0259h. 153-156<\/li><li>Modern problems of linguistics and methods of\nteaching English. GDU, G\u0259nc aliml\u0259rin IV Beyn\u0259lxalq\nelmi konfrans\u0131. 25-26 oktyabr 2019. G\u0259nc\u0259 2019, s\u0259h. 290-292<\/li><li>The history of English teaching methodology. GDU, Fundamental, humanitar v\u0259 t\u0259bi\u0259t elml\u0259ri\nseriyas\u0131, Elmi X\u0259b\u0259rl\u0259r, \u2116 3, G\u0259nc\u0259 2019, s\u0259h.<\/li><li>M\u00fcst\u0259qillik d\u00f6vr\u00fc Az\u0259rbaycan \u0259d\u0259bi t\u0259nqidi \u0259d\u0259bi\nproses kontekstind\u0259. Az\u0259rbaycan Respublikas\u0131 T\u0259hsil\nNazirliyi, G\u0259nc\u0259 D\u00f6vl\u0259t Universitetinin 80 illik yubileyin\u0259 h\u0259sr olunur. G\u0259nc\u0259-2019.\n175 s\u0259hif\u0259<\/li><li>Problems in teaching English for students. GDU, Fundamental, humanitar v\u0259 t\u0259bi\u0259t elml\u0259ri\nseriyas\u0131, Elmi X\u0259b\u0259rl\u0259r, \u2116 2, G\u0259nc\u0259 2020, s\u0259h. 376-380<\/li><li>English language teaching and learning in primary\nschool. GDU, Fundamental, humanitar\nv\u0259 t\u0259bi\u0259t elml\u0259ri seriyas\u0131, Elmi X\u0259b\u0259rl\u0259r, \u2116 1, G\u0259nc\u0259 2021, s\u0259h. 311-315<\/li><li>Modern techniques in language teaching. GDU, Fundamental, humanitar v\u0259 t\u0259bi\u0259t elml\u0259ri\nseriyas\u0131, Elmi X\u0259b\u0259rl\u0259r, \u2116 2, G\u0259nc\u0259 2022, s\u0259h. 270-274<\/li><li>Ways of teaching language skills. GDU, G\u0259nc aliml\u0259rin \u015eu\u015fa ilin\u0259 h\u0259sr olunmu\u015f beyn\u0259lxalq\nelmi konfrans\u0131 (09-10 dekabr 2022-ci il) s\u0259h. 274-277<\/li><li>The personality of the artist and critic in the\nliterary process and literary criticism of Azerbaijan in the period of\nindependence. \u2013Scientific journal of Polonia University 54 (2022) 5.\nPp.101-106.<\/li><li>\u0130ngilis dilinin t\u0259drisi tarixi. Magistratura \u00fc\u00e7\u00fcn f\u0259nn\nproqramm\u0131 2023. 16 s\u0259hif\u0259.<\/li><li>An Analysis of Language Teaching Approaches and\nMethods \u2014Effectiveness and Weakness. . GDU, Fundamental, humanitar v\u0259 t\u0259bi\u0259t\nelml\u0259ri seriyas\u0131, Elmi X\u0259b\u0259rl\u0259r, \u2116 1, G\u0259nc\u0259 2023<\/li><li>Second Language Teaching: Perspectives on Learning\nand Language Theories \u2013 II \u0130nternational scientific&nbsp; and practical conference. \u201cNew problems of\nscience and ways of their solution\u201d, March 7-8, 2023, Paris France. Pp. 30-34.<\/li><li>The eventual appearance of modern stylistics. &nbsp;VOL 1, No 75, (2023) Scientific discussion (Praha,\nCzech Republic) \u201331.03.2023-14.04.2023. ISSN 3041-4245 The journal is\nregistered and published in Czech Republic. Pp. 6-8.<\/li><li>III international scientific conference. Vienna.\nAustria. 06-07.04.2023 62 ARTIST PERSONALITY AND LITERARY PROCESS. pp. 62-66.<\/li><li>&nbsp;Heyd\u0259r\n\u018fliyev v\u0259 Az\u0259rbaycan t\u0259hsili 2023\u2014\u00e7apda\u2014Nax\u00e7\u0131van \u015f.<\/li><li>GDU May konfrans\u0131 Heydar Aliyev\u2019s role in the development\nof Azerbaijani science 2023\u2014\u00e7apda<\/li><\/ol>\n\n\n\n<p><strong>BEYN\u018fLXALQ V\u018f RESPUBL\u0130KA\nS\u0130MPOZ\u0130UM V\u018f KONFRANSLARDA <\/strong><\/p>\n\n\n\n<ol class=\"wp-block-list\"><li>G\u0259nc aliml\u0259rin III Beyn\u0259lxalq elmi konfrans\u0131. II hiss\u0259, 17-18 oktyabr 2018. G\u0259nc\u0259 2018<\/li><li>G\u0259nc aliml\u0259rin IV Beyn\u0259lxalq elmi konfrans\u0131. 25-26 oktyabr 2019. G\u0259nc\u0259 2019<\/li><li>G\u0259nc aliml\u0259rin \u015eu\u015fa ilin\u0259 h\u0259sr olunmu\u015f beyn\u0259lxalq elmi konfrans\u0131 (09-10 dekabr 2022<\/li><li>\u201cNew problems of science and ways of their solution\u201d, March 7-8, 2023, Paris France.<\/li><li>Scientific discussion (Praha, Czech Republic) \u201331.03.2023-14.04.2023. ISSN 3041-4245 The journal is registered and published in Czech Republic.<\/li><li>III international scientific conference. Vienna. Austria. 06-07.04.2023 62 ARTIST PERSONALITY AND LITERARY PROCESS.<\/li><li>Heyd\u0259r \u018fliyev v\u0259 Az\u0259rbaycan t\u0259hsili 2023<\/li><li>GDU May konfrans\u0131 Heydar Aliyev\u2019s role in the development of Azerbaijani science 2023<\/li><\/ol>\n\n\n\n<p>SERT\u0130F\u0130KAT V\u018f T\u018fLT\u0130FL\u018fR<\/p>\n\n\n\n<ol class=\"wp-block-list\"><li>Ministry\nof Education of Azerbaijan Republic Azerbaijan University of Languages Baku\nIn-service Teachers Training and Retraining Institute. Training session within\nthe framework of the 511329-TEMPUS-1-2010-1-A-TEMPUS-JPCR (Reforming Inteprting\nand Translation Studies in Azeraijan) Project on held 18-22 April 2011.<\/li><li>Teacher\ntraining course at the University of Essex, \u0130nternational Academy 27<sup>th <\/sup>February\u20149<sup>th\n<\/sup>March, 2012 within the framework of <\/li><\/ol>\n\n\n\n<p>AUL-TEMPUS JEP-RITSA: 511329-TEMPUS-1-2010-1-AZ-TEMPUS-JPCR<\/p>\n\n\n\n<ul class=\"wp-block-list\"><li>Az\u0259rbayca Respublikas\u0131T\u0259hsil Nazirliyinin t\u0259\u015fkilat\u00e7\u0131l\u0131\u011f\u0131 il\u0259 2012-ci il 19-19 dekabr tarixl\u0259rind\u0259 Az\u0259rbaycan Memarl\u0131q v\u0259 \u0130n\u015faat Universitetind\u0259 ke\u00e7iril\u0259n Doktorantlar\u0131n v\u0259 g\u0259nc t\u0259dqiqat\u00e7\u0131lar\u0131n XVII Respublika elmi konfrans serifikat\u0131<\/li><li>IV International Scientific Conference of Young Researchers between 29-30 April 2016 dedicated to the 93<sup>rd<\/sup> Anniversary of the National leader of Azerbaijan, Heydar Aliyev.<\/li><li>ERASMUS+ 2014-2020 programme for Education, Training, Youth, and Sport. Training methodology and evaluation process of foreign languages at Ganja State University from 12th of February to 16th of February, 2018 for a total of 12 hours in-class lectures and successfully completed the course. The one week intensive program organized in the framework of ERASMUS+ KA1\u2014INTER-INSTITUTIONAL Agreement between the Ca Foscari University in Venice and Ganja State University<\/li><li>ERASMUS+ 2014-2020 programme for Education, Training, Youth, and Sport. The Italian language course\u2014Beginner level A1 at Ganja State University from 01st of February to 16th of February, 2018 for a total of 24 hours in-class lectures and successfully completed the course. The two weeks intensive program organized in the framework of ERASMUS+ KA1\u2014INTER-INSTITUTIONAL Agreement between the Ca Foscari University in Venice and Ganja State University<\/li><li>G\u0259nc\u0259 D\u00f6vl\u0259t Universiteti F\u018fXR\u0130 F\u018fRMAN \u201cNovruz\u201d bayram\u0131 m\u00fcnasib\u0259til\u0259 v\u0259 \u0259m\u0259kd\u0259 f\u0259rql\u0259ndiyin\u0259 g\u00f6r\u0259 G\u0259nc\u0259 D\u00f6vl\u0259t Universiteti rektorunun 27 aprel\u00a0 2019-cu il tarixli 2\\53 sayl\u0131 \u0259mri il\u0259 t\u0259ltif olunmu\u015fdur.<\/li><li>G\u0259nc\u0259 D\u00f6vl\u0259t Universiteti F\u018fXR\u0130 F\u018fRMAN 27 aprel 2019-cu il tarixd\u0259 G\u0259nc\u0259 D\u00f6vl\u0259t Universitetind\u0259 t\u0259\u015fkil olunmu\u015f \u00fcmumt\u0259hsil m\u0259kt\u0259bl\u0259rinin X-X\u0130 sinif \u015fagirdl\u0259ri aras\u0131nda xarici dill\u0259r \u00fczr\u0259 f\u0259nn olimpiadas\u0131n\u0131n t\u0259\u015fkilind\u0259 f\u0259al i\u015ftirak\u0131na g\u00f6r\u0259 G\u0259nc\u0259 D\u00f6vl\u0259t Universiteti rektorunun 08 may 2019 cu il tarixli 2\\86 sayl\u0131 \u0259mri il\u0259 t\u0259ltif olunmu\u015fdur.<\/li><li><\/li><\/ul>\n\n\n\n<p><strong>Dil bilgisi<\/strong>: Az\u0259rbaycan dili, Rus dili, \u0130ngilis dili, \u0130talyan\ndili, T\u00fcrk dili<\/p>\n","protected":false},"excerpt":{"rendered":"<p>G\u0259nc\u0259 D\u00f6vl\u0259t Universitetinin \u201cQrammatika v\u0259 \u0130ngilis dilinin t\u0259drisi\u201dkafedras\u0131n\u0131n ba\u015f m\u00fc\u0259llim, filologiya \u00fczr\u0259 f\u0259ls\u0259f\u0259 doktoru Tal\u0131bova Ayg\u00fcn Nof\u0259r q\u0131z\u0131 QISA B\u0130OQRAF\u0130K M\u018fLUMAT: 1977-ci il dekabr\u0131n 8-d\u0259 Ming\u0259\u00e7evir \u015f\u0259h\u0259rind\u0259 anadan olmu\u015fdur. 1985-1995-cu ill\u0259rd\u0259 Ming\u0259\u00e7evir \u015f\u0259h\u0259ri 10 sayl\u0131 orta m\u0259kt\u0259bd\u0259 t\u0259hsil alm\u0131\u015fd\u0131r. Ail\u0259lidir. Telefon : 077&nbsp;302 35 08 E-mail: managersat777@yahoo.com 1998-2002 G\u0259nc\u0259 D\u00f6vl\u0259t Universitetind\u0259 \u201cIngilis dili m\u00fc\u0259llimliyi\u201d ixtisas\u0131 [&hellip;]<\/p>\n","protected":false},"author":4,"featured_media":0,"parent":0,"menu_order":0,"comment_status":"closed","ping_status":"closed","template":"","meta":{"footnotes":""},"categories":[],"tags":[],"class_list":["post-592","page","type-page","status-publish","hentry"],"_links":{"self":[{"href":"http:\/\/xdf.gdu.edu.az\/index.php?rest_route=\/wp\/v2\/pages\/592","targetHints":{"allow":["GET"]}}],"collection":[{"href":"http:\/\/xdf.gdu.edu.az\/index.php?rest_route=\/wp\/v2\/pages"}],"about":[{"href":"http:\/\/xdf.gdu.edu.az\/index.php?rest_route=\/wp\/v2\/types\/page"}],"author":[{"embeddable":true,"href":"http:\/\/xdf.gdu.edu.az\/index.php?rest_route=\/wp\/v2\/users\/4"}],"replies":[{"embeddable":true,"href":"http:\/\/xdf.gdu.edu.az\/index.php?rest_route=%2Fwp%2Fv2%2Fcomments&post=592"}],"version-history":[{"count":4,"href":"http:\/\/xdf.gdu.edu.az\/index.php?rest_route=\/wp\/v2\/pages\/592\/revisions"}],"predecessor-version":[{"id":11937,"href":"http:\/\/xdf.gdu.edu.az\/index.php?rest_route=\/wp\/v2\/pages\/592\/revisions\/11937"}],"wp:attachment":[{"href":"http:\/\/xdf.gdu.edu.az\/index.php?rest_route=%2Fwp%2Fv2%2Fmedia&parent=592"}],"wp:term":[{"taxonomy":"category","embeddable":true,"href":"http:\/\/xdf.gdu.edu.az\/index.php?rest_route=%2Fwp%2Fv2%2Fcategories&post=592"},{"taxonomy":"post_tag","embeddable":true,"href":"http:\/\/xdf.gdu.edu.az\/index.php?rest_route=%2Fwp%2Fv2%2Ftags&post=592"}],"curies":[{"name":"wp","href":"https:\/\/api.w.org\/{rel}","templated":true}]}}