{"id":588,"date":"2016-04-08T12:16:36","date_gmt":"2016-04-08T10:16:36","guid":{"rendered":"http:\/\/xd.gdu.edu.az\/?page_id=588"},"modified":"2023-05-17T09:17:38","modified_gmt":"2023-05-17T07:17:38","slug":"sadiqova-gul%c9%99r-firdovsi-qizi","status":"publish","type":"page","link":"http:\/\/xdf.gdu.edu.az\/?page_id=588","title":{"rendered":"Sad\u0131qova G\u00fcl\u0259r Fizuli q\u0131z\u0131"},"content":{"rendered":"\n<div class=\"wp-block-image\"><figure class=\"aligncenter size-large is-resized\"><img loading=\"lazy\" decoding=\"async\" src=\"http:\/\/xdf.gdu.edu.az\/wp-content\/uploads\/2023\/05\/gul\u0259r.jpg\" alt=\"\" class=\"wp-image-11897\" width=\"191\" height=\"268\"\/><\/figure><\/div>\n\n\n<p><strong>G\u0259nc\u0259 D\u00f6vl\u0259t Universitetinin \u201cQrammatika v\u0259 ingilis dilinin t\u0259drisi\u201d kafedras\u0131n\u0131n <\/strong><strong><br \/><\/strong><strong>ba\u015f m\u00fc\u0259llimi Sad\u0131qova G\u00fcl\u0259r Fizuli q\u0131z\u0131<\/strong><\/p>\n<p><strong>QISA B\u0130OQRAF\u0130K M\u018fLUMAT<\/strong><\/p>\n<p>10 fevral 1987-ci ild\u0259 K\u0259lb\u0259c\u0259r \u015f\u0259h\u0259rind\u0259 anadan olmu\u015fdur.<\/p>\n<p>Ail\u0259lidir, 2 \u00f6vlad\u0131 var. 2010-cu ild\u0259n YAP-\u0131n \u00fczv\u00fcd\u00fcr.<\/p>\n<p><strong>T\u018fHS\u0130L\u0130, ELM\u0130 D\u018fR\u018fC\u018fS\u0130 V\u018f ELM\u0130 ADLARI<\/strong><\/p>\n<ol>\n<li>2008-ci ild\u0259 Az\u0259rbaycan Dill\u0259r Universitetind\u0259 \u201c\u0130ngilis dili m\u00fc\u0259llimliyi\u201d ixtisas\u0131 \u00fczr\u0259 bakalavr t\u0259hsilini f\u0259rql\u0259nm\u0259 diplomu il\u0259 bitirmi\u015fdir.<\/li>\n<li>2010-cu ild\u0259 Az\u0259rbaycan Dill\u0259r Universitetind\u0259 \u201cDil\u015f\u00fcnasl\u0131q\u201d ixtisas\u0131 \u00fczr\u0259 magistr t\u0259hsilini f\u0259rql\u0259nm\u0259 diplomu il\u0259 ba\u015fa vurmu\u015fdur.<\/li>\n<li>2020-ci ild\u0259 f\u0259ls\u0259f\u0259 doktoru proqram\u0131 \u0259sas\u0131nda Bak\u0131 D\u00f6vl\u0259t Universitetinin \u201cM\u00fcqayis\u0259li-tarixi v\u0259 m\u00fcqayis\u0259li-tipoloji dil\u00e7ilik \u201c ixtisas\u0131 \u00fczr\u0259 dissertant q\u0259bul olunmu\u015fdur.<\/li>\n<\/ol>\n<p><strong>E-mail:<\/strong> <a href=\"mailto:gularnabiyeva@gmail.com\">gularnabiyeva@gmail.com<\/a><\/p>\n<p><strong>\u00a0<\/strong><\/p>\n<p><strong>\u018fM\u018fK F\u018fAL\u0130YY\u018fT\u0130<\/strong><\/p>\n<ol>\n<li>2010-2016-c\u0131 ill\u0259rd\u0259 G\u0259nc\u0259 D\u00f6vl\u0259t Universitetinin \u201cQrammatika v\u0259 \u0130ngilis dilinin t\u0259drisi\u201d kafedrasinda m\u00fc\u0259llim.<\/li>\n<li>2016-c\u0131 ild\u0259n bu g\u00fcn\u0259 kimi G\u0259nc\u0259 D\u00f6vl\u0259t Universitetinin \u201cQrammatika v\u0259 \u0130ngilis dilinin t\u0259drisi\u201d kafedrasinda ba\u015f m\u00fc\u0259llim.<\/li>\n<\/ol>\n<p>\u201cXarici dilin kommunikativ qrammatikasi\u201d f\u0259nnini t\u0259dris edir.<\/p>\n<p><strong>T\u018fDQ\u0130QAT SAH\u018fS\u0130<\/strong><\/p>\n<p>Az\u0259rbaycan v\u0259 ingilis dill\u0259rinin siyasi diskursunda metaforalar<\/p>\n<p><strong>\u00a0<\/strong><\/p>\n<p><strong>\u00a0<\/strong><\/p>\n<p><strong>\u00a0<\/strong><\/p>\n<p><strong>\u00a0<\/strong><\/p>\n<p><strong>BEYN\u018fLXALQ SEM\u0130NAR, S\u0130MPOZ\u0130UM V\u018f KONFRANSLARDA \u0130\u015eT\u0130RAKI<\/strong><\/p>\n<p>1.\u00dcmummilli lider Heyd\u0259r \u018fliyevin anadan olmas\u0131n\u0131n 97-ci ild\u00f6n\u00fcm\u00fcn\u0259 h\u0259sr olunmu\u015f \u201cHEYD\u018fR \u018fL\u0130YEV V\u018f AZ\u018fRBAYCAN F\u0130LOLOG\u0130YASI\u201d m\u00f6vzusunda Respublika virtual elmi konfrans, 2020.<\/p>\n<ol start=\"2\">\n<li>THE VII INTERNATIONAL SCIENTIFIC CONFERENCE DEDICATED TO THE 185th ANN\u0130VERSARY OF SEYYID AZIM SHIRVANI &#8220;Personality and society: problems of interaction\u201d Ardahan, Turkey, 2020. <br \/>3.\u201dDavaml\u0131 inki\u015faf strategiyas\u0131: qlobal trendl\u0259r, milli t\u0259cr\u00fcb\u0259l\u0259r v\u0259 yeni h\u0259d\u0259fl\u0259r\u201d Beyn\u0259lxalq Elmi Konfrans. s. Ming\u0259\u00e7evir, 2021.<\/li>\n<li>Doktorantlar\u0131n v\u0259 g\u0259nc t\u0259dqiqat\u00e7\u0131lar\u0131n XXV Respublika elmi konfrans\u0131, ART\u0130, Bak\u0131. 2022.<\/li>\n<\/ol>\n<p><strong>T\u018fLT\u0130FL\u018fR<\/strong><\/p>\n<ol start=\"11\">\n<li>02.03.2023 tarixli 2\/31 sayl\u0131 \u0259mr\u0259 \u0259sas\u0259n Sad\u0131qova G\u00fcl\u0259r Fizuli q\u0131z\u0131 8 mart beyn\u0259lxalq qad\u0131nlar bayram\u0131 m\u00fcnasib\u0259til\u0259 \u201cF\u0259xri f\u0259rmanla\u201d t\u0259ltif edilib.<\/li>\n<\/ol>\n<p><strong>SE\u00c7\u0130LM\u0130\u015e \u018fS\u018fRL\u018fR\u0130<\/strong><\/p>\n<p>1.\u0130ngilis dilind\u0259 reklam m\u0259tnl\u0259rinin linqvistik x\u00fcsusiyy\u0259tl\u0259ri. BDU, \u00dcmummilli lider Heyd\u0259r \u018fliyevin anadan olmas\u0131n\u0131n 97-ci ild\u00f6n\u00fcm\u00fcn\u0259 h\u0259sr olunmu\u015f \u201cHEYD\u018fR \u018fL\u0130YEV V\u018f AZ\u018fRBAYCAN F\u0130LOLOG\u0130YASI\u201d m\u00f6vzusunda Respublika virtual elmi konfrans\u0131n\u0131n materiallari, Bak\u0131, 2020. S\u0259h. 380-383.<\/p>\n<ol start=\"2\">\n<li>Semantic change in English . THE VII INTERNATIONAL SCIENTIFIC CONFERENCE DEDICATED TO THE 185th ANN\u0130VERSARY OF SEYYID AZIM SHIRVANI &#8220;Personality and society: problems of interaction\u201d Ardahan, Turkey, 2020. S\u0259h. 84-87 <br \/>3.Siyasi diskursda k\u00fctl\u0259 \u015f\u00fcurunun ideologizasiyas\u0131n\u0131n kommunikativ texnologiyalar\u0131. The XI International Scientific Symposium \u201cIntercultural relations in the modern world&#8221;. Tbilisi, Georgia, 2021. S\u0259h. 95-101 <br \/>4. Metafora analizin\u0259 koqnitiv yana\u015fma. GDU. Elmi X\u0259b\u0259rl\u0259r. G\u0259nc\u0259, 2021. S\u0259h. 358-362<\/li>\n<\/ol>\n<p>5.Siyasi diskursun funksiyalar\u0131na dair. MDU.\u201dDavaml\u0131 inki\u015faf strategiyas\u0131: qlobal trendl\u0259r, milli t\u0259cr\u00fcb\u0259l\u0259r v\u0259 yeni h\u0259d\u0259fl\u0259r\u201d Beyn\u0259lxalq Elmi Konfrans. s. \u00a0\u00a0\u00a0\u00a0<\/p>\n<p>6.\u201cKonseptual metafora n\u0259z\u0259riyy\u0259sinin inki\u015faf\u0131 v\u0259 \u0259sas anlay\u0131\u015flar\u0131\u201d Filologiya m\u0259s\u0259l\u0259l\u0259ri, Bak\u0131, 2022 \u2116 15. s.35-43\u00a0\u00a0\u00a0\u00a0\u00a0 \u00a0\u00a0\u00a0\u00a0\u00a0\u00a0\u00a0\u00a0<\/p>\n<ol start=\"7\">\n<li>\u201cSiyasi Debatlarda Metaforalar Nitq Strategiyas\u0131 Kimi\u201d, Doktorantlar\u0131n v\u0259 g\u0259nc t\u0259dqiqat\u00e7\u0131lar\u0131n XXV Respublika elmi konfrans\u0131, ART\u0130, Bak\u0131. 2022. s. 36-41<\/li>\n<li>METAPHORICAL REPRESENTATION OF CONCEPTS \u2018WAR\u2019 AND \u2018TERRORISM\u2019 IN THE POLITICAL DISCOURSES OF ENGLISH AND AZERBAIJANI LANGUAGES. Colloquium-journal, Warszawa, Poland -2023<\/li>\n<\/ol>\n<p><strong>Dil bilgil\u0259ri: <\/strong>Az\u0259rbaycan dili, Rus dili, T\u00fcrk dili, \u0130ngilis dili, Alman dili, \u0130talyan dili<\/p>\n<p><strong>\u00a0<\/strong><\/p>\n<p><strong>\u00a0<\/strong><\/p>\n<p><strong>\u00a0<\/strong><\/p>\n<p>\u00a0<\/p>","protected":false},"excerpt":{"rendered":"<p>G\u0259nc\u0259 D\u00f6vl\u0259t Universitetinin \u201cQrammatika v\u0259 ingilis dilinin t\u0259drisi\u201d kafedras\u0131n\u0131n ba\u015f m\u00fc\u0259llimi Sad\u0131qova G\u00fcl\u0259r Fizuli q\u0131z\u0131 QISA B\u0130OQRAF\u0130K M\u018fLUMAT 10 fevral 1987-ci ild\u0259 K\u0259lb\u0259c\u0259r \u015f\u0259h\u0259rind\u0259 anadan olmu\u015fdur. Ail\u0259lidir, 2 \u00f6vlad\u0131 var. 2010-cu ild\u0259n YAP-\u0131n \u00fczv\u00fcd\u00fcr. T\u018fHS\u0130L\u0130, ELM\u0130 D\u018fR\u018fC\u018fS\u0130 V\u018f ELM\u0130 ADLARI 2008-ci ild\u0259 Az\u0259rbaycan Dill\u0259r Universitetind\u0259 \u201c\u0130ngilis dili m\u00fc\u0259llimliyi\u201d ixtisas\u0131 \u00fczr\u0259 bakalavr t\u0259hsilini f\u0259rql\u0259nm\u0259 diplomu il\u0259 [&hellip;]<\/p>\n","protected":false},"author":4,"featured_media":0,"parent":0,"menu_order":0,"comment_status":"closed","ping_status":"closed","template":"","meta":{"footnotes":""},"categories":[],"tags":[],"class_list":["post-588","page","type-page","status-publish","hentry"],"_links":{"self":[{"href":"http:\/\/xdf.gdu.edu.az\/index.php?rest_route=\/wp\/v2\/pages\/588","targetHints":{"allow":["GET"]}}],"collection":[{"href":"http:\/\/xdf.gdu.edu.az\/index.php?rest_route=\/wp\/v2\/pages"}],"about":[{"href":"http:\/\/xdf.gdu.edu.az\/index.php?rest_route=\/wp\/v2\/types\/page"}],"author":[{"embeddable":true,"href":"http:\/\/xdf.gdu.edu.az\/index.php?rest_route=\/wp\/v2\/users\/4"}],"replies":[{"embeddable":true,"href":"http:\/\/xdf.gdu.edu.az\/index.php?rest_route=%2Fwp%2Fv2%2Fcomments&post=588"}],"version-history":[{"count":6,"href":"http:\/\/xdf.gdu.edu.az\/index.php?rest_route=\/wp\/v2\/pages\/588\/revisions"}],"predecessor-version":[{"id":11927,"href":"http:\/\/xdf.gdu.edu.az\/index.php?rest_route=\/wp\/v2\/pages\/588\/revisions\/11927"}],"wp:attachment":[{"href":"http:\/\/xdf.gdu.edu.az\/index.php?rest_route=%2Fwp%2Fv2%2Fmedia&parent=588"}],"wp:term":[{"taxonomy":"category","embeddable":true,"href":"http:\/\/xdf.gdu.edu.az\/index.php?rest_route=%2Fwp%2Fv2%2Fcategories&post=588"},{"taxonomy":"post_tag","embeddable":true,"href":"http:\/\/xdf.gdu.edu.az\/index.php?rest_route=%2Fwp%2Fv2%2Ftags&post=588"}],"curies":[{"name":"wp","href":"https:\/\/api.w.org\/{rel}","templated":true}]}}