{"id":543,"date":"2016-04-07T06:34:51","date_gmt":"2016-04-07T04:34:51","guid":{"rendered":"http:\/\/xd.gdu.edu.az\/?page_id=543"},"modified":"2023-05-15T10:20:08","modified_gmt":"2023-05-15T08:20:08","slug":"zeynalova-turkan-%c9%99nv%c9%99r-qizi","status":"publish","type":"page","link":"http:\/\/xdf.gdu.edu.az\/?page_id=543","title":{"rendered":"Zeynalova T\u00fcrkan \u018fnv\u0259r q\u0131z\u0131"},"content":{"rendered":"\n\n\n<div class=\"wp-block-image\"><figure class=\"aligncenter size-large is-resized\"><img loading=\"lazy\" decoding=\"async\" src=\"http:\/\/xdf.gdu.edu.az\/wp-content\/uploads\/2023\/05\/zey.jpg\" alt=\"\" class=\"wp-image-11776\" width=\"218\" height=\"328\"\/><\/figure><\/div>\n\n\n\n<p><strong>Leksika v\u0259 \u00f6lk\u0259\u015f\u00fcnasl\u0131q kafedras\u0131n\u0131n ba\u015f m\u00fc\u0259llimi&nbsp;&nbsp;&nbsp;&nbsp;&nbsp;&nbsp; &nbsp;&nbsp;&nbsp;<\/strong><\/p>\n\n\n\n<p><strong>&nbsp;&nbsp;&nbsp;&nbsp;&nbsp;&nbsp;&nbsp;&nbsp;&nbsp;&nbsp;&nbsp;&nbsp;&nbsp;&nbsp;&nbsp;&nbsp;&nbsp;&nbsp;&nbsp;&nbsp;&nbsp;&nbsp; T\u00fcrkan\n\u018fnv\u0259r q\u0131z\u0131 Zeynalova<\/strong><\/p>\n\n\n\n<ul class=\"wp-block-list\"><li><strong>Telefon<\/strong>: 0508919930 <\/li><li><strong>E- mail<\/strong>: turkanzeynalova1985@gmail.com<\/li><\/ul>\n\n\n\n<p><strong>QISA B\u0130OQRAF\u0130K M\u018fLUMAT<\/strong><\/p>\n\n\n\n<ul class=\"wp-block-list\"><li><strong>4 may 1985-ci ild\u0259 <\/strong>G\u0259nc\u0259 \u015f\u0259h\u0259rind\u0259 anadan olub.&nbsp; <\/li><li>Ail\u0259lidir,\niki \u00f6vlad\u0131 var. <\/li><\/ul>\n\n\n\n<p><strong>&nbsp;T\u018fHS\u0130L\u0130,\nELM\u0130 D\u018fR\u018fC\u018fS\u0130 V\u018f ELM\u0130 ADLARI<\/strong><\/p>\n\n\n\n<ul class=\"wp-block-list\"><li>1992-2003-ci\nill\u0259rd\u0259 G\u0259nc\u0259 \u015f\u0259h\u0259ri 8 sayl\u0131 orta m\u0259kt\u0259bd\u0259 t\u0259hsil alm\u0131\u015f v\u0259 h\u0259min m\u0259kt\u0259bi f\u0259rql\u0259nm\u0259\nil\u0259 bitirmi\u015fdir.<\/li><li>2003-2007-cu\nill\u0259rd\u0259 Az\u0259rbaycan Dill\u0259r Universitetind\u0259 \u201c\u0130ngilis dili v\u0259 \u0259d\u0259biyyat\u0131\u201d ixtisas\u0131\n\u00fczr\u0259 bakalavr d\u0259r\u0259c\u0259si alm\u0131\u015f v\u0259 t\u0259hsilini f\u0259rql\u0259nm\u0259 diplomu il\u0259 bitirmi\u015fdir.<\/li><li>2007-2009-ci\nill\u0259rd\u0259 Az\u0259rbaycan Dill\u0259r Universitetind\u0259 \u201cDil\u015f\u00fcnasl\u0131q\u201d istiqam\u0259ti \u00fczr\u0259 magistr\nt\u0259hsili alm\u0131\u015f v\u0259 t\u0259hsilini f\u0259rql\u0259nm\u0259 diplomu il\u0259 bitirmi\u015fdir.<\/li><li>29.09.2015\nci il tarixli, 285 sayl\u0131 s\u0259r\u0259ncam\u0131na uy\u011fun olaraq F\u0259ls\u0259f\u0259 doktoru Proqram\u0131 \u00fczr\u0259\n5718.01 \u201cD\u00fcnya \u0259d\u0259biyyat\u0131 ixtisas\u0131\u201c \u00fczr\u0259 G\u0259nc\u0259 D\u00f6vl\u0259t Universitetinin qiyabi\ndoktorant\u0131d\u0131r. Elmi t\u0259dqiqat i\u015fini m\u00fcdafi\u0259 etm\u0259k \u00fczr\u0259dir.<\/li><\/ul>\n\n\n\n<p><strong>\u018fM\u018fK F\u018fAL\u0130YY\u018fT\u0130<\/strong><\/p>\n\n\n\n<ul class=\"wp-block-list\"><li>2009\n\u2013cu ild\u0259n G\u0259nc\u0259 D\u00f6vl\u0259t Universitetinin \u201cXarici dill\u0259r\u201d fak\u00fclt\u0259sind\u0259 \u201cLeksika v\u0259\n\u00f6lk\u0259\u015f\u00fcnasl\u0131q\u201d kafedras\u0131nda m\u00fc\u0259llim<\/li><li>2016-c\u0131\nild\u0259n G\u0259nc\u0259 D\u00f6vl\u0259t Universitetinin \u201cXarici dill\u0259r\u201d fak\u00fclt\u0259sind\u0259 \u201cLeksika v\u0259 \u00f6lk\u0259\u015f\u00fcnasl\u0131q\u201d\nkafedras\u0131nda&nbsp; ba\u015f m\u00fc\u0259llim<\/li><\/ul>\n\n\n\n<p><strong>T\u018fLT\u0130FL\u018fR\u0130<\/strong><\/p>\n\n\n\n<ul class=\"wp-block-list\"><li>G\u0259nc\u0259 D\u00f6vl\u0259t Universitetinin 03.10.2016-c\u0131 il\ntarixli 2\/158 sayl\u0131 \u0259mr\u0259 \u0259sas\u0259n 5 oktyabr Beyn\u0259lxalq M\u00fc\u0259lliml\u0259r g\u00fcn\u00fc\nm\u00fcnasib\u0259til\u0259 \u201cT\u0259\u015f\u0259kk\u00fcr elan edilmi\u015fdir.\u201d<\/li><\/ul>\n\n\n\n<p><strong>T\u018fDQ\u0130QAT SAH\u018fS\u0130<\/strong><\/p>\n\n\n\n<p>D\u00fcnya v\u0259 Az\u0259rbaycan \u0259d\u0259biyyat\u0131, t\u0259rc\u00fcm\u0259<\/p>\n\n\n\n<p><strong>BEYN\u018fLXALQ\nSEM\u0130NAR, S\u0130MPOZ\u0130UM V\u018f KONFRANSLARDA \u0130\u015eT\u0130RAKI<\/strong><\/p>\n\n\n\n<ol class=\"wp-block-list\"><li>\u018flia\u011fa Vahid \u0259d\u0259bi irsinin ingilis dilin\u0259 t\u0259rc\u00fcm\u0259si\n\/\/ &#8211; G\u0259nc\u0259: Konfrans materiallar\u0131, G\u0259nc aliml\u0259rin II Beyn\u0259lxalq konfrans\u0131, &#8211;\n2017. &#8211; s. 393-396<\/li><li>\u0410\u0444\u043e\u0440\u0438\u0437\u043c\u044b \u0432 \u043f\u0440\u043e\u0438\u0437\u0432\u0435\u0434\u0435\u043d\u0438\u044f\u0445 \u0413\u0443\u0441\u0435\u0439\u043d\u0430 \u0414\u0436\u0430\u0432\u0438\u0434\u0430 \u0438 \u0438\u0445 \u043f\u0435\u0440\u0435\u0432\u043e\u0434\u044b \u043d\u0430\n\u0430\u043d\u0433\u043b\u0438\u0439\u0441\u043a\u0438\u0439 \u044f\u0437\u044b\u043a \/\/ \u041f\u044f\u0442\u0438\u0433\u043e\u0440\u0441\u043a: &#8211; 2019. \u041d\u0430\u0443\u0447\u043d\u044b\u0435 \u0438\u0441\u0441\u043b\u0435\u0434\u043e\u0432\u0430\u043d\u0438\u044f \u0432 \u0441\u0444\u0435\u0440\u0435 \u0433\u0443\u043c\u0430\u043d\u0438\u0442\u0430\u0440\u043d\u044b\u0445 \u043d\u0430\u0443\u043a: \u041e\u0442\u043a\u0440\u044b\u0442\u0438\u044f \u0425\u0425I \u0432\u0435\u043a\u0430 \u041c\u0430\u0442\u0435\u0440\u0438\u0430\u043b\u044b \u0425 \u041c\u0435\u0436\u0434\u0443\u043d\u0430\u0440\u043e\u0434\u043d\u043e\u0439\n\u043d\u0430\u0443\u0447\u043d\u043e \u043f\u0440\u0430\u043a\u0442\u0438\u0447\u0435\u0441\u043a\u043e\u0439 \u043a\u043e\u043d\u0444\u0435\u0440\u0435\u043d\u0446\u0438\u0438, &#8211; c. 62-66<strong><\/strong><\/li><li>Abbas S\u0259hh\u0259t yarad\u0131c\u0131l\u0131\u011f\u0131nda \u201cV\u0259t\u0259n\u201d\nsevgisi \/\/ Bak\u0131: 2019, Doktorantlar\u0131n v\u0259 g\u0259nc t\u0259dqiqat\u00e7\u0131lar\u0131n XXIII Respublika\nelmi konfrans\u0131n\u0131n materiallar\u0131, &#8211; s. 146-148<strong><\/strong><\/li><li>Language learners and language teaching settings- 2022. \u201c\u015eu\u015fa\nili\u201dn\u0259 h\u0259sr olunmu\u015f G\u0259nc aliml\u0259rin Beyn\u0259lxalq elmi konfrans\u0131, &#8211; 09-10 dekabr. <\/li><\/ol>\n\n\n\n<p><strong>SE\u00c7\u0130LM\u0130\u015e\n\u018fS\u018fRL\u018fR\u0130<\/strong><\/p>\n\n\n\n<ol class=\"wp-block-list\"><li>An extensive\nreading programm-&nbsp; GDU, Elmi X\u0259b\u0259rl\u0259r \u21161 G\u0259nc\u0259,2011<\/li><li>Reasons for\nusing texts in the foreign language classrooms- GDU,Elmi X\u0259b\u0259rl\u0259r \u21163, G\u0259nc\u0259, 2012<\/li><li>Describing\nteachers \u2013 GDU, Elmi X\u0259b\u0259rl\u0259r \u21164, G\u0259nc\u0259,\n2013<\/li><li>General\nfeatures of adverbial participles in turkic languages \u2013 M\u00fct\u0259rcim, Humanitar\nelml\u0259rin \u00f6yr\u0259nilm\u0259si \u00fczr\u0259 aktual probleml\u0259r, \u21163 ,2015,Bak\u0131<\/li><li>Using of\nadverbial participles in the group of Oghuz- Tajik \u2013 Filologiya m\u0259s\u0259l\u0259l\u0259ri, \u21167 , 2015, Bak\u0131<\/li><li>Educational technology\nand other teaching equipment \u2013 Aqrar Universiteti 2015, \u21163, Beyn\u0259lxalq elmi-praktik konfrans\u0131n materiallar\u0131<\/li><li>Teaching and receptive skills \u2013 G\u0259nc\u0259 D\u00f6vl\u0259t\nUniversiteti, 2015, Elmi X\u0259b\u0259rl\u0259r, Fundamental, Humanitar v\u0259 t\u0259bi\u0259t elml\u0259ri\nseriyas\u0131<\/li><li>Abdulla \u015eaiq \u0259d\u0259bi\nirsinin ingilis dilin\u0259 t\u0259rc\u00fcm\u0259 m\u0259s\u0259l\u0259si \/\/ &#8211; G\u0259nc\u0259: Elmi X\u0259b\u0259rl\u0259r, &#8211; 2018. \u2116 2.\n\u2013 s. 90-94<\/li><li>\u018fhm\u0259d Cavad\npoeziyas\u0131n\u0131n ingilis dilin\u0259 t\u0259rc\u00fcm\u0259si v\u0259 m\u00fcqayis\u0259li t\u0259hlili \/\/ &#8211; Bak\u0131: Dil v\u0259 \u0259d\u0259biyyat,\n&#8211; 2018. \u2116 1(105). &#8211; &nbsp;s. 247-249<\/li><li>\u018fhm\u0259d Cavad poeziyas\u0131n\u0131n ingilis dilin\u0259 t\u0259rc\u00fcm\u0259si\n\/\/ &#8211; Bak\u0131: Dil v\u0259 \u0259d\u0259biyyat, &#8211; 2018. \u2116 1(109). \u2013 s. 196-199<\/li><li>&nbsp;H\u00fcseyn\nCavidin z\u0259ngin dili v\u0259 d\u00fcnya \u015f\u00f6hr\u0259ti \/\/ &#8211; Bak\u0131: Filologiya m\u0259s\u0259l\u0259l\u0259ri, &#8211; 2018.\n\u21161. \u2013 s. 310-318<strong><\/strong><\/li><li>&nbsp;O \u043f\u0435\u0440\u0435\u0432\u043e\u0434\u0435 \u043f\u043e\u044d\u0437\u0438\u0438 \u041c\u0438\u0440\u0437\u0430 \u0410\u043b\u0435\u043a\u043f\u0435\u0440\u0430 \u0421\u0430\u0431\u0438\u0440\u0430 \u043d\u0430 \u0430\u043d\u0433\u043b\u0438\u0439\u0441\u043a\u0438\u0439 \u044f\u0437\u044b\u043a \/\/ \u0410\u043b\u043c\u0430\u0442\u044b: \u0424\u0438\u043b\u043e\u043b\u043e\u0433\u0438\u0447\u0435\u0441\u043a\u0438\u0435\n\u043d\u0430\u0443\u043a\u0438 \u0412\u0415\u0421\u0422\u041d\u0418\u041a, &#8211; 2018.\n\u21161(63). c.\n120-124<\/li><li>&nbsp;H\u00fcseyn Cavid\npoeziyas\u0131n\u0131n ingilis dilin\u0259 t\u0259rc\u00fcm\u0259 x\u00fcsusiyy\u0259tl\u0259ri \/\/ Bak\u0131: Dil v\u0259 \u0259d\u0259biyyat, &#8211;\n2019. \u21161(109). \u2013 s. 199-200<\/li><li>&nbsp;Abbas S\u0259hh\u0259t\n\u201cV\u0259t\u0259n\u201d \u015feirinin ingilis dilin\u0259 t\u0259rc\u00fcm\u0259 x\u00fcsusiyy\u0259tl\u0259ri \/\/ G\u0259nc\u0259: 2019. Elmi X\u0259b\u0259rl\u0259r,\n&#8211; 2019. \u21161. s. 188-192<\/li><li><strong>&nbsp;<\/strong>\u0428\u0430\u0440\u043b\u043e\u0442\u0442\u0430 \u0411\u0440\u043e\u043d\u0442\u0435 \u0438 \u0435\u0435 \u0440\u043e\u043c\u0430\u043d\n\u00ab\u0414\u0436\u0435\u043d \u042d\u0439\u0440\u00bb &#8211;&nbsp; Bak\u0131: Filologiya m\u0259s\u0259l\u0259l\u0259ri,\n-2022. \u2116 15. \u2013 s. 348-353<\/li><li>\u201cTopal Teymur\u201d \u0259s\u0259rinin ingilis dilin\u0259 t\u0259rc\u00fcm\u0259\nx\u00fcsusiyy\u0259tl\u0259ri&nbsp; \/\/ &#8211; AMEA \u2013\u00e7apdad\u0131r. <\/li><\/ol>\n\n\n\n<p><strong>F\u018fNN PROQRAMLARI<\/strong><\/p>\n\n\n\n<ol class=\"wp-block-list\"><li>Oxuyub anlama v\u0259 yaz\u0131- Universitetl\u0259rin t\u0259rc\u00fcm\u0259 ixtisaslar\u0131 \u00fczr\u0259 bakalavr\npill\u0259si \u00fc\u00e7\u00fcn t\u0259dris proqram\u0131- 2018<\/li><li>Pe\u015f\u0259kar t\u0259rc\u00fcm\u0259nin \u0259saslar\u0131- Universitetl\u0259rin t\u0259rc\u00fcm\u0259 ixtisaslar\u0131 \u00fczr\u0259\nbakalavr pill\u0259si \u00fc\u00e7\u00fcn t\u0259dris proqram\u0131- 2019<\/li><li>T\u0259rc\u00fcm\u0259\u00e7inin oxu v\u0259rdi\u015fl\u0259ri- Universitetl\u0259rin t\u0259rc\u00fcm\u0259 ixtisaslar\u0131 \u00fczr\u0259\nbakalavr pill\u0259si \u00fc\u00e7\u00fcn t\u0259dris proqram\u0131- 2023<\/li><li>T\u0259rc\u00fcm\u0259\u00e7inin yaz\u0131 v\u0259rdi\u015fl\u0259ri- Universitetl\u0259rin t\u0259rc\u00fcm\u0259 ixtisaslar\u0131 \u00fczr\u0259\nbakalavr pill\u0259si \u00fc\u00e7\u00fcn t\u0259dris proqram\u0131- \u00fcz\u0259rind\u0259 i\u015fl\u0259yir\u0259m<\/li><\/ol>\n\n\n\n<p><strong>PART\u0130YALILI\u011eI<\/strong><\/p>\n\n\n\n<p>2009 \u2013 c\u00fc ild\u0259n YAP \u2013\u0131n \u00fczv\u00fcd\u00fcr.<\/p>\n\n\n\n<p>&nbsp;<strong>D\u0130L B\u0130LG\u0130S\u0130<\/strong><\/p>\n\n\n\n<p>\u0130ngilis, rus dill\u0259ri<\/p>\n","protected":false},"excerpt":{"rendered":"<p>Leksika v\u0259 \u00f6lk\u0259\u015f\u00fcnasl\u0131q kafedras\u0131n\u0131n ba\u015f m\u00fc\u0259llimi&nbsp;&nbsp;&nbsp;&nbsp;&nbsp;&nbsp; &nbsp;&nbsp;&nbsp; &nbsp;&nbsp;&nbsp;&nbsp;&nbsp;&nbsp;&nbsp;&nbsp;&nbsp;&nbsp;&nbsp;&nbsp;&nbsp;&nbsp;&nbsp;&nbsp;&nbsp;&nbsp;&nbsp;&nbsp;&nbsp;&nbsp; T\u00fcrkan \u018fnv\u0259r q\u0131z\u0131 Zeynalova Telefon: 0508919930 E- mail: turkanzeynalova1985@gmail.com QISA B\u0130OQRAF\u0130K M\u018fLUMAT 4 may 1985-ci ild\u0259 G\u0259nc\u0259 \u015f\u0259h\u0259rind\u0259 anadan olub.&nbsp; Ail\u0259lidir, iki \u00f6vlad\u0131 var. &nbsp;T\u018fHS\u0130L\u0130, ELM\u0130 D\u018fR\u018fC\u018fS\u0130 V\u018f ELM\u0130 ADLARI 1992-2003-ci ill\u0259rd\u0259 G\u0259nc\u0259 \u015f\u0259h\u0259ri 8 sayl\u0131 orta m\u0259kt\u0259bd\u0259 t\u0259hsil alm\u0131\u015f v\u0259 h\u0259min m\u0259kt\u0259bi f\u0259rql\u0259nm\u0259 il\u0259 bitirmi\u015fdir. 2003-2007-cu [&hellip;]<\/p>\n","protected":false},"author":4,"featured_media":0,"parent":0,"menu_order":0,"comment_status":"closed","ping_status":"closed","template":"","meta":{"footnotes":""},"categories":[],"tags":[],"class_list":["post-543","page","type-page","status-publish","hentry"],"_links":{"self":[{"href":"http:\/\/xdf.gdu.edu.az\/index.php?rest_route=\/wp\/v2\/pages\/543","targetHints":{"allow":["GET"]}}],"collection":[{"href":"http:\/\/xdf.gdu.edu.az\/index.php?rest_route=\/wp\/v2\/pages"}],"about":[{"href":"http:\/\/xdf.gdu.edu.az\/index.php?rest_route=\/wp\/v2\/types\/page"}],"author":[{"embeddable":true,"href":"http:\/\/xdf.gdu.edu.az\/index.php?rest_route=\/wp\/v2\/users\/4"}],"replies":[{"embeddable":true,"href":"http:\/\/xdf.gdu.edu.az\/index.php?rest_route=%2Fwp%2Fv2%2Fcomments&post=543"}],"version-history":[{"count":4,"href":"http:\/\/xdf.gdu.edu.az\/index.php?rest_route=\/wp\/v2\/pages\/543\/revisions"}],"predecessor-version":[{"id":11777,"href":"http:\/\/xdf.gdu.edu.az\/index.php?rest_route=\/wp\/v2\/pages\/543\/revisions\/11777"}],"wp:attachment":[{"href":"http:\/\/xdf.gdu.edu.az\/index.php?rest_route=%2Fwp%2Fv2%2Fmedia&parent=543"}],"wp:term":[{"taxonomy":"category","embeddable":true,"href":"http:\/\/xdf.gdu.edu.az\/index.php?rest_route=%2Fwp%2Fv2%2Fcategories&post=543"},{"taxonomy":"post_tag","embeddable":true,"href":"http:\/\/xdf.gdu.edu.az\/index.php?rest_route=%2Fwp%2Fv2%2Ftags&post=543"}],"curies":[{"name":"wp","href":"https:\/\/api.w.org\/{rel}","templated":true}]}}