{"id":522,"date":"2016-04-06T13:50:37","date_gmt":"2016-04-06T11:50:37","guid":{"rendered":"http:\/\/xd.gdu.edu.az\/?page_id=522"},"modified":"2023-05-23T10:04:16","modified_gmt":"2023-05-23T08:04:16","slug":"piriyeva-leyla-m%c9%99zahir-qizi","status":"publish","type":"page","link":"http:\/\/xdf.gdu.edu.az\/?page_id=522","title":{"rendered":"Piriyeva Leyla  M\u0259zahir q\u0131z\u0131"},"content":{"rendered":"\n<div class=\"wp-block-image\"><figure class=\"aligncenter size-large is-resized\"><img loading=\"lazy\" decoding=\"async\" src=\"http:\/\/xdf.gdu.edu.az\/wp-content\/uploads\/2023\/05\/IMG_1538.jpg\" alt=\"\" class=\"wp-image-12119\" width=\"190\" height=\"266\" srcset=\"http:\/\/xdf.gdu.edu.az\/wp-content\/uploads\/2023\/05\/IMG_1538.jpg 1160w, http:\/\/xdf.gdu.edu.az\/wp-content\/uploads\/2023\/05\/IMG_1538-768x1075.jpg 768w, http:\/\/xdf.gdu.edu.az\/wp-content\/uploads\/2023\/05\/IMG_1538-1097x1536.jpg 1097w\" sizes=\"auto, (max-width: 190px) 100vw, 190px\" \/><\/figure><\/div>\n\n\n\n<p><strong>Piriyeva Leyla M\u0259zahir q\u0131z\u0131<\/strong><\/p>\n\n\n\n<p><strong>V\u0259zif\u0259si<\/strong> : Rus dili&nbsp; kafedras\u0131n\u0131n ba\u015f m\u00fc\u0259llimi<\/p>\n\n\n\n<p><strong>Telefon: <\/strong>+994&nbsp;50\n7670665<\/p>\n\n\n\n<p><strong>E mail<\/strong> :&nbsp;&nbsp; <a href=\"mailto:Leyyaw82@mail.ru\">Leyyaw82@mail.ru<\/a><\/p>\n\n\n\n<p><strong>Q\u0131sa\nbioqrafik m\u0259lumat: <em>06.07. 1982-c\u0131&nbsp;&nbsp; <\/em><\/strong>ild\u0259&nbsp; G\u0259nc\u0259 \u015f\u0259h\u0259rind\u0259 \u0430n\u0430d\u0430n \u043elmu\u015fdur.<\/p>\n\n\n\n<p><strong><em>1998-c\u00fc<\/em><\/strong>&nbsp; ild\u0259 G\u0259nc\u0259 \u015f\u0259h\u0259ri 4sayl\u0131 orta m\u0259kt\u0259bi bitirmi\u015fdir.<\/p>\n\n\n\n<p><strong><em>2002-ci&nbsp; <\/em><\/strong>ild\u0259 indi\u043ai Bak\u0131 Slavyan\nUniversitetini filologiya i\u0445tis\u0430s\u0131n\u0131n bakalavr pill\u0259sini&nbsp; f\u0259rql\u0259nm\u0259 diplomu il\u0259 bitirmi\u015fdir.<\/p>\n\n\n\n<p><strong><em>2008-ci <\/em><\/strong>&nbsp;ild\u0259 G\u0259nc\u0259 D\u00f6vl\u0259t Universitetinin Xarici dil\n(rus dili ) istisasla\u015fmas\u0131 \u00fczr\u0259 magist pill\u0259sini&nbsp; f\u0259rql\u0259nm\u0259 diplomu il\u0259 bitirmi\u015fdir.<\/p>\n\n\n\n<p><strong><em>2010-cu&nbsp; <\/em><\/strong>ild\u0259m\u00fcs\u0430biq\u0259 y\u043elu <strong><em>&nbsp;<\/em><\/strong>G\u0259nc\u0259 D\u00f6vl\u0259t Universitetin\u0259 m\u00fc\u0259llim\ns\u0435\u00e7ilmi\u015fdir.<\/p>\n\n\n\n<p><strong><em>2015\n\u2013ci <\/em><\/strong>ild\u0259m\u00fcs\u0430biq\u0259 y\u043elu G\u0259nc\u0259 D\u00f6vl\u0259t Universitetin\u0259&nbsp; ba\u015f m\u00fc\u0259llim s\u0435\u00e7ilmi\u015fdir.<\/p>\n\n\n\n<p><strong>\u018fm\u0259k f\u0259aliyy\u0259ti:<\/strong> 2010 cu-\nild\u0259n&nbsp; hal haz\u0131rdada G\u0259nc\u0259 D\u00f6vl\u0259t\nUniversitetinin Rus dili&nbsp; kafedras\u0131n\u0131n\nba\u015f m\u00fc\u0259llimi.<\/p>\n\n\n\n<p><strong>T\u0259hsili:&nbsp;&nbsp; <\/strong>Ali.&nbsp; Bak\u0131 Slavyan Universitet, filologiya ixtisas\u0131<\/p>\n\n\n\n<p>&nbsp;&nbsp;&nbsp;&nbsp;&nbsp;&nbsp;&nbsp;&nbsp;&nbsp;&nbsp;&nbsp;&nbsp;&nbsp;&nbsp;&nbsp;&nbsp;&nbsp;&nbsp;&nbsp;&nbsp;&nbsp;&nbsp; G\u0259nc\u0259\nD\u00f6vl\u0259t Universiteti, Rus dili m\u00fc\u0259llimi ixtisas\u0131<\/p>\n\n\n\n<p><strong>Elmi \u0259s\u0259rl\u0259ri: <\/strong>\u00dcmumilikd\u0259 32\n\u0259d\u0259d elmi \u0259s\u0259r.<\/p>\n\n\n\n<p>1.\u0420\u0443\u0441\u0441\u043a\u0438\u0439\n\u044f\u0437\u044b\u043a(\u0443\u0447\u0435\u0431\u043d\u043e\u0435 \u043f\u043e\u0441\u043e\u0431\u0438\u0435 \u0434\u043b\u044f \u0441\u0442\u0443\u0434\u0435\u043d\u0442\u043e\u0432-\u0431\u0430\u043a\u0430\u043b\u0430\u0432\u0440\u043e\u0432 \u044f\u0437\u044b\u043a\u043e\u0432\u044b\u0445 \u0444\u0430\u043a\u0443\u043b\u044c\u0442\u0435\u0442\u043e\u0432) \u0427\u0430\u0441\u0442\u044c 3.\n2019 (d\u0259rs v\u0259saiti)<\/p>\n\n\n\n<p>2.\u0418\u043d\u0442\u0435\u0440\u0430\u043a\u0442\u0438\u0432\u043d\u044b\u0435 \u043c\u0435\u0442\u043e\u0434\u044b \u043f\u0440\u0435\u043f\u043e\u0434\u0430\u0432\u0430\u043d\u0438\u044f.\n2020(M\u0259qal\u0259)<\/p>\n\n\n\n<p>3. \u0417\u0430\u0438\u043c\u0441\u0442\u0432\u043e\u0432\u0430\u043d\u043d\u0430\u044f&nbsp;\n\u043b\u0435\u043a\u0441\u0438\u043a\u0430 \u043e\u0434\u0435\u0436\u0434\u044b \u0432 \u044f\u0437\u044b\u043a\u0435 \u0430\u0437\u0435\u0440\u0431\u0430\u0439\u0434\u0436\u0430\u043d\u0441\u043a\u043e\u0439 \u0430\u0448\u0443\u0433\u0441\u043a\u043e\u0439 \u043f\u043e\u044d\u0437\u0438\u0438.&nbsp; 2021(M\u0259qal\u0259)<\/p>\n\n\n\n<p>4. A\u015f\u0131q\n\u018fl\u0259sg\u0259rin yaradicili\u011finda geyim adlar\u0131. 2022(\nM\u0259qal\u0259)<\/p>\n\n\n\n<p><strong>Beyn\u0259\u0131xalq v\u0259 Respublika simpozium v\u0259 konfranslarda\ni\u015ftirak\u0131: <\/strong><\/p>\n\n\n\n<p>&nbsp; The role of clothing vocabulary in the\nformation of folklore style in the Ashug\/s work \u00abTheoretical and\nempirical scientific research: concept and trends\u00bbWith\nproceedings of the II internatonal scientific and practical conference. May 28,\n2021, O\u0445ford&nbsp; <strong><\/strong><\/p>\n\n\n\n<p><strong>Dil bilgisi<\/strong> : rus, t\u00fcrk,\ninglis<\/p>\n\n\n\n<p><strong>Partiyal\u0131\u011f\u0131<\/strong> :YAP<\/p>\n","protected":false},"excerpt":{"rendered":"<p>Piriyeva Leyla M\u0259zahir q\u0131z\u0131 V\u0259zif\u0259si : Rus dili&nbsp; kafedras\u0131n\u0131n ba\u015f m\u00fc\u0259llimi Telefon: +994&nbsp;50 7670665 E mail :&nbsp;&nbsp; Leyyaw82@mail.ru Q\u0131sa bioqrafik m\u0259lumat: 06.07. 1982-c\u0131&nbsp;&nbsp; ild\u0259&nbsp; G\u0259nc\u0259 \u015f\u0259h\u0259rind\u0259 \u0430n\u0430d\u0430n \u043elmu\u015fdur. 1998-c\u00fc&nbsp; ild\u0259 G\u0259nc\u0259 \u015f\u0259h\u0259ri 4sayl\u0131 orta m\u0259kt\u0259bi bitirmi\u015fdir. 2002-ci&nbsp; ild\u0259 indi\u043ai Bak\u0131 Slavyan Universitetini filologiya i\u0445tis\u0430s\u0131n\u0131n bakalavr pill\u0259sini&nbsp; f\u0259rql\u0259nm\u0259 diplomu il\u0259 bitirmi\u015fdir. 2008-ci &nbsp;ild\u0259 G\u0259nc\u0259 D\u00f6vl\u0259t Universitetinin [&hellip;]<\/p>\n","protected":false},"author":4,"featured_media":0,"parent":0,"menu_order":0,"comment_status":"closed","ping_status":"closed","template":"","meta":{"footnotes":""},"categories":[],"tags":[],"class_list":["post-522","page","type-page","status-publish","hentry"],"_links":{"self":[{"href":"http:\/\/xdf.gdu.edu.az\/index.php?rest_route=\/wp\/v2\/pages\/522","targetHints":{"allow":["GET"]}}],"collection":[{"href":"http:\/\/xdf.gdu.edu.az\/index.php?rest_route=\/wp\/v2\/pages"}],"about":[{"href":"http:\/\/xdf.gdu.edu.az\/index.php?rest_route=\/wp\/v2\/types\/page"}],"author":[{"embeddable":true,"href":"http:\/\/xdf.gdu.edu.az\/index.php?rest_route=\/wp\/v2\/users\/4"}],"replies":[{"embeddable":true,"href":"http:\/\/xdf.gdu.edu.az\/index.php?rest_route=%2Fwp%2Fv2%2Fcomments&post=522"}],"version-history":[{"count":4,"href":"http:\/\/xdf.gdu.edu.az\/index.php?rest_route=\/wp\/v2\/pages\/522\/revisions"}],"predecessor-version":[{"id":12167,"href":"http:\/\/xdf.gdu.edu.az\/index.php?rest_route=\/wp\/v2\/pages\/522\/revisions\/12167"}],"wp:attachment":[{"href":"http:\/\/xdf.gdu.edu.az\/index.php?rest_route=%2Fwp%2Fv2%2Fmedia&parent=522"}],"wp:term":[{"taxonomy":"category","embeddable":true,"href":"http:\/\/xdf.gdu.edu.az\/index.php?rest_route=%2Fwp%2Fv2%2Fcategories&post=522"},{"taxonomy":"post_tag","embeddable":true,"href":"http:\/\/xdf.gdu.edu.az\/index.php?rest_route=%2Fwp%2Fv2%2Ftags&post=522"}],"curies":[{"name":"wp","href":"https:\/\/api.w.org\/{rel}","templated":true}]}}