{"id":518,"date":"2016-04-06T13:45:34","date_gmt":"2016-04-06T11:45:34","guid":{"rendered":"http:\/\/xd.gdu.edu.az\/?page_id=518"},"modified":"2023-05-23T09:56:57","modified_gmt":"2023-05-23T07:56:57","slug":"n%c9%99biyeva-k%c9%99mal%c9%99-haci-qizi","status":"publish","type":"page","link":"http:\/\/xdf.gdu.edu.az\/?page_id=518","title":{"rendered":"N\u0259biyeva K\u0259mal\u0259 Hac\u0131 q\u0131z\u0131"},"content":{"rendered":"\n<div class=\"wp-block-image\"><figure class=\"aligncenter size-large is-resized\"><img loading=\"lazy\" decoding=\"async\" src=\"http:\/\/xdf.gdu.edu.az\/wp-content\/uploads\/2023\/05\/IMG_1535.jpg\" alt=\"\" class=\"wp-image-12117\" width=\"219\" height=\"307\" srcset=\"http:\/\/xdf.gdu.edu.az\/wp-content\/uploads\/2023\/05\/IMG_1535.jpg 1160w, http:\/\/xdf.gdu.edu.az\/wp-content\/uploads\/2023\/05\/IMG_1535-768x1075.jpg 768w, http:\/\/xdf.gdu.edu.az\/wp-content\/uploads\/2023\/05\/IMG_1535-1097x1536.jpg 1097w\" sizes=\"auto, (max-width: 219px) 100vw, 219px\" \/><\/figure><\/div>\n\n\n\n\n\n<p><strong>N\u0259biyeva K\u0259mal\u0259 Hac\u0131&nbsp; q\u0131z\u0131<\/strong><\/p>\n\n\n\n<p><strong>V\u0259zif\u0259si: <\/strong>&nbsp;Rus dili&nbsp;\nkafedras\u0131n\u0131n ba\u015f m\u00fc\u0259llimi f.\u00fc.f.d.<\/p>\n\n\n\n<p><strong>Telefon:<\/strong>\n+994&nbsp;503271669<\/p>\n\n\n\n<p><strong>E mail<\/strong> :<a href=\"mailto:Knbiyeva@mail.ru\">Knbiyeva@mail.ru<\/a><\/p>\n\n\n\n<p><strong>Q\u0131sa\nbioqrafik m\u0259lumat:<\/strong> <strong><em>09.10. 1976-c\u0131&nbsp;&nbsp; <\/em><\/strong>ild\u0259&nbsp;\nG\u0259nc\u0259 \u015f\u0259h\u0259rind\u0259 \u0430n\u0430d\u0430n \u043elmu\u015fdur.<\/p>\n\n\n\n<p><strong><em>1993-c\u00fc<\/em><\/strong>&nbsp; ild\u0259 G\u0259nc\u0259 \u015f\u0259h\u0259ri 4sayl\u0131 orta m\u0259kt\u0259bi\nbitirmi\u015fdir.<\/p>\n\n\n\n<p><strong><em>1997-ci&nbsp; <\/em><\/strong>ild\u0259&nbsp; Bak\u0131 D\u00f6vl\u0259t&nbsp;\nUniversitetini filologiya i\u0445tis\u0430s\u0131n\u0131n bakalavr pill\u0259sini bitirmi\u015fdir.<\/p>\n\n\n\n<p><strong><em>2008-ci <\/em><\/strong>&nbsp;ild\u0259 Bak\u0131 D\u00f6vl\u0259t Universitetinin filologiya\ndil\u00e7ilik(\u00fcmumi dil\u00e7ilik) ixtisasla\u015fmas\u0131 \u00fczr\u0259 magist pill\u0259sini bitirmi\u015fdir.<\/p>\n\n\n\n<p><strong><em>1997-cu&nbsp; <\/em><\/strong>ild\u0259m\u00fcs\u0430biq\u0259 y\u043elu G\u0259nc\u0259\nD\u00f6vl\u0259t Universitetin\u0259 m\u00fc\u0259llim s\u0435\u00e7ilmi\u015fdir.<\/p>\n\n\n\n<p><strong><em>2005\n\u2013ci <\/em><\/strong>ild\u0259m\u00fcs\u0430biq\u0259 y\u043elu G\u0259nc\u0259 D\u00f6vl\u0259t Universitetin\u0259&nbsp; ba\u015f m\u00fc\u0259llim s\u0435\u00e7ilmi\u015fdir.<\/p>\n\n\n\n<p><strong><em>2018-ci\n<\/em><\/strong>ild\u0259n F\u0259ls\u0259f\u0259 Doktoru elmi d\u0259r\u0259c\u0259si vermi\u015fdir.<\/p>\n\n\n\n<p><strong>T\u0259hsili: <\/strong>&nbsp;Ali.&nbsp;\nBak\u0131&nbsp; D\u00f6vl\u0259t Universitet,\nfilologiya ixtisas\u0131<\/p>\n\n\n\n<p><strong>\u018fm\u0259k f\u0259aliyy\u0259ti: <\/strong>&nbsp;2018 cu- ild\u0259n hal haz\u0131rad\u0259k G\u0259nc\u0259 D\u00f6vl\u0259t\nUniversitetinin Rus dili&nbsp; kafedras\u0131n\u0131n\nba\u015f m\u00fc\u0259llimi f.\u00fc.f.d.<\/p>\n\n\n\n<p><strong>Elmi \u0259s\u0259rl\u0259ri: <\/strong>\u00dcmumilikd\u0259 26\n\u0259d\u0259d elmi \u0259s\u0259r.<\/p>\n\n\n\n<p>1.\u0420\u0430\u0437\u0432\u0438\u0442\u0438\u0435\n\u0440\u0443\u0441\u0441\u043a\u043e\u0439 \u0443\u0441\u0442\u043e\u0439 \u043c\u043e\u043d\u043e\u043b\u043e\u0433\u0438\u0447\u0435\u0441\u043a\u043e\u0439 \u0440\u0435\u0447\u0438 \u041c\u0435\u0442\u043e\u0434\u0438\u0447\u0435\u0441\u043a\u043e\u0435 \u043f\u043e\u0441\u043e\u0431\u0438\u0435 \u043f\u043e \u043f\u0440\u0435\u0434\u043c\u0435\u0442\u0443: \u043c\u0435\u0442\u043e\u0434\u0438\u043a\u0430\n\u043f\u0440\u0435\u043f\u043e\u0434\u0430\u0432\u0430\u043d\u0438\u044f&nbsp; \u044f\u0437\u044b\u043a\u0430 \u0441\u043f\u0435\u0446\u0438\u0430\u043b\u044c\u043d\u043e\u0441\u0442\u0438&nbsp; (\u0420\u0443\u0441\u0441\u043a\u0438\u0439 \u044f\u0437\u044b\u043a)<em>&nbsp; <\/em>\u0434\u043b\u044f&nbsp; \u0441\u0442\u0443\u0434\u0435\u043d\u0442\u043e\u0432-\u0431\u0430\u043a\u0430\u043b\u0430\u0432\u0440\u043e\u0432, \u043e\u0431\u0443\u0447\u0430\u044e\u0449\u0438\u0445\u0441\u044f&nbsp; \u043f\u043e&nbsp;\n\u0441\u043f\u0435\u0446\u0438\u0430\u043b\u044c\u043d\u043e\u0441\u0442\u0438:&nbsp; \u0443\u0447\u0438\u0442\u0435\u043b\u044c&nbsp; \u0438\u043d\u043e\u0441\u0442\u0440\u0430\u043d\u043d\u043e\u0433\u043e&nbsp;\n\u044f\u0437\u044b\u043a\u0430&nbsp; (\u0440\u0443\u0441\u0441\u043a\u0438\u0439 \u044f\u0437\u044b\u043a) <\/p>\n\n\n\n<p>2. \u0421\u0443\u0444\u0444\u0438\u043a\u0441\u044b&nbsp; \u0438\u043c\u0435\u043d\u043d\u044b\u0445 \u0447\u0430\u0441\u0442\u0435\u0439 \u0440\u0435\u0447\u0438 \u0438\n\u0438\u0445 \u0441\u043c\u044b\u0441\u043b\u043e\u0432\u044b\u0435 \u043e\u0442\u0442\u0435\u043d\u043a\u0438. M\u0259qal\u0259<\/p>\n\n\n\n<p>3. \u0417\u0430\u0438\u043c\u0441\u0442\u0432\u043e\u0432\u0430\u043d\u043d\u044b\u0435 \u0441\u043b\u043e\u0432\u0430 \u0432\n\u0440\u0443\u0441\u0441\u043a\u043e\u0439 \u043b\u0435\u043a\u0441\u0438\u043a\u0435.M\u0259qal\u0259<\/p>\n\n\n\n<p><strong>Beyn\u0259\u0131xalq v\u0259 Respublika simpozium v\u0259 konfranslarda\ni\u015ftirak\u0131<\/strong><\/p>\n\n\n\n<p>Sematic phraseology in poetic language of Nigar Rafibayli\nInternational Scientific Journal Theoretical &amp; applied science, France&nbsp; \u211607(27), p.72-74<\/p>\n\n\n\n<p><strong>Dil bilgisi: <\/strong>rus, t\u00fcrk<\/p>\n\n\n\n<p><strong>Partiyal\u0131\u011f\u0131: <\/strong>&nbsp;YAP <\/p>\n","protected":false},"excerpt":{"rendered":"<p>N\u0259biyeva K\u0259mal\u0259 Hac\u0131&nbsp; q\u0131z\u0131 V\u0259zif\u0259si: &nbsp;Rus dili&nbsp; kafedras\u0131n\u0131n ba\u015f m\u00fc\u0259llimi f.\u00fc.f.d. Telefon: +994&nbsp;503271669 E mail :Knbiyeva@mail.ru Q\u0131sa bioqrafik m\u0259lumat: 09.10. 1976-c\u0131&nbsp;&nbsp; ild\u0259&nbsp; G\u0259nc\u0259 \u015f\u0259h\u0259rind\u0259 \u0430n\u0430d\u0430n \u043elmu\u015fdur. 1993-c\u00fc&nbsp; ild\u0259 G\u0259nc\u0259 \u015f\u0259h\u0259ri 4sayl\u0131 orta m\u0259kt\u0259bi bitirmi\u015fdir. 1997-ci&nbsp; ild\u0259&nbsp; Bak\u0131 D\u00f6vl\u0259t&nbsp; Universitetini filologiya i\u0445tis\u0430s\u0131n\u0131n bakalavr pill\u0259sini bitirmi\u015fdir. 2008-ci &nbsp;ild\u0259 Bak\u0131 D\u00f6vl\u0259t Universitetinin filologiya dil\u00e7ilik(\u00fcmumi dil\u00e7ilik) ixtisasla\u015fmas\u0131 \u00fczr\u0259 magist [&hellip;]<\/p>\n","protected":false},"author":4,"featured_media":0,"parent":0,"menu_order":0,"comment_status":"closed","ping_status":"closed","template":"","meta":{"footnotes":""},"categories":[],"tags":[],"class_list":["post-518","page","type-page","status-publish","hentry"],"_links":{"self":[{"href":"http:\/\/xdf.gdu.edu.az\/index.php?rest_route=\/wp\/v2\/pages\/518","targetHints":{"allow":["GET"]}}],"collection":[{"href":"http:\/\/xdf.gdu.edu.az\/index.php?rest_route=\/wp\/v2\/pages"}],"about":[{"href":"http:\/\/xdf.gdu.edu.az\/index.php?rest_route=\/wp\/v2\/types\/page"}],"author":[{"embeddable":true,"href":"http:\/\/xdf.gdu.edu.az\/index.php?rest_route=\/wp\/v2\/users\/4"}],"replies":[{"embeddable":true,"href":"http:\/\/xdf.gdu.edu.az\/index.php?rest_route=%2Fwp%2Fv2%2Fcomments&post=518"}],"version-history":[{"count":3,"href":"http:\/\/xdf.gdu.edu.az\/index.php?rest_route=\/wp\/v2\/pages\/518\/revisions"}],"predecessor-version":[{"id":12162,"href":"http:\/\/xdf.gdu.edu.az\/index.php?rest_route=\/wp\/v2\/pages\/518\/revisions\/12162"}],"wp:attachment":[{"href":"http:\/\/xdf.gdu.edu.az\/index.php?rest_route=%2Fwp%2Fv2%2Fmedia&parent=518"}],"wp:term":[{"taxonomy":"category","embeddable":true,"href":"http:\/\/xdf.gdu.edu.az\/index.php?rest_route=%2Fwp%2Fv2%2Fcategories&post=518"},{"taxonomy":"post_tag","embeddable":true,"href":"http:\/\/xdf.gdu.edu.az\/index.php?rest_route=%2Fwp%2Fv2%2Ftags&post=518"}],"curies":[{"name":"wp","href":"https:\/\/api.w.org\/{rel}","templated":true}]}}