{"id":501,"date":"2016-04-06T12:04:11","date_gmt":"2016-04-06T10:04:11","guid":{"rendered":"http:\/\/xd.gdu.edu.az\/?page_id=501"},"modified":"2023-05-23T09:26:08","modified_gmt":"2023-05-23T07:26:08","slug":"%c9%99liyeva-sevda-c%c9%99lal-qizi","status":"publish","type":"page","link":"http:\/\/xdf.gdu.edu.az\/?page_id=501","title":{"rendered":"\u018fliyeva Sevda C\u0259lal q\u0131z\u0131"},"content":{"rendered":"\n<div class=\"wp-block-image\"><figure class=\"aligncenter size-large is-resized\"><img loading=\"lazy\" decoding=\"async\" src=\"http:\/\/xdf.gdu.edu.az\/wp-content\/uploads\/2023\/05\/IMG_1547.jpg\" alt=\"\" class=\"wp-image-12125\" width=\"210\" height=\"294\" srcset=\"http:\/\/xdf.gdu.edu.az\/wp-content\/uploads\/2023\/05\/IMG_1547.jpg 1160w, http:\/\/xdf.gdu.edu.az\/wp-content\/uploads\/2023\/05\/IMG_1547-768x1075.jpg 768w, http:\/\/xdf.gdu.edu.az\/wp-content\/uploads\/2023\/05\/IMG_1547-1097x1536.jpg 1097w\" sizes=\"auto, (max-width: 210px) 100vw, 210px\" \/><\/figure><\/div>\n\n\n<p><strong>\u018fL\u0130YEVA SEVDA CALAL q\u0131z\u0131<\/strong><\/p>\n<p><strong>V\u018fZ\u0130F<\/strong><strong>\u018f<\/strong><strong>S\u0130: <\/strong><\/p>\n<p>Dosent<\/p>\n<p>\u00a0<\/p>\n<p><strong>TELEFON:<\/strong><\/p>\n<p>+994 55 513 44 90<\/p>\n<p>\u00a0<\/p>\n<p><strong>E-MAIL:<\/strong><\/p>\n<p><a href=\"mailto:aliyeva1958.sa@gmail.com\">aliyeva1958.sa@gmail.com<\/a><\/p>\n<p>\u00a0<\/p>\n<p><strong>QISA B\u0130OQRAF\u0130K M\u018fLUMAT:<\/strong><\/p>\n<p>\u00a0\u00a0\u00a0 5 may 1958-ci ild\u0259 G\u0259nc\u0259 \u015f\u0259h\u0259rind\u0259 anadan olmu\u015fdur, subay, iki \u00f6vlad\u0131 var, 2003c\u00fc ild\u0259n YAP-\u0131n \u00fczv\u00fcd\u00fcr.<\/p>\n<p>\u00a0<\/p>\n<p><strong>T\u018fS\u0130L:<\/strong><\/p>\n<p>1983-c\u00fc ild\u0259 BSU-nin rus dili v\u0259 \u0259d\u0259biyyat\u0131 fakult\u0259sini f\u0259rql\u0259nm\u0259 diplomu il\u0259 bitirmi\u015fdir.<\/p>\n<p><strong>\u00a0<\/strong><\/p>\n<p><strong>ELM\u0130 D\u018fR\u018fC\u018fS\u0130:<\/strong><\/p>\n<p>Filologiya elml\u0259r namiz\u0259di, dosent<\/p>\n<p>\u00a0<\/p>\n<p><strong>\u018fM\u018fK F\u018fAL\u0130YY\u018fT\u0130:<\/strong><\/p>\n<p>1983-c\u00fc ild\u0259n 1986-c\u0131 il, GDU-nin rus dili kafedras\u0131nda\u00a0 m\u00fc\u0259llim, 1986-1994 ba\u015f m\u00fc\u0259llim, 1994-1996 dosent \u0259v\u0259zi, 1996c\u0131 ild\u0259n dodent v\u0259zif\u0259sind\u0259 cal\u0131\u015f\u0131r.<\/p>\n<p>\u00a0<\/p>\n<p><strong>T\u018fLT\u0130FL\u018fR\u0130:<\/strong><\/p>\n<ol>\n<li><strong>22 \u0438\u044e\u043b\u044f 2017 \u0433\u043e\u0434\u0430 \u043f\u0440\u043e\u0448\u043b\u0430 \u043a\u0443\u0440\u0441\u044b \u043f\u043e\u0432\u044b\u0448\u0435\u043d\u0438\u044f \u043a\u0432\u0430\u043b\u0438\u0444\u0438\u043a\u0430\u0446\u0438\u0438 \u0432 \u041c\u043e\u0441\u043a\u0432\u0435 \u043f\u0440\u0438 \u0413\u043e\u0441\u0443\u0434\u0430\u0440\u0441\u0442\u0432\u0435\u043d\u043d\u043e\u043c \u0418\u043d\u0441\u0442\u0438\u0442\u0443\u0442\u0435 \u0420\u0443\u0441\u0441\u043a\u043e\u0433\u043e \u044f\u0437\u044b\u043a\u0430 \u0438\u043c\u0435\u043d\u0438 \u0410.\u0421. \u041f\u0443\u0448\u043a\u0438\u043d\u0430.<\/strong><\/li>\n<li><strong>Erasmus + 2014-2020 treninq sertifikat.<\/strong><\/li>\n<li><strong>\u00dcmumi t\u0259hsil kurrikulumun m\u0259s\u0259l\u0259l\u0259ri 06.08.2014<\/strong><\/li>\n<li><strong>\u0421\u0435\u0440\u0442\u0438\u0444\u0438\u043a\u0430\u0442 \u0447\u043b\u0435\u043d\u0430 \u0436\u044e\u0440\u0438 \u043e\u043b\u0438\u043c\u043f\u0438\u0430\u0434\u044b \u043f\u043e \u0440\u0443\u0441\u0441\u043a\u043e\u043c\u0443 \u044f\u0437\u044b\u043a\u0443. \u0413\u044f\u043d\u0434\u0436\u0430 23.11.2013<\/strong><\/li>\n<li><strong>GDU-nun f\u0259xri f\u0259rman\u0131 08.03.2016<\/strong><\/li>\n<\/ol>\n<p><strong>T\u018fDQ\u0130QAT SAH\u018fS\u0130:<\/strong><\/p>\n<p>\u00a0\u00a0\u00a0 rus dilinin t\u0259drisi, rus v\u0259 Az\u0259rbaycan dill\u0259rinin m\u00fcqais\u0259si, t\u0259rc\u00fcm\u0259\u00a0 \u0259s\u0259l\u0259l\u0259ri (lirikada), dilin inteqrasiyas\u0131, terminologiya sah\u0259si.<\/p>\n<p>\u00a0<\/p>\n<p><strong>ELM\u0130 \u018fS\u018fRL\u018fR\u0130:<\/strong><\/p>\n<ol>\n<li><strong>\u041e \u0441\u043e\u0432\u0440\u0435\u043c\u0435\u043d\u043d\u043e\u043c \u043c\u043e\u043b\u043e\u0434\u0435\u0436\u043d\u043e\u043c \u0436\u0430\u0440\u0433\u043e\u043d\u0435. \u041c\u0430\u0445\u0430\u0447\u043a\u0430\u043b\u0430 2010<\/strong><\/li>\n<li><strong>\u041e\u0441\u043e\u0431\u0435\u043d\u043d\u043e\u0441\u0442\u0438 \u0433\u0440\u0430\u043c\u043c\u0430\u0442\u0438\u0447\u0435\u0441\u043a\u043e\u0433\u043e \u0430\u0442\u0440\u0438\u0431\u0443\u0442\u0430 \u0432 \u0440\u0443\u0441\u0441\u043a\u043e\u043c \u044f\u0437\u044b\u043a\u0435<\/strong><strong>. Ali m\u0259kt\u0259bl\u0259raras\u0131 Elmi m\u0259qal\u0259l\u0259r m\u0259cmu\u0259si. Humanitar elml\u0259rin \u00f6yr\u0259nilm\u0259sinin aktual probleml\u0259ri.<\/strong><\/li>\n<li><strong>\u041f\u0440\u043e\u0431\u043b\u0435\u043c\u0430 \u043f\u043e\u0434\u0431\u043e\u0440\u0430 \u044d\u043a\u0432\u0438\u0432\u0430\u043b\u0435\u043d\u0442\u043d\u044b\u0445 \u0441\u043e\u043e\u0442\u0432\u0435\u0442\u0441\u0442\u0432\u0438\u0439 \u043f\u0440\u0438 \u043f\u0435\u0440\u0435\u0432\u043e\u0434\u0435 \u043b\u0438\u0440\u0438\u0447\u0435\u0441\u043a\u0438\u0445 \u043f\u0440\u043e\u0438\u0437\u0432\u0435\u0434\u0435\u043d\u0438\u0439. \u041c\u043e\u0441\u043a\u0432\u0430, 2019<\/strong><\/li>\n<li><strong>\u0417\u0430\u043b\u043e\u0433\u0438 \u0433\u043b\u0430\u0433\u043e\u043b\u0430 \u0432 \u0440\u0443\u0441\u0441\u043a\u043e\u043c \u0438 \u0430\u0437\u0435\u0440\u0431\u0430\u0439\u0434\u0436\u0430\u043d\u0441\u043a\u043e\u043c \u044f\u0437\u044b\u043a\u0430\u0445<\/strong><strong>Beyn\u0259lxalq Elmi-n\u0259z\u0259ri jurnal Bak\u0131-2022<\/strong><\/li>\n<li><strong>\u041d\u0435\u043a\u043e\u0442\u043e\u0440\u044b\u0435 \u044d\u043c\u043f\u0438\u0440\u0438\u0447\u0435\u0441\u043a\u0438\u0435 \u043d\u044e\u0430\u043d\u0441\u044b \u043e \u0432\u0435\u043b\u0438\u043a\u043e\u043c \u0430\u0437\u0435\u0440\u0431\u0430\u0439\u0434\u0436\u0430\u043d\u0441\u043a\u043e\u043c \u043f\u043e\u044d\u0442\u0435 \u0438 \u043a\u043b\u0430\u0441\u0441\u0438\u043a\u0435 \u0421\u0440\u0435\u0434\u043d\u0435\u0432\u0435\u043a\u043e\u0432\u043e\u0433\u043e \u0412\u043e\u0441\u0442\u043e\u043a\u0430. \u041d\u0438\u0437\u0430\u043c\u0438 \u0413\u044f\u043d\u0434\u0436\u0435\u0432\u0438<\/strong><strong> AMEA, Fizuli ad\u0131na Dil\u00e7ilik \u0130nstitutu. 2021 \u21164<\/strong><\/li>\n<\/ol>\n<p><strong>BEYN\u018fLXALQ V\u018f RESPUBL\u0130KA SIMPOZIUM V\u018f KONFRANSLARDA I\u015eTIRAKI:<\/strong><\/p>\n<ol>\n<li><strong>\u041c\u0435\u0436\u0434\u0443\u043d\u0430\u0440\u043e\u0434\u043d\u0430\u044f \u041d\u0430\u0443\u0447\u043d\u043e- \u043f\u0440\u0430\u043a\u0442\u0438\u0447\u0435\u0441\u043a\u0430\u044f \u043a\u043e\u043d\u0444\u0435\u0440\u0435\u043d\u0446\u0438\u044f 14-15 \u043c\u0430\u044f 2010<\/strong><\/li>\n<li><strong>\u0425\u0425-\u0430\u044f \u041c\u0435\u0436\u0434\u0443\u043d\u0430\u0440\u043e\u0434\u043d\u0430\u044f \u043d\u0430\u0443\u0447\u043d\u043e- \u043f\u0440\u0430\u043a\u0442\u0438\u0447\u0435\u0441\u043a\u0430\u044f \u043a\u043e\u043d\u0444\u0435\u0440\u0435\u043d\u0446\u0438\u044f \u00ab\u0421\u043b\u0430\u0432\u044f\u043d\u0441\u043a\u0430\u044f \u043a\u0443\u043b\u044c\u0442\u0443\u0440\u0430: \u0438\u0441\u0442\u043e\u043a\u0438, \u0442\u0440\u0430\u0434\u0438\u0446\u0438\u0438. \u041a\u0438\u0440\u0438\u043b\u043b\u043e-\u041c\u0435\u0444\u043e\u0434\u0438\u0435\u0432\u0441\u043a\u0438\u0435 \u0447\u0442\u0435\u043d\u0438\u044f\u00bb. 22-24 \u043c\u0430\u044f 2019<\/strong><\/li>\n<li><strong>\u041c\u0435\u0436\u0434\u0443\u043d\u0430\u0440\u043e\u0434\u043d\u0430\u044f \u0427\u0438\u0442\u0430\u0442\u0435\u043b\u044c\u0441\u043a\u0430\u044f \u0410\u0441\u0441\u0430\u043c\u0431\u043b\u0435\u044f \u0441\u043e\u0434\u0440\u0443\u0436\u0435\u0441\u0442\u0432\u0430.09.09. 2020 \u041c\u043e\u0441\u043a\u0432\u0430.<\/strong><\/li>\n<li><strong>\u041a \u043f\u0440\u043e\u0431\u043b\u0435\u043c\u0435 \u043f\u0435\u0440\u0435\u0432\u043e\u0434\u0430 \u0433\u0430\u0437\u0435\u043b\u0435\u0439 \u041c.\u0428. \u0412\u0430\u0437\u0435\u0445\u0430 \u043d\u0430 \u0440\u0443\u0441\u0441\u043a\u0438\u0439 \u044f\u0437\u044b\u043a\u00bb <\/strong><strong>BSU Tagiyev oxular\u0131 Elmi m\u0259qal\u0259l\u0259r m\u0259cmu\u0259si 2016 \u21162<\/strong><\/li>\n<\/ol>\n<p><strong>D\u0130L BACARIQLARI:<\/strong><\/p>\n<p>rus, alman, t\u00fcrk dill\u0259ri<\/p>\n<p><strong>PARTIYALIGI:<\/strong><\/p>\n<p>2003-c\u00fc ild\u0259n YAP-\u0131n \u00fczv\u00fcd\u00fcr<\/p>\n<p>\u00a0<\/p>\n<p>\u00a0<\/p>\n<p>\u00a0<\/p>","protected":false},"excerpt":{"rendered":"<p>\u018fL\u0130YEVA SEVDA CALAL q\u0131z\u0131 V\u018fZ\u0130F\u018fS\u0130: Dosent \u00a0 TELEFON: +994 55 513 44 90 \u00a0 E-MAIL: aliyeva1958.sa@gmail.com \u00a0 QISA B\u0130OQRAF\u0130K M\u018fLUMAT: \u00a0\u00a0\u00a0 5 may 1958-ci ild\u0259 G\u0259nc\u0259 \u015f\u0259h\u0259rind\u0259 anadan olmu\u015fdur, subay, iki \u00f6vlad\u0131 var, 2003c\u00fc ild\u0259n YAP-\u0131n \u00fczv\u00fcd\u00fcr. \u00a0 T\u018fS\u0130L: 1983-c\u00fc ild\u0259 BSU-nin rus dili v\u0259 \u0259d\u0259biyyat\u0131 fakult\u0259sini f\u0259rql\u0259nm\u0259 diplomu il\u0259 bitirmi\u015fdir. \u00a0 ELM\u0130 D\u018fR\u018fC\u018fS\u0130: Filologiya [&hellip;]<\/p>\n","protected":false},"author":4,"featured_media":0,"parent":0,"menu_order":0,"comment_status":"closed","ping_status":"closed","template":"","meta":{"footnotes":""},"categories":[],"tags":[],"class_list":["post-501","page","type-page","status-publish","hentry"],"_links":{"self":[{"href":"http:\/\/xdf.gdu.edu.az\/index.php?rest_route=\/wp\/v2\/pages\/501","targetHints":{"allow":["GET"]}}],"collection":[{"href":"http:\/\/xdf.gdu.edu.az\/index.php?rest_route=\/wp\/v2\/pages"}],"about":[{"href":"http:\/\/xdf.gdu.edu.az\/index.php?rest_route=\/wp\/v2\/types\/page"}],"author":[{"embeddable":true,"href":"http:\/\/xdf.gdu.edu.az\/index.php?rest_route=\/wp\/v2\/users\/4"}],"replies":[{"embeddable":true,"href":"http:\/\/xdf.gdu.edu.az\/index.php?rest_route=%2Fwp%2Fv2%2Fcomments&post=501"}],"version-history":[{"count":2,"href":"http:\/\/xdf.gdu.edu.az\/index.php?rest_route=\/wp\/v2\/pages\/501\/revisions"}],"predecessor-version":[{"id":12145,"href":"http:\/\/xdf.gdu.edu.az\/index.php?rest_route=\/wp\/v2\/pages\/501\/revisions\/12145"}],"wp:attachment":[{"href":"http:\/\/xdf.gdu.edu.az\/index.php?rest_route=%2Fwp%2Fv2%2Fmedia&parent=501"}],"wp:term":[{"taxonomy":"category","embeddable":true,"href":"http:\/\/xdf.gdu.edu.az\/index.php?rest_route=%2Fwp%2Fv2%2Fcategories&post=501"},{"taxonomy":"post_tag","embeddable":true,"href":"http:\/\/xdf.gdu.edu.az\/index.php?rest_route=%2Fwp%2Fv2%2Ftags&post=501"}],"curies":[{"name":"wp","href":"https:\/\/api.w.org\/{rel}","templated":true}]}}