{"id":493,"date":"2016-04-06T11:32:42","date_gmt":"2016-04-06T09:32:42","guid":{"rendered":"http:\/\/xd.gdu.edu.az\/?page_id=493"},"modified":"2023-05-23T09:20:57","modified_gmt":"2023-05-23T07:20:57","slug":"%c9%99hm%c9%99dova-k%c9%99mal%c9%99-q%c9%99l%c9%99nd%c9%99r-qizi","status":"publish","type":"page","link":"http:\/\/xdf.gdu.edu.az\/?page_id=493","title":{"rendered":"\u018fhm\u0259dova K\u0259mal\u0259 Q\u0259l\u0259nd\u0259r q\u0131z\u0131"},"content":{"rendered":"\n<div class=\"wp-block-image\"><figure class=\"aligncenter size-large is-resized\"><img loading=\"lazy\" decoding=\"async\" src=\"http:\/\/xdf.gdu.edu.az\/wp-content\/uploads\/2023\/05\/IMG_1551.jpg\" alt=\"\" class=\"wp-image-12126\" width=\"198\" height=\"277\" srcset=\"http:\/\/xdf.gdu.edu.az\/wp-content\/uploads\/2023\/05\/IMG_1551.jpg 1160w, http:\/\/xdf.gdu.edu.az\/wp-content\/uploads\/2023\/05\/IMG_1551-768x1075.jpg 768w, http:\/\/xdf.gdu.edu.az\/wp-content\/uploads\/2023\/05\/IMG_1551-1097x1536.jpg 1097w\" sizes=\"auto, (max-width: 198px) 100vw, 198px\" \/><\/figure><\/div>\n\n\n<p>\u00a0<\/p>\n<p>\u00a0<\/p>\n<p>\u00a0<\/p>\n\n\n<p><strong>\u018fhm\u0259dova\nK\u0259mal\u0259 Q\u0259l\u0259nd\u0259r q\u0131z\u0131<\/strong><\/p>\n\n\n\n<p><strong>V\u0259zif\u0259si&nbsp;<\/strong>: GDU-nun\n\u00abRus dili\u00bb kafedras\u0131n\u0131n m\u00fcdiri, dosent <\/p>\n\n\n\n<p>Telefon: +994 50&nbsp;361\n83 83<\/p>\n\n\n\n<p>&nbsp;&nbsp;&nbsp;&nbsp;&nbsp;&nbsp;&nbsp;&nbsp; &nbsp;&nbsp;&nbsp;&nbsp;\n+994 55&nbsp;843 12 73<\/p>\n\n\n\n<p><strong>Email:\nkamalya.akhmedova@mail.ru<\/strong><strong><\/strong><\/p>\n\n\n\n<p><strong>Q\u0131sa\nbioqrafik m\u0259lumat<\/strong><\/p>\n\n\n\n<ul class=\"wp-block-list\"><li>1961-ci il 09\nsentyabrda Qazax \u015f\u0259h\u0259rind\u0259&nbsp; anadan olmu\u015fdur.<\/li><li>1968-1978-ci\nill\u0259rd\u0259 Qazax \u015f\u0259h\u0259rinin 2 sayl\u0131 orta m\u0259kt\u0259bd\u0259 t\u0259hsil alm\u0131\u015f v\u0259 h\u0259min m\u0259kt\u0259bi\nbitirmi\u015fdir<\/li><li>Ail\u0259lidir 2\n\u00f6vlad\u0131 var<\/li><\/ul>\n\n\n\n<ul class=\"wp-block-list\"><li><strong>T\u0259hsili:<\/strong> 1978-ci ild\u0259 M. F. Axundov ad\u0131na Rus dili v\u0259 \u018fd\u0259biyyat\u0131 \u0130nstitutuna daxil\nolmu\u015f v\u0259 1983-c\u00fc ild\u0259 h\u0259min Ali m\u0259kt\u0259bin \u00abMilli m\u0259kt\u0259bl\u0259rd\u0259 rus dili\u00bb ixtisas\u0131\n\u00fczr\u0259 t\u0259hsil alm\u0131\u015f v\u0259&nbsp; bitirmi\u015fdir.<\/li><\/ul>\n\n\n\n<p>&nbsp;&nbsp;&nbsp;&nbsp;&nbsp;&nbsp;&nbsp;&nbsp;&nbsp;&nbsp;&nbsp;&nbsp;&nbsp;&nbsp;&nbsp;&nbsp;&nbsp;&nbsp; <strong>Elmi d\u0259r\u0259c\u0259si v\u0259 adlar\u0131<\/strong><strong>:<\/strong><\/p>\n\n\n\n<ul class=\"wp-block-list\"><li>1990-1995-ci\nill\u0259rd\u0259 Az\u0259rbaycan Respublikas\u0131 Milli Elml\u0259r Akademiyas\u0131n\u0131n Nizami ad\u0131na\nDil\u00e7ilik \u0130nstitutunun&nbsp; dissertant\u0131 olmu\u015f\nv\u0259 1995-ci ild\u0259 \u201cAz\u0259rbaycan dilind\u0259 Rus v\u0259 Avropa m\u0259n\u015f\u0259li alinma s\u00f6zl\u0259r\u201d\nm\u00f6vzusu&nbsp; \u00fczr\u0259 namiz\u0259dlik dissertasiyas\u0131n\u0131\nu\u011furla m\u00fcdafi\u0259 etmi\u015f v\u0259 filologiya elml\u0259ri namiz\u0259di elmi elmi d\u0259r\u0259c\u0259sini\nalm\u0131\u015fdir.<\/li><li>2001-ci ild\u0259 dosent elmi ad\u0131 alm\u0131\u015fd\u0131r.<\/li><\/ul>\n\n\n\n<p><strong>\u018fm\u0259k f\u0259aliyy\u0259ti<\/strong><\/p>\n\n\n\n<ul class=\"wp-block-list\"><li>1983-c\u00fc&nbsp; ild\u0259n\nt\u0259yinatla G\u0259nc\u0259 \u015f\u0259h\u0259r 6 sayr\u0131 tam orta m\u0259kt\u0259bd\u0259 Rus dili m\u00fc\u0259llimi kimi f\u0259aliyy\u0259t\u0259\nba\u015flam\u0131\u015fd\u0131r.<\/li><li>1986- 1991-c\u0131 ill\u0259rd\u0259 H. Z\u0259rdabi ad\u0131na Kirovabad\nD\u00f6vl\u0259t Pedaqoji \u0130nstitutunun Komsomol Komit\u0259 katibi v\u0259zif\u0259sind\u0259 \u00e7al\u0131\u015fm\u0131\u015fd\u0131r.\n1988-ci ild\u0259 \u0130nsitutunun Rus dili kafedras\u0131nda 0,5 \u015ftatla m\u00fc\u0259llim kimi f\u0259aliyy\u0259t\u0259\nba\u015flam\u0131\u015f v\u0259&nbsp; bu g\u00fcn\u0259 q\u0259d\u0259r f\u0259aliyy\u0259tini\ndavam etdirir.&nbsp; <\/li><li>2001- 2010-cu ill\u0259rd\u0259 G\u0259nc\u0259 D\u00f6vl\u0259t Universitetind\u0259&nbsp; AH\u0130K-in s\u0259dri v\u0259zif\u0259sind\u0259 \u00e7al\u0131\u015fm\u0131\u015fd\u0131r.\n2011-ci ild\u0259n hal-haz\u0131ra q\u0259d\u0259r Rus dili kafedras\u0131na r\u0259hb\u0259rlik&nbsp; edir.<\/li><\/ul>\n\n\n\n<p><strong>T\u0259dqiqat sah\u0259si<\/strong><\/p>\n\n\n\n<p><strong>&nbsp;&nbsp;&nbsp;&nbsp;&nbsp;&nbsp;&nbsp;&nbsp; <\/strong>T\u0259rc\u00fcm\u0259 n\u0259z\u0259riyy\u0259si;<\/p>\n\n\n\n<p>Rus dilinin t\u0259drisi; <\/p>\n\n\n\n<p>Dil\u00e7ilik;<\/p>\n\n\n\n<p>Nitq m\u0259d\u0259niyy\u0259ti v\u0259 \u00fcslubiyyat.<\/p>\n\n\n\n<p><strong>Beyn\u0259lxalq v\u0259 respublika s\u0259viyy\u0259li seminar, simpozium v\u0259\nkonfranslarda i\u015ftirak\u0131<\/strong><\/p>\n\n\n\n<p><strong>Elmi\n\u0259s\u0259rl\u0259ri:<\/strong><\/p>\n\n\n\n<p>&nbsp;&nbsp;&nbsp; 1.\u042f\u0437\u044b\u043a \u043c\u0443\u0434\u0440\u043e\u0441\u0442\u0438 \u0438\u043b\u0438 \u0432\u043b\u0438\u044f\u043d\u0438\u0435 \u043f\u043e\u0441\u043b\u043e\u0432\u0438\u0446 \u0438\n\u043f\u043e\u0433\u043e\u0432\u043e\u0440\u043e\u043a \u043d\u0430 \u043d\u0430\u0448\u0435 \u043c\u044b\u0448\u043b\u0435\u043d\u0438\u0435&nbsp; \u041c\u0435\u0436\u0434\u0443\u043d\u0430\u0440\u043e\u0434\u043d\u0430\u044f\n\u043a\u043e\u043d\u0444\u0435\u0440\u0435\u043d\u0446\u0438\u044f-2016<\/p>\n\n\n\n<p>&nbsp;&nbsp;&nbsp;&nbsp; 2.&nbsp;&nbsp;\n\u0420\u0435\u0447\u0435\u0432\u044b\u0435 \u043e\u0448\u0438\u0431\u043a\u0438 \u0438\u043d\u043e\u0441\u0442\u0440\u0430\u043d\u043d\u044b\u0445 \u0441\u0442\u0443\u0434\u0435\u043d\u0442\u043e\u0432 \u0438 \u0438\u0445 \u043f\u0440\u0438\u0447\u0438\u043d\u044b GDU, \u201cElmi x\u0259b\u0259rl\u0259r\u201d,\n\u2116 1, G\u0259nc\u0259, 2017 <\/p>\n\n\n\n<p>&nbsp;&nbsp;&nbsp;&nbsp; 3. \u0424\u043e\u0440\u043c\u0438\u0440\u043e\u0432\u0430\u043d\u0438\u0435 \u0443\u043c\u0435\u043d\u0438\u0439 \u0438 \u043d\u0430\u0432\u044b\u043a\u043e\u0432\n\u043f\u0440\u043e\u0438\u0437\u043d\u043e\u0441\u0438\u0442\u0435\u043b\u044c\u043d\u043e\u0439 \u0440\u0443\u0441\u0441\u043a\u043e\u0439 \u0440\u0435\u0447\u0438 \u0443 \u0443\u0447\u0430\u0449\u0438\u0445\u0441\u044f- \u0430\u0437\u0435\u0440\u0431\u0430\u0439\u0434\u0436\u0430\u043d\u0446\u0435\u0432. \u041c\u0430\u0442\u0435\u0440\u0438\u0430\u043b\u044b \u041c\u0435\u0436\u0434\u0443\u043d\u0430\u0440\u043e\u0434\u043d\u043e\u0439 \u043d\u0430\u0443\u0447\u043d\u043e- \u043f\u0440\u0430\u043a\u0442\u0438\u0447\u0435\u0441\u043a\u043e\u0439\n\u043a\u043e\u043d\u0444\u0435\u0440\u0435\u043d\u0446\u0438\u0438. \u041c\u043e\u0441\u043a\u0432\u0430- 2019<\/p>\n\n\n\n<p>&nbsp;&nbsp;&nbsp;&nbsp; 4. \u0414\u0438\u0444\u0444\u0435\u0440\u0435\u043d\u0446\u0438\u0430\u043b\u044c\u043d\u044b\u0435 \u043f\u0440\u0438\u0437\u043d\u0430\u043a\u0438 \u0444\u043e\u043d\u0435\u043c&nbsp; \u0412 \u0441\u0431. \u00ab\u041d\u0430\u0443\u0447\u043d\u044b\u0435 \u0442\u0440\u0443\u0434\u044b\u00bb \u0413\u0413\u0423, 2019<\/p>\n\n\n\n<p>&nbsp;&nbsp;&nbsp;&nbsp; 5. \u0422\u0440\u0443\u0434\u043d\u043e\u0441\u0442\u0438 \u0432 \u043f\u0440\u0435\u043f\u043e\u0434\u0430\u0432\u0430\u043d\u0438\u0438 \u043b\u0435\u043a\u0441\u0438\u043a\u043e-\n\u0441\u0435\u043c\u0430\u043d\u0442\u0438\u0447\u0435\u0441\u043a\u043e\u0439 \u043a\u0430\u0442\u0435\u0433\u043e\u0440\u0438\u0438 \u0440\u043e\u0434\u0430 \u0442\u044e\u0440\u043a\u043e\u044f\u0437\u044b\u0447\u043d\u044b\u043c \u0441\u0442\u0443\u0434\u0435\u043d\u0442\u0430\u043c. \u0412 \u043c\u0430\u0442\u0435\u0440\u0438\u0430\u043b\u0430\u0445&nbsp; \u0424\u041e\u0420\u0423\u041c \u0410&nbsp;\n\u041c\u0413\u0423&nbsp; \u0420\u041a\u0418- \u041c\u043e\u0441\u043a\u0432\u0430, 2020&nbsp;&nbsp;&nbsp;&nbsp;&nbsp;&nbsp;&nbsp;&nbsp;&nbsp;&nbsp;&nbsp;&nbsp;&nbsp;&nbsp; <\/p>\n\n\n\n<p><strong>K\u0130TABLAR v\u0259 D\u018fRS\nV\u018fSA\u0130TL\u018fR\u0130:<\/strong><\/p>\n\n\n\n<p><strong>&nbsp;&nbsp;&nbsp;&nbsp; <\/strong>1.\u0414\u043e\u0446\u0435\u043d\u0442\u044b \u042d.\u0425. \u0413\u0435\u0439\u0434\u0430\u0440\u043e\u0432\u0430, \u041a.\u041a.\n\u0410\u0445\u043c\u0435\u0434\u043e\u0432\u0430,&nbsp; \u0410\u043b\u0435\u043a\u043f\u0435\u0440\u043e\u0432\u0430&nbsp; \u041a.\u0418. \u00ab\u0420\u0443\u0441\u0441\u043a\u0438\u0439 \u044f\u0437\u044b\u043a\u00bb \u0423\u0447\u0435\u0431\u043d\u043e\u0435 \u043f\u043e\u0441\u043e\u0431\u0438\u0435 \u0434\u043b\u044f\n\u0441\u0442\u0443\u0434\u0435\u043d\u0442\u043e\u0432- \u0431\u0430\u043a\u0430\u043b\u0430\u0432\u0440\u043e\u0432 \u043d\u0435\u044f\u0437\u044b\u043a\u043e\u0432\u044b\u0445 \u0441\u043f\u0435\u0446\u0438\u0430\u043b\u044c\u043d\u043e\u0441\u0442\u0435\u0439. \u0411\u0430\u043a\u0443 -2016<\/p>\n\n\n\n<p>&nbsp;&nbsp;&nbsp; 2. \u0414\u043e\u0446\u0435\u043d\u0442\u044b \u042d.\u0425. \u0413\u0435\u0439\u0434\u0430\u0440\u043e\u0432\u0430, \u041a.\u041a.\n\u0410\u0445\u043c\u0435\u0434\u043e\u0432\u0430,&nbsp; \u0410\u043b\u0435\u043a\u043f\u0435\u0440\u043e\u0432\u0430&nbsp; \u041a.\u0418. \u00ab\u0420\u0443\u0441\u0441\u043a\u0438\u0439 \u044f\u0437\u044b\u043a\u00bb \u0423\u0447\u0435\u0431\u043d\u043e\u0435 \u043f\u043e\u0441\u043e\u0431\u0438\u0435 \u0434\u043b\u044f\n\u0441\u0442\u0443\u0434\u0435\u043d\u0442\u043e\u0432- \u0431\u0430\u043a\u0430\u043b\u0430\u0432\u0440\u043e\u0432 \u044f\u0437\u044b\u043a\u043e\u0432\u044b\u0445 \u0441\u043f\u0435\u0446\u0438\u0430\u043b\u044c\u043d\u043e\u0441\u0442\u0435\u0439 I \u0447\u0430\u0441\u0442\u044c. \u0411\u0430\u043a\u0443 -2016.<\/p>\n\n\n\n<p>&nbsp;&nbsp;&nbsp; 3. \u0414\u043e\u0446\u0435\u043d\u0442\u044b \u042d.\u0425. \u0413\u0435\u0439\u0434\u0430\u0440\u043e\u0432\u0430, \u041a.\u041a.\n\u0410\u0445\u043c\u0435\u0434\u043e\u0432\u0430,&nbsp; \u0410\u043b\u0435\u043a\u043f\u0435\u0440\u043e\u0432\u0430&nbsp; \u041a.\u0418. \u00ab\u0420\u0443\u0441\u0441\u043a\u0438\u0439 \u044f\u0437\u044b\u043a\u00bb \u0423\u0447\u0435\u0431\u043d\u043e\u0435 \u043f\u043e\u0441\u043e\u0431\u0438\u0435 \u0434\u043b\u044f\n\u0441\u0442\u0443\u0434\u0435\u043d\u0442\u043e\u0432- \u0431\u0430\u043a\u0430\u043b\u0430\u0432\u0440\u043e\u0432 \u044f\u0437\u044b\u043a\u043e\u0432\u044b\u0445 \u0441\u043f\u0435\u0446\u0438\u0430\u043b\u044c\u043d\u043e\u0441\u0442\u0435\u0439 II \u0447\u0430\u0441\u0442\u044c. \u0411\u0430\u043a\u0443 -2016.<\/p>\n\n\n\n<p>&nbsp;&nbsp; 4.\u0414\u043e\u0446\u0435\u043d\u0442 \u0410\u0445\u043c\u0435\u0434\u043e\u0432\u0430 \u041a.\u041a., \u0441\u0442\u0430\u0440\u0448\u0438\u0439\n\u043f\u0440\u0435\u043f\u043e\u0434\u0430\u0432\u0430\u0442\u0435\u043b\u044c \u041d\u0443\u0440\u0438\u0435\u0432\u0430 \u042d.\u0425. \u041f\u0440\u0430\u043a\u0442\u0438\u0447\u0435\u0441\u043a\u0430\u044f \u0444\u043e\u043d\u0435\u0442\u0438\u043a\u0430 \u0440\u0443\u0441\u0441\u043a\u043e\u0433\u043e \u044f\u0437\u044b\u043a\u0430. \u0423\u0447\u0435\u0431\u043d\u043e\u0435\n\u043f\u043e\u0441\u043e\u0431\u0438\u0435 \u0434\u043b\u044f \u0441\u0442\u0443\u0434\u0435\u043d\u0442\u043e\u0432- \u0431\u0430\u043a\u0430\u043b\u0430\u0432\u0440\u043e\u0432 \u044f\u0437\u044b\u043a\u043e\u0432\u044b\u0445 \u0444\u0430\u043a\u0443\u043b\u044c\u0442\u0435\u0442\u043e\u0432 \u0413\u044f\u043d\u0434\u0436\u0430-2016<\/p>\n\n\n\n<p><strong>&nbsp; 5. <\/strong>\u042d.\u0425.\u0413\u0435\u0439\u0434\u0430\u0440\u043e\u0432\u0430, \u041a.\u0413.\u0410\u0445\u043c\u0435\u0434\u043e\u0432\u0430, \u041a.\u0418.\u0410\u043b\u0435\u043a\u043f\u0435\u0440\u043e\u0432\u0430\n\u00ab\u0420\u0443\u0441\u0441\u043a\u0438\u0439 \u044f\u0437\u044b\u043a\u00bb \u0447\u0430\u0441\u0442\u044c 2 (\u0443\u0447\u0435\u0431\u043d\u043e\u0435 \u043f\u043e\u0441\u043e\u0431\u0438\u0435 \u0434\u043b\u044f \u0441\u0442\u0443\u0434\u0435\u043d\u0442\u043e\u0432 \u2013 \u0431\u0430\u043a\u0430\u043b\u0430\u0432\u0440\u043e\u0432 \u044f\u0437\u044b\u043a\u043e\u0432\u044b\u0445\n\u0444\u0430\u043a\u0443\u043b\u044c\u0442\u0435\u0442\u043e\u0432) \u201cElm v\u0259 t\u0259hsil\u201d, Bak\u0131 &#8211; 2017<\/p>\n\n\n\n<p>&nbsp; 6..Dosentl\u0259r K.Q. \u018fhm\u0259dova, ba\u015f m\u00fc\u0259lliml\u0259r:\nL.M. Piriyeva v\u0259 K.E. H\u0259s\u0259nova \u201cRusskiy yaz\u0131k\u201d 3-c\u00fc hiss\u0259. Bak\u0131-2018<\/p>\n\n\n\n<p><strong>Dil bilgisi: <\/strong><\/p>\n\n\n\n<p>Rus dili, T\u00fcrk dili.<\/p>\n\n\n\n<p><strong>Part\u0131yal\u0131l\u0131\u011f\u0131<\/strong><strong>: <\/strong>YAP<\/p>\n","protected":false},"excerpt":{"rendered":"<p>\u00a0 \u00a0 \u00a0 \u018fhm\u0259dova K\u0259mal\u0259 Q\u0259l\u0259nd\u0259r q\u0131z\u0131 V\u0259zif\u0259si&nbsp;: GDU-nun \u00abRus dili\u00bb kafedras\u0131n\u0131n m\u00fcdiri, dosent Telefon: +994 50&nbsp;361 83 83 &nbsp;&nbsp;&nbsp;&nbsp;&nbsp;&nbsp;&nbsp;&nbsp; &nbsp;&nbsp;&nbsp;&nbsp; +994 55&nbsp;843 12 73 Email: kamalya.akhmedova@mail.ru Q\u0131sa bioqrafik m\u0259lumat 1961-ci il 09 sentyabrda Qazax \u015f\u0259h\u0259rind\u0259&nbsp; anadan olmu\u015fdur. 1968-1978-ci ill\u0259rd\u0259 Qazax \u015f\u0259h\u0259rinin 2 sayl\u0131 orta m\u0259kt\u0259bd\u0259 t\u0259hsil alm\u0131\u015f v\u0259 h\u0259min m\u0259kt\u0259bi bitirmi\u015fdir Ail\u0259lidir 2 \u00f6vlad\u0131 [&hellip;]<\/p>\n","protected":false},"author":4,"featured_media":0,"parent":0,"menu_order":0,"comment_status":"closed","ping_status":"closed","template":"","meta":{"footnotes":""},"categories":[],"tags":[],"class_list":["post-493","page","type-page","status-publish","hentry"],"_links":{"self":[{"href":"http:\/\/xdf.gdu.edu.az\/index.php?rest_route=\/wp\/v2\/pages\/493","targetHints":{"allow":["GET"]}}],"collection":[{"href":"http:\/\/xdf.gdu.edu.az\/index.php?rest_route=\/wp\/v2\/pages"}],"about":[{"href":"http:\/\/xdf.gdu.edu.az\/index.php?rest_route=\/wp\/v2\/types\/page"}],"author":[{"embeddable":true,"href":"http:\/\/xdf.gdu.edu.az\/index.php?rest_route=\/wp\/v2\/users\/4"}],"replies":[{"embeddable":true,"href":"http:\/\/xdf.gdu.edu.az\/index.php?rest_route=%2Fwp%2Fv2%2Fcomments&post=493"}],"version-history":[{"count":2,"href":"http:\/\/xdf.gdu.edu.az\/index.php?rest_route=\/wp\/v2\/pages\/493\/revisions"}],"predecessor-version":[{"id":12143,"href":"http:\/\/xdf.gdu.edu.az\/index.php?rest_route=\/wp\/v2\/pages\/493\/revisions\/12143"}],"wp:attachment":[{"href":"http:\/\/xdf.gdu.edu.az\/index.php?rest_route=%2Fwp%2Fv2%2Fmedia&parent=493"}],"wp:term":[{"taxonomy":"category","embeddable":true,"href":"http:\/\/xdf.gdu.edu.az\/index.php?rest_route=%2Fwp%2Fv2%2Fcategories&post=493"},{"taxonomy":"post_tag","embeddable":true,"href":"http:\/\/xdf.gdu.edu.az\/index.php?rest_route=%2Fwp%2Fv2%2Ftags&post=493"}],"curies":[{"name":"wp","href":"https:\/\/api.w.org\/{rel}","templated":true}]}}