{"id":403,"date":"2016-03-29T16:03:33","date_gmt":"2016-03-29T14:03:33","guid":{"rendered":"http:\/\/xd.gdu.edu.az\/?page_id=403"},"modified":"2023-05-17T09:15:04","modified_gmt":"2023-05-17T07:15:04","slug":"q%c9%99hr%c9%99manova-zulfiyy%c9%99-sabir","status":"publish","type":"page","link":"http:\/\/xdf.gdu.edu.az\/?page_id=403","title":{"rendered":"Q\u0259hr\u0259manova Z\u00fclfiyy\u0259 Sabir"},"content":{"rendered":"\n<div class=\"wp-block-image\"><figure class=\"aligncenter size-large is-resized\"><img loading=\"lazy\" decoding=\"async\" src=\"http:\/\/xdf.gdu.edu.az\/wp-content\/uploads\/2023\/05\/zulf.jpg\" alt=\"\" class=\"wp-image-11909\" width=\"254\" height=\"329\"\/><\/figure><\/div>\n\n\n<p><span style=\"color: #000000;\">G\u0259nc\u0259 D\u00f6vl\u0259t Universitetinin \u201cQrammatika v\u0259 ingilis dilinin t\u0259drisi\u201d kafedras\u0131n\u0131n \u00a0ba\u015f m\u00fc\u0259llimi Q\u0259hr\u0259manova Z\u00fclfiyy\u0259 Sabir q\u0131z\u0131<\/span><\/p>\n<p><span style=\"color: #000000;\"><strong>QISA B\u0130OQRAF\u0130K M\u018fLUMAT <\/strong><\/span><\/p>\n<p><span style=\"color: #000000;\">04 iyun 1967-ci ild\u0259 G\u0259nc\u0259 \u015f\u0259h\u0259rind\u0259 anadan olmu\u015fdur.<\/span><\/p>\n<p><span style=\"color: #000000;\">Ail\u0259lidir, 2 \u00f6vlad\u0131 var. 2006-c\u0131 ild\u0259n YAP-\u0131n \u00fczv\u00fcd\u00fcr.<\/span><\/p>\n<p><span style=\"color: #000000;\"><strong>T\u018fHS\u0130L\u0130, ELM\u0130 D\u018fR\u018fC\u018fS\u0130 V\u018f ELM\u0130 ADLARI<\/strong><\/span><\/p>\n<ol>\n<li><span style=\"color: #000000;\">1988-ci ild\u0259 Az\u0259rbaycan Pedaqoji Xarici Dill\u0259r \u0130nstitutunun \u0130ngilis-Alman dili m\u00fc\u0259llimliyi fak\u00fclt\u0259sini bitirmi\u015fdir.<\/span><\/li>\n<\/ol>\n<p><span style=\"color: #000000;\"><strong>Telefon:<\/strong> 055\u00a0849 96 84<\/span><\/p>\n<p><span style=\"color: #000000;\"><strong>E-mail :<\/strong>\u00a0 <a style=\"color: #000000;\" href=\"mailto:zulfiyyaqahramanova@gmail.com\">zulfiyyaqahramanova@gmail.com<\/a><\/span><\/p>\n<p><span style=\"color: #000000;\"><strong>\u018fM\u018fK F\u018fAL\u0130YY\u018fT\u0130<\/strong><\/span><\/p>\n<ol>\n<li><span style=\"color: #000000;\">1988 \u2013ci ild\u0259 Xanlar (indiki G\u00f6y- g\u00f6l) rayonunda 6 sayl\u0131 m\u0259kt\u0259bd\u0259 \u0130ngilis dili m\u00fc\u0259llimi v\u0259zif\u0259sind\u0259 i\u015fl\u0259m\u0259y\u0259 ba\u015flam\u0131\u015fd\u0131r.<\/span><\/li>\n<li><span style=\"color: #000000;\">1995-ci ild\u0259 G\u0259nc\u0259 \u015f\u0259h\u0259r 28 sayl\u0131 orta m\u0259kt\u0259bd\u0259 \u0130ngilis dili m\u00fc\u0259llimi v\u0259zif\u0259sind\u0259 i\u015fl\u0259m\u0259y\u0259 ba\u015flam\u0131\u015fd\u0131r.<\/span><\/li>\n<li><span style=\"color: #000000;\">2002 \u2013ci ild\u0259n G\u0259nc\u0259 D\u00f6vl\u0259t Universitetind\u0259 m\u00fc\u0259llim v\u0259zif\u0259sind\u0259 i\u015fl\u0259yir.<\/span><\/li>\n<li><span style=\"color: #000000;\">2006 -2013 ill\u0259rd\u0259 Qrammatika v\u0259 \u0130ngilis dilinin t\u0259drisi kafedras\u0131nda kafedra m\u00fcdiri v\u0259zif\u0259sind\u0259 i\u015fl\u0259mi\u015fdir.<\/span><\/li>\n<li><span style=\"color: #000000;\">2007 \u2013ci ild\u0259n Az\u0259rbaycan Dill\u0259r Universitetinin dissertant\u0131d\u0131r.<\/span><\/li>\n<\/ol>\n<p><span style=\"color: #000000;\">&#8220;Dil\u00e7iliy\u0259 giri\u015f&#8221;, &#8220;\u00dcmumi Dil\u00e7ilik&#8221;, &#8220;\u015eifahi anlama &#8221; f\u0259nnl\u0259rini t\u0259dris edir, &#8220;\u0130ngilis dilinin t\u0259drisi metodikas\u0131&#8221;, &#8220;Planla\u015fd\u0131rma v\u0259 qiym\u0259tl\u0259ndirm\u0259&#8221;, &#8220;AMMEF&#8221; f\u0259nnl\u0259rind\u0259n seminar m\u0259\u015f\u011f\u0259l\u0259si apar\u0131r.<\/span><\/p>\n<p><span style=\"color: #000000;\">&#8220;Xarici dill\u0259rin t\u0259drisind\u0259 innovasiyalar&#8221;, &#8220;Ali m\u0259kt\u0259bd\u0259 ingilis dilinin t\u0259drisi metodikas\u0131&#8221;, &#8220;Linqvistik t\u0259hlilin elmi \u0259saslar\u0131&#8221; adl\u0131 elektron d\u0259rslikl\u0259r v\u0259 d\u0259rs proqramlar\u0131n\u0131n m\u00fc\u0259llifidir.<\/span><\/p>\n<p><span style=\"color: #000000;\"><strong>T\u018fDQ\u0130QAT SAH\u018fS\u0130<\/strong><\/span><\/p>\n<p><span style=\"color: #000000;\">Xarici dill\u0259rin t\u0259drisinin m\u00fcasir probleml\u0259ri m\u00f6vzusunda\u00a0 geni\u015f t\u0259dqiqat i\u015fi apar\u0131r.<\/span><\/p>\n<p><span style=\"color: #000000;\"><strong>BEYN\u018fLXALQ SEMINAR, S\u0130MPOZ\u0130UM V\u018f KONFRANSLARDA \u0130\u015eT\u0130RAKI<\/strong><\/span><\/p>\n<p><span style=\"color: #000000;\">25 mart 2023 \u2013c\u00fc il tarixind\u0259 \u018fmin Abid G\u00fclt\u0259kinin 125 illiyin\u0259 h\u0259sr olunmu\u015f \u201cT\u00fcrk D\u00fcnyas\u0131 Multidisiplinar \u00c7al\u0131\u015fmalar\u0131\u201d adl\u0131 konfransda \u201cXarici dill\u0259rin t\u0259drisind\u0259 layih\u0259 metodunun t\u0259tbiqin\u0259 dair\u201d m\u0259qal\u0259 il\u0259 \u00e7\u0131x\u0131\u015f etmi\u015fdir.<\/span><\/p>\n<p><span style=\"color: #000000;\"><strong>ELM\u0130 \u018fS\u018fRL\u018fR\u0130<\/strong><\/span><\/p>\n<p><span style=\"color: #000000;\">1.Z.Q\u0259hr\u0259manova, N.M\u0259mm\u0259dzad\u0259 <em>Tap\u015f\u0131r\u0131\u011fa \u0259saslanan t\u0259dris\u0259 innovativ yana\u015fma<\/em> , GDU\/Elmi X\u0259b\u0259rl\u0259r 2018\/1<\/span><\/p>\n<p><span style=\"color: #000000;\">2.<em>Micro-teaching and teaching skills<\/em>, GDU\/Elmi X\u0259b\u0259rl\u0259r ,G\u0259nc\u0259 2018\/2<\/span><\/p>\n<p><span style=\"color: #000000;\">3.DEVELOPING DIALOGIC SKILLS IN THE INTERMEDIATE LEVEL OF TEACHING ENGLISH\u00a0 Dos. Kaz\u0131mova Sevda Aqil q., S.t Qahramanova Zulfiya Sabir q. GDU\/Elmi X\u0259b\u0259rl\u0259r ,G\u0259nc\u0259 2019\/1<\/span><\/p>\n<ol start=\"4\">\n<li><span style=\"color: #000000;\">T\u0259drisin yuxar\u0131 m\u0259rh\u0259l\u0259sind\u0259 leksik material\u0131n t\u0259drisi yollar\u0131 , Elmi X\u0259b\u0259rl\u0259r G\u0259nc\u0259 2019 \/3<\/span><\/li>\n<li><span style=\"color: #000000;\">T\u0259drisin orta m\u0259rh\u0259l\u0259sind\u0259 d\u0259rsin planla\u015fd\u0131r\u0131lmas\u0131, Elmi X\u0259b\u0259rl\u0259r GDU -2022\\2<\/span><\/li>\n<\/ol>\n<p><span style=\"color: #000000;\"><strong>Dil bilgisi: <\/strong>Az\u0259rbaycan dili, Rus dili, \u0130ngilis dili<\/span><\/p>\n<p>\u00a0<\/p>\n<p>\u00a0<\/p>","protected":false},"excerpt":{"rendered":"<p>G\u0259nc\u0259 D\u00f6vl\u0259t Universitetinin \u201cQrammatika v\u0259 ingilis dilinin t\u0259drisi\u201d kafedras\u0131n\u0131n \u00a0ba\u015f m\u00fc\u0259llimi Q\u0259hr\u0259manova Z\u00fclfiyy\u0259 Sabir q\u0131z\u0131 QISA B\u0130OQRAF\u0130K M\u018fLUMAT 04 iyun 1967-ci ild\u0259 G\u0259nc\u0259 \u015f\u0259h\u0259rind\u0259 anadan olmu\u015fdur. Ail\u0259lidir, 2 \u00f6vlad\u0131 var. 2006-c\u0131 ild\u0259n YAP-\u0131n \u00fczv\u00fcd\u00fcr. T\u018fHS\u0130L\u0130, ELM\u0130 D\u018fR\u018fC\u018fS\u0130 V\u018f ELM\u0130 ADLARI 1988-ci ild\u0259 Az\u0259rbaycan Pedaqoji Xarici Dill\u0259r \u0130nstitutunun \u0130ngilis-Alman dili m\u00fc\u0259llimliyi fak\u00fclt\u0259sini bitirmi\u015fdir. Telefon: 055\u00a0849 96 [&hellip;]<\/p>\n","protected":false},"author":4,"featured_media":0,"parent":0,"menu_order":0,"comment_status":"closed","ping_status":"closed","template":"","meta":{"footnotes":""},"categories":[],"tags":[],"class_list":["post-403","page","type-page","status-publish","hentry"],"_links":{"self":[{"href":"http:\/\/xdf.gdu.edu.az\/index.php?rest_route=\/wp\/v2\/pages\/403","targetHints":{"allow":["GET"]}}],"collection":[{"href":"http:\/\/xdf.gdu.edu.az\/index.php?rest_route=\/wp\/v2\/pages"}],"about":[{"href":"http:\/\/xdf.gdu.edu.az\/index.php?rest_route=\/wp\/v2\/types\/page"}],"author":[{"embeddable":true,"href":"http:\/\/xdf.gdu.edu.az\/index.php?rest_route=\/wp\/v2\/users\/4"}],"replies":[{"embeddable":true,"href":"http:\/\/xdf.gdu.edu.az\/index.php?rest_route=%2Fwp%2Fv2%2Fcomments&post=403"}],"version-history":[{"count":4,"href":"http:\/\/xdf.gdu.edu.az\/index.php?rest_route=\/wp\/v2\/pages\/403\/revisions"}],"predecessor-version":[{"id":11925,"href":"http:\/\/xdf.gdu.edu.az\/index.php?rest_route=\/wp\/v2\/pages\/403\/revisions\/11925"}],"wp:attachment":[{"href":"http:\/\/xdf.gdu.edu.az\/index.php?rest_route=%2Fwp%2Fv2%2Fmedia&parent=403"}],"wp:term":[{"taxonomy":"category","embeddable":true,"href":"http:\/\/xdf.gdu.edu.az\/index.php?rest_route=%2Fwp%2Fv2%2Fcategories&post=403"},{"taxonomy":"post_tag","embeddable":true,"href":"http:\/\/xdf.gdu.edu.az\/index.php?rest_route=%2Fwp%2Fv2%2Ftags&post=403"}],"curies":[{"name":"wp","href":"https:\/\/api.w.org\/{rel}","templated":true}]}}