{"id":377,"date":"2016-03-29T15:13:30","date_gmt":"2016-03-29T13:13:30","guid":{"rendered":"http:\/\/xd.gdu.edu.az\/?page_id=377"},"modified":"2025-10-21T08:14:16","modified_gmt":"2025-10-21T06:14:16","slug":"c%c9%99lilova-turkan-muzadil-qizi","status":"publish","type":"page","link":"http:\/\/xdf.gdu.edu.az\/?page_id=377","title":{"rendered":"C\u0259lilova T\u00fcrkan M\u00fczadil q\u0131z\u0131"},"content":{"rendered":"<div class=\"wp-block-image\">\n<figure class=\"aligncenter size-large is-resized\"><img loading=\"lazy\" decoding=\"async\" width=\"309\" height=\"406\" src=\"http:\/\/xdf.gdu.edu.az\/wp-content\/uploads\/2023\/05\/turkan.jpg\" alt=\"\" class=\"wp-image-11908\" style=\"width:235px;height:308px\"\/><\/figure>\n<\/div>\n\n<p><span style=\"color: #000000;\">G\u0259nc\u0259 D\u00f6vl\u0259t Universitetinin \u201cQrammatika v\u0259 ingilis dilinin t\u0259drisi\u201d kafedras\u0131n\u0131n ba\u015f m\u00fc\u0259llimi C\u0259lilova T\u00fcrkan M\u00fczadil q\u0131z\u0131<\/span><\/p>\n<p><span style=\"color: #000000;\"><strong>QISA B\u0130OQRAF\u0130K M\u018fLUMAT<\/strong><\/span><\/p>\n<p><span style=\"color: #000000;\">29 mart 1982-ci ild\u0259 G\u0259nc\u0259 \u015f\u0259h\u0259rind\u0259 anadan olmu\u015fdur<\/span><\/p>\n<p><span style=\"color: #000000;\">\u00a0\u0130ki \u00f6vlad\u0131 var. 2018-ci ild\u0259n YAP-\u0131n \u00fczv\u00fcd\u00fcr.<\/span><\/p>\n<p><span style=\"color: #000000;\"><strong>T\u018fHS\u0130L\u0130, ELM\u0130 D\u018fR\u018fC\u018fS\u0130 V\u018f ELM\u0130 ADILARI<\/strong><\/span><\/p>\n<ol>\n<li><span style=\"color: #000000;\">2003-c\u00fc ild\u0259 G\u0259nc\u0259 D\u00f6vl\u0259t Universitetinin xarici dill\u0259r fak\u00fclt\u0259sini bitirmi\u015fdir.<\/span><\/li>\n<li><span style=\"color: #000000;\">2005-ci ild\u0259 G\u0259nc\u0259 D\u00f6vl\u0259t Universiteti, Dil\u015f\u00fcnasl\u0131q ixtisas\u0131 \u00fczr\u0259 magistr d\u0259r\u0259c\u0259si alm\u0131\u015fd\u0131r.<\/span><\/li>\n<li>\u00a02023-c\u00fc ild\u0259 <span style=\"color: #000000;\">G\u0259nc\u0259 D\u00f6vl\u0259t Universiteti Az\u0259rbaycan dili kafedras\u0131n\u0131n dissertant\u0131.<\/span><\/li>\n<\/ol>\n<p><span style=\"color: #000000;\"><strong>Telefon:<\/strong> 50-522-68-34<\/span><\/p>\n<p><span style=\"color: #000000;\"><strong>E-mail:<\/strong> <a style=\"color: #000000;\" href=\"mailto:calilovat@mail.ru\">calilovat@mail.ru<\/a><\/span><\/p>\n<p><span style=\"color: #000000;\"><strong>\u018fM\u018fK F\u018fAL\u0130YY\u018fT\u0130<\/strong><\/span><\/p>\n<ol>\n<li><span style=\"color: #000000;\">2012-2014-c\u00fc ill\u0259rd\u0259 Az\u0259rbaycan M\u00fc\u0259lliml\u0259r \u0130nstitutunun G\u0259nc\u0259 filal\u0131nda m\u00fc\u0259llim.<\/span><\/li>\n<li><span style=\"color: #000000;\">2015-ci ild\u0259n G\u0259nc\u0259 D\u00f6vl\u0259t Universiteti, \u201cQrammatika v\u0259 ingilis dilinin t\u0259drisi\u201d kafedras\u0131nda m\u00fc\u0259llim.<\/span><\/li>\n<li>2025-ci ild\u0259n <span style=\"color: #000000;\">G\u0259nc\u0259 D\u00f6vl\u0259t Universiteti, \u201cQrammatika v\u0259 ingilis dilinin t\u0259drisi\u201d kafedras\u0131nda ba\u015f m\u00fc\u0259llim.<\/span><\/li>\n<\/ol>\n<p><span style=\"color: #000000;\">\u201c\u0130ngilis dilinin kommunikativ fonetikas\u0131\u201d, \u201cT\u0259l\u0259ff\u00fcz v\u0259rdi\u015fl\u0259ri\u201d \u201c\u015eifahi anlama\u201d f\u0259nnl\u0259ri \u00fczr\u0259 praktik d\u0259rsl\u0259r apar\u0131r. 40 elmi \u0259s\u0259rin, o c\u00fcml\u0259d\u0259n 4 f\u0259nn proqram\u0131, 2 d\u0259rs v\u0259saiti, 1 elektron kitab\u0131n m\u00fc\u0259llifidir.<\/span><\/p>\n<p><span style=\"color: #000000;\"><strong>BEYN\u018fLXALQ V\u018f RESPUBL\u0130KA S\u0130MPOZ\u0130UM V\u018f KONFRASLARDA \u0130\u015eT\u0130RAKI:<\/strong><\/span><\/p>\n<ol>\n<li><span style=\"color: #000000;\">Seyid \u018fzim \u015eirvaninin anadan olmas\u0131n\u0131n 185 illik yubileyin\u0259 h\u0259sr olunmu\u015f VII Beyn\u0259lxalq elmi konfrans 25.09.2020<\/span><\/li>\n<li><span style=\"color: #000000;\">H\u0259bibinin anadan olmas\u0131n\u0131n 550 illik yubileyin\u0259 h\u0259sr olunmu\u015f XI Beyn\u0259lxalq elmi konfrans 19.12.2020<\/span><\/li>\n<li><span style=\"color: #000000;\">Nizami G\u0259nc\u0259vinin anadan olmas\u0131n\u0131n 880 illik yubileyin\u0259 h\u0259sr olunmu\u015f X Beyn\u0259lxalq elmi konfrans 23.01.2021<\/span><\/li>\n<li><span style=\"color: #000000;\">\u201cWorld Science: Problems and Innovations\u201d International Symposium, 26.07.2021, USA\/Michigan<\/span><\/li>\n<li><span style=\"color: #000000;\">Qaraba\u011f Z\u0259f\u0259r\u0259 Ged\u0259n Yol Beyn\u0259lxalq Konfrans 28.08.2021, Isve\u00e7\/Goteborg<\/span><\/li>\n<li><span style=\"color: #000000;\">Science and culture in the modern world International Symposium, 26.12.2021, Isve\u00e7\/Stokholm<\/span><\/li>\n<li><span style=\"color: #000000;\">Colloquium-journal \u211637 (124), 2022, Pol\u015fa\/Var\u015fava<\/span><\/li>\n<li><span style=\"color: #000000;\">Colloquium-journal, 2023, Pol\u015fa\/Var\u015fava<\/span><\/li>\n<\/ol>\n<p><span style=\"color: #000000;\"><strong>SE\u00c7\u0130LM\u0130\u015e \u018fS\u018fRL\u018fR\u0130<\/strong><\/span><\/p>\n<ol>\n<li><span style=\"color: #000000;\">C\u0259lilova T. M., M\u0259mm\u0259dzad\u0259 N. Y., \u201cDil\u00e7iliyin tarixi v\u0259 \u0259laq\u0259d\u0259 oldu\u011fu sah\u0259l\u0259r\u201d, G\u0259nc\u0259 D\u00f6vl\u0259t Universiteti, Elmi X\u0259b\u0259rl\u0259r, G\u0259nc\u0259, 2018\/1<\/span><\/li>\n<li><span style=\"color: #000000;\">C\u0259lilova T. M., \u201cIntonation of emphatic speech\u201d, G\u0259nc\u0259 D\u00f6vl\u0259t Universiteti, Elmi X\u0259b\u0259rl\u0259r, G\u0259nc\u0259, 2018\/3<\/span><\/li>\n<li><span style=\"color: #000000;\">C\u0259lilova T. M., M\u0259mm\u0259dzad\u0259 N. Y., \u201cLanguage, Race and Culture\u201d, G\u0259nc\u0259 D\u00f6vl\u0259t Universiteti, Elmi X\u0259b\u0259rl\u0259r, G\u0259nc\u0259, 2018\/3<\/span><\/li>\n<li><span style=\"color: #000000;\">C\u0259lilova T. M., Aslanova M. \u0130., &#8220;Linguistic typology and study of language\u201d Ta\u011f\u0131yev oxular\u0131, elmi m\u0259qal\u0259l\u0259r m\u0259cmu\u0259si, 2018\/2<\/span><\/li>\n<li><span style=\"color: #000000;\">C\u0259lilova T. M., \u201cComparative methods in linguistics\u201d G\u0259nc\u0259 D\u00f6vl\u0259t Universiteti, Elmi X\u0259b\u0259rl\u0259r, G\u0259nc\u0259, 2019\/1<\/span><\/li>\n<li><span style=\"color: #000000;\">C\u0259lilova T. M., \u201cProblems in foreign language teaching\u201d G\u0259nc\u0259 D\u00f6vl\u0259t Universiteti, Elmi X\u0259b\u0259rl\u0259r, G\u0259nc\u0259, 2019\/2<\/span><\/li>\n<li><span style=\"color: #000000;\">C\u0259lilova T. M., M\u0259mm\u0259dzad\u0259 N. Y., \u201cLanguage and its development stages\u201d, G\u0259nc\u0259 D\u00f6vl\u0259t Universiteti, Elmi X\u0259b\u0259rl\u0259r, G\u0259nc\u0259, 2019\/3<\/span><\/li>\n<li><span style=\"color: #000000;\">C\u0259lilova T. M., Aslanova M. \u0130., \u201cWays of teaching grammar\u201d G\u0259nc\u0259 D\u00f6vl\u0259t Universiteti, Elmi X\u0259b\u0259rl\u0259r, G\u0259nc\u0259, 2020\/1<\/span><\/li>\n<li><span style=\"color: #000000;\">C\u0259lilova T. M., M\u0259mm\u0259dzad\u0259 N. Y., \u201cMorphological structure of English words\u201d G\u0259nc\u0259 D\u00f6vl\u0259t Universiteti, Elmi X\u0259b\u0259rl\u0259r, G\u0259nc\u0259, 2020\/2<\/span><\/li>\n<li><span style=\"color: #000000;\">C\u0259lilova T. M., M\u0259mm\u0259dzad\u0259 N. Y., \u201cDevelopment of listening skills in teaching English\u201d G\u0259nc\u0259 D\u00f6vl\u0259t Universiteti, Elmi X\u0259b\u0259rl\u0259r, G\u0259nc\u0259, 2021\/1<\/span><\/li>\n<li><span style=\"color: #000000;\">C\u0259lilova T. M., \u201cHome Reading As An Aspect Of Teaching Foreign Language\u201d, Colloquium-journal Pol\u015fa\/Var\u015fava, 2022\/37(124)<\/span><\/li>\n<li><span style=\"color: #000000;\">C\u0259lilova T. M., R\u0259himov M. N., \u201cTranslation as an aspect of linguistics\u201d, Annali d\u2019Italia Florence, Italy, 2022\/33<\/span><\/li>\n<li><span style=\"color: #000000;\">C\u0259lilova T. M., R\u0259himov M. N., \u201cStylistic differentiation of the vocabulary of the English language\u201d, G\u0259nc\u0259 D\u00f6vl\u0259t Universiteti, Elmi X\u0259b\u0259rl\u0259r, G\u0259nc\u0259, 2022\/2<\/span><\/li>\n<li><span style=\"color: #000000;\">C\u0259lilova T. M., M\u0259mm\u0259dzad\u0259 N. Y., \u201cClassification of Loanwords From French and German in Modern English\u201d G\u0259nc\u0259 D\u00f6vl\u0259t Universiteti, Elmi X\u0259b\u0259rl\u0259r, G\u0259nc\u0259, 2022\/3<\/span><\/li>\n<li><span style=\"color: #000000;\">C\u0259lilova T. M., Aslanova M. \u0130., <strong>\u201c<\/strong>Technology for the Development of Skills and Abilities of Foreign Language Writing\u201d, Colloquium-journal Pol\u015fa\/Var\u015fava, 2023\/4(163)<\/span><\/li>\n<li><span style=\"color: #000000;\">D\u0259rs V\u0259saiti: \u201cXarici dild\u0259 t\u0259l\u0259ff\u00fcz v\u0259rdi\u015fl\u0259rinin formala\u015fd\u0131r\u0131lmas\u0131\u201d-2022<\/span><\/li>\n<\/ol>\n<p><span style=\"color: #000000;\"><strong>Dil bilgisi: <\/strong>Az\u0259rbaycan dili, Rus dili, \u0130ngilis dili, T\u00fcrk dili<\/span><\/p>","protected":false},"excerpt":{"rendered":"<p>G\u0259nc\u0259 D\u00f6vl\u0259t Universitetinin \u201cQrammatika v\u0259 ingilis dilinin t\u0259drisi\u201d kafedras\u0131n\u0131n ba\u015f m\u00fc\u0259llimi C\u0259lilova T\u00fcrkan M\u00fczadil q\u0131z\u0131 QISA B\u0130OQRAF\u0130K M\u018fLUMAT 29 mart 1982-ci ild\u0259 G\u0259nc\u0259 \u015f\u0259h\u0259rind\u0259 anadan olmu\u015fdur \u00a0\u0130ki \u00f6vlad\u0131 var. 2018-ci ild\u0259n YAP-\u0131n \u00fczv\u00fcd\u00fcr. T\u018fHS\u0130L\u0130, ELM\u0130 D\u018fR\u018fC\u018fS\u0130 V\u018f ELM\u0130 ADILARI 2003-c\u00fc ild\u0259 G\u0259nc\u0259 D\u00f6vl\u0259t Universitetinin xarici dill\u0259r fak\u00fclt\u0259sini bitirmi\u015fdir. 2005-ci ild\u0259 G\u0259nc\u0259 D\u00f6vl\u0259t Universiteti, Dil\u015f\u00fcnasl\u0131q ixtisas\u0131 [&hellip;]<\/p>\n","protected":false},"author":4,"featured_media":0,"parent":0,"menu_order":0,"comment_status":"closed","ping_status":"closed","template":"","meta":{"footnotes":""},"categories":[],"tags":[],"class_list":["post-377","page","type-page","status-publish","hentry"],"_links":{"self":[{"href":"http:\/\/xdf.gdu.edu.az\/index.php?rest_route=\/wp\/v2\/pages\/377","targetHints":{"allow":["GET"]}}],"collection":[{"href":"http:\/\/xdf.gdu.edu.az\/index.php?rest_route=\/wp\/v2\/pages"}],"about":[{"href":"http:\/\/xdf.gdu.edu.az\/index.php?rest_route=\/wp\/v2\/types\/page"}],"author":[{"embeddable":true,"href":"http:\/\/xdf.gdu.edu.az\/index.php?rest_route=\/wp\/v2\/users\/4"}],"replies":[{"embeddable":true,"href":"http:\/\/xdf.gdu.edu.az\/index.php?rest_route=%2Fwp%2Fv2%2Fcomments&post=377"}],"version-history":[{"count":8,"href":"http:\/\/xdf.gdu.edu.az\/index.php?rest_route=\/wp\/v2\/pages\/377\/revisions"}],"predecessor-version":[{"id":17660,"href":"http:\/\/xdf.gdu.edu.az\/index.php?rest_route=\/wp\/v2\/pages\/377\/revisions\/17660"}],"wp:attachment":[{"href":"http:\/\/xdf.gdu.edu.az\/index.php?rest_route=%2Fwp%2Fv2%2Fmedia&parent=377"}],"wp:term":[{"taxonomy":"category","embeddable":true,"href":"http:\/\/xdf.gdu.edu.az\/index.php?rest_route=%2Fwp%2Fv2%2Fcategories&post=377"},{"taxonomy":"post_tag","embeddable":true,"href":"http:\/\/xdf.gdu.edu.az\/index.php?rest_route=%2Fwp%2Fv2%2Ftags&post=377"}],"curies":[{"name":"wp","href":"https:\/\/api.w.org\/{rel}","templated":true}]}}