{"id":3419,"date":"2017-11-21T08:22:02","date_gmt":"2017-11-21T06:22:02","guid":{"rendered":"http:\/\/xd.gdu.edu.az\/?page_id=3419"},"modified":"2023-05-17T09:41:44","modified_gmt":"2023-05-17T07:41:44","slug":"rzayeva-zumrud-elyar-qizi","status":"publish","type":"page","link":"http:\/\/xdf.gdu.edu.az\/?page_id=3419","title":{"rendered":"Rzayeva Z\u00fcmr\u00fcd Elyar q\u0131z\u0131"},"content":{"rendered":"\n<div class=\"wp-block-image\"><figure class=\"aligncenter size-large is-resized\"><img loading=\"lazy\" decoding=\"async\" src=\"http:\/\/xdf.gdu.edu.az\/wp-content\/uploads\/2023\/05\/zum.jpg\" alt=\"\" class=\"wp-image-11930\" width=\"263\" height=\"350\"\/><\/figure><\/div>\n\n\n\n<p><strong>G\u0259nc\u0259 D\u00f6vl\u0259t Universitetinin \u201cQrammatika v\u0259 ingilis\ndilinin t\u0259drisi\u201d kafedras\u0131n\u0131n m\u00fc\u0259llimi Rzayeva Z\u00fcmr\u00fcd Elyar q\u0131z\u0131<\/strong><strong><\/strong><\/p>\n\n\n\n<p><strong>QISA B\u0130OQRAF\u0130K\nM\u018fLUMAT<\/strong><\/p>\n\n\n\n<p>1989-cu\nil 21 iyun tarixind\u0259 G\u0259nc\u0259 \u015f\u0259h\u0259rind\u0259 anadan olub.<\/p>\n\n\n\n<p>Ail\u0259lidir,&nbsp; 2 \u00f6vlad\u0131 var. YAP-\u0131n \u00fcvz\u00fcd\u00fcr.<\/p>\n\n\n\n<p><strong>Telefon: <\/strong>055-625-85-63<\/p>\n\n\n\n<p><strong>E-mail: <\/strong><a href=\"mailto:zuma_777@mail.ru\">zuma_777@mail.ru<\/a> <\/p>\n\n\n\n<p><strong>T\u018fHS\u0130L\u0130, ELM\u0130 D\u018fR\u018fC\u018fS\u0130 V\u018f ELM\u0130\nADLARI<\/strong><\/p>\n\n\n\n<p>2006-2010-cu ill\u0259rd\u0259 G\u0259nc\u0259\nD\u00f6vl\u0259t Universitetinin Xarici dil \u0130ngilis dili ixtisas\u0131n\u0131 f\u0259rql\u0259nm\u0259 il\u0259\nbitirmi\u015fdir.<\/p>\n\n\n\n<p>2012-2015-ci ill\u0259rd\u0259 Az\u0259rbaycan\nDill\u0259r Universitetinin \u201cDil\u015f\u00fcnasl\u0131q \u201c istiqam\u0259ti \u00fczr\u0259 magistr t\u0259hsili al\u0131b<\/p>\n\n\n\n<p>2018-ci ild\u0259n G\u0259nc\u0259 D\u00f6vl\u0259t\nUniversitetinin \u201cDil n\u0259z\u0259riyy\u0259si\u201d ixtisas\u0131 \u00fczr\u0259 dissertantd\u0131r<\/p>\n\n\n\n<p><strong>\u018fM\u018fK F\u018fAL\u0130YY\u018fT\u0130<\/strong><\/p>\n\n\n\n<p>2016-c\u0131 ild\u0259n<strong> <\/strong>G\u0259nc\u0259 D\u00f6vl\u0259t\nUniversitetinin \u201cQrammatika v\u0259 \u0130ngilis dilinin t\u0259drisi\u201d kafedras\u0131n\u0131n&nbsp; m\u00fc\u0259llimidir<strong><\/strong><\/p>\n\n\n\n<p><strong>T\u018fDQ\u0130QAT SAH\u018fS\u0130<\/strong><\/p>\n\n\n\n<p>Kommunikativ dil\u00e7ilik<\/p>\n\n\n\n<p><strong>BEYN\u018fLXALQ\nSEM\u0130NAR, S\u0130MPOZ\u0130UM V\u018f KONFRANSLARDA \u0130\u015eT\u0130RAKI<\/strong><\/p>\n\n\n\n<p>1. \u201c\u041d\u0435\u0441\u043a\u043e\u043b\u044c\u043a\u043e \u0441\u043b\u043e\u0432 \u043e \u0441\u0435\u0433\u043c\u0435\u043d\u0442\u0430\u0446\u0438\u0438 \u0440\u0435\u0447\u0438\u201d &#8211; \u201c\u041d\u0430\u0443\u043a\u0430 \u0438\n\u0442\u0435\u0445\u043d\u0438\u043a\u0430. \u041c\u0438\u0440\u043e\u0432\u044b\u0435 \u0438\u0441\u0441\u043b\u0435\u0434\u043e\u0432\u0430\u043d\u0438\u044f\u201d \u041c\u0430\u0442\u0435\u0440\u0438\u0430\u043b\u044b IV \u043c\u0435\u0436\u0434\u0443\u043d\u0430\u0440\u043e\u0434\u043d\u043e\u0439 \u043d\u0430\u0443\u0447\u043d\u043e-\u043f\u0440\u0430\u043a\u0442\u0438\u0447\u0435\u0441\u043a\u043e\u0439\n\u043a\u043e\u043d\u0444\u0435\u0440\u0435\u043d\u0446\u0438\u0438&nbsp;&nbsp; 28 \u041c\u0430\u044f 2020<\/p>\n\n\n\n<p>2. \u201cThe use of digital technology in speech\nsegmentation\u201d &#8211; 2<sup>nd<\/sup> International Scientific and Practical\nConference \u201cModern Management Trends and the Digital Economy: from Regional\nDevelopment to Global Economic Growth\u201d (MTDE 2020)&nbsp; 05 May 2020<\/p>\n\n\n\n<p><strong>SE\u00c7\u0130LM\u0130\u015e \u018fS\u018fRL\u018fR\u0130<\/strong><strong><\/strong><\/p>\n\n\n\n<p>1.\u201cSeqmentasiya zaman\u0131\npauzan\u0131n rolu\u201d \/\/ AMEA \u018flyazmalar \u0130nstitutu.\u201dFilologiya M\u0259s\u0259l\u0259l\u0259ri\u201d jurnal\u0131,\nBak\u0131 \u015f. 2019 , \u21163, S\u0259h. 231-237<\/p>\n\n\n\n<p>2. \u201c\u0421\u0435\u0433\u043c\u0435\u043d\u0442\u0430\u0446\u0438\u044f \u0440\u0435\u0447\u0438 \u0438 \u0435\u0433\u043e\n\u0444\u0443\u043d\u043a\u0446\u0438\u0438\u201d\/\/\u201c\u0421\u043e\u0432\u0440\u0435\u043c\u0435\u043d\u043d\u0430\u044f \u043d\u0430\u0443\u043a\u0430\u201d. \u041d\u0430\u0443\u0447\u043d\u043e\u043f\u0440\u0430\u043a\u0442\u0438\u0447\u0435\u0441\u043a\u0438\u0439 \u0436\u0443\u0440\u043d\u0430\u043b. \u0410\u043a\u0442\u0443\u0430\u043b\u044c\u043d\u044b\u0435 \u043f\u0440\u043e\u0431\u043b\u0435\u043c\u044b\n\u0442\u0435\u043e\u0440\u0438\u0438 \u0438 \u043f\u0440\u0430\u043a\u0442\u0438\u043a\u0438. \u0413\u0443\u043c\u0430\u043d\u0438\u0442\u0430\u0440\u043d\u044b\u0435 \u043d\u0430\u0443\u043a\u0438. \u041c\u043e\u0441\u043a\u0432\u0430. \u0418\u044e\u043b\u044c 2019, \u21167-2, S\u0259h.96-99<\/p>\n\n\n\n<p>3. \u201cSeqmentativ sintaktik\nkonstruksiyalar\u201d \/\/ AMEA Nax\u00e7\u0131van b\u00f6lm\u0259si \u0130nc\u0259s\u0259n\u0259t dil v\u0259 \u0259d\u0259biyyat \u0130nstitutu .\nNax\u00e7\u0131van. 2020, \u21164 (38) Cild 14, s\u0259h.73-77<\/p>\n\n\n\n<p>4. \u201cSeqmentasiya v\u0259 nitqin\nmexanizmi\u201d \/\/ G\u0259nc\u0259 D\u00f6vl\u0259t Universiteti. Elmi x\u0259b\u0259rl\u0259r. G\u0259nc\u0259. &nbsp;2021, \u2116 &#8211; 1, s\u0259h. 291-295<\/p>\n\n\n\n<p>5. \u201cSintaqm v\u0259 intonema\u201d\/\/\nAMEA \u018flyazmalar \u0130nstitutu.\u201dFilologiya M\u0259s\u0259l\u0259l\u0259ri\u201d jurnal\u0131, Bak\u0131 \u015f. 2021, &nbsp;\u2116 &#8211; 5, s\u0259h.128-136<\/p>\n\n\n\n<p><strong>Dil bilgisi: <\/strong>Az\u0259rbaycan\ndili, Rus dili, \u0130ngilis dili<\/p>\n\n\n<p>\u00a0<\/p>\n<p>\u00a0<\/p>\n<p>\u00a0<\/p>","protected":false},"excerpt":{"rendered":"<p>G\u0259nc\u0259 D\u00f6vl\u0259t Universitetinin \u201cQrammatika v\u0259 ingilis dilinin t\u0259drisi\u201d kafedras\u0131n\u0131n m\u00fc\u0259llimi Rzayeva Z\u00fcmr\u00fcd Elyar q\u0131z\u0131 QISA B\u0130OQRAF\u0130K M\u018fLUMAT 1989-cu il 21 iyun tarixind\u0259 G\u0259nc\u0259 \u015f\u0259h\u0259rind\u0259 anadan olub. Ail\u0259lidir,&nbsp; 2 \u00f6vlad\u0131 var. YAP-\u0131n \u00fcvz\u00fcd\u00fcr. Telefon: 055-625-85-63 E-mail: zuma_777@mail.ru T\u018fHS\u0130L\u0130, ELM\u0130 D\u018fR\u018fC\u018fS\u0130 V\u018f ELM\u0130 ADLARI 2006-2010-cu ill\u0259rd\u0259 G\u0259nc\u0259 D\u00f6vl\u0259t Universitetinin Xarici dil \u0130ngilis dili ixtisas\u0131n\u0131 f\u0259rql\u0259nm\u0259 il\u0259 bitirmi\u015fdir. [&hellip;]<\/p>\n","protected":false},"author":4,"featured_media":0,"parent":0,"menu_order":0,"comment_status":"closed","ping_status":"closed","template":"","meta":{"footnotes":""},"categories":[],"tags":[],"class_list":["post-3419","page","type-page","status-publish","hentry"],"_links":{"self":[{"href":"http:\/\/xdf.gdu.edu.az\/index.php?rest_route=\/wp\/v2\/pages\/3419","targetHints":{"allow":["GET"]}}],"collection":[{"href":"http:\/\/xdf.gdu.edu.az\/index.php?rest_route=\/wp\/v2\/pages"}],"about":[{"href":"http:\/\/xdf.gdu.edu.az\/index.php?rest_route=\/wp\/v2\/types\/page"}],"author":[{"embeddable":true,"href":"http:\/\/xdf.gdu.edu.az\/index.php?rest_route=\/wp\/v2\/users\/4"}],"replies":[{"embeddable":true,"href":"http:\/\/xdf.gdu.edu.az\/index.php?rest_route=%2Fwp%2Fv2%2Fcomments&post=3419"}],"version-history":[{"count":4,"href":"http:\/\/xdf.gdu.edu.az\/index.php?rest_route=\/wp\/v2\/pages\/3419\/revisions"}],"predecessor-version":[{"id":11931,"href":"http:\/\/xdf.gdu.edu.az\/index.php?rest_route=\/wp\/v2\/pages\/3419\/revisions\/11931"}],"wp:attachment":[{"href":"http:\/\/xdf.gdu.edu.az\/index.php?rest_route=%2Fwp%2Fv2%2Fmedia&parent=3419"}],"wp:term":[{"taxonomy":"category","embeddable":true,"href":"http:\/\/xdf.gdu.edu.az\/index.php?rest_route=%2Fwp%2Fv2%2Fcategories&post=3419"},{"taxonomy":"post_tag","embeddable":true,"href":"http:\/\/xdf.gdu.edu.az\/index.php?rest_route=%2Fwp%2Fv2%2Ftags&post=3419"}],"curies":[{"name":"wp","href":"https:\/\/api.w.org\/{rel}","templated":true}]}}