{"id":274,"date":"2016-03-16T12:35:34","date_gmt":"2016-03-16T10:35:34","guid":{"rendered":"http:\/\/xd.gdu.edu.az\/?page_id=274"},"modified":"2025-10-21T07:58:15","modified_gmt":"2025-10-21T05:58:15","slug":"elmi-sura","status":"publish","type":"page","link":"http:\/\/xdf.gdu.edu.az\/?page_id=274","title":{"rendered":"Elmi \u015eura"},"content":{"rendered":"\n<figure class=\"wp-block-gallery has-nested-images columns-default is-cropped wp-block-gallery-1 is-layout-flex wp-block-gallery-is-layout-flex\"><\/figure>\n\n\n\n<p>XAR\u0130C\u0130 D\u0130LL\u018fR FAK\u00dcLT\u018fS\u0130 \u00dcZR\u018f<\/p>\n\n\n\n<p>ELM\u0130 \u015eURANIN \u00dcZVL\u018fR\u0130<\/p>\n\n\n\n<figure class=\"wp-block-table\"><table class=\"has-fixed-layout\"><tbody><tr><td><strong><em>S\u0131ra<\/em><\/strong><strong><em><\/em><\/strong><\/td><td><strong><em>Soyad\u0131, ad\u0131, atas\u0131n\u0131n ad\u0131<\/em><\/strong><\/td><td><strong><em>V\u0259zif\u0259si<\/em><\/strong><\/td><td><strong><em>\u0130mza<\/em><\/strong><\/td><\/tr><tr><td>&nbsp;1.<\/td><td><em>\u018fsg\u0259rov \u018fjd\u0259r \u018fsg\u0259r <\/em><em>o\u011flu<\/em><\/td><td><em>s\u0259dr, dekan, dosent, f.f.d<\/em><\/td><td>&nbsp;<\/td><\/tr><tr><td>&nbsp;<\/td><td><em>Aslanova M\u0259leyk\u0259 \u0130sf\u0259ndiyar q\u0131z\u0131<\/em><\/td><td><em>s\u0259dr m\u00fcavini, dekan m\u00fcavini, b\/m<\/em><\/td><td>&nbsp;<\/td><\/tr><tr><td>&nbsp;2.<\/td><td><em>Babayeva Arzu Tahir q\u0131z\u0131<\/em> <em>&nbsp;<\/em><\/td><td><em>Humanitar m\u0259s\u0259l\u0259l\u0259r \u00fczr\u0259 dekan m\u00fcavini, p.f.d.<\/em><\/td><td>&nbsp;<\/td><\/tr><tr><td>&nbsp;3.<\/td><td><em>Kaz\u0131mova Sevda Aqil q\u0131z\u0131<\/em><\/td><td><em>Leksika v\u0259 \u00f6lk\u0259\u015f\u00fcnasl\u0131q kafedras\u0131n\u0131n&nbsp; m\u00fcdiri, dosent. f.f.d.<\/em><\/td><td>&nbsp;<\/td><\/tr><tr><td>&nbsp;4.<\/td><td><em>\u018fliyeva Zahir\u0259 M\u0259\u015f\u0259di\u0259l\u0259kb\u0259r q\u0131z\u0131<\/em><\/td><td><em>Praktik xarici dill\u0259r kafedras\u0131n\u0131n m\u00fcdiri, dosent. f.f.d.<\/em><\/td><td>&nbsp;<\/td><\/tr><tr><td>&nbsp;5.<\/td><td><em>\u018fhm\u0259dova K\u0259mal\u0259 Q\u0259l\u0259nd\u0259r q\u0131z\u0131<\/em> <em>&nbsp;<\/em><\/td><td><em>Rus dili kafedras\u0131n\u0131n m\u00fcfdiri, dosent. f.f.d.<\/em><\/td><td>&nbsp;<\/td><\/tr><tr><td>&nbsp;6.<\/td><td><em>Abdullayeva Elnar\u0259 Kamandar q\u0131z\u0131<\/em><\/td><td><em>Dos.(att-s\u0131z) Qrammatika v\u0259 ingilis dilinin t\u0259drisi kafedras\u0131n\u0131n m\u00fcdiri<\/em><\/td><td>&nbsp;<\/td><\/tr><tr><td>&nbsp;7.<\/td><td><em>Orucov M\u0259h\u0259rr\u0259m Al\u0131 o\u011flu<\/em><\/td><td><em>Frans\u0131z dili kafedras\u0131n\u0131n m\u00fcdiri, dosent(att-s\u0131z)f.f.d.<\/em><\/td><td>&nbsp;<\/td><\/tr><tr><td>&nbsp;8.<\/td><td><em>Ataki\u015fiyev Elvin M\u00fcbariz o\u011flu<\/em><\/td><td><em>Alman dili kafedras\u0131n\u0131n m\u00fcdiri, dosent .f.f.d<\/em><\/td><td>&nbsp;<\/td><\/tr><tr><td>&nbsp;9.<\/td><td><em>\u018fliyeva Sevda C\u0259lal q\u0131z\u0131<\/em><\/td><td><em>Fak\u00fclt\u0259 h\u0259mkarlar t\u0259\u015fkilat\u0131nl\u0131n s\u0259dri, dosent, f.f.d<\/em><\/td><td>&nbsp;<\/td><\/tr><tr><td>&nbsp;10.<\/td><td>Adilov Rasim \u018fli o\u011flu<\/td><td><em>Qrammatika v\u0259 ingilis dilinin t\u0259drisi kafedras\u0131n\u0131n dosenti, filologiya \u00fczr\u0259 f\u0259ls\u0259f\u0259 doktoru<\/em><\/td><td>&nbsp;<\/td><\/tr><tr><td>&nbsp;11.<\/td><td><em>C\u0259lilova T\u00fcrkan M\u00fczadil q\u0131z\u0131<\/em><\/td><td><em>Qrammatika v\u0259 ingilis dilinin t\u0259drisi kafedras\u0131n\u0131n ba\u015f m\u00fc\u0259llimi<\/em><\/td><td>&nbsp;<\/td><\/tr><tr><td>&nbsp;12.<\/td><td><em>K\u0259rimova V\u00fcsal\u0259 \u018fdal\u0259t q\u0131z\u0131<\/em><\/td><td><em>Alman dili kafedras\u0131n\u0131n ba\u015f m\u00fc\u0259llimi<\/em><\/td><td>&nbsp;<\/td><\/tr><tr><td>&nbsp;13.<\/td><td><em>\u018fhm\u0259dova V\u00fcsal\u0259 Zir\u0259ddin q\u0131z\u0131<\/em><\/td><td><em>Leksika v\u0259 \u00f6lk\u0259\u015f\u00fcnasl\u0131q kafedras\u0131n\u0131n&nbsp; ba\u015f m\u00fc\u0259llimi<\/em><\/td><td>&nbsp;<\/td><\/tr><tr><td>&nbsp;14.<\/td><td><em>N\u0259sibova G\u00fclnara \u015eam\u0259ddin q\u0131z\u0131<\/em><\/td><td><em>Leksika v\u0259 \u00f6lk\u0259\u015f\u00fcnasl\u0131q kafedras\u0131n\u0131n&nbsp; ba\u015f m\u00fc\u0259llimi<\/em><\/td><td>&nbsp;<\/td><\/tr><tr><td>&nbsp;15.<\/td><td><em>C\u0259f\u0259rova S\u0259bin\u0259 \u018fb\u00fclf\u0259t q\u0131z\u0131<\/em><\/td><td><em>Praktik xarici dill\u0259r kafedras\u0131n\u0131n ba\u015f m\u00fc\u0259llimi<\/em><\/td><td>&nbsp;<\/td><\/tr><tr><td>&nbsp;16.<\/td><td><em>\u018ff\u0259ndiyeva Ayt\u0259n \u00dczeyir q\u0131z\u0131<\/em><\/td><td><em>Praktik xarici dill\u0259r kafedras\u0131n\u0131n ba\u015f m\u00fc\u0259llimi<\/em><\/td><td>&nbsp;<\/td><\/tr><tr><td>&nbsp;17.<\/td><td><em>H\u0259midov Anar M\u00fchiddin o\u011flu<\/em><\/td><td><em>Frans\u0131z&nbsp; dili kafedras\u0131n\u0131n ba\u015f m\u00fc\u0259llimi<\/em><\/td><td>&nbsp;<\/td><\/tr><tr><td>&nbsp;18.<\/td><td><em>Yusibova Dursun Bah\u0259ddin q\u0131z\u0131<\/em><\/td><td><em>Rus dili kafedras\u0131n\u0131n ba\u015f m\u00fc\u0259llimi<\/em><\/td><td>&nbsp;<\/td><\/tr><tr><td>&nbsp;19.<\/td><td><em>M\u0259mm\u0259dova Sevgi Ramil<\/em><\/td><td><em>\u00dczv &#8211; T\u0259l\u0259b\u0259 H\u0259mkarlar T\u0259\u015fkilat\u0131n\u0131n s\u0259dri Xarici dil m\u00fc\u0259llimliyi (\u0130ngilis dili )(rus)II kurs<\/em><\/td><td>&nbsp;<\/td><\/tr><tr><td>&nbsp;20.<\/td><td>M\u0259simov Emin R\u00f6v\u015f\u0259n<em><\/em><\/td><td><em>Xarici dil m\u00fc\u0259llimliyi (\u0130ngilis&nbsp; dili) III kurs, T\u0259l\u0259b\u0259 G\u0259ncl\u0259r T\u0259\u015fkilat\u0131n\u0131n s\u0259dri<\/em><\/td><td>&nbsp;<\/td><\/tr><tr><td>&nbsp;21.<\/td><td>Abbasova N\u0259rmin R\u00fcf\u0259t<\/td><td><em>Xarici dil m\u00fc\u0259llimli( T\u0259rc\u00fcm\u0259&nbsp; dili) III kurs, T\u0259l\u0259b\u0259 H\u0259mkarlar T\u0259\u015fkilat\u0131n\u0131n &nbsp;s\u0259dri<\/em><\/td><td>&nbsp;<\/td><\/tr><\/tbody><\/table><\/figure>\n\n\n\n<figure class=\"wp-block-gallery has-nested-images columns-default is-cropped wp-block-gallery-2 is-layout-flex wp-block-gallery-is-layout-flex\">\n<figure class=\"wp-block-image size-large\"><img loading=\"lazy\" decoding=\"async\" width=\"640\" height=\"360\" data-id=\"17433\" src=\"https:\/\/xdf.gdu.edu.az\/wp-content\/uploads\/2025\/10\/90602fae-31b3-4318-a477-daabe270773d.jpg\" alt=\"\" class=\"wp-image-17433\"\/><\/figure>\n\n\n\n<figure class=\"wp-block-image size-large\"><img loading=\"lazy\" decoding=\"async\" width=\"640\" height=\"360\" data-id=\"17437\" src=\"https:\/\/xdf.gdu.edu.az\/wp-content\/uploads\/2025\/10\/69b5c2d8-7322-4ed3-baba-b65c92b50350.jpg\" alt=\"\" class=\"wp-image-17437\"\/><\/figure>\n\n\n\n<figure class=\"wp-block-image size-large\"><img loading=\"lazy\" decoding=\"async\" width=\"640\" height=\"360\" data-id=\"17438\" src=\"https:\/\/xdf.gdu.edu.az\/wp-content\/uploads\/2025\/10\/2947a682-2efe-4848-a850-0b4f21507bb1.jpg\" alt=\"\" class=\"wp-image-17438\"\/><\/figure>\n\n\n\n<figure class=\"wp-block-image size-large\"><img loading=\"lazy\" decoding=\"async\" width=\"640\" height=\"360\" data-id=\"17436\" src=\"https:\/\/xdf.gdu.edu.az\/wp-content\/uploads\/2025\/10\/b8b4c89b-8682-48b4-99c6-731c6a19d06c.jpg\" alt=\"\" class=\"wp-image-17436\"\/><\/figure>\n\n\n\n<figure class=\"wp-block-image size-large\"><img loading=\"lazy\" decoding=\"async\" width=\"640\" height=\"360\" data-id=\"17434\" src=\"https:\/\/xdf.gdu.edu.az\/wp-content\/uploads\/2025\/10\/3805423f-d551-490b-a209-2b62481e8009.jpg\" alt=\"\" class=\"wp-image-17434\"\/><\/figure>\n\n\n\n<figure class=\"wp-block-image size-large\"><img loading=\"lazy\" decoding=\"async\" width=\"640\" height=\"360\" data-id=\"17435\" src=\"https:\/\/xdf.gdu.edu.az\/wp-content\/uploads\/2025\/10\/4a83a780-bd23-4298-8ddd-6c6a873561fa.jpg\" alt=\"\" class=\"wp-image-17435\"\/><\/figure>\n\n\n\n<figure class=\"wp-block-image size-large\"><img loading=\"lazy\" decoding=\"async\" width=\"640\" height=\"360\" data-id=\"17432\" src=\"https:\/\/xdf.gdu.edu.az\/wp-content\/uploads\/2025\/10\/3bd09a3a-308b-4c0c-8baf-0d65b85966fa.jpg\" alt=\"\" class=\"wp-image-17432\"\/><\/figure>\n\n\n\n<figure class=\"wp-block-image size-large\"><img loading=\"lazy\" decoding=\"async\" width=\"640\" height=\"360\" data-id=\"17431\" src=\"https:\/\/xdf.gdu.edu.az\/wp-content\/uploads\/2025\/10\/34b2c1a0-85aa-42e6-9759-4999dc9d237d.jpg\" alt=\"\" class=\"wp-image-17431\"\/><\/figure>\n<\/figure>\n\n\n\n<p><a href=\"http:\/\/xdf.gdu.edu.az\/?p=14417\"><strong>N\u00f6vb\u0259ti  Elmi \u015eura<\/strong><\/a><\/p>\n\n\n\n<figure class=\"wp-block-gallery has-nested-images columns-2 is-cropped wp-block-gallery-3 is-layout-flex wp-block-gallery-is-layout-flex\">\n<figure class=\"wp-block-image size-large\"><img loading=\"lazy\" decoding=\"async\" width=\"2560\" height=\"1152\" data-id=\"13575\" src=\"https:\/\/xdf.gdu.edu.az\/wp-content\/uploads\/2023\/12\/20231226_112254-scaled.jpg\" alt=\"\" class=\"wp-image-13575\" srcset=\"http:\/\/xdf.gdu.edu.az\/wp-content\/uploads\/2023\/12\/20231226_112254-scaled.jpg 2560w, http:\/\/xdf.gdu.edu.az\/wp-content\/uploads\/2023\/12\/20231226_112254-768x346.jpg 768w, http:\/\/xdf.gdu.edu.az\/wp-content\/uploads\/2023\/12\/20231226_112254-1536x691.jpg 1536w, http:\/\/xdf.gdu.edu.az\/wp-content\/uploads\/2023\/12\/20231226_112254-2048x922.jpg 2048w\" sizes=\"auto, (max-width: 2560px) 100vw, 2560px\" \/><\/figure>\n\n\n\n<figure class=\"wp-block-image size-large\"><img loading=\"lazy\" decoding=\"async\" width=\"2560\" height=\"1152\" data-id=\"13574\" src=\"https:\/\/xdf.gdu.edu.az\/wp-content\/uploads\/2023\/12\/20231226_112207-scaled.jpg\" alt=\"\" class=\"wp-image-13574\" srcset=\"http:\/\/xdf.gdu.edu.az\/wp-content\/uploads\/2023\/12\/20231226_112207-scaled.jpg 2560w, http:\/\/xdf.gdu.edu.az\/wp-content\/uploads\/2023\/12\/20231226_112207-768x346.jpg 768w, http:\/\/xdf.gdu.edu.az\/wp-content\/uploads\/2023\/12\/20231226_112207-1536x691.jpg 1536w, http:\/\/xdf.gdu.edu.az\/wp-content\/uploads\/2023\/12\/20231226_112207-2048x922.jpg 2048w\" sizes=\"auto, (max-width: 2560px) 100vw, 2560px\" \/><\/figure>\n\n\n\n<figure class=\"wp-block-image size-large\"><img loading=\"lazy\" decoding=\"async\" width=\"2560\" height=\"1154\" data-id=\"13571\" src=\"https:\/\/xdf.gdu.edu.az\/wp-content\/uploads\/2023\/12\/20231226_112118-scaled.jpg\" alt=\"\" class=\"wp-image-13571\" srcset=\"http:\/\/xdf.gdu.edu.az\/wp-content\/uploads\/2023\/12\/20231226_112118-scaled.jpg 2560w, http:\/\/xdf.gdu.edu.az\/wp-content\/uploads\/2023\/12\/20231226_112118-768x346.jpg 768w, http:\/\/xdf.gdu.edu.az\/wp-content\/uploads\/2023\/12\/20231226_112118-1536x692.jpg 1536w, http:\/\/xdf.gdu.edu.az\/wp-content\/uploads\/2023\/12\/20231226_112118-2048x923.jpg 2048w\" sizes=\"auto, (max-width: 2560px) 100vw, 2560px\" \/><\/figure>\n\n\n\n<figure class=\"wp-block-image size-large\"><img loading=\"lazy\" decoding=\"async\" width=\"2560\" height=\"1154\" data-id=\"13568\" src=\"https:\/\/xdf.gdu.edu.az\/wp-content\/uploads\/2023\/12\/20231226_112047-scaled.jpg\" alt=\"\" class=\"wp-image-13568\" srcset=\"http:\/\/xdf.gdu.edu.az\/wp-content\/uploads\/2023\/12\/20231226_112047-scaled.jpg 2560w, http:\/\/xdf.gdu.edu.az\/wp-content\/uploads\/2023\/12\/20231226_112047-768x346.jpg 768w, http:\/\/xdf.gdu.edu.az\/wp-content\/uploads\/2023\/12\/20231226_112047-1536x692.jpg 1536w, http:\/\/xdf.gdu.edu.az\/wp-content\/uploads\/2023\/12\/20231226_112047-2048x923.jpg 2048w\" sizes=\"auto, (max-width: 2560px) 100vw, 2560px\" \/><\/figure>\n<\/figure>\n\n\n\n<figure class=\"wp-block-gallery has-nested-images columns-1 is-cropped wp-block-gallery-4 is-layout-flex wp-block-gallery-is-layout-flex\">\n<figure class=\"wp-block-image size-large\"><img loading=\"lazy\" decoding=\"async\" width=\"640\" height=\"480\" data-id=\"13182\" src=\"https:\/\/xdf.gdu.edu.az\/wp-content\/uploads\/2023\/11\/20231130_111652.jpg\" alt=\"\" class=\"wp-image-13182\" srcset=\"http:\/\/xdf.gdu.edu.az\/wp-content\/uploads\/2023\/11\/20231130_111652.jpg 640w, http:\/\/xdf.gdu.edu.az\/wp-content\/uploads\/2023\/11\/20231130_111652-480x360.jpg 480w, http:\/\/xdf.gdu.edu.az\/wp-content\/uploads\/2023\/11\/20231130_111652-320x240.jpg 320w, http:\/\/xdf.gdu.edu.az\/wp-content\/uploads\/2023\/11\/20231130_111652-240x180.jpg 240w\" sizes=\"auto, (max-width: 640px) 100vw, 640px\" \/><\/figure>\n\n\n\n<figure class=\"wp-block-image size-large\"><img loading=\"lazy\" decoding=\"async\" width=\"640\" height=\"480\" data-id=\"13185\" src=\"https:\/\/xdf.gdu.edu.az\/wp-content\/uploads\/2023\/11\/20231130_112122.jpg\" alt=\"\" class=\"wp-image-13185\" srcset=\"http:\/\/xdf.gdu.edu.az\/wp-content\/uploads\/2023\/11\/20231130_112122.jpg 640w, http:\/\/xdf.gdu.edu.az\/wp-content\/uploads\/2023\/11\/20231130_112122-480x360.jpg 480w, http:\/\/xdf.gdu.edu.az\/wp-content\/uploads\/2023\/11\/20231130_112122-320x240.jpg 320w, http:\/\/xdf.gdu.edu.az\/wp-content\/uploads\/2023\/11\/20231130_112122-240x180.jpg 240w\" sizes=\"auto, (max-width: 640px) 100vw, 640px\" \/><\/figure>\n\n\n\n<figure class=\"wp-block-image size-large\"><img loading=\"lazy\" decoding=\"async\" width=\"640\" height=\"480\" data-id=\"13183\" src=\"https:\/\/xdf.gdu.edu.az\/wp-content\/uploads\/2023\/11\/20231130_111900.jpg\" alt=\"\" class=\"wp-image-13183\" srcset=\"http:\/\/xdf.gdu.edu.az\/wp-content\/uploads\/2023\/11\/20231130_111900.jpg 640w, http:\/\/xdf.gdu.edu.az\/wp-content\/uploads\/2023\/11\/20231130_111900-480x360.jpg 480w, http:\/\/xdf.gdu.edu.az\/wp-content\/uploads\/2023\/11\/20231130_111900-320x240.jpg 320w, http:\/\/xdf.gdu.edu.az\/wp-content\/uploads\/2023\/11\/20231130_111900-240x180.jpg 240w\" sizes=\"auto, (max-width: 640px) 100vw, 640px\" \/><\/figure>\n<\/figure>\n\n\n<p style=\"text-align: center;\"><a href=\"http:\/\/xd.gdu.edu.az\/wp-content\/uploads\/2019\/09\/20190925_141103.jpg\"><img loading=\"lazy\" decoding=\"async\" class=\"alignnone size-full wp-image-6973\" src=\"http:\/\/xd.gdu.edu.az\/wp-content\/uploads\/2019\/09\/20190925_141103.jpg\" alt=\"20190925_141103\" width=\"640\" height=\"360\" srcset=\"http:\/\/xdf.gdu.edu.az\/wp-content\/uploads\/2019\/09\/20190925_141103.jpg 640w, http:\/\/xdf.gdu.edu.az\/wp-content\/uploads\/2019\/09\/20190925_141103-300x169.jpg 300w\" sizes=\"auto, (max-width: 640px) 100vw, 640px\" \/><\/a> <a href=\"http:\/\/xd.gdu.edu.az\/wp-content\/uploads\/2019\/09\/20190925_142536.jpg\"><img loading=\"lazy\" decoding=\"async\" class=\"alignnone size-full wp-image-6976\" src=\"http:\/\/xd.gdu.edu.az\/wp-content\/uploads\/2019\/09\/20190925_142536.jpg\" alt=\"20190925_142536\" width=\"360\" height=\"640\" srcset=\"http:\/\/xdf.gdu.edu.az\/wp-content\/uploads\/2019\/09\/20190925_142536.jpg 360w, http:\/\/xdf.gdu.edu.az\/wp-content\/uploads\/2019\/09\/20190925_142536-169x300.jpg 169w\" sizes=\"auto, (max-width: 360px) 100vw, 360px\" \/><\/a><\/p>\n<\/p>","protected":false},"excerpt":{"rendered":"<p>XAR\u0130C\u0130 D\u0130LL\u018fR FAK\u00dcLT\u018fS\u0130 \u00dcZR\u018f ELM\u0130 \u015eURANIN \u00dcZVL\u018fR\u0130 S\u0131ra Soyad\u0131, ad\u0131, atas\u0131n\u0131n ad\u0131 V\u0259zif\u0259si \u0130mza &nbsp;1. \u018fsg\u0259rov \u018fjd\u0259r \u018fsg\u0259r o\u011flu s\u0259dr, dekan, dosent, f.f.d &nbsp; &nbsp; Aslanova M\u0259leyk\u0259 \u0130sf\u0259ndiyar q\u0131z\u0131 s\u0259dr m\u00fcavini, dekan m\u00fcavini, b\/m &nbsp; &nbsp;2. Babayeva Arzu Tahir q\u0131z\u0131 &nbsp; Humanitar m\u0259s\u0259l\u0259l\u0259r \u00fczr\u0259 dekan m\u00fcavini, p.f.d. &nbsp; &nbsp;3. Kaz\u0131mova Sevda Aqil q\u0131z\u0131 Leksika v\u0259 [&hellip;]<\/p>\n","protected":false},"author":4,"featured_media":0,"parent":0,"menu_order":0,"comment_status":"closed","ping_status":"closed","template":"","meta":{"footnotes":""},"categories":[],"tags":[],"class_list":["post-274","page","type-page","status-publish","hentry"],"_links":{"self":[{"href":"http:\/\/xdf.gdu.edu.az\/index.php?rest_route=\/wp\/v2\/pages\/274","targetHints":{"allow":["GET"]}}],"collection":[{"href":"http:\/\/xdf.gdu.edu.az\/index.php?rest_route=\/wp\/v2\/pages"}],"about":[{"href":"http:\/\/xdf.gdu.edu.az\/index.php?rest_route=\/wp\/v2\/types\/page"}],"author":[{"embeddable":true,"href":"http:\/\/xdf.gdu.edu.az\/index.php?rest_route=\/wp\/v2\/users\/4"}],"replies":[{"embeddable":true,"href":"http:\/\/xdf.gdu.edu.az\/index.php?rest_route=%2Fwp%2Fv2%2Fcomments&post=274"}],"version-history":[{"count":26,"href":"http:\/\/xdf.gdu.edu.az\/index.php?rest_route=\/wp\/v2\/pages\/274\/revisions"}],"predecessor-version":[{"id":17657,"href":"http:\/\/xdf.gdu.edu.az\/index.php?rest_route=\/wp\/v2\/pages\/274\/revisions\/17657"}],"wp:attachment":[{"href":"http:\/\/xdf.gdu.edu.az\/index.php?rest_route=%2Fwp%2Fv2%2Fmedia&parent=274"}],"wp:term":[{"taxonomy":"category","embeddable":true,"href":"http:\/\/xdf.gdu.edu.az\/index.php?rest_route=%2Fwp%2Fv2%2Fcategories&post=274"},{"taxonomy":"post_tag","embeddable":true,"href":"http:\/\/xdf.gdu.edu.az\/index.php?rest_route=%2Fwp%2Fv2%2Ftags&post=274"}],"curies":[{"name":"wp","href":"https:\/\/api.w.org\/{rel}","templated":true}]}}