{"id":271,"date":"2016-03-16T12:31:33","date_gmt":"2016-03-16T10:31:33","guid":{"rendered":"http:\/\/xd.gdu.edu.az\/?page_id=271"},"modified":"2026-01-05T09:04:48","modified_gmt":"2026-01-05T07:04:48","slug":"praktik-xarici-dill%c9%99r","status":"publish","type":"page","link":"http:\/\/xdf.gdu.edu.az\/?page_id=271","title":{"rendered":"Praktik Xarici dill\u0259r"},"content":{"rendered":"\n<p><strong>KAFEDRANIN TAR\u0130X\u0130 HAQQINDA M\u018fLUMAT<\/strong><\/p>\n\n\n\n<p>&nbsp;Praktik\nxarici dill\u0259r kafedras\u0131n\u0131n tarixi KDP\u0130 yaranma tarixi il\u0259 \u00fcst-\u00fcst\u0259 d\u00fc\u015f\u00fcr.\nKafedra uzun ill\u0259rdir ki, f\u0259aliyy\u0259t g\u00f6st\u0259rir. Ilk ill\u0259rd\u0259 kafedrada ingilis,\nfrans\u0131z, alman, fars dill\u0259ri t\u0259dris olunurdu. KDP\u0130&nbsp; Universitet statusu&nbsp; ald\u0131qdan sonra yuxar\u0131da ad\u0131 \u00e7\u0259kil\u0259n alman v\u0259\nfrans\u0131z dill\u0259ri ayr\u0131laraq kafedra kimi f\u0259aliyy\u0259t g\u00f6st\u0259rdil\u0259r. Hal-haz\u0131rda\nPraktik xarici dill\u0259r kafedras\u0131nda ingilis dili Universitetin b\u00fct\u00fcn fak\u00fclt\u0259l\u0259rind\u0259,\nfars dili is\u0259 Filologiya fak\u00fclt\u0259sind\u0259 t\u0259dris olunur. <\/p>\n\n\n\n<p><strong> KAFEDRADA T\u018fDR\u0130S OLUNAN F\u018fNNL\u018fR HAQQINDA M\u018fLUMAT<\/strong><\/p>\n\n\n\n<p>&nbsp; (BAKALAVR\nV\u018f MAG\u0130STR AYRILIQDA)<\/p>\n\n\n\n<p>1.Xarici dild\u0259 I\u015fg\u00fczar v\u0259 Akademik kommunikasiya\n(ingilis dili)<\/p>\n\n\n\n<p>2. Fars dili<\/p>\n\n\n\n<p>3. Magistratura<\/p>\n\n\n\n<p><\/p>\n\n\n\n<p><\/p>\n\n\n\n<p><\/p>\n\n\n\n<p><\/p>\n\n\n\n<p><\/p>\n\n\n\n<p><\/p>\n\n\n\n<figure class=\"wp-block-image size-large\"><img loading=\"lazy\" decoding=\"async\" width=\"1429\" height=\"953\" src=\"http:\/\/xdf.gdu.edu.az\/wp-content\/uploads\/2023\/05\/2.jpg\" alt=\"\" class=\"wp-image-12006\" srcset=\"http:\/\/xdf.gdu.edu.az\/wp-content\/uploads\/2023\/05\/2.jpg 1429w, http:\/\/xdf.gdu.edu.az\/wp-content\/uploads\/2023\/05\/2-768x512.jpg 768w, http:\/\/xdf.gdu.edu.az\/wp-content\/uploads\/2023\/05\/2-960x640.jpg 960w, http:\/\/xdf.gdu.edu.az\/wp-content\/uploads\/2023\/05\/2-480x320.jpg 480w, http:\/\/xdf.gdu.edu.az\/wp-content\/uploads\/2023\/05\/2-320x213.jpg 320w, http:\/\/xdf.gdu.edu.az\/wp-content\/uploads\/2023\/05\/2-240x160.jpg 240w\" sizes=\"auto, (max-width: 1429px) 100vw, 1429px\" \/><\/figure>\n\n\n<p style=\"text-align: center;\"><strong>PRAKT\u0130K XAR\u0130C\u0130 D\u0130LL\u018fR KAFEDRASI HAQQINDA M\u018fLUMAT.<\/strong><\/p>\n<ol>\n<li>\n<h5><em><strong><span style=\"color: #0000ff;\"><a style=\"color: #0000ff;\" href=\"http:\/\/xdf.gdu.edu.az\/?page_id=670\">\u018fliyeva Zahir\u0259 M\u0259\u015f\u0259di \u018fl\u0259kb\u0259r q\u0131z\u0131<\/a><\/span><\/strong><\/em><\/h5>\n<\/li>\n<li>\n<h5><em><strong><span style=\"color: #0000ff;\"><a style=\"color: #0000ff;\" href=\"http:\/\/xdf.gdu.edu.az\/?page_id=811\">M\u0259h\u0259rr\u0259mova Suqur\u0259 \u0130brahim q\u0131z\u0131<\/a><\/span><span style=\"color: #0000ff;\"><br \/><\/span><\/strong><\/em><\/h5>\n<\/li>\n<li>\n<h5 class=\"components-truncate components-text editor-post-card-panel__title css-1a5bone e19lxcc00\" data-wp-c16t=\"true\" data-wp-component=\"Text\"><em><strong><span style=\"color: #0000ff;\"><a style=\"color: #0000ff;\" href=\"https:\/\/xdf.gdu.edu.az\/?page_id=15675\">H\u0259s\u0259nova T\u00fcrkan \u0130lqar q\u0131z\u0131<\/a><\/span><\/strong><\/em><\/h5>\n<\/li>\n<li>\n<h5><em><strong><span style=\"color: #0000ff;\"><a style=\"color: #0000ff;\" href=\"http:\/\/xdf.gdu.edu.az\/?page_id=705\">R\u00fcst\u0259mova \u0130lham\u0259 Saleh q\u0131z\u0131<\/a><\/span><\/strong><\/em><\/h5>\n<\/li>\n<li>\n<h5><em><strong><span style=\"color: #0000ff;\"><a style=\"color: #0000ff;\" href=\"http:\/\/xdf.gdu.edu.az\/?page_id=395\">M\u0259mm\u0259dzad\u0259 Nat\u0259van Yusif q\u0131z\u0131<\/a><\/span><\/strong><\/em><\/h5>\n<\/li>\n<li>\n<h5><em><strong><span style=\"color: #0000ff;\"><a style=\"color: #0000ff;\" href=\"http:\/\/xdf.gdu.edu.az\/?page_id=728\">\u0130brahimova V\u00fcsal\u0259 \u0130lqar q\u0131z\u0131<\/a><\/span><span style=\"color: #0000ff;\"><br \/><\/span><\/strong><\/em><\/h5>\n<\/li>\n<li>\n<h5><em><strong><span style=\"color: #0000ff;\"><a style=\"color: #0000ff;\" href=\"http:\/\/xdf.gdu.edu.az\/?page_id=713\">Purbayram Jal\u0259 Behman q\u0131z\u0131<\/a><\/span><\/strong><\/em><\/h5>\n<\/li>\n<li>\n<h5><em><strong><span style=\"color: #0000ff;\"><a style=\"color: #0000ff;\" href=\"http:\/\/xdf.gdu.edu.az\/?page_id=717\">Orucova Mehriban Cabit q\u0131z\u0131<\/a><\/span><\/strong><\/em><\/h5>\n<\/li>\n<li>\n<h5><em><strong><span style=\"color: #0000ff;\"><a style=\"color: #0000ff;\" href=\"http:\/\/xdf.gdu.edu.az\/?page_id=702\">N\u0259biyeva Samir\u0259 \u00c7ingiz q\u0131z\u0131<\/a><\/span><\/strong><\/em><\/h5>\n<\/li>\n<li>\n<h5><em><strong><span style=\"color: #0000ff;\"><a style=\"color: #0000ff;\" href=\"http:\/\/xdf.gdu.edu.az\/?page_id=709\">C\u0259f\u0259rova S\u0259bin\u0259 \u018fb\u00fclf\u0259t q\u0131z\u0131<\/a><\/span><\/strong><\/em><\/h5>\n<\/li>\n<li>\n<h5><em><strong><span style=\"color: #0000ff;\"><a style=\"color: #0000ff;\" href=\"http:\/\/xdf.gdu.edu.az\/?page_id=724\">K\u0259rimli Ayt\u0259n Tahir q\u0131z\u0131<\/a><\/span><\/strong><\/em><\/h5>\n<\/li>\n<li>\n<h5><em><strong><span style=\"color: #0000ff;\"><a style=\"color: #0000ff;\" href=\"http:\/\/xdf.gdu.edu.az\/?page_id=748\">\u018ff\u0259ndiyeva Ayt\u0259n \u00dczeyir q\u0131z\u0131<\/a><\/span><\/strong><\/em><\/h5>\n<\/li>\n<li>\n<h5><em><strong><span style=\"color: #0000ff;\"><a style=\"color: #0000ff;\" href=\"http:\/\/xdf.gdu.edu.az\/?page_id=731\">B\u0259\u015firova Aynur Hilal q\u0131z\u0131<\/a>\u00a0\u00a0<\/span><\/strong><\/em><\/h5>\n<\/li>\n<li>\n<h5><em><strong><span style=\"color: #0000ff;\"><a style=\"color: #0000ff;\" href=\"http:\/\/xdf.gdu.edu.az\/?page_id=721\">Qurbanova Samir\u0259 Arif q\u0131z\u0131<\/a><\/span><\/strong><\/em><\/h5>\n<\/li>\n<li>\n<h5><em><strong><span style=\"color: #0000ff;\"><a style=\"color: #0000ff;\" href=\"http:\/\/xdf.gdu.edu.az\/?page_id=898\">M\u0259mm\u0259dov Ruslan H\u0259s\u0259n o\u011flu<\/a><\/span><\/strong><\/em><\/h5>\n<\/li>\n<li>\n<h5><em><strong><span style=\"color: #0000ff;\"><a style=\"color: #0000ff;\" href=\"http:\/\/xdf.gdu.edu.az\/?page_id=740\">\u018fliyeva N\u0259sib\u0259 \u0130slam q\u0131z\u0131<\/a><\/span><\/strong><\/em><\/h5>\n<\/li>\n<li>\n<h5><em><strong><a href=\"http:\/\/xdf.gdu.edu.az\/?page_id=11233\"><span style=\"color: #0000ff;\">Nuriyeva Aysel Yusif q\u0131z\u0131<\/span><\/a><\/strong><\/em><\/h5>\n<\/li>\n<li>\n<h5><em><strong><span style=\"color: #0000ff;\"><a style=\"color: #0000ff;\" href=\"http:\/\/xdf.gdu.edu.az\/?page_id=12073\">Musayeva Elzan\u0259 M\u0259mm\u0259d q\u0131z\u0131<\/a><\/span><\/strong><\/em><\/h5>\n<\/li>\n<li>\n<h5><em><strong><span style=\"color: #0000ff;\"><a style=\"color: #0000ff;\" href=\"http:\/\/xdf.gdu.edu.az\/?page_id=10746\">Hac\u0131h\u0259s\u0259nova L\u0259man \u015e\u0259mil q\u0131z\u0131<\/a><\/span><\/strong><\/em><\/h5>\n<\/li>\n<li>\n<h5><em><strong><span style=\"color: #0000ff;\"><a style=\"color: #0000ff;\" href=\"http:\/\/xdf.gdu.edu.az\/?page_id=821\">H\u00fcseynova T\u00fcrkan Etibar q\u0131z\u0131<\/a><\/span><\/strong><\/em><\/h5>\n<\/li>\n<li>\n<h5><em><strong><a href=\"http:\/\/xdf.gdu.edu.az\/?page_id=12089\"><span style=\"color: #0000ff;\">Aslanova F\u0259rid\u0259 Razim q\u0131z\u0131<\/span><\/a><\/strong><\/em><\/h5>\n<\/li>\n<li>\n<h5><em><strong><span style=\"color: #0000ff;\"><a style=\"color: #0000ff;\" href=\"http:\/\/xdf.gdu.edu.az\/?page_id=10763\">Salahova Yegan\u0259 H\u0259s\u0259n q\u0131z\u0131<\/a><\/span><\/strong><\/em><\/h5>\n<\/li>\n<li>\n<h5><em><strong><span style=\"color: #0000ff;\"><a style=\"color: #0000ff;\" href=\"http:\/\/xdf.gdu.edu.az\/?page_id=10770\">Ad\u0131g\u00f6z\u0259lova N\u00fcbub\u0259t Nizami q\u0131z\u0131<\/a><\/span><\/strong><\/em><\/h5>\n<\/li>\n<li>\n<h5><em><strong><a href=\"http:\/\/xdf.gdu.edu.az\/?page_id=12081\"><span style=\"color: #0000ff;\">M\u0259mm\u0259dova Nigar El\u00e7in q\u0131z\u0131<\/span><\/a><\/strong><\/em><\/h5>\n<\/li>\n<li>\n<h5><em><strong><span style=\"color: #0000ff;\"><a style=\"color: #0000ff;\" href=\"https:\/\/xdf.gdu.edu.az\/?page_id=13445\">H\u00fcseynova \u015e\u0259hla \u018fl\u0259kb\u0259r q\u0131z\u0131<\/a><\/span><\/strong><\/em><\/h5>\n<\/li>\n<li>\n<h5><em><strong><span style=\"color: #0000ff;\"><a style=\"color: #0000ff;\" href=\"https:\/\/xdf.gdu.edu.az\/?page_id=13455\">H\u0259s\u0259nova S\u0259ma \u0130mamverdi q\u0131z\u0131<\/a><\/span><\/strong><\/em><\/h5>\n<\/li>\n<li>\n<h5><em><strong><span style=\"color: #0000ff;\"><a style=\"color: #0000ff;\" href=\"https:\/\/xdf.gdu.edu.az\/?page_id=13461\">\u0130smay\u0131lova G\u00fcnay Sabir q\u0131z\u0131<\/a><\/span><\/strong><\/em><em><strong><br \/><\/strong><\/em><em><strong><br \/><\/strong><\/em><\/h5>\n<\/li>\n<li>\n<h5><em><strong><span style=\"color: #0000ff;\"><a style=\"color: #0000ff;\" href=\"http:\/\/xdf.gdu.edu.az\/?page_id=686\">N\u0259c\u0259fova Sentaura M\u0259h\u0259bb\u0259t q\u0131z\u0131<\/a><br \/><\/span><span style=\"color: #0000ff;\">\u00a0<\/span><\/strong><\/em><\/h5>\n<h5><span style=\"color: #0000ff;\"><em><strong><br \/><\/strong><\/em><\/span><span style=\"color: #808000;\"><em><strong><br \/><\/strong><\/em><\/span><\/h5>\n<\/li>\n<\/ol>\n<h3><span style=\"color: #ff00ff;\"><em><strong> <a style=\"color: #ff00ff;\" href=\"http:\/\/xdf.gdu.edu.az\/?page_id=12097\">T\u018fDR\u0130S K\u00d6M\u018fK\u00c7\u0130 HEYY\u018fT\u0130<\/a><\/strong><\/em><\/span><\/h3>\n\n\n<figure class=\"wp-block-gallery has-nested-images columns-default is-cropped wp-block-gallery-1 is-layout-flex wp-block-gallery-is-layout-flex\"><\/figure>\n\n\n\n<figure class=\"wp-block-gallery has-nested-images columns-default is-cropped wp-block-gallery-2 is-layout-flex wp-block-gallery-is-layout-flex\"><\/figure>\n\n\n\n<p><\/p>\n","protected":false},"excerpt":{"rendered":"<p>KAFEDRANIN TAR\u0130X\u0130 HAQQINDA M\u018fLUMAT &nbsp;Praktik xarici dill\u0259r kafedras\u0131n\u0131n tarixi KDP\u0130 yaranma tarixi il\u0259 \u00fcst-\u00fcst\u0259 d\u00fc\u015f\u00fcr. Kafedra uzun ill\u0259rdir ki, f\u0259aliyy\u0259t g\u00f6st\u0259rir. Ilk ill\u0259rd\u0259 kafedrada ingilis, frans\u0131z, alman, fars dill\u0259ri t\u0259dris olunurdu. KDP\u0130&nbsp; Universitet statusu&nbsp; ald\u0131qdan sonra yuxar\u0131da ad\u0131 \u00e7\u0259kil\u0259n alman v\u0259 frans\u0131z dill\u0259ri ayr\u0131laraq kafedra kimi f\u0259aliyy\u0259t g\u00f6st\u0259rdil\u0259r. Hal-haz\u0131rda Praktik xarici dill\u0259r kafedras\u0131nda ingilis dili [&hellip;]<\/p>\n","protected":false},"author":4,"featured_media":0,"parent":0,"menu_order":0,"comment_status":"closed","ping_status":"closed","template":"","meta":{"footnotes":""},"categories":[16],"tags":[],"class_list":["post-271","page","type-page","status-publish","hentry","category-dekanliq"],"_links":{"self":[{"href":"http:\/\/xdf.gdu.edu.az\/index.php?rest_route=\/wp\/v2\/pages\/271","targetHints":{"allow":["GET"]}}],"collection":[{"href":"http:\/\/xdf.gdu.edu.az\/index.php?rest_route=\/wp\/v2\/pages"}],"about":[{"href":"http:\/\/xdf.gdu.edu.az\/index.php?rest_route=\/wp\/v2\/types\/page"}],"author":[{"embeddable":true,"href":"http:\/\/xdf.gdu.edu.az\/index.php?rest_route=\/wp\/v2\/users\/4"}],"replies":[{"embeddable":true,"href":"http:\/\/xdf.gdu.edu.az\/index.php?rest_route=%2Fwp%2Fv2%2Fcomments&post=271"}],"version-history":[{"count":116,"href":"http:\/\/xdf.gdu.edu.az\/index.php?rest_route=\/wp\/v2\/pages\/271\/revisions"}],"predecessor-version":[{"id":18296,"href":"http:\/\/xdf.gdu.edu.az\/index.php?rest_route=\/wp\/v2\/pages\/271\/revisions\/18296"}],"wp:attachment":[{"href":"http:\/\/xdf.gdu.edu.az\/index.php?rest_route=%2Fwp%2Fv2%2Fmedia&parent=271"}],"wp:term":[{"taxonomy":"category","embeddable":true,"href":"http:\/\/xdf.gdu.edu.az\/index.php?rest_route=%2Fwp%2Fv2%2Fcategories&post=271"},{"taxonomy":"post_tag","embeddable":true,"href":"http:\/\/xdf.gdu.edu.az\/index.php?rest_route=%2Fwp%2Fv2%2Ftags&post=271"}],"curies":[{"name":"wp","href":"https:\/\/api.w.org\/{rel}","templated":true}]}}