{"id":267,"date":"2016-03-16T12:26:50","date_gmt":"2016-03-16T10:26:50","guid":{"rendered":"http:\/\/xd.gdu.edu.az\/?page_id=267"},"modified":"2025-10-02T12:26:30","modified_gmt":"2025-10-02T10:26:30","slug":"rus-dili","status":"publish","type":"page","link":"http:\/\/xdf.gdu.edu.az\/?page_id=267","title":{"rendered":"Rus dili"},"content":{"rendered":"\n<figure class=\"wp-block-image size-large\"><img loading=\"lazy\" decoding=\"async\" width=\"2560\" height=\"1707\" src=\"http:\/\/xdf.gdu.edu.az\/wp-content\/uploads\/2023\/05\/IMG_1578-scaled.jpg\" alt=\"\" class=\"wp-image-12132\" srcset=\"http:\/\/xdf.gdu.edu.az\/wp-content\/uploads\/2023\/05\/IMG_1578-scaled.jpg 2560w, http:\/\/xdf.gdu.edu.az\/wp-content\/uploads\/2023\/05\/IMG_1578-768x512.jpg 768w, http:\/\/xdf.gdu.edu.az\/wp-content\/uploads\/2023\/05\/IMG_1578-1536x1024.jpg 1536w, http:\/\/xdf.gdu.edu.az\/wp-content\/uploads\/2023\/05\/IMG_1578-2048x1365.jpg 2048w, http:\/\/xdf.gdu.edu.az\/wp-content\/uploads\/2023\/05\/IMG_1578-960x640.jpg 960w, http:\/\/xdf.gdu.edu.az\/wp-content\/uploads\/2023\/05\/IMG_1578-480x320.jpg 480w, http:\/\/xdf.gdu.edu.az\/wp-content\/uploads\/2023\/05\/IMG_1578-320x213.jpg 320w, http:\/\/xdf.gdu.edu.az\/wp-content\/uploads\/2023\/05\/IMG_1578-240x160.jpg 240w\" sizes=\"auto, (max-width: 2560px) 100vw, 2560px\" \/><\/figure>\n\n\n\n<p><strong><em>.\nKafedran\u0131n tarixi haqq\u0131nda m\u0259lumat:<\/em><\/strong> &nbsp;<\/p>\n\n\n\n<p>&nbsp;&nbsp;&nbsp;&nbsp; Rus dili kafedras\u01311938-1939-cu ill\u0259rd\u0259 &nbsp;yarand\u0131\u011f\u0131 tarixd\u0259n inki\u015faf&nbsp; ed\u0259r\u0259k \u00e7ox \u015f\u0259r\u0259fli v\u0259 \u00e7ox\u015fax\u0259li&nbsp; bir yol ke\u00e7mi\u015fdir. Kafedra Universitet yarand\u0131\u011f\u0131\ntarixd\u0259n \u00f6z funksiyas\u0131n\u0131 y\u00fcks\u0259k formada yerin\u0259 yetir\u0259r\u0259k&nbsp; bu g\u00fcn\u0259 q\u0259d\u0259r f\u0259aliyy\u0259t g\u00f6st\u0259rir.&nbsp;&nbsp;&nbsp;&nbsp;&nbsp;&nbsp;&nbsp;&nbsp;&nbsp;&nbsp; <\/p>\n\n\n\n<p>&nbsp;&nbsp;&nbsp;&nbsp;&nbsp;&nbsp; H\u0259l\u0259 1938-1939-cu t\u0259dris ilind\u0259 burada\ni\u015f\u0259 ba\u015flayan on kafedradan biri m\u0259hz Rus dili kafedras\u0131 olmu\u015fdur.<\/p>\n\n\n\n<p>&nbsp;&nbsp;&nbsp;&nbsp;&nbsp; Rus dili kafedras\u0131 ke\u00e7\u0259n 85 il \u0259rzind\u0259\nb\u00f6y\u00fcm\u00fc\u015f, Universitet \u00fczr\u0259 \u0259sas apar\u0131c\u0131 kafedralardan birin\u0259 \u00e7evrilmi\u015fdir.\nF\u0259aliyy\u0259tini ilk ill\u0259rind\u0259 bir n\u0259f\u0259r m\u00fc\u0259llim il\u0259 ba\u015flayan kafedrada&nbsp; hal-haz\u0131rda 18 m\u00fc\u0259llim \u00e7al\u0131\u015f\u0131r.&nbsp; Bunlardan alt\u0131 n\u0259f\u0259r&nbsp; filologiya \u00fczr\u0259 f\u0259ls\u0259f\u0259 doktoru, dosent elmi\nd\u0259r\u0259c\u0259li m\u00fc\u0259lliml\u0259rdir, s\u0259kkiz n\u0259f\u0259r &#8211; ba\u015f m\u00fc\u0259llim, d\u00f6rd n\u0259f\u0259r \u2013 m\u00fc\u0259llim kimi\n\u00e7al\u0131\u015f\u0131r. <\/p>\n\n\n\n<p>&nbsp;&nbsp;&nbsp;&nbsp;&nbsp; Kafedran\u0131n&nbsp; dosenti \u018fsg\u0259rov \u018fjd\u0259r \u018fsg\u0259r o\u011flu\nUniversitetin Xarici dill\u0259r fak\u00fclt\u0259sinin dekan\u0131 v\u0259zif\u0259sind\u0259 \u00e7al\u0131\u015f\u0131r. <\/p>\n\n\n\n<p>&nbsp;&nbsp;&nbsp;&nbsp; Kafedra m\u00fcdiri, dosent \u018fhm\u0259dova K\u0259mal\u0259\nQ\u0259l\u0259nd\u0259r q\u0131z\u0131 Xarici dill\u0259r fak\u00fclt\u0259sinin Metodiki \u015furas\u0131n\u0131n \u00fczv\u00fcd\u00fcr.<\/p>\n\n\n\n<p>&nbsp;&nbsp;&nbsp;&nbsp; Kafedran\u0131n t\u0259dris-k\u00f6m\u0259k\u00e7i heyy\u0259ti be\u015f\nn\u0259f\u0259rd\u0259n ibar\u0259tdir.<\/p>\n\n\n\n<p>&nbsp;&nbsp;&nbsp;&nbsp; Hal-haz\u0131rda kafedraya filologiya \u00fczr\u0259\nf\u0259ls\u0259f\u0259 doktoru, dosent K\u0259mal\u0259 Q\u0259l\u0259nd\u0259r q\u0131z\u0131 \u018fhm\u0259dova r\u0259hb\u0259rlik edir.&nbsp;&nbsp; <\/p>\n\n\n\n<p><strong><em>3.\nKafedrada t\u0259dris olunan f\u0259nl\u0259r haqq\u0131nda m\u0259lumat:<\/em><\/strong><\/p>\n\n\n\n<p><strong><em>Bakalavriat\npill\u0259si<\/em><\/strong><\/p>\n\n\n\n<p><strong>&nbsp;<\/strong>Rus dili kafedras\u0131nda bakalavr pill\u0259sind\u0259 t\u0259dris olunan \u0259sas f\u0259nl\u0259r:<\/p>\n\n\n\n<p><strong>&nbsp;&nbsp;<\/strong><strong>\u0130xtisas dili&nbsp; (Rus dili) <\/strong><strong>&nbsp;<\/strong><strong><\/strong><\/p>\n\n\n\n<ol class=\"wp-block-list\">\n<li>Yaz\u0131l\u0131 nitqin funksional \u00fcslubu.<\/li>\n\n\n\n<li>\u0130xtisas dilinin \u00fcslubiyy\u0259ti. <\/li>\n\n\n\n<li>\u00dcmumi linqvistika.<\/li>\n\n\n\n<li>\u00a0N\u0259z\u0259ri<br>qrammatika.<\/li>\n\n\n\n<li>\u00a0Dil\u00e7iliy\u0259 giri\u015f.<\/li>\n\n\n\n<li>\u0130xtisas dilinin t\u0259drisi metodikas\u0131. <\/li>\n\n\n\n<li>\u0130xtisas dilinin leksikologiyas\u0131.<\/li>\n\n\n\n<li>Publisistik t\u0259rc\u00fcm\u0259.<\/li>\n\n\n\n<li>\u00a0\u00a0Dil tarixi. <\/li>\n\n\n\n<li>\u0130xtisas dilinin \u00f6lk\u0259 \u0259d\u0259biyyat\u0131<\/li>\n\n\n\n<li>\u0130xtisas dilinin kommunikativ qrammatikas\u0131.<\/li>\n\n\n\n<li>Xarici dild\u0259 dil bacar\u0131qlar\u0131.<\/li>\n\n\n\n<li>\u0130xtisas dilinin kommunikativ fonetikas\u0131.<\/li>\n\n\n\n<li>Xarici dild\u0259 akademik v\u0259 i\u015fg\u00fczar\u00a0 kommunikasiya.<\/li>\n\n\n\n<li>Siyasi terminl\u0259rin t\u0259rc\u00fcm\u0259si.<\/li>\n\n\n\n<li>Nitqin inki\u015faf\u0131.<\/li>\n\n\n\n<li>T\u0259l\u0259ff\u00fcz v\u0259rdi\u015fl\u0259ri.<\/li>\n<\/ol>\n\n\n\n<p><strong><em>&nbsp;&nbsp;&nbsp;&nbsp;&nbsp;&nbsp;&nbsp; Magistratura pill\u0259si <\/em><\/strong>:<strong><em><\/em><\/strong><\/p>\n\n\n\n<p>Rus dilinin\nt\u0259drisi metodikas\u0131 v\u0259 metodologiyas\u0131:<\/p>\n\n\n\n<ol class=\"wp-block-list\">\n<li>Sintaksisin<br>n\u0259z\u0259ri \u0259saslar\u0131.<\/li>\n\n\n\n<li>Rus<br>\u0259d\u0259biyyat\u0131n\u0131n t\u0259drisi metodikas\u0131.<\/li>\n\n\n\n<li>S\/f<br>Blok-2 Rus dilind\u0259 akademik yaz\u0131 v\u0259 oxu<\/li>\n\n\n\n<li>S\/f<br>Blok-3 \u00a0Linqvo\u00f6lk\u0259\u015f\u00fcnasl\u0131q<\/li>\n\n\n\n<li>S\/f<br>T\u0259dqiqat \u00fcsullar\u0131<\/li>\n\n\n\n<li>Morfologiyan\u0131n<br>n\u0259z\u0259ri \u0259saslar\u0131<\/li>\n\n\n\n<li>Rus<br>dili t\u0259drisinin m\u00fcasir probleml\u0259ri<\/li>\n\n\n\n<li>Rus<br>dili t\u0259drisinin tarixi v\u0259 metodologiyas\u0131<\/li>\n\n\n\n<li>AMMEF<br>(Ali m\u0259kt\u0259bd\u0259 rus dilinin t\u0259drisi metodikas\u0131)<\/li>\n\n\n\n<li>Rus dilind\u0259 arxaik hadis\u0259l\u0259rin n\u0259z\u0259ri\u00a0 \u0259saslar\u0131.<\/li>\n\n\n\n<li>Leksikologiyan\u0131n aktual probleml\u0259ri<\/li>\n\n\n\n<li>S\/f Dil bilik v\u0259 bacar\u0131qlar\u0131n\u0131n qiym\u0259tl\u0259ndirilm\u0259si<br>\u00fcsullar\u0131<\/li>\n<\/ol>\n\n\n\n<p><strong><em>4.\nKafedra \u0259m\u0259kda\u015flar\u0131n\u0131n siyah\u0131s\u0131<\/em><\/strong>&nbsp; .<\/p>\n\n\n\n<p>1.\u018fhm\u0259dova\nK\u0259mal\u0259 Q\u0259l\u0259nd\u0259r q\u0131z\u0131&nbsp;&nbsp;&nbsp;&nbsp;&nbsp;&nbsp;&nbsp;&nbsp;&nbsp;&nbsp;&nbsp;&nbsp;&nbsp;&nbsp;&nbsp; dosent,\nkaf.m\u00fcd.<\/p>\n\n\n\n<p>2.\n\u018fsg\u0259rov&nbsp; \u018fjd\u0259r&nbsp; \u018fsg\u0259r&nbsp;&nbsp;&nbsp;&nbsp;\n&nbsp;&nbsp;&nbsp;&nbsp;&nbsp;&nbsp;&nbsp;&nbsp;&nbsp;&nbsp;&nbsp;&nbsp;&nbsp;&nbsp;&nbsp;&nbsp;&nbsp;&nbsp;&nbsp;&nbsp;&nbsp;&nbsp;&nbsp;&nbsp;&nbsp;&nbsp;&nbsp;dos.<\/p>\n\n\n\n<p>3.\n\u018fliyeva Sevda C\u0259lal q\u0131z\u0131&nbsp;&nbsp;&nbsp;&nbsp;&nbsp;&nbsp;&nbsp;&nbsp;&nbsp;&nbsp;&nbsp;&nbsp;&nbsp;&nbsp;&nbsp;&nbsp;&nbsp;&nbsp;&nbsp;&nbsp;&nbsp;&nbsp;&nbsp;&nbsp;&nbsp;&nbsp;&nbsp;&nbsp; dos.<\/p>\n\n\n\n<p>4.\u018fl\u0259kb\u0259rova\nK\u00fcbra \u0130smay\u0131l q\u0131z\u0131&nbsp;&nbsp;&nbsp;&nbsp;&nbsp;&nbsp;&nbsp;&nbsp;&nbsp;&nbsp;&nbsp;&nbsp;&nbsp;&nbsp;&nbsp;&nbsp;&nbsp;&nbsp; &nbsp;&nbsp;dos.<\/p>\n\n\n\n<p>5.Ba\u011f\u0131rova\nSevinc Nadir&nbsp;&nbsp;&nbsp;&nbsp;&nbsp;&nbsp;&nbsp;&nbsp;&nbsp;&nbsp;&nbsp;&nbsp;&nbsp;&nbsp;&nbsp;&nbsp;&nbsp;&nbsp;&nbsp;&nbsp;&nbsp;&nbsp;&nbsp;&nbsp;&nbsp;&nbsp;&nbsp;&nbsp;&nbsp;&nbsp;&nbsp;\n&nbsp;dos.<\/p>\n\n\n\n<p>6. H\u0259s\u0259nova K\u0259mal\u0259 Eldar\u00a0\u00a0\u00a0\u00a0\u00a0\u00a0\u00a0\u00a0\u00a0\u00a0\u00a0\u00a0\u00a0\u00a0\u00a0\u00a0\u00a0\u00a0\u00a0\u00a0\u00a0\u00a0\u00a0\u00a0\u00a0 \u00a0\u00a0\u00a0\u00a0b\/m<\/p>\n\n\n\n<p>7.M\u0259mm\u0259dova Mehriban C\u0259mil\u00a0\u00a0\u00a0\u00a0\u00a0\u00a0\u00a0\u00a0\u00a0\u00a0\u00a0\u00a0\u00a0\u00a0\u00a0\u00a0\u00a0\u00a0 \u00a0\u00a0\u00a0b\/m<\/p>\n\n\n\n<p>8.Ba\u011f\u0131rova Arzu\u00a0 N\u00fcr\u0259ddin \u00a0\u00a0\u00a0\u00a0\u00a0\u00a0\u00a0\u00a0\u00a0\u00a0\u00a0\u00a0\u00a0\u00a0\u00a0\u00a0\u00a0\u00a0\u00a0\u00a0\u00a0\u00a0\u00a0\u00a0\u00a0\u00a0\u00a0\u00a0b\/m<\/p>\n\n\n\n<p>9.N\u0259biyeva K\u0259mal\u0259 Hac\u0131 \u00a0\u00a0\u00a0\u00a0\u00a0\u00a0\u00a0\u00a0\u00a0\u00a0\u00a0\u00a0\u00a0\u00a0\u00a0\u00a0\u00a0\u00a0\u00a0\u00a0\u00a0\u00a0\u00a0\u00a0\u00a0\u00a0\u00a0\u00a0\u00a0\u00a0b\/m<\/p>\n\n\n\n<p>10.\u018fmirxanova Sevinc Oktay\u00a0\u00a0\u00a0\u00a0\u00a0\u00a0\u00a0\u00a0\u00a0\u00a0\u00a0\u00a0\u00a0\u00a0\u00a0\u00a0\u00a0\u00a0\u00a0\u00a0\u00a0\u00a0 \u00a0\u00a0b\/m<\/p>\n\n\n\n<p>11.Piriyeva Leyla M\u0259zahir\u00a0\u00a0\u00a0\u00a0\u00a0\u00a0\u00a0\u00a0\u00a0\u00a0\u00a0\u00a0\u00a0\u00a0\u00a0\u00a0\u00a0\u00a0\u00a0\u00a0\u00a0\u00a0\u00a0\u00a0\u00a0\u00a0\u00a0 \u00a0\u00a0\u00a0b\/m<\/p>\n\n\n\n<p>12.Q\u0259dirov Balab\u0259y Q\u0259dir\u00a0\u00a0\u00a0\u00a0\u00a0\u00a0\u00a0\u00a0\u00a0\u00a0\u00a0\u00a0\u00a0\u00a0\u00a0\u00a0\u00a0\u00a0\u00a0\u00a0\u00a0\u00a0\u00a0\u00a0\u00a0\u00a0\u00a0\u00a0 \u00a0\u00a0b\/m<\/p>\n\n\n\n<p>13.Yusifova Dursun Bah\u0259ddin \u00a0\u00a0\u00a0\u00a0\u00a0\u00a0\u00a0\u00a0\u00a0\u00a0\u00a0\u00a0\u00a0\u00a0\u00a0\u00a0\u00a0\u00a0\u00a0\u00a0\u00a0\u00a0\u00a0b\/m<\/p>\n\n\n\n<p>14.Qafarova G\u00fclnar \u018fb\u00fclf\u0259z \u00a0\u00a0\u00a0\u00a0\u00a0\u00a0\u00a0\u00a0\u00a0\u00a0\u00a0\u00a0\u00a0\u00a0\u00a0\u00a0\u00a0\u00a0\u00a0\u00a0\u00a0\u00a0\u00a0\u00a0\u00a0\u00a0m<\/p>\n\n\n\n<p>15.M\u0259mm\u0259dova Aynur B\u0259ybala\u00a0\u00a0\u00a0\u00a0\u00a0\u00a0\u00a0\u00a0\u00a0\u00a0\u00a0\u00a0\u00a0\u00a0\u00a0\u00a0\u00a0\u00a0\u00a0\u00a0 \u00a0m<\/p>\n\n\n\n<p>16.Murquzova Lamiy\u0259 N\u00fcsr\u0259t \u00a0\u00a0\u00a0\u00a0\u00a0\u00a0\u00a0\u00a0\u00a0\u00a0\u00a0\u00a0\u00a0\u00a0\u00a0\u00a0\u00a0\u00a0\u00a0\u00a0\u00a0\u00a0\u00a0\u00a0m<\/p>\n\n\n\n<p>17.Bayramova Gulabat \u018fsg\u0259rxan\u00a0\u00a0\u00a0\u00a0\u00a0\u00a0\u00a0\u00a0\u00a0\u00a0\u00a0\u00a0\u00a0\u00a0\u00a0\u00a0 \u00a0\u00a0\u00a0m<\/p>\n\n\n\n<p><strong><em>5.Kafedran\u0131n\nt\u0259dris-k\u00f6m\u0259k\u00e7i hey\u0259ti <\/em><\/strong><\/p>\n\n\n\n<p>1 .Na\u011f\u0131yeva M\u0259nsur\u0259 Q\u0259dir q.&nbsp;&nbsp;&nbsp;&nbsp;&nbsp;&nbsp;&nbsp;&nbsp;&nbsp;&nbsp;&nbsp;&nbsp;&nbsp;&nbsp;&nbsp;&nbsp;&nbsp; &nbsp;&nbsp;&nbsp;&nbsp;&nbsp;&nbsp;&nbsp;B\/l.<\/p>\n\n\n\n<p>2. S\u0259fixanova&nbsp; Sevda&nbsp;\nM\u0259mm\u0259d&nbsp;&nbsp;&nbsp;&nbsp;&nbsp;&nbsp;&nbsp;&nbsp;&nbsp;&nbsp;&nbsp;&nbsp;&nbsp; &nbsp;&nbsp;&nbsp;&nbsp;&nbsp;&nbsp;&nbsp;&nbsp;Lab<\/p>\n\n\n\n<p>3. Ta\u011f\u0131yeva\nAynur \u018fmiraslan q&nbsp;&nbsp;&nbsp;&nbsp;&nbsp;&nbsp;&nbsp;&nbsp;&nbsp;&nbsp;&nbsp;&nbsp;&nbsp;&nbsp;&nbsp; &nbsp;&nbsp;&nbsp;&nbsp;&nbsp;&nbsp;Lab<\/p>\n\n\n\n<p>4.\nYusifova G\u00fcnel Tofiq&nbsp;&nbsp;&nbsp;&nbsp;&nbsp;&nbsp;&nbsp;&nbsp;&nbsp;&nbsp;&nbsp;&nbsp;&nbsp;&nbsp;&nbsp;&nbsp;&nbsp;&nbsp;&nbsp;&nbsp;&nbsp;&nbsp;&nbsp;&nbsp;\n&nbsp;&nbsp;&nbsp;&nbsp;&nbsp;&nbsp;Lab<\/p>\n\n\n\n<p>5. \u0130smay\u0131lova G\u00fcnel Rasim&nbsp;&nbsp;&nbsp;&nbsp;&nbsp;&nbsp;&nbsp;&nbsp;&nbsp;&nbsp;&nbsp;&nbsp;&nbsp;&nbsp;&nbsp;&nbsp;&nbsp;&nbsp;&nbsp;&nbsp;&nbsp; &nbsp;&nbsp;&nbsp;&nbsp;&nbsp;Lab<\/p>\n\n\n\n<figure class=\"wp-block-image size-large\"><img loading=\"lazy\" decoding=\"async\" width=\"2560\" height=\"1707\" src=\"http:\/\/xdf.gdu.edu.az\/wp-content\/uploads\/2023\/05\/IMG_1583-scaled.jpg\" alt=\"\" class=\"wp-image-12133\" srcset=\"http:\/\/xdf.gdu.edu.az\/wp-content\/uploads\/2023\/05\/IMG_1583-scaled.jpg 2560w, http:\/\/xdf.gdu.edu.az\/wp-content\/uploads\/2023\/05\/IMG_1583-768x512.jpg 768w, http:\/\/xdf.gdu.edu.az\/wp-content\/uploads\/2023\/05\/IMG_1583-1536x1024.jpg 1536w, http:\/\/xdf.gdu.edu.az\/wp-content\/uploads\/2023\/05\/IMG_1583-2048x1365.jpg 2048w, http:\/\/xdf.gdu.edu.az\/wp-content\/uploads\/2023\/05\/IMG_1583-960x640.jpg 960w, http:\/\/xdf.gdu.edu.az\/wp-content\/uploads\/2023\/05\/IMG_1583-480x320.jpg 480w, http:\/\/xdf.gdu.edu.az\/wp-content\/uploads\/2023\/05\/IMG_1583-320x213.jpg 320w, http:\/\/xdf.gdu.edu.az\/wp-content\/uploads\/2023\/05\/IMG_1583-240x160.jpg 240w\" sizes=\"auto, (max-width: 2560px) 100vw, 2560px\" \/><\/figure>\n\n\n<ol>\n<li><em><strong><span style=\"color: #0000ff;\"><a style=\"color: #0000ff;\" href=\"http:\/\/xdf.gdu.edu.az\/?page_id=493\">\u018fhm\u0259dova K\u0259mal\u0259 Q\u0259l\u0259nd\u0259r q\u0131z\u0131<\/a><\/span><\/strong><\/em><\/li>\n<li><span style=\"color: #0000ff;\"><strong><em><a style=\"color: #0000ff;\" href=\"http:\/\/xdf.gdu.edu.az\/?page_id=1143\">\u018fsg\u0259rov \u018fjd\u0259r \u018fsg\u0259r o\u011flu<\/a><\/em><\/strong><\/span><\/li>\n<li><span style=\"color: #0000ff;\"><em><strong><a style=\"color: #0000ff;\" href=\"http:\/\/xdf.gdu.edu.az\/?page_id=501\">\u018fliyeva Sevda C\u0259lal q\u0131z\u0131<\/a><\/strong><\/em><\/span><\/li>\n<li><a href=\"http:\/\/xdf.gdu.edu.az\/?page_id=12146\"><em><strong><span style=\"color: #0000ff;\">\u018fl\u0259kb\u0259rova Kubra \u0130smay\u0131l q\u0131z\u0131<\/span><\/strong><\/em><\/a><\/li>\n<li><em><strong><span style=\"color: #0000ff;\"><a style=\"color: #0000ff;\" href=\"http:\/\/xdf.gdu.edu.az\/?page_id=12158\">Ba\u011f\u0131rova Arzu Nur\u0259ddin q\u0131z\u0131<\/a><\/span><\/strong><\/em><\/li>\n<li><span style=\"color: #0000ff;\"><em><strong><a style=\"color: #0000ff;\" href=\"http:\/\/xdf.gdu.edu.az\/?page_id=514\">Ba\u011f\u0131rova Sevinc Nadir q\u0131z\u0131<\/a><\/strong><\/em><\/span><\/li>\n<li><span style=\"color: #0000ff;\"><em><strong><a style=\"color: #0000ff;\" href=\"http:\/\/xdf.gdu.edu.az\/?page_id=505\">H\u0259s\u0259nova K\u0259mal\u0259 Eldar q\u0131z\u0131<\/a><\/strong><\/em><\/span><span style=\"color: #0000ff;\"><em><br \/><\/em><\/span><\/li>\n<li><em><strong><span style=\"color: #0000ff;\"><a style=\"color: #0000ff;\" href=\"http:\/\/xdf.gdu.edu.az\/?page_id=12164\">\u018fmirxanova Sevinc Oqtay q\u0131z\u0131<\/a><\/span><\/strong><\/em><\/li>\n<li><span style=\"color: #0000ff;\"><em><strong><a style=\"color: #0000ff;\" href=\"http:\/\/xdf.gdu.edu.az\/?page_id=518\">N\u0259biyeva K\u0259mal\u0259 Hac\u0131 q\u0131z\u0131<\/a><\/strong><\/em><\/span><\/li>\n<li><a href=\"http:\/\/xdf.gdu.edu.az\/?page_id=12153\"><span style=\"color: #0000ff;\"><em><strong>M\u0259mm\u0259dova Mehriban C\u0259mil q\u0131z\u0131<\/strong><\/em><\/span><\/a><\/li>\n<li><span style=\"color: #0000ff;\"><em><strong><a style=\"color: #0000ff;\" href=\"http:\/\/xdf.gdu.edu.az\/?page_id=522\">Piriyeva Leyla M\u0259zahir q\u0131z\u0131<\/a><\/strong><\/em><\/span><\/li>\n<li><a href=\"http:\/\/xdf.gdu.edu.az\/?page_id=12252\"><em><strong><span style=\"color: #0000ff;\">M\u0259mm\u0259dova Aynur B\u0259ybala q\u0131z\u0131<\/span><\/strong><\/em><\/a><\/li>\n<li><a href=\"http:\/\/xdf.gdu.edu.az\/?page_id=12175\"><strong><em><span style=\"color: #0000ff;\">Yusubova Dursun Bah\u0259ddi q\u0131z\u0131<\/span><\/em><\/strong><\/a><\/li>\n<li><a href=\"http:\/\/xdf.gdu.edu.az\/?page_id=12168\"><em><strong><span style=\"color: #0000ff;\">Q\u0259dirov Balab\u0259y Q\u0259dir o\u011flu<\/span><\/strong><\/em><\/a><\/li>\n<li><em><strong><span style=\"color: #0000ff;\"><a style=\"color: #0000ff;\" href=\"http:\/\/xdf.gdu.edu.az\/?page_id=12171\">Qafarova G\u00fclnar \u018fb\u00fclf\u0259z q\u0131z\u0131<\/a><\/span><\/strong><\/em><\/li>\n<li><a href=\"http:\/\/xdf.gdu.edu.az\/?page_id=12181\"><em><strong><span style=\"color: #0000ff;\">Muradova Lamiy\u0259 Nusr\u0259t q\u0131z\u0131<\/span><\/strong><\/em><\/a><\/li>\n<li>\u00a0<\/li>\n<li>\u00a0<\/li>\n<li>\u00a0<\/li>\n<li><span style=\"color: #ff00ff;\"><em><strong><a style=\"color: #ff00ff;\" href=\"http:\/\/xdf.gdu.edu.az\/?page_id=12184\">Kafedran\u0131n t\u0259dris-k\u00f6m\u0259k\u00e7i hey\u0259ti haqq\u0131nda m\u0259lumat<\/a><\/strong><\/em><\/span><\/li>\n<\/ol>","protected":false},"excerpt":{"rendered":"<p>. Kafedran\u0131n tarixi haqq\u0131nda m\u0259lumat: &nbsp; &nbsp;&nbsp;&nbsp;&nbsp; Rus dili kafedras\u01311938-1939-cu ill\u0259rd\u0259 &nbsp;yarand\u0131\u011f\u0131 tarixd\u0259n inki\u015faf&nbsp; ed\u0259r\u0259k \u00e7ox \u015f\u0259r\u0259fli v\u0259 \u00e7ox\u015fax\u0259li&nbsp; bir yol ke\u00e7mi\u015fdir. Kafedra Universitet yarand\u0131\u011f\u0131 tarixd\u0259n \u00f6z funksiyas\u0131n\u0131 y\u00fcks\u0259k formada yerin\u0259 yetir\u0259r\u0259k&nbsp; bu g\u00fcn\u0259 q\u0259d\u0259r f\u0259aliyy\u0259t g\u00f6st\u0259rir.&nbsp;&nbsp;&nbsp;&nbsp;&nbsp;&nbsp;&nbsp;&nbsp;&nbsp;&nbsp; &nbsp;&nbsp;&nbsp;&nbsp;&nbsp;&nbsp; H\u0259l\u0259 1938-1939-cu t\u0259dris ilind\u0259 burada i\u015f\u0259 ba\u015flayan on kafedradan biri m\u0259hz Rus dili kafedras\u0131 olmu\u015fdur. &nbsp;&nbsp;&nbsp;&nbsp;&nbsp; Rus [&hellip;]<\/p>\n","protected":false},"author":4,"featured_media":0,"parent":0,"menu_order":0,"comment_status":"closed","ping_status":"closed","template":"","meta":{"footnotes":""},"categories":[],"tags":[],"class_list":["post-267","page","type-page","status-publish","hentry"],"_links":{"self":[{"href":"http:\/\/xdf.gdu.edu.az\/index.php?rest_route=\/wp\/v2\/pages\/267","targetHints":{"allow":["GET"]}}],"collection":[{"href":"http:\/\/xdf.gdu.edu.az\/index.php?rest_route=\/wp\/v2\/pages"}],"about":[{"href":"http:\/\/xdf.gdu.edu.az\/index.php?rest_route=\/wp\/v2\/types\/page"}],"author":[{"embeddable":true,"href":"http:\/\/xdf.gdu.edu.az\/index.php?rest_route=\/wp\/v2\/users\/4"}],"replies":[{"embeddable":true,"href":"http:\/\/xdf.gdu.edu.az\/index.php?rest_route=%2Fwp%2Fv2%2Fcomments&post=267"}],"version-history":[{"count":42,"href":"http:\/\/xdf.gdu.edu.az\/index.php?rest_route=\/wp\/v2\/pages\/267\/revisions"}],"predecessor-version":[{"id":17453,"href":"http:\/\/xdf.gdu.edu.az\/index.php?rest_route=\/wp\/v2\/pages\/267\/revisions\/17453"}],"wp:attachment":[{"href":"http:\/\/xdf.gdu.edu.az\/index.php?rest_route=%2Fwp%2Fv2%2Fmedia&parent=267"}],"wp:term":[{"taxonomy":"category","embeddable":true,"href":"http:\/\/xdf.gdu.edu.az\/index.php?rest_route=%2Fwp%2Fv2%2Fcategories&post=267"},{"taxonomy":"post_tag","embeddable":true,"href":"http:\/\/xdf.gdu.edu.az\/index.php?rest_route=%2Fwp%2Fv2%2Ftags&post=267"}],"curies":[{"name":"wp","href":"https:\/\/api.w.org\/{rel}","templated":true}]}}