{"id":261,"date":"2016-03-16T12:18:34","date_gmt":"2016-03-16T10:18:34","guid":{"rendered":"http:\/\/xd.gdu.edu.az\/?page_id=261"},"modified":"2025-01-08T11:14:50","modified_gmt":"2025-01-08T09:14:50","slug":"qrammatika-v%c9%99-ingilis-dilinin-t%c9%99drisi","status":"publish","type":"page","link":"http:\/\/xdf.gdu.edu.az\/?page_id=261","title":{"rendered":"Qrammatika v\u0259 \u0130ngilis dilinin t\u0259drisi"},"content":{"rendered":"\n<p><\/p>\n\n\n\n<figure class=\"wp-block-image size-large is-resized\"><img loading=\"lazy\" decoding=\"async\" width=\"926\" height=\"632\" src=\"http:\/\/xdf.gdu.edu.az\/wp-content\/uploads\/2023\/05\/qram.jpg\" alt=\"\" class=\"wp-image-11890\" style=\"width:469px;height:319px\" srcset=\"http:\/\/xdf.gdu.edu.az\/wp-content\/uploads\/2023\/05\/qram.jpg 926w, http:\/\/xdf.gdu.edu.az\/wp-content\/uploads\/2023\/05\/qram-768x524.jpg 768w\" sizes=\"auto, (max-width: 926px) 100vw, 926px\" \/><\/figure>\n\n\n\n<p><strong>KAFEDRANIN TAR\u0130X\u0130 &nbsp;HAQQINDA M\u018fLUMAT<\/strong><\/p>\n\n\n\n<p>Qrammatika v\u0259 ingilis dilinin t\u0259drisi\nkafedras\u0131 G\u0259nc\u0259 D\u00f6vl\u0259t Universitetinin Xarici Dill\u0259r fak\u00fclt\u0259sinin t\u0259rkibind\u0259 f\u0259aliyy\u0259t\ng\u00f6st\u0259r\u0259n 5 ixtisas kafedras\u0131ndan biridir. Bu kafedra Tarix-filologiya fak\u00fclt\u0259sinin\nt\u0259rkibind\u0259 1998-ci ild\u0259 \u015f\u00f6b\u0259 \u043aimi f\u0259aliyy\u0259t\u0259\nba\u015flam\u0131\u015fd\u0131r. Qrammatika v\u0259 \u0130ngilis dilinin t\u0259drisi kafedras\u0131 \u201cQrammatika\u201d\nkafedras\u0131n\u0131n bazas\u0131 \u0259sas\u0131nda 2006-c\u0131 ild\u0259 t\u0259sis edilmi\u015fdir.<\/p>\n\n\n\n<p><strong>&nbsp;&nbsp;&nbsp;&nbsp;&nbsp;&nbsp;&nbsp;\nKAFEDRADA T\u018fDR\u0130S OLUNAN F\u018fNNL\u018fR HAQQINDA&nbsp;&nbsp;&nbsp;&nbsp;&nbsp;&nbsp;&nbsp;&nbsp; M\u018fLUMAT (BAKALAVR V\u018f MAG\u0130STR\nAYRILIQDA)<\/strong><\/p>\n\n\n\n<p>&nbsp;&nbsp;&nbsp;&nbsp; Kafedrada t\u0259dris olunan f\u0259nl\u0259r \u00e7oxsayl\u0131d\u0131r v\u0259 bu f\u0259nl\u0259r a\u015fa\u011f\u0131dak\u0131lard\u0131r:<\/p>\n\n\n\n<p><strong>Bakalavr pill\u0259sind\u0259<\/strong> 12 f\u0259nn t\u0259dris olunur ki, bunlardan 6-i \u0259sas 6-s\u0131\nis\u0259 se\u00e7m\u0259 f\u0259nl\u0259rdir.<\/p>\n\n\n\n<p>1.Kommunikativ qrammatika<\/p>\n\n\n\n<p>2. Kommunikativ fonetika<\/p>\n\n\n\n<p>3.X\/D t\u0259drisi metodikas\u0131<\/p>\n\n\n\n<p>4.X\/D \u00fcslubiyyat\u0131<\/p>\n\n\n\n<p>5.Dil\u00e7iliy\u0259 giri\u015f <\/p>\n\n\n\n<p>6.\u015eifahi anlama<\/p>\n\n\n\n<p>7. S\/f. N\u0259z\u0259ri qrammatika&nbsp;&nbsp;&nbsp;&nbsp;&nbsp;&nbsp;&nbsp;&nbsp; <\/p>\n\n\n\n<p>8. S\/f. Fonologiya&nbsp;&nbsp;&nbsp;&nbsp;&nbsp;&nbsp;&nbsp;&nbsp;&nbsp;&nbsp;&nbsp;&nbsp;&nbsp;&nbsp;&nbsp;&nbsp;&nbsp;&nbsp;&nbsp;&nbsp;&nbsp;\n<\/p>\n\n\n\n<p>9. S\/f. T\u0259l\u0259ff\u00fcz v\u0259rdi\u015fl\u0259ri&nbsp;&nbsp;&nbsp;&nbsp;&nbsp;&nbsp;&nbsp;&nbsp;&nbsp;\n<\/p>\n\n\n\n<p>10. S\/f. Dil tarixi&nbsp;&nbsp;&nbsp;&nbsp;&nbsp;&nbsp;&nbsp;&nbsp;&nbsp;&nbsp;&nbsp;&nbsp;&nbsp;&nbsp;&nbsp;\n&nbsp;&nbsp;&nbsp;&nbsp;&nbsp;&nbsp;&nbsp;&nbsp;<\/p>\n\n\n\n<p>11. S\/f. Dil\u00e7ilik tarixi&nbsp;&nbsp;&nbsp;&nbsp;&nbsp;&nbsp;&nbsp;&nbsp;&nbsp;&nbsp;&nbsp;&nbsp;&nbsp;&nbsp;&nbsp;&nbsp;&nbsp;\n<\/p>\n\n\n\n<p>12. S\/f. \u00dcmumi dil\u00e7ilik&nbsp;&nbsp;&nbsp;&nbsp;&nbsp;&nbsp;&nbsp;&nbsp;&nbsp;&nbsp;&nbsp;&nbsp;&nbsp;&nbsp;&nbsp;\n<\/p>\n\n\n\n<p>&nbsp;&nbsp;&nbsp; <strong>Magistr pill\u0259sind\u0259:<\/strong> \u201cDil\u015f\u00fcnasl\u0131q\u201d&nbsp;\nv\u0259 \u201cXarici dilin t\u0259drisi metodikas\u0131\u201d ixtisaslar\u0131 \u00fczr\u0259 17 f\u0259nn t\u0259dris\nolunur ki, bunlardan 12-i \u0259sas 5-i is\u0259 se\u00e7m\u0259 f\u0259nl\u0259rdir.<\/p>\n\n\n\n<p>&nbsp; &nbsp;<strong>Xarici\ndilin t\u0259drisi metodikas\u0131 ixtisas\u0131<\/strong>:&nbsp;&nbsp;&nbsp;&nbsp;&nbsp;&nbsp;&nbsp;\n<\/p>\n\n\n\n<ol class=\"wp-block-list\">\n<li>S\/f. Qrammatik m\u0259fhumlar\u0131n m\u0259nims\u0259nilm\u0259si<br>yollar\u0131&nbsp;&nbsp;&nbsp;&nbsp; <\/li>\n\n\n\n<li>X\/D haz\u0131rl\u0131\u011f\u0131n\u0131n m\u00fcasir probleml\u0259ri<\/li>\n\n\n\n<li>X\/D haz\u0131rl\u0131\u011f\u0131n\u0131n tarixi v\u0259 metodikas\u0131<\/li>\n\n\n\n<li>\u0130ngilis dilinin t\u0259drisi tarixi<\/li>\n\n\n\n<li>\u0130ngilis dilind\u0259 planla\u015fd\u0131rma v\u0259 qiym\u0259tl\u0259ndirm\u0259<br>metodikas\u0131<\/li>\n\n\n\n<li>\u0130ngilis dilinin t\u0259drisi metodikas\u0131<\/li>\n\n\n\n<li>S\/f. T\u0259dqiqat \u00fcsullar\u0131<\/li>\n\n\n\n<li>S\/f. Linqvistik t\u0259hlilin elmi metodiki \u0259saslar\u0131<\/li>\n<\/ol>\n\n\n\n<p><strong>Dil\u015f\u00fcnasl\u0131q&nbsp;&nbsp;&nbsp; ixtisas\u0131:<\/strong><\/p>\n\n\n\n<ol class=\"wp-block-list\">\n<li>Morfologiya <\/li>\n\n\n\n<li>Dil\u015f\u00fcnasl\u0131\u011f\u0131n m\u00fcasir probleml\u0259ri<\/li>\n\n\n\n<li>Dil\u015f\u00fcnasl\u0131\u011f\u0131n tarixi v\u0259 inki\u015faf\u0131<\/li>\n\n\n\n<li>AMMEF<\/li>\n\n\n\n<li>\u018fd\u0259bi dil tarixi<\/li>\n\n\n\n<li>Sintaksis <\/li>\n\n\n\n<li>Tipologiya <\/li>\n\n\n\n<li>S\/f&nbsp; X\/d t\u0259drisind\u0259<br>innovasiyalar<\/li>\n\n\n\n<li>S\/f&nbsp; T\u0259dqiqat<br>\u00fcsullar\u0131<\/li>\n<\/ol>\n\n\n\n<p><strong>&nbsp;&nbsp;&nbsp;&nbsp;&nbsp;&nbsp;&nbsp;&nbsp;&nbsp;&nbsp;&nbsp;&nbsp;&nbsp;&nbsp;&nbsp;&nbsp;&nbsp;&nbsp;&nbsp;&nbsp;&nbsp;&nbsp; KAFEDRA \u018fM\u018fKDA\u015eLARININ\nS\u0130YAHISI<\/strong><\/p>\n\n\n\n<ol class=\"wp-block-list\">\n<li>dos.Abdullayeva Elnar\u0259 Kamandar q\u0131z\u0131<\/li>\n\n\n\n<li>dos. Adilov Rasim \u018fli o\u011flu<\/li>\n\n\n\n<li>dos.Qas\u0131mova Samir\u0259 Firuddin q\u0131z\u0131<\/li>\n\n\n\n<li>p.f.d Babayeva Arzu Tahir q\u0131z\u0131<\/li>\n\n\n\n<li>fil.f.d Tal\u0131boba Ayg\u00fcn Nof\u0259r q\u0131z\u0131<\/li>\n\n\n\n<li>fil.f.d Hac\u0131yeva S\u0259bin\u0259 M\u00fcbariz q\u0131z\u0131 <\/li>\n\n\n\n<li>b\/m Aslanova M\u0259leyk\u0259 \u0130sf\u0259ndiyar q\u0131z\u0131<\/li>\n\n\n\n<li>b\/m M\u0259mm\u0259dova G\u00fclnaz Sayad q\u0131z\u0131<\/li>\n\n\n\n<li>b\/m Q\u0259hr\u0259manova Z\u00fclfiyy\u0259 Sabir q\u0131z\u0131<\/li>\n\n\n\n<li>b\/m Sad\u0131qova G\u00fcl\u0259r Fizuli q\u0131z\u0131<\/li>\n\n\n\n<li>m\u00fc\u0259l.Rzayeva Z\u00fcmr\u00fcd Elyar q\u0131z\u0131<\/li>\n\n\n\n<li>m\u00fc\u0259l.C\u0259lilova T\u00fcrkan M\u00fczadil q\u0131z\u0131<\/li>\n\n\n\n<li>b\/m. A\u011fayeva T\u00fcrkan Siyavu\u015f q\u0131z\u0131<\/li>\n\n\n\n<li>m\u00fc\u0259l.Babayeva Ayt\u0259n M\u00fcsahib q\u0131z\u0131<\/li>\n\n\n\n<li>b\/lab.Quliyeva \u0130sm\u0259t N\u0259riman q\u0131z\u0131<\/li>\n\n\n\n<li>lab.M\u0259mm\u0259dova Elnar\u0259 Eldar q\u0131z\u0131<\/li>\n\n\n\n<li>lab.\u018flizad\u0259 M\u0259lt\u0259m Adil q\u0131z\u0131<\/li>\n\n\n\n<li>lab.\u018fhm\u0259dova Kutayy\u0259t El\u015fad q\u0131z\u0131<\/li>\n\n\n\n<li>lab.\u018fs\u0259dova Ayt\u0259n Ramiz q\u0131z\u0131<\/li>\n<\/ol>\n\n\n\n<p><strong>&nbsp;&nbsp;&nbsp;&nbsp;&nbsp;&nbsp;&nbsp;&nbsp;&nbsp;&nbsp;&nbsp;&nbsp;&nbsp;&nbsp;&nbsp; KAFEDRA M\u00dcDR\u0130N\u0130N FOTOSU<\/strong><\/p>\n\n\n\n<figure class=\"wp-block-image size-large is-resized\"><img loading=\"lazy\" decoding=\"async\" width=\"1273\" height=\"901\" src=\"http:\/\/xdf.gdu.edu.az\/wp-content\/uploads\/2023\/05\/eli.jpg\" alt=\"\" class=\"wp-image-11894\" style=\"width:445px;height:314px\" srcset=\"http:\/\/xdf.gdu.edu.az\/wp-content\/uploads\/2023\/05\/eli.jpg 1273w, http:\/\/xdf.gdu.edu.az\/wp-content\/uploads\/2023\/05\/eli-768x544.jpg 768w\" sizes=\"auto, (max-width: 1273px) 100vw, 1273px\" \/><\/figure>\n\n\n\n<p><strong>Qrammatika v\u0259 ingilis dilinin t\u0259drisi kafedras\u0131n\u0131n\nm\u00fcdiri<\/strong><\/p>\n\n\n\n<p><strong>&nbsp;&nbsp;&nbsp;&nbsp;&nbsp;&nbsp;&nbsp;&nbsp;&nbsp;&nbsp;&nbsp;&nbsp;&nbsp;&nbsp;&nbsp;&nbsp;&nbsp;&nbsp;&nbsp;&nbsp; dos. Abdullayeva Elnar\u0259 Kamandar q\u0131z\u0131<\/strong><\/p>\n\n\n\n<p><strong>&nbsp; KAFEDRANIN M\u00dcD\u0130R\u0130, PROFESSOR V\u018f M\u00dc\u018fLL\u0130ML\u018fR\u0130 HAQQINDA M\u018fLUMATLAR:<\/strong><\/p>\n\n\n<ol>\n<li style=\"list-style-type: none;\">\n<ol>\n<li><span style=\"color: #0000ff;\"><em><strong><a style=\"color: #0000ff;\" href=\"http:\/\/xdf.gdu.edu.az\/?page_id=372\">Abdullayeva Elnar\u0259 Kamandar q\u0131z\u0131<\/a><\/strong><\/em><\/span><\/li>\n<li><span style=\"color: #0000ff;\"><em><strong><a style=\"color: #0000ff;\" href=\"http:\/\/xdf.gdu.edu.az\/?page_id=581\">Professor Adilov Rasim \u018fli o\u011flu<\/a><\/strong><\/em><\/span><\/li>\n<li><a href=\"http:\/\/xdf.gdu.edu.az\/?page_id=11963\"><em><strong><span style=\"color: #0000ff;\">Qas\u0131mova Samir\u0259 Firuddin q\u0131z\u0131<\/span><\/strong><\/em><\/a><\/li>\n<li><span style=\"color: #0000ff;\"><em><strong><a style=\"color: #0000ff;\" href=\"http:\/\/xdf.gdu.edu.az\/?page_id=592\">Tal\u0131bova Ayg\u00fcn Nof\u0259r q\u0131z\u0131<\/a><\/strong><\/em><\/span><span style=\"color: #0000ff;\"><em><strong>\u00a0<\/strong><\/em><\/span><\/li>\n<li><span style=\"color: #0000ff;\"><em><strong><a style=\"color: #0000ff;\" href=\"http:\/\/xdf.gdu.edu.az\/?page_id=736\">Babayeva Arzu Tahir q\u0131z\u0131<\/a><\/strong><\/em><\/span><\/li>\n<li><span style=\"color: #0000ff;\"><em><strong><a style=\"color: #0000ff;\" href=\"http:\/\/xdf.gdu.edu.az\/?page_id=381\">Hac\u0131yeva S\u0259bin\u0259 M\u00fcbariz q\u0131z\u0131<\/a><\/strong><\/em><\/span><\/li>\n<li><span style=\"color: #0000ff;\"><strong><a style=\"color: #0000ff;\" href=\"http:\/\/xdf.gdu.edu.az\/?page_id=338\">Aslanova M\u0259leyk\u0259 \u0130sf\u0259ndiyar q\u0131z\u0131<\/a><\/strong><\/span><\/li>\n<li><span style=\"color: #0000ff;\"><em><strong><a style=\"color: #0000ff;\" href=\"http:\/\/xdf.gdu.edu.az\/?page_id=391\">M\u0259mm\u0259dova G\u00fclnaz S\u0259yyad q\u0131z\u0131<\/a><\/strong><\/em><\/span><\/li>\n<li><span style=\"color: #0000ff;\"><em><strong><a style=\"color: #0000ff;\" href=\"http:\/\/xdf.gdu.edu.az\/?page_id=403\">Q\u0259hr\u0259manova Z\u00fclfiyy\u0259 Sabir<\/a><\/strong><\/em><\/span><span style=\"color: #0000ff;\"><em><br \/><\/em><\/span><\/li>\n<li><em><strong><span style=\"color: #0000ff;\"><a style=\"color: #0000ff;\" href=\"http:\/\/xdf.gdu.edu.az\/?page_id=588\">Sad\u0131qova G\u00fcl\u0259r Fizuli q\u0131z\u0131<\/a><\/span><\/strong><\/em><\/li>\n<li><span style=\"color: #0000ff;\"><em><strong><a style=\"color: #0000ff;\" href=\"http:\/\/xdf.gdu.edu.az\/?page_id=3419\">Rzayeva Z\u00fcmr\u00fcd Elyar q\u0131z\u0131<\/a><\/strong><\/em><\/span><\/li>\n<li><span style=\"color: #0000ff;\"><em><strong><a style=\"color: #0000ff;\" href=\"http:\/\/xdf.gdu.edu.az\/?page_id=377\">C\u0259lilova T\u00fcrkan M\u00fczadil q\u0131z\u0131<\/a><\/strong><\/em><\/span><\/li>\n<li><em><strong><span style=\"color: #0000ff;\"><a style=\"color: #0000ff;\" href=\"http:\/\/xdf.gdu.edu.az\/?page_id=1486\">Agayeva T\u00fcrkan S\u0259yavu\u015f q\u0131z\u0131<\/a><\/span><\/strong><\/em><span style=\"color: #0000ff;\"><em><strong><br \/><\/strong><\/em><\/span><\/li>\n<li><strong><em><span style=\"color: #0000ff;\"><a style=\"color: #0000ff;\" href=\"http:\/\/xdf.gdu.edu.az\/?page_id=11939\" target=\"_blank\" rel=\"noreferrer noopener\" data-rich-text-format-boundary=\"true\">Babayeva Ayt\u0259n M\u00fcsahib q\u0131z\u0131<\/a><\/span><\/em><\/strong><\/li>\n<\/ol>\n<\/li>\n<\/ol>\n<p style=\"text-align: center;\"><span style=\"color: #008000;\">\u00a0<em><strong>T\u0259dris k\u00f6m\u0259k\u00e7i hey\u0259ti<\/strong><\/em><\/span><br \/>\u00a0 \u00a0 \u00a0 \u00a0<em><strong><span style=\"color: #0000ff;\"><a style=\"color: #0000ff;\" href=\"http:\/\/xdf.gdu.edu.az\/?page_id=11943\u0130\">Quliyeva \u0130sm\u0259t N\u0259riman q\u0131z\u0131<\/a><\/span><\/strong><\/em><\/p>\n<p style=\"text-align: center;\">\u00a0 \u00a0 \u00a0 \u00a0<a href=\"http:\/\/xdf.gdu.edu.az\/?page_id=11951\"><strong><em><span style=\"color: #0000ff;\">Qas\u0131mova Elnar\u0259 Eldar q\u0131z\u0131<\/span><\/em><\/strong><\/a><\/p>\n<p style=\"text-align: center;\"><span style=\"color: #0000ff;\"><em><strong><a style=\"color: #0000ff;\" href=\"http:\/\/xdf.gdu.edu.az\/?page_id=11954\">\u00a0\u00a0 \u00a0\u018flizad\u0259 M\u0259lt\u0259m Adil q\u0131z\u0131<\/a><\/strong><\/em><\/span><\/p>\n<p style=\"text-align: center;\"><em><strong><span style=\"color: #0000ff;\"><a style=\"color: #0000ff;\" href=\"http:\/\/xdf.gdu.edu.az\/?page_id=11958\" target=\"_blank\" rel=\"noreferrer noopener\" data-rich-text-format-boundary=\"true\">\u018fhm\u0259dova Kutay\u0259t El\u015fad q\u0131z\u0131<\/a><\/span><\/strong><\/em><\/p>\n<p style=\"text-align: center;\"><em><strong><span style=\"color: #0000ff;\">\u018fs\u0259dova Ayt\u0259n Ramiz q\u0131z\u0131<\/span><\/strong><\/em><\/p>\n\n\n<p><\/p>\n","protected":false},"excerpt":{"rendered":"<p>KAFEDRANIN TAR\u0130X\u0130 &nbsp;HAQQINDA M\u018fLUMAT Qrammatika v\u0259 ingilis dilinin t\u0259drisi kafedras\u0131 G\u0259nc\u0259 D\u00f6vl\u0259t Universitetinin Xarici Dill\u0259r fak\u00fclt\u0259sinin t\u0259rkibind\u0259 f\u0259aliyy\u0259t g\u00f6st\u0259r\u0259n 5 ixtisas kafedras\u0131ndan biridir. Bu kafedra Tarix-filologiya fak\u00fclt\u0259sinin t\u0259rkibind\u0259 1998-ci ild\u0259 \u015f\u00f6b\u0259 \u043aimi f\u0259aliyy\u0259t\u0259 ba\u015flam\u0131\u015fd\u0131r. Qrammatika v\u0259 \u0130ngilis dilinin t\u0259drisi kafedras\u0131 \u201cQrammatika\u201d kafedras\u0131n\u0131n bazas\u0131 \u0259sas\u0131nda 2006-c\u0131 ild\u0259 t\u0259sis edilmi\u015fdir. &nbsp;&nbsp;&nbsp;&nbsp;&nbsp;&nbsp;&nbsp; KAFEDRADA T\u018fDR\u0130S OLUNAN F\u018fNNL\u018fR HAQQINDA&nbsp;&nbsp;&nbsp;&nbsp;&nbsp;&nbsp;&nbsp;&nbsp; M\u018fLUMAT [&hellip;]<\/p>\n","protected":false},"author":4,"featured_media":0,"parent":0,"menu_order":0,"comment_status":"closed","ping_status":"closed","template":"","meta":{"footnotes":""},"categories":[],"tags":[],"class_list":["post-261","page","type-page","status-publish","hentry"],"_links":{"self":[{"href":"http:\/\/xdf.gdu.edu.az\/index.php?rest_route=\/wp\/v2\/pages\/261","targetHints":{"allow":["GET"]}}],"collection":[{"href":"http:\/\/xdf.gdu.edu.az\/index.php?rest_route=\/wp\/v2\/pages"}],"about":[{"href":"http:\/\/xdf.gdu.edu.az\/index.php?rest_route=\/wp\/v2\/types\/page"}],"author":[{"embeddable":true,"href":"http:\/\/xdf.gdu.edu.az\/index.php?rest_route=\/wp\/v2\/users\/4"}],"replies":[{"embeddable":true,"href":"http:\/\/xdf.gdu.edu.az\/index.php?rest_route=%2Fwp%2Fv2%2Fcomments&post=261"}],"version-history":[{"count":68,"href":"http:\/\/xdf.gdu.edu.az\/index.php?rest_route=\/wp\/v2\/pages\/261\/revisions"}],"predecessor-version":[{"id":15705,"href":"http:\/\/xdf.gdu.edu.az\/index.php?rest_route=\/wp\/v2\/pages\/261\/revisions\/15705"}],"wp:attachment":[{"href":"http:\/\/xdf.gdu.edu.az\/index.php?rest_route=%2Fwp%2Fv2%2Fmedia&parent=261"}],"wp:term":[{"taxonomy":"category","embeddable":true,"href":"http:\/\/xdf.gdu.edu.az\/index.php?rest_route=%2Fwp%2Fv2%2Fcategories&post=261"},{"taxonomy":"post_tag","embeddable":true,"href":"http:\/\/xdf.gdu.edu.az\/index.php?rest_route=%2Fwp%2Fv2%2Ftags&post=261"}],"curies":[{"name":"wp","href":"https:\/\/api.w.org\/{rel}","templated":true}]}}