{"id":17541,"date":"2025-10-16T09:27:58","date_gmt":"2025-10-16T07:27:58","guid":{"rendered":"https:\/\/xdf.gdu.edu.az\/?page_id=17541"},"modified":"2026-03-01T11:15:35","modified_gmt":"2026-03-01T09:15:35","slug":"t%c9%99dris-qrafiki","status":"publish","type":"page","link":"http:\/\/xdf.gdu.edu.az\/?page_id=17541","title":{"rendered":"T\u0259dris qrafiki"},"content":{"rendered":"\n<p><a href=\"https:\/\/disk.yandex.ru\/i\/-b3-8-BVKdGTXA\"><strong>T\u018fDR\u0130S QRAF\u0130K\u0130<\/strong><\/a><\/p>\n\n\n\n<p><a href=\"https:\/\/disk.yandex.ru\/i\/yIewB3NEM0F4_g\">T\u018fDR\u0130S QRAF\u0130K\u0130 (F\u0130LOLOG\u0130YA)<\/a><\/p>\n\n\n\n<p>T\u0259dris qrafiki<\/p>\n\n\n\n<p><a href=\"https:\/\/disk.yandex.ru\/d\/YrZnLBMDOuuwTQ\"><strong>2021-2025 T\u0259dris qrafiki<\/strong><\/a><\/p>\n","protected":false},"excerpt":{"rendered":"<p>T\u018fDR\u0130S QRAF\u0130K\u0130 T\u018fDR\u0130S QRAF\u0130K\u0130 (F\u0130LOLOG\u0130YA) T\u0259dris qrafiki 2021-2025 T\u0259dris qrafiki<\/p>\n","protected":false},"author":1,"featured_media":0,"parent":0,"menu_order":0,"comment_status":"closed","ping_status":"closed","template":"","meta":{"footnotes":""},"categories":[],"tags":[],"class_list":["post-17541","page","type-page","status-publish","hentry"],"_links":{"self":[{"href":"http:\/\/xdf.gdu.edu.az\/index.php?rest_route=\/wp\/v2\/pages\/17541","targetHints":{"allow":["GET"]}}],"collection":[{"href":"http:\/\/xdf.gdu.edu.az\/index.php?rest_route=\/wp\/v2\/pages"}],"about":[{"href":"http:\/\/xdf.gdu.edu.az\/index.php?rest_route=\/wp\/v2\/types\/page"}],"author":[{"embeddable":true,"href":"http:\/\/xdf.gdu.edu.az\/index.php?rest_route=\/wp\/v2\/users\/1"}],"replies":[{"embeddable":true,"href":"http:\/\/xdf.gdu.edu.az\/index.php?rest_route=%2Fwp%2Fv2%2Fcomments&post=17541"}],"version-history":[{"count":3,"href":"http:\/\/xdf.gdu.edu.az\/index.php?rest_route=\/wp\/v2\/pages\/17541\/revisions"}],"predecessor-version":[{"id":18507,"href":"http:\/\/xdf.gdu.edu.az\/index.php?rest_route=\/wp\/v2\/pages\/17541\/revisions\/18507"}],"wp:attachment":[{"href":"http:\/\/xdf.gdu.edu.az\/index.php?rest_route=%2Fwp%2Fv2%2Fmedia&parent=17541"}],"wp:term":[{"taxonomy":"category","embeddable":true,"href":"http:\/\/xdf.gdu.edu.az\/index.php?rest_route=%2Fwp%2Fv2%2Fcategories&post=17541"},{"taxonomy":"post_tag","embeddable":true,"href":"http:\/\/xdf.gdu.edu.az\/index.php?rest_route=%2Fwp%2Fv2%2Ftags&post=17541"}],"curies":[{"name":"wp","href":"https:\/\/api.w.org\/{rel}","templated":true}]}}