{"id":136,"date":"2015-12-02T23:06:21","date_gmt":"2015-12-02T21:06:21","guid":{"rendered":"http:\/\/bkf.gdu.edu.az\/?page_id=136"},"modified":"2023-12-14T07:40:15","modified_gmt":"2023-12-14T05:40:15","slug":"t%c9%99dris-isl%c9%99ri-uzr%c9%99-dekan-muavini","status":"publish","type":"page","link":"http:\/\/xdf.gdu.edu.az\/?page_id=136","title":{"rendered":"T\u0259dris i\u015fl\u0259ri \u00fczr\u0259 dekan m\u00fcavini"},"content":{"rendered":"<p style=\"text-align: center;\">\n<p><img loading=\"lazy\" decoding=\"async\" class=\"alignnone size-full wp-image-13425\" src=\"http:\/\/xdf.gdu.edu.az\/wp-content\/uploads\/2023\/12\/20231214_093223.jpg\" alt=\"\" width=\"640\" height=\"480\" srcset=\"http:\/\/xdf.gdu.edu.az\/wp-content\/uploads\/2023\/12\/20231214_093223.jpg 640w, http:\/\/xdf.gdu.edu.az\/wp-content\/uploads\/2023\/12\/20231214_093223-480x360.jpg 480w, http:\/\/xdf.gdu.edu.az\/wp-content\/uploads\/2023\/12\/20231214_093223-320x240.jpg 320w, http:\/\/xdf.gdu.edu.az\/wp-content\/uploads\/2023\/12\/20231214_093223-240x180.jpg 240w\" sizes=\"auto, (max-width: 640px) 100vw, 640px\" \/><\/p>\n<p style=\"text-align: center;\"><em><strong>T\u0259dris i\u015fl\u0259ri \u00fczr\u0259 dekan m\u00fcavini<\/strong><\/em><\/p>\n<p>\u00a0\u00a0\u00a0 Ba\u015f m\u00fc\u0259llim Aslanova M\u0259leyk\u0259 \u0130sf\u0259ndiyar q\u0131z\u0131\u00a0 1972-ci il 18 avqustda G\u0259nc\u0259 \u015f\u0259h\u0259rind\u0259 anadan olub. 1988-1993-c\u00fc ill\u0259rd\u0259 Xarici Dill\u0259r \u0130nstitutunu bitirmi\u015fdir.1993-c\u00fc ild\u0259n m\u00fc\u0259llimlik f\u0259aliyy\u0259ti il\u0259 m\u0259\u015f\u011fuldur. Hal-haz\u0131rda GDU-nun Qrammatika v\u0259 ingilis dilinin t\u0259drisi kafedras\u0131nda ba\u015f m\u00fc\u0259llim v\u0259 Xarici dill\u0259r fak\u00fclt\u0259sind\u0259 T\u0259dris i\u015fl\u0259ri \u00fczr\u0259 dekan m\u00fcavini v\u0259zif\u0259sind\u0259 \u00e7al\u0131\u015f\u0131r.<\/p>\n","protected":false},"excerpt":{"rendered":"<p>T\u0259dris i\u015fl\u0259ri \u00fczr\u0259 dekan m\u00fcavini \u00a0\u00a0\u00a0 Ba\u015f m\u00fc\u0259llim Aslanova M\u0259leyk\u0259 \u0130sf\u0259ndiyar q\u0131z\u0131\u00a0 1972-ci il 18 avqustda G\u0259nc\u0259 \u015f\u0259h\u0259rind\u0259 anadan olub. 1988-1993-c\u00fc ill\u0259rd\u0259 Xarici Dill\u0259r \u0130nstitutunu bitirmi\u015fdir.1993-c\u00fc ild\u0259n m\u00fc\u0259llimlik f\u0259aliyy\u0259ti il\u0259 m\u0259\u015f\u011fuldur. Hal-haz\u0131rda GDU-nun Qrammatika v\u0259 ingilis dilinin t\u0259drisi kafedras\u0131nda ba\u015f m\u00fc\u0259llim v\u0259 Xarici dill\u0259r fak\u00fclt\u0259sind\u0259 T\u0259dris i\u015fl\u0259ri \u00fczr\u0259 dekan m\u00fcavini v\u0259zif\u0259sind\u0259 \u00e7al\u0131\u015f\u0131r.<\/p>\n","protected":false},"author":1,"featured_media":0,"parent":0,"menu_order":0,"comment_status":"closed","ping_status":"closed","template":"","meta":{"footnotes":""},"categories":[],"tags":[],"class_list":["post-136","page","type-page","status-publish","hentry"],"_links":{"self":[{"href":"http:\/\/xdf.gdu.edu.az\/index.php?rest_route=\/wp\/v2\/pages\/136","targetHints":{"allow":["GET"]}}],"collection":[{"href":"http:\/\/xdf.gdu.edu.az\/index.php?rest_route=\/wp\/v2\/pages"}],"about":[{"href":"http:\/\/xdf.gdu.edu.az\/index.php?rest_route=\/wp\/v2\/types\/page"}],"author":[{"embeddable":true,"href":"http:\/\/xdf.gdu.edu.az\/index.php?rest_route=\/wp\/v2\/users\/1"}],"replies":[{"embeddable":true,"href":"http:\/\/xdf.gdu.edu.az\/index.php?rest_route=%2Fwp%2Fv2%2Fcomments&post=136"}],"version-history":[{"count":3,"href":"http:\/\/xdf.gdu.edu.az\/index.php?rest_route=\/wp\/v2\/pages\/136\/revisions"}],"predecessor-version":[{"id":13426,"href":"http:\/\/xdf.gdu.edu.az\/index.php?rest_route=\/wp\/v2\/pages\/136\/revisions\/13426"}],"wp:attachment":[{"href":"http:\/\/xdf.gdu.edu.az\/index.php?rest_route=%2Fwp%2Fv2%2Fmedia&parent=136"}],"wp:term":[{"taxonomy":"category","embeddable":true,"href":"http:\/\/xdf.gdu.edu.az\/index.php?rest_route=%2Fwp%2Fv2%2Fcategories&post=136"},{"taxonomy":"post_tag","embeddable":true,"href":"http:\/\/xdf.gdu.edu.az\/index.php?rest_route=%2Fwp%2Fv2%2Ftags&post=136"}],"curies":[{"name":"wp","href":"https:\/\/api.w.org\/{rel}","templated":true}]}}