{"id":130,"date":"2015-12-02T23:04:12","date_gmt":"2015-12-02T21:04:12","guid":{"rendered":"http:\/\/bkf.gdu.edu.az\/?page_id=130"},"modified":"2026-04-15T13:36:23","modified_gmt":"2026-04-15T11:36:23","slug":"dekan","status":"publish","type":"page","link":"http:\/\/xdf.gdu.edu.az\/?page_id=130","title":{"rendered":"Dekan"},"content":{"rendered":"<div class=\"wp-block-image\">\n<figure class=\"aligncenter size-full is-resized\"><img loading=\"lazy\" decoding=\"async\" width=\"1024\" height=\"768\" src=\"https:\/\/xdf.gdu.edu.az\/wp-content\/uploads\/2026\/04\/12377321.jpg\" alt=\"\" class=\"wp-image-18912\" style=\"aspect-ratio:1.3333516755626478;width:530px;height:auto\" srcset=\"http:\/\/xdf.gdu.edu.az\/wp-content\/uploads\/2026\/04\/12377321.jpg 1024w, http:\/\/xdf.gdu.edu.az\/wp-content\/uploads\/2026\/04\/12377321-768x576.jpg 768w, http:\/\/xdf.gdu.edu.az\/wp-content\/uploads\/2026\/04\/12377321-960x720.jpg 960w, http:\/\/xdf.gdu.edu.az\/wp-content\/uploads\/2026\/04\/12377321-480x360.jpg 480w, http:\/\/xdf.gdu.edu.az\/wp-content\/uploads\/2026\/04\/12377321-320x240.jpg 320w, http:\/\/xdf.gdu.edu.az\/wp-content\/uploads\/2026\/04\/12377321-240x180.jpg 240w\" sizes=\"auto, (max-width: 1024px) 100vw, 1024px\" \/><\/figure>\n<\/div>\n\n\n<p class=\"has-text-align-center\"><strong>Filologiya v\u0259 Xarici dill\u0259r fakult\u0259sinin dekan\u0131- Yadigar V\u0259li o\u011flu \u018fliyev<\/strong><\/p>\n\n\n\n<p>1969-cu ild\u0259 G\u0259nc\u0259 \u015f\u0259h\u0259rind\u0259 anadan olmu\u015fdur. 1975-1985-ci ill\u0259rd\u0259 G\u0259nc\u0259 \u015f\u0259h\u0259ri 28 sayl\u0131 orta m\u0259kt\u0259bd\u0259 oxumu\u015fdur. 1993-c\u00fc ild\u0259 BDU-nun filologiya fak\u00fclt\u0259sini f\u0259rql\u0259nm\u0259 diplomu il\u0259 bitirmi\u015f, 1994-1996-c\u0131 ill\u0259rd\u0259 BDU-nun t\u00fcrkologiya kafedras\u0131n\u0131n aspirant\u0131 olmu\u015fdur. 2000-ci ild\u0259n Yeni Az\u0259rbaycan Partiyas\u0131n\u0131n \u00fczv\u00fcd\u00fcr.<\/p>\n\n\n\n<p>Filologiya elml\u0259ri doktorudur. 1999-cu ild\u0259 \u201cQ\u0259dim t\u00fcrk (runik) yaz\u0131l\u0131 abid\u0259l\u0259rinin dili dialektf\u00f6vq\u00fc (\u0259d\u0259bi) hadis\u0259 kimi\u201d m\u00f6vzusunda f\u0259ls\u0259f\u0259 doktorlu\u011fu dissertasiyas\u0131, 2011-ci ild\u0259 \u201cQ\u0259dim t\u00fcrk \u0259d\u0259bi dilind\u0259n orta \u0259srl\u0259r t\u00fcrk \u0259d\u0259bi dilin\u0259 (t\u00fcrki) ke\u00e7id d\u00f6vr\u00fc\u201d m\u00f6vzusunda elml\u0259r doktorlu\u011fu dissertasiyas\u0131 m\u00fcdafi\u0259 etmi\u015fdir.<\/p>\n\n\n\n<p>2001-ci ild\u0259n GDU-da f\u0259aliyy\u0259t g\u00f6st\u0259rir. 2001-2011-ci ill\u0259rd\u0259 G\u0259nc\u0259 D\u00f6vl\u0259t Universitetinin Az\u0259rbaycan dili kafedras\u0131nda m\u00fc\u0259llim, dosent, 2011-2013-c\u00fc ill\u0259rd\u0259 G\u0259nc\u0259 D\u00f6vl\u0259t Universitetind\u0259 Filologiya fak\u00fclt\u0259sinin dekan\u0131, 2013-c\u00fc ilin fevral-dekabr aylar\u0131nda G\u0259nc\u0259 D\u00f6vl\u0259t Universitetinin rektoru v\u0259zif\u0259l\u0259rind\u0259 i\u015fl\u0259mi\u015fdir. 2014-2019-cu ill\u0259rd\u0259 Az\u0259rbaycan dili kafedras\u0131nda professor \u0259v\u0259zi, 2019-2026-c\u0131 ill\u0259rd\u0259 Az\u0259rbaycan dili kafedras\u0131n\u0131n dosenti v\u0259zif\u0259l\u0259rind\u0259 \u00e7al\u0131\u015fm\u0131\u015fd\u0131r.<\/p>\n\n\n\n<p>Q\u0259dim v\u0259 orta \u0259srl\u0259r t\u00fcrk yaz\u0131l\u0131 abid\u0259l\u0259rinin dili \u0259sas t\u0259dqiqat sah\u0259sidir. 100-d\u0259n art\u0131q elmi \u0259s\u0259rin, o c\u00fcml\u0259d\u0259n 4 monoqrafiyan\u0131n, 1 d\u0259rsliyin, 2 d\u0259rs v\u0259saitinin, 5 metodik v\u0259saitin m\u00fc\u0259llifidir. 2026-c\u0131 ilin mart ay\u0131nda GDU-nun Filologiya v\u0259 Xarici dill\u0259r fakult\u0259sinin dekan\u0131 v\u0259zif\u0259sin\u0259 t\u0259yin olunmu\u015fdur.<\/p>\n\n\n\n<p><strong>Elmi \u0259s\u0259rl\u0259ri<\/strong><\/p>\n\n\n\n<p>\u2022 Q\u0259dim t\u00fcrk (runik) yaz\u0131l\u0131 abid\u0259l\u0259rind\u0259n orta \u0259srl\u0259r t\u00fcrk yaz\u0131l\u0131 abid\u0259l\u0259rin\u0259 ke\u00e7id: \u0259d\u0259bi dil normalar\u0131n\u0131n inki\u015faf\u0131 (Bak\u0131: Nurlan, 2004, 11,8 \u00e7.v.)-monoqrafiya<\/p>\n\n\n\n<p>\u2022 \u00abKitabi-D\u0259d\u0259 Qorqud\u201dun&nbsp; dilind\u0259 m\u00fcr\u0259kk\u0259b c\u00fcml\u0259 (Bak\u0131: Nurlan, 2004, 3,8 \u00e7.v.)-metodik v\u0259sait<\/p>\n\n\n\n<p>\u2022 Q\u0259dim t\u00fcrk (runik) yaz\u0131l\u0131 abid\u0259l\u0259rinin dili (magistr haz\u0131rl\u0131\u011f\u0131 \u00fc\u00e7\u00fcn d\u0259rs v\u0259saiti. Bak\u0131: Nurlan, 2004, 11,6 \u00e7.v.)- d\u0259rs v\u0259saiti<\/p>\n\n\n\n<p>\u2022 Orxon-Yenisey abid\u0259l\u0259ri v\u0259 orta \u0259srl\u0259r t\u00fcrk \u0259d\u0259bi dili \u2013 t\u00fcrki (Bak\u0131: Nurlan, 2005, 10,8 \u00e7. v.)-monoqrafiya<\/p>\n\n\n\n<p>\u2022 \u00abKitabi-D\u0259d\u0259 Qorqud\u201d v\u0259 b\u0259dii m\u0259tnin struktur-semantik t\u0259\u015fkili (Bak\u0131: Nurlan, 2005, 8,5 \u00e7.v.)-metodik v\u0259sait<\/p>\n\n\n\n<p>\u2022 \u00abKitabi-D\u0259d\u0259 Qorqud\u201d v\u0259 b\u0259dii m\u0259tnin fonoloji strukturu (Bak\u0131: ADPU n\u0259\u015fri, 2006,&nbsp; 7,6 \u00e7.v.)-metodik v\u0259sait<\/p>\n\n\n\n<p>\u2022 Kontrastiv leksikologiyadan o\u00e7erk (Bak\u0131: 2006, 2,6 \u00e7.v.)-metodik v\u0259sait<\/p>\n\n\n\n<p>\u2022 \u00abKitabi-D\u0259d\u0259 Qorqud\u201d v\u0259 b\u0259dii m\u0259tnin leksik-semantik strukturu (Bak\u0131:ADPU n\u0259\u015fri, 2007, 6,5 \u00e7.v.)-metodik v\u0259sait<\/p>\n\n\n\n<p>\u2022 \u00dcmumi m\u0259tn\u015f\u00fcnasl\u0131q (d\u0259rs v\u0259saiti. Bak\u0131: ADPU n\u0259\u015fri, 2007, 16,0 \u00e7.v.)-d\u0259rs v\u0259saiti<\/p>\n\n\n\n<p>\u2022 Q\u0259dim t\u00fcrk \u0259lifbas\u0131: ta\u00ad\u00ad\u00adrixi, m\u0259n\u015f\u0259yi, t\u0259\u00ad\u015f\u0259k\u00adk\u00fcl\u00fc (Bak\u0131: ADPU n\u0259\u015fri, 2008, 15,0 \u00e7.v.)-monoqrafiya&nbsp;&nbsp;<\/p>\n\n\n\n<p>\u2022 Az\u0259rbaycan\u0131n q\u0259dim t\u00fcrk runik yaz\u0131l\u0131 abid\u0259l\u0259ri (Bak\u0131: ADPU n\u0259\u015fri, 2008, 7,5 \u00e7.v.) -monoqrafiya<\/p>\n\n\n\n<p>\u2022 Q\u0259dim dil (d\u0259rslik. Bak\u0131: Elm v\u0259 t\u0259hsil, 2018, 8,8 \u00e7.v.) \u2013d\u0259rslik<\/p>\n\n\n<p style=\"text-align: center;\">","protected":false},"excerpt":{"rendered":"<p>Filologiya v\u0259 Xarici dill\u0259r fakult\u0259sinin dekan\u0131- Yadigar V\u0259li o\u011flu \u018fliyev 1969-cu ild\u0259 G\u0259nc\u0259 \u015f\u0259h\u0259rind\u0259 anadan olmu\u015fdur. 1975-1985-ci ill\u0259rd\u0259 G\u0259nc\u0259 \u015f\u0259h\u0259ri 28 sayl\u0131 orta m\u0259kt\u0259bd\u0259 oxumu\u015fdur. 1993-c\u00fc ild\u0259 BDU-nun filologiya fak\u00fclt\u0259sini f\u0259rql\u0259nm\u0259 diplomu il\u0259 bitirmi\u015f, 1994-1996-c\u0131 ill\u0259rd\u0259 BDU-nun t\u00fcrkologiya kafedras\u0131n\u0131n aspirant\u0131 olmu\u015fdur. 2000-ci ild\u0259n Yeni Az\u0259rbaycan Partiyas\u0131n\u0131n \u00fczv\u00fcd\u00fcr. Filologiya elml\u0259ri doktorudur. 1999-cu ild\u0259 \u201cQ\u0259dim t\u00fcrk (runik) [&hellip;]<\/p>\n","protected":false},"author":1,"featured_media":0,"parent":0,"menu_order":0,"comment_status":"closed","ping_status":"closed","template":"","meta":{"footnotes":""},"categories":[16],"tags":[],"class_list":["post-130","page","type-page","status-publish","hentry","category-dekanliq"],"_links":{"self":[{"href":"http:\/\/xdf.gdu.edu.az\/index.php?rest_route=\/wp\/v2\/pages\/130","targetHints":{"allow":["GET"]}}],"collection":[{"href":"http:\/\/xdf.gdu.edu.az\/index.php?rest_route=\/wp\/v2\/pages"}],"about":[{"href":"http:\/\/xdf.gdu.edu.az\/index.php?rest_route=\/wp\/v2\/types\/page"}],"author":[{"embeddable":true,"href":"http:\/\/xdf.gdu.edu.az\/index.php?rest_route=\/wp\/v2\/users\/1"}],"replies":[{"embeddable":true,"href":"http:\/\/xdf.gdu.edu.az\/index.php?rest_route=%2Fwp%2Fv2%2Fcomments&post=130"}],"version-history":[{"count":11,"href":"http:\/\/xdf.gdu.edu.az\/index.php?rest_route=\/wp\/v2\/pages\/130\/revisions"}],"predecessor-version":[{"id":18914,"href":"http:\/\/xdf.gdu.edu.az\/index.php?rest_route=\/wp\/v2\/pages\/130\/revisions\/18914"}],"wp:attachment":[{"href":"http:\/\/xdf.gdu.edu.az\/index.php?rest_route=%2Fwp%2Fv2%2Fmedia&parent=130"}],"wp:term":[{"taxonomy":"category","embeddable":true,"href":"http:\/\/xdf.gdu.edu.az\/index.php?rest_route=%2Fwp%2Fv2%2Fcategories&post=130"},{"taxonomy":"post_tag","embeddable":true,"href":"http:\/\/xdf.gdu.edu.az\/index.php?rest_route=%2Fwp%2Fv2%2Ftags&post=130"}],"curies":[{"name":"wp","href":"https:\/\/api.w.org\/{rel}","templated":true}]}}