{"id":12252,"date":"2023-05-25T08:58:28","date_gmt":"2023-05-25T06:58:28","guid":{"rendered":"http:\/\/xdf.gdu.edu.az\/?page_id=12252"},"modified":"2023-05-25T08:58:28","modified_gmt":"2023-05-25T06:58:28","slug":"m%c9%99mm%c9%99dova-aynur-b%c9%99ybala-qizi-2","status":"publish","type":"page","link":"http:\/\/xdf.gdu.edu.az\/?page_id=12252","title":{"rendered":"M\u0259mm\u0259dova Aynur B\u0259ybala q\u0131z\u0131"},"content":{"rendered":"\n<div class=\"wp-block-image\"><figure class=\"aligncenter size-large is-resized\"><img loading=\"lazy\" decoding=\"async\" src=\"http:\/\/xdf.gdu.edu.az\/wp-content\/uploads\/2023\/05\/IMG_1540.jpg\" alt=\"\" class=\"wp-image-12120\" width=\"214\" height=\"300\" srcset=\"http:\/\/xdf.gdu.edu.az\/wp-content\/uploads\/2023\/05\/IMG_1540.jpg 1160w, http:\/\/xdf.gdu.edu.az\/wp-content\/uploads\/2023\/05\/IMG_1540-768x1075.jpg 768w, http:\/\/xdf.gdu.edu.az\/wp-content\/uploads\/2023\/05\/IMG_1540-1097x1536.jpg 1097w\" sizes=\"auto, (max-width: 214px) 100vw, 214px\" \/><\/figure><\/div>\n\n\n\n\n\n<p><strong>&nbsp;&nbsp; V<\/strong><strong>\u0259zif\u0259<\/strong><strong>:&nbsp; <\/strong>&nbsp;Rus dili kafedras\u0131 m\u00fc\u0259llim<\/p>\n\n\n\n<p><strong>&nbsp; Telefon<\/strong>: 0508512020<\/p>\n\n\n\n<p><strong>&nbsp; E-mail: <\/strong>memmedovaaynur103@gmail.com<\/p>\n\n\n\n<p><strong>&nbsp;&nbsp; Q\u0131sa\nbioqrafik m\u0259lumat<\/strong>:\n19.03.1975 ild\u0259 A\u011fda\u015f \u015f\u0259h\u0259rind\u0259 anadan olmu\u015fdur.<\/p>\n\n\n\n<p>1991-ci\nild\u0259 A\u011fda\u015f \u015f\u0259h\u0259ri 4 sayl\u0131 orta m\u0259kt\u0259bini bitirmi\u015fdir.<\/p>\n\n\n\n<p>1997-ci\nild\u0259 indiki Bak\u0131 Slavyan Universitetinin Rus dili v\u0259 \u018fd\u0259biyyat ixtisas\u0131n\u0131n\nbakalavr v\u0259 magistratura pill\u0259sini bitirmi\u015fdir.3<\/p>\n\n\n\n<p>1993-ci\nild\u0259 A\u011fda\u015f \u015f\u0259h\u0259ri k\u0259nd m\u0259kt\u0259bind\u0259 i\u015fl\u0259mi\u015fdir.<\/p>\n\n\n\n<p>2017-ci\nild\u0259 m\u00fcsabiq\u0259 yoluyla G\u0259nc\u0259 D\u00f6vl\u0259t Universitetin\u0259 m\u00fc\u0259llim se\u00e7ilmi\u015fdir.<\/p>\n\n\n\n<p><strong>&nbsp;&nbsp; \u018fm\u0259k f\u0259aliyy\u0259ti:\n<\/strong>&nbsp;1993-c\u00fc ild\u0259 A\u011fda\u015f \u015f\u0259h\u0259ri k\u0259nd m\u0259kt\u0259bi.<\/p>\n\n\n\n<p>2017-ci\nild\u0259 G\u0259nc\u0259 d\u00f6vl\u0259t \u00fcniversiteti.<\/p>\n\n\n\n<p><strong>&nbsp;&nbsp; Elmi \u0259s\u0259rl\u0259rl\u0259ri<\/strong>: \u00dcmumilikd\u0259 12 \u0259d\u0259d elmi \u0259s\u0259r.<\/p>\n\n\n\n<p>Beyn\u0259lxalq\nv\u0259 Respublika simpozium v\u0259 konfranslarda i\u015ftirak\u0131l:2022 International scientific innovations in human\nlife. Proceedings of 9 international scientific and partical conference march\n16-18.2022.<\/p>\n\n\n\n<p>2022 Modern\nHumanities success 12\\2022<\/p>\n\n\n\n<p><strong>&nbsp;&nbsp; Dil bilgisi<\/strong>: Rus,Turk.<\/p>\n\n\n\n<p><strong>Partiyal<\/strong><strong>\u0131\u011f\u0131<\/strong><strong>:<\/strong> Yap.<\/p>\n","protected":false},"excerpt":{"rendered":"<p>&nbsp;&nbsp; V\u0259zif\u0259:&nbsp; &nbsp;Rus dili kafedras\u0131 m\u00fc\u0259llim &nbsp; Telefon: 0508512020 &nbsp; E-mail: memmedovaaynur103@gmail.com &nbsp;&nbsp; Q\u0131sa bioqrafik m\u0259lumat: 19.03.1975 ild\u0259 A\u011fda\u015f \u015f\u0259h\u0259rind\u0259 anadan olmu\u015fdur. 1991-ci ild\u0259 A\u011fda\u015f \u015f\u0259h\u0259ri 4 sayl\u0131 orta m\u0259kt\u0259bini bitirmi\u015fdir. 1997-ci ild\u0259 indiki Bak\u0131 Slavyan Universitetinin Rus dili v\u0259 \u018fd\u0259biyyat ixtisas\u0131n\u0131n bakalavr v\u0259 magistratura pill\u0259sini bitirmi\u015fdir.3 1993-ci ild\u0259 A\u011fda\u015f \u015f\u0259h\u0259ri k\u0259nd m\u0259kt\u0259bind\u0259 i\u015fl\u0259mi\u015fdir. 2017-ci [&hellip;]<\/p>\n","protected":false},"author":4,"featured_media":0,"parent":0,"menu_order":0,"comment_status":"closed","ping_status":"closed","template":"","meta":{"footnotes":""},"categories":[],"tags":[],"class_list":["post-12252","page","type-page","status-publish","hentry"],"_links":{"self":[{"href":"http:\/\/xdf.gdu.edu.az\/index.php?rest_route=\/wp\/v2\/pages\/12252","targetHints":{"allow":["GET"]}}],"collection":[{"href":"http:\/\/xdf.gdu.edu.az\/index.php?rest_route=\/wp\/v2\/pages"}],"about":[{"href":"http:\/\/xdf.gdu.edu.az\/index.php?rest_route=\/wp\/v2\/types\/page"}],"author":[{"embeddable":true,"href":"http:\/\/xdf.gdu.edu.az\/index.php?rest_route=\/wp\/v2\/users\/4"}],"replies":[{"embeddable":true,"href":"http:\/\/xdf.gdu.edu.az\/index.php?rest_route=%2Fwp%2Fv2%2Fcomments&post=12252"}],"version-history":[{"count":1,"href":"http:\/\/xdf.gdu.edu.az\/index.php?rest_route=\/wp\/v2\/pages\/12252\/revisions"}],"predecessor-version":[{"id":12253,"href":"http:\/\/xdf.gdu.edu.az\/index.php?rest_route=\/wp\/v2\/pages\/12252\/revisions\/12253"}],"wp:attachment":[{"href":"http:\/\/xdf.gdu.edu.az\/index.php?rest_route=%2Fwp%2Fv2%2Fmedia&parent=12252"}],"wp:term":[{"taxonomy":"category","embeddable":true,"href":"http:\/\/xdf.gdu.edu.az\/index.php?rest_route=%2Fwp%2Fv2%2Fcategories&post=12252"},{"taxonomy":"post_tag","embeddable":true,"href":"http:\/\/xdf.gdu.edu.az\/index.php?rest_route=%2Fwp%2Fv2%2Ftags&post=12252"}],"curies":[{"name":"wp","href":"https:\/\/api.w.org\/{rel}","templated":true}]}}