{"id":12184,"date":"2023-05-23T10:43:58","date_gmt":"2023-05-23T08:43:58","guid":{"rendered":"http:\/\/xdf.gdu.edu.az\/?page_id=12184"},"modified":"2025-01-13T08:59:34","modified_gmt":"2025-01-13T06:59:34","slug":"kafedranin-t%c9%99dris-kom%c9%99kci-hey%c9%99ti-haqqinda-m%c9%99lumat","status":"publish","type":"page","link":"http:\/\/xdf.gdu.edu.az\/?page_id=12184","title":{"rendered":"Kafedran\u0131n t\u0259dris-k\u00f6m\u0259k\u00e7i hey\u0259ti haqq\u0131nda m\u0259lumat"},"content":{"rendered":"<div class=\"wp-block-image\">\n<figure class=\"aligncenter size-large is-resized\"><img loading=\"lazy\" decoding=\"async\" width=\"1160\" height=\"1624\" src=\"http:\/\/xdf.gdu.edu.az\/wp-content\/uploads\/2023\/05\/IMG_2173.jpg\" alt=\"\" class=\"wp-image-12139\" style=\"width:232px;height:325px\" srcset=\"http:\/\/xdf.gdu.edu.az\/wp-content\/uploads\/2023\/05\/IMG_2173.jpg 1160w, http:\/\/xdf.gdu.edu.az\/wp-content\/uploads\/2023\/05\/IMG_2173-768x1075.jpg 768w, http:\/\/xdf.gdu.edu.az\/wp-content\/uploads\/2023\/05\/IMG_2173-1097x1536.jpg 1097w\" sizes=\"auto, (max-width: 1160px) 100vw, 1160px\" \/><\/figure>\n<\/div>\n\n\n<p><strong>&nbsp;&nbsp;&nbsp;&nbsp;&nbsp;&nbsp; S\u0259fixanova Sevda M\u0259mm\u0259d q\u0131z\u0131<\/strong><\/p>\n\n\n\n<p><strong>V\u0259zif\u0259si:<\/strong>GDU-nin \u00abRus\ndili\u00bb kafedras\u0131n\u0131n laborant\u0131<\/p>\n\n\n\n<p>Telefon: +994 55&nbsp;436\n52 90<\/p>\n\n\n\n<p><strong>Email: <\/strong>sefixanova49@gmail.com<\/p>\n\n\n\n<p><strong>Q\u0131sa\nbioqrafik m\u0259lumat<\/strong><\/p>\n\n\n\n<ul class=\"wp-block-list\">\n<li>1973-ci il 30<br>noyabr\u00a0 G\u0259nc\u0259 \u015f\u0259h\u0259rind\u0259 anadan olmu\u015fdur.<\/li>\n\n\n\n<li>1981 -1991-<br>c\u00fc ill\u0259rd\u0259 G\u0259nc\u0259 \u015f\u0259h\u0259ri 20 sayl\u0131 orta m\u0259kt\u0259bd\u0259 t\u0259hsil alm\u0131\u015f v\u0259 h\u0259min m\u0259kt\u0259bi<br>bitirmi\u015fdir. <\/li>\n\n\n\n<li>1991-1992-ci-il<br>G\u0259nc\u0259 \u015f\u0259h\u0259ri \u201cM\u00fchasibat ucotu \u201cm\u0259kt\u0259bini bitirmi\u015fdir.<\/li>\n\n\n\n<li>Ail\u0259lidir 3<br>\u00f6vlad\u0131 var.<\/li>\n<\/ul>\n\n\n\n<p><strong>\u018fm\u0259k f\u0259aliyy\u0259ti<\/strong><\/p>\n\n\n\n<ul class=\"wp-block-list\">\n<li>2003-c\u00fc ild\u0259n\u00a0<br>G\u0259nc\u0259 D\u00f6vl\u0259t Universitetinin \u00abRus dili\u00bb kafedras\u0131n\u0131n\u00a0 laborant\u0131.<\/li>\n<\/ul>\n\n\n\n<p><strong>Dil bilgisi: <\/strong><\/p>\n\n\n\n<p>Rus dili, T\u00fcrk dili.<\/p>\n\n\n\n<p><strong>Part\u0131yal\u0131l\u0131\u011f\u0131: <\/strong>YAP<\/p>\n\n\n<div class=\"wp-block-image\">\n<figure class=\"aligncenter size-large is-resized\"><img loading=\"lazy\" decoding=\"async\" width=\"1160\" height=\"1624\" src=\"http:\/\/xdf.gdu.edu.az\/wp-content\/uploads\/2023\/05\/IMG_2172.jpg\" alt=\"\" class=\"wp-image-12138\" style=\"width:255px;height:358px\" srcset=\"http:\/\/xdf.gdu.edu.az\/wp-content\/uploads\/2023\/05\/IMG_2172.jpg 1160w, http:\/\/xdf.gdu.edu.az\/wp-content\/uploads\/2023\/05\/IMG_2172-768x1075.jpg 768w, http:\/\/xdf.gdu.edu.az\/wp-content\/uploads\/2023\/05\/IMG_2172-1097x1536.jpg 1097w\" sizes=\"auto, (max-width: 1160px) 100vw, 1160px\" \/><\/figure>\n<\/div>\n\n\n<p><strong>Ta\u011f\u0131yeva Aynur\n\u018fmiraslan q\u0131z\u0131<\/strong><\/p>\n\n\n\n<p><strong>V\u0259zif\u0259si:<\/strong>GDU-nin \u00abRus\ndili\u00bb kafedras\u0131n\u0131n laborant\u0131<\/p>\n\n\n\n<p>Telefon: +994 50&nbsp;679\n00 63<\/p>\n\n\n\n<p>&nbsp;&nbsp;&nbsp;&nbsp;&nbsp;&nbsp;&nbsp;&nbsp; &nbsp;&nbsp;&nbsp;&nbsp;\n+994 55&nbsp;659 00 63<\/p>\n\n\n\n<p><strong>Email:\naynur77.77@mail.ru<\/strong><\/p>\n\n\n\n<p><strong>Q\u0131sa\nbioqrafik m\u0259lumat<\/strong><\/p>\n\n\n\n<ul class=\"wp-block-list\">\n<li>1977-ci il 18<br>martda\u00a0 G\u0259nc\u0259 \u015f\u0259h\u0259rind\u0259 anadan olmu\u015fdur.<\/li>\n\n\n\n<li>1984 -1994-<br>c\u00fc ill\u0259rd\u0259 G\u0259nc\u0259 \u015f\u0259h\u0259ri 23 sayl\u0131 orta m\u0259kt\u0259bd\u0259 t\u0259hsil alm\u0131\u015f v\u0259 h\u0259min m\u0259kt\u0259bi<br>bitirmi\u015fdir. <\/li>\n\n\n\n<li>1994-1998-ci-il<br>G\u0259nc\u0259 \u015f\u0259h\u0259ri M\u0259i\u015f\u0259t Xidm\u0259ti Kollecinin\u00a0\u00ab\u00dcmumt\u0259hsil m\u0259kt\u0259bl\u0259rind\u0259 ibtidai<br>sinif m\u00fc\u0259llimi \u00bb ixtisas\u0131 \u00fczr\u0259 t\u0259hsil alm\u0131\u015f v\u0259\u00a0<br>h\u0259min\u00a0 kolleci bitirmi\u015fdir.<\/li>\n<\/ul>\n\n\n\n<p>Subay.<\/p>\n\n\n\n<p><strong>\u018fm\u0259k f\u0259aliyy\u0259ti<\/strong><\/p>\n\n\n\n<ul class=\"wp-block-list\">\n<li>2004-c\u00fc ild\u0259n\u00a0<br>G\u0259nc\u0259 D\u00f6vl\u0259t Universitetinin \u00abRus dili\u00bb kafedras\u0131n\u0131n\u00a0 laborant\u0131.<\/li>\n<\/ul>\n\n\n\n<p><strong>Dil bilgisi: <\/strong><\/p>\n\n\n\n<p>Rus dili, T\u00fcrk dili.<\/p>\n\n\n\n<p><strong>Part\u0131yal\u0131l\u0131\u011f\u0131: <\/strong>YAP&nbsp; <\/p>\n\n\n<div class=\"wp-block-image\">\n<figure class=\"aligncenter size-large is-resized\"><img loading=\"lazy\" decoding=\"async\" width=\"1160\" height=\"1624\" src=\"http:\/\/xdf.gdu.edu.az\/wp-content\/uploads\/2023\/05\/IMG_2170.jpg\" alt=\"\" class=\"wp-image-12137\" style=\"width:248px;height:348px\" srcset=\"http:\/\/xdf.gdu.edu.az\/wp-content\/uploads\/2023\/05\/IMG_2170.jpg 1160w, http:\/\/xdf.gdu.edu.az\/wp-content\/uploads\/2023\/05\/IMG_2170-768x1075.jpg 768w, http:\/\/xdf.gdu.edu.az\/wp-content\/uploads\/2023\/05\/IMG_2170-1097x1536.jpg 1097w\" sizes=\"auto, (max-width: 1160px) 100vw, 1160px\" \/><\/figure>\n<\/div>\n\n\n<p><strong>&nbsp;&nbsp;&nbsp;&nbsp; Yusifiova G\u00fcnel Tofiq q\u0131z\u0131<\/strong><\/p>\n\n\n\n<p><strong>V\u0259zif\u0259si:<\/strong>GDU-nin \u00abRus\ndili\u00bb kafedras\u0131n\u0131n laborant\u0131<\/p>\n\n\n\n<p>Telefon: +994 55&nbsp;526\n52 89<\/p>\n\n\n\n<p><strong>Email:<\/strong>\ngunelyusibova011@gmail.com<strong><\/strong><\/p>\n\n\n\n<p><strong>Q\u0131sa\nbioqrafik m\u0259lumat<\/strong><\/p>\n\n\n\n<ul class=\"wp-block-list\">\n<li>1982-ci il 05<br>sentyabrda Xanlar \u015f\u0259h\u0259rind\u0259 anadan olmu\u015fdur.<\/li>\n\n\n\n<li>1989 -1999<br>cu\u00a0 ill\u0259rd\u0259 Samux \u015f\u0259h\u0259ri 1 sayl\u0131 orta m\u0259kt\u0259bd\u0259<br>t\u0259hsil alm\u0131\u015f v\u0259 h\u0259min m\u0259kt\u0259bi bitirmi\u015fdir. <\/li>\n\n\n\n<li>2000-2004-ci-il<br>Az\u0259rbaycan M\u00fc\u0259lliml\u0259r \u0130nistitutu<br>\u00ab \u0130btidai t\u0259hsilin\u00a0 metodikas\u0131 v\u0259<br>pedaqogika \u00bb ixtisas\u0131 \u00fczr\u0259 t\u0259hsil alm\u0131\u015f v\u0259\u00a0<br>h\u0259min\u00a0 universiteti bitirmi\u015fdir.<\/li>\n<\/ul>\n\n\n\n<p>Ail\u0259lidir\n2 \u00f6vlad\u0131 var.<\/p>\n\n\n\n<p><strong>\u018fm\u0259k f\u0259aliyy\u0259ti<\/strong><\/p>\n\n\n\n<ul class=\"wp-block-list\">\n<li>2005-c\u00fc ild\u0259n\u00a0<br>G\u0259nc\u0259 D\u00f6vl\u0259t Universitetinin \u00abRus dili\u00bb kafedras\u0131n\u0131n\u00a0 laborant\u0131.<\/li>\n<\/ul>\n\n\n\n<p><strong>Dil bilgisi: <\/strong><\/p>\n\n\n\n<p>&nbsp;T\u00fcrk dili.<\/p>\n\n\n\n<p><strong>Part\u0131yal\u0131l\u0131\u011f\u0131: <\/strong>YAP<\/p>\n\n\n<div class=\"wp-block-image\">\n<figure class=\"aligncenter size-large is-resized\"><img loading=\"lazy\" decoding=\"async\" width=\"1160\" height=\"1624\" src=\"http:\/\/xdf.gdu.edu.az\/wp-content\/uploads\/2023\/05\/IMG_2177.jpg\" alt=\"\" class=\"wp-image-12140\" style=\"width:243px;height:340px\" srcset=\"http:\/\/xdf.gdu.edu.az\/wp-content\/uploads\/2023\/05\/IMG_2177.jpg 1160w, http:\/\/xdf.gdu.edu.az\/wp-content\/uploads\/2023\/05\/IMG_2177-768x1075.jpg 768w, http:\/\/xdf.gdu.edu.az\/wp-content\/uploads\/2023\/05\/IMG_2177-1097x1536.jpg 1097w\" sizes=\"auto, (max-width: 1160px) 100vw, 1160px\" \/><\/figure>\n<\/div>\n\n\n\n\n<p>&nbsp;&nbsp;&nbsp;&nbsp;&nbsp;&nbsp;&nbsp;&nbsp;&nbsp;&nbsp;&nbsp;&nbsp;&nbsp;&nbsp;&nbsp;&nbsp;&nbsp;&nbsp;&nbsp;&nbsp;&nbsp;&nbsp;&nbsp;&nbsp;&nbsp;&nbsp;&nbsp;&nbsp; <strong>\u0130smay\u0131lova\nG\u00fcnel Rasim q\u0131z\u0131<\/strong><\/p>\n\n\n\n<p><strong>V\u0259zif\u0259si:<\/strong>GDU-nin \u00abRus\ndili\u00bb kafedras\u0131n\u0131n laborant\u0131<\/p>\n\n\n\n<p>Telefon: +994 55&nbsp;723\n71 08<\/p>\n\n\n\n<p><strong>Email:<\/strong> gunel.ismayilova.84@internet.ru<strong><\/strong><\/p>\n\n\n\n<p><strong>Q\u0131sa\nbioqrafik m\u0259lumat<\/strong><\/p>\n\n\n\n<ul class=\"wp-block-list\">\n<li>1984-ci il 05<br>fevralda\u00a0 G\u0259nc\u0259 \u015f\u0259h\u0259rind\u0259 anadan<br>olmu\u015fdur.<\/li>\n\n\n\n<li>1991 -2001<br>ci\u00a0 ill\u0259rd\u0259 G\u0259nc\u0259 \u015f\u0259h\u0259ri 2 sayl\u0131 orta m\u0259kt\u0259bd\u0259<br>t\u0259hsil alm\u0131\u015f v\u0259 h\u0259min m\u0259kt\u0259bi bitirmi\u015fdir. <\/li>\n\n\n\n<li>2001-2005-ci-il<br>G\u0259nc\u0259 D\u00f6vl\u0259t Universitetinin \u00a0\u00ab<br>Pedaqogika v\u0259\u00a0 psixologiya\u00bb M\u0259kt\u0259b\u0259 q\u0259d\u0259r<br>t\u0259hsilin pedaqogika v\u0259 psixologiya ixtisas\u0131 \u00fczr\u0259 t\u0259hsil alm\u0131\u015f v\u0259\u00a0 h\u0259min\u00a0<br>universiteti bitirmi\u015fdir.<\/li>\n<\/ul>\n\n\n\n<p>Ail\u0259lidir\n2 \u00f6vlad\u0131 var.<\/p>\n\n\n\n<p><strong>\u018fm\u0259k f\u0259aliyy\u0259ti<\/strong><\/p>\n\n\n\n<ul class=\"wp-block-list\">\n<li>2019-c\u00fc ild\u0259n\u00a0<br>G\u0259nc\u0259 D\u00f6vl\u0259t Universitetinin \u00abRus dili\u00bb kafedras\u0131n\u0131n\u00a0 laborant\u0131.<\/li>\n<\/ul>\n\n\n\n<p><strong>Dil bilgisi: <\/strong><\/p>\n\n\n\n<p>Rus dili, T\u00fcrk dili.<\/p>\n\n\n\n<p><strong>Part\u0131yal\u0131l\u0131\u011f\u0131: <\/strong>YAP<\/p>\n\n\n<div class=\"wp-block-image\">\n<figure class=\"aligncenter size-large is-resized\"><img loading=\"lazy\" decoding=\"async\" width=\"354\" height=\"472\" src=\"http:\/\/xdf.gdu.edu.az\/wp-content\/uploads\/2023\/12\/34.jpg\" alt=\"\" class=\"wp-image-13466\" style=\"width:247px;height:329px\"\/><\/figure>\n<\/div>\n\n\n<p>Bayramova Ayt\u0259n Kaz\u0131m q\u0131z\u0131<\/p>\n\n\n\n<p><strong>V\u0259zif\u0259si:<\/strong> GDU-nin \u00abRus dili\u00bb kafedras\u0131n\u0131n laborant\u0131<\/p>\n\n\n\n<p>Telefon: +994 077-319-57-37<\/p>\n\n\n\n<p><strong>Email:<\/strong> kazim2019b@gmail.com<\/p>\n\n\n\n<p><strong>Q\u0131sa bioqrafik m\u0259lumat<\/strong><\/p>\n\n\n\n<ul class=\"wp-block-list\">\n<li>01.11.2002-ci ild\u0259 G\u0259nc\u0259 \u015f\u0259h\u0259rind\u0259 anadan olmu\u015fdur<\/li>\n\n\n\n<li>2008-2019 -cu ill\u0259rd\u0259 G\u0259nc\u0259 \u015f\u0259h\u0259ri 2 sayl\u0131 tam orta m\u0259kt\u0259bi bitirib<\/li>\n\n\n\n<li>2019-2023-cu ill\u0259rd\u0259 G\u0259nc\u0259 D\u00f6vl\u0259t Universitetinin Xarici dil m\u00fc\u0259llimliyi (Rus dili) ixtisas\u0131 \u00fczr\u0259 t\u0259hsil alm\u0131\u015f v\u0259\u00a0 h\u0259min\u00a0 Universiteti bitirmi\u015fdir.<\/li>\n<\/ul>\n\n\n\n<p><\/p>\n\n\n\n<p><strong>\u018fm\u0259k f\u0259aliyy\u0259ti<\/strong><\/p>\n\n\n\n<ul class=\"wp-block-list\">\n<li>2023-c\u00fc ild\u0259n\u00a0 G\u0259nc\u0259 D\u00f6vl\u0259t Universitetinin \u00abRus dili\u00bb kafedras\u0131n\u0131n\u00a0 laborant\u0131.<\/li>\n<\/ul>\n\n\n\n<p><strong>Dil bilgisi: <\/strong><\/p>\n\n\n\n<p>Rus, \u0130ngilis,&nbsp;T\u00fcrk dili.<\/p>\n\n\n\n<p><strong>Part\u0131yal\u0131l\u0131\u011f\u0131: <\/strong>YAP<\/p>\n\n\n\n<p><br><\/p>\n\n\n<div class=\"wp-block-image\">\n<figure class=\"aligncenter size-full is-resized\"><img loading=\"lazy\" decoding=\"async\" width=\"235\" height=\"309\" src=\"https:\/\/xdf.gdu.edu.az\/wp-content\/uploads\/2025\/01\/WhatsApp-Image-2025-01-13-at-10.47.24.jpeg\" alt=\"\" class=\"wp-image-15721\" style=\"width:181px;height:auto\"\/><\/figure>\n<\/div>\n\n\n<p>N\u0259biyeva G\u00fcl\u00e7in R\u0259\u015fid q\u0131z\u0131<\/p>\n\n\n\n<p>Telefon: 051 999 32 15<\/p>\n\n\n\n<p>Email: <a href=\"mailto:nabiyevagulchin123@gmail.com\">nabiyevagulchin123@gmail.com<\/a><\/p>\n\n\n\n<p>29.03.2001-ci ild\u0259 G\u0259nc\u0259 \u015f\u0259h\u0259rind\u0259 anadan olmu\u015fam.<\/p>\n\n\n\n<p>2018-ci ild\u0259 G\u0259nc\u0259 \u015f\u0259h\u0259ri Nekrasov ad\u0131na 19 sayl\u0131 tam orta m\u0259kt\u0259bi bitirmi\u015f\u0259m.<\/p>\n\n\n\n<p>2018-2022 ci ill\u0259rd\u0259 G\u0259nc\u0259 D\u00f6vl\u0259t Universitetinin Xarici dil m\u00fc\u0259llimliyi (Rus dili) ixtisas\u0131 \u00fczr\u0259 t\u0259hsil alm\u0131\u015fam.<\/p>\n\n\n\n<p>2024-c\u00fc ild\u0259n Rus dili kafedras\u0131nda laborant v\u0259zif\u0259sind\u0259 \u00e7al\u0131\u015f\u0131ram.<\/p>\n\n\n\n<p>Dil bilgisi:<\/p>\n\n\n\n<p>Rus,ingilis,t\u00fcrk dili<\/p>\n","protected":false},"excerpt":{"rendered":"<p>&nbsp;&nbsp;&nbsp;&nbsp;&nbsp;&nbsp; S\u0259fixanova Sevda M\u0259mm\u0259d q\u0131z\u0131 V\u0259zif\u0259si:GDU-nin \u00abRus dili\u00bb kafedras\u0131n\u0131n laborant\u0131 Telefon: +994 55&nbsp;436 52 90 Email: sefixanova49@gmail.com Q\u0131sa bioqrafik m\u0259lumat \u018fm\u0259k f\u0259aliyy\u0259ti Dil bilgisi: Rus dili, T\u00fcrk dili. Part\u0131yal\u0131l\u0131\u011f\u0131: YAP Ta\u011f\u0131yeva Aynur \u018fmiraslan q\u0131z\u0131 V\u0259zif\u0259si:GDU-nin \u00abRus dili\u00bb kafedras\u0131n\u0131n laborant\u0131 Telefon: +994 50&nbsp;679 00 63 &nbsp;&nbsp;&nbsp;&nbsp;&nbsp;&nbsp;&nbsp;&nbsp; &nbsp;&nbsp;&nbsp;&nbsp; +994 55&nbsp;659 00 63 Email: aynur77.77@mail.ru Q\u0131sa bioqrafik m\u0259lumat [&hellip;]<\/p>\n","protected":false},"author":4,"featured_media":0,"parent":0,"menu_order":0,"comment_status":"closed","ping_status":"closed","template":"","meta":{"footnotes":""},"categories":[],"tags":[],"class_list":["post-12184","page","type-page","status-publish","hentry"],"_links":{"self":[{"href":"http:\/\/xdf.gdu.edu.az\/index.php?rest_route=\/wp\/v2\/pages\/12184","targetHints":{"allow":["GET"]}}],"collection":[{"href":"http:\/\/xdf.gdu.edu.az\/index.php?rest_route=\/wp\/v2\/pages"}],"about":[{"href":"http:\/\/xdf.gdu.edu.az\/index.php?rest_route=\/wp\/v2\/types\/page"}],"author":[{"embeddable":true,"href":"http:\/\/xdf.gdu.edu.az\/index.php?rest_route=\/wp\/v2\/users\/4"}],"replies":[{"embeddable":true,"href":"http:\/\/xdf.gdu.edu.az\/index.php?rest_route=%2Fwp%2Fv2%2Fcomments&post=12184"}],"version-history":[{"count":4,"href":"http:\/\/xdf.gdu.edu.az\/index.php?rest_route=\/wp\/v2\/pages\/12184\/revisions"}],"predecessor-version":[{"id":15723,"href":"http:\/\/xdf.gdu.edu.az\/index.php?rest_route=\/wp\/v2\/pages\/12184\/revisions\/15723"}],"wp:attachment":[{"href":"http:\/\/xdf.gdu.edu.az\/index.php?rest_route=%2Fwp%2Fv2%2Fmedia&parent=12184"}],"wp:term":[{"taxonomy":"category","embeddable":true,"href":"http:\/\/xdf.gdu.edu.az\/index.php?rest_route=%2Fwp%2Fv2%2Fcategories&post=12184"},{"taxonomy":"post_tag","embeddable":true,"href":"http:\/\/xdf.gdu.edu.az\/index.php?rest_route=%2Fwp%2Fv2%2Ftags&post=12184"}],"curies":[{"name":"wp","href":"https:\/\/api.w.org\/{rel}","templated":true}]}}