{"id":12181,"date":"2023-05-23T10:32:00","date_gmt":"2023-05-23T08:32:00","guid":{"rendered":"http:\/\/xdf.gdu.edu.az\/?page_id=12181"},"modified":"2023-05-23T10:32:00","modified_gmt":"2023-05-23T08:32:00","slug":"murquzova-lamiy%c9%99-nusr%c9%99t-qizi","status":"publish","type":"page","link":"http:\/\/xdf.gdu.edu.az\/?page_id=12181","title":{"rendered":"Murquzova  Lamiy\u0259 N\u00fcsr\u0259t q\u0131z\u0131"},"content":{"rendered":"\n<div class=\"wp-block-image\"><figure class=\"aligncenter size-large is-resized\"><img loading=\"lazy\" decoding=\"async\" src=\"http:\/\/xdf.gdu.edu.az\/wp-content\/uploads\/2023\/05\/IMG_1542.jpg\" alt=\"\" class=\"wp-image-12121\" width=\"232\" height=\"324\" srcset=\"http:\/\/xdf.gdu.edu.az\/wp-content\/uploads\/2023\/05\/IMG_1542.jpg 1160w, http:\/\/xdf.gdu.edu.az\/wp-content\/uploads\/2023\/05\/IMG_1542-768x1075.jpg 768w, http:\/\/xdf.gdu.edu.az\/wp-content\/uploads\/2023\/05\/IMG_1542-1097x1536.jpg 1097w\" sizes=\"auto, (max-width: 232px) 100vw, 232px\" \/><\/figure><\/div>\n\n\n\n<p><strong>Ad\u0131, soyad\u0131,atas\u0131n\u0131n ad\u0131:<\/strong>\nMurquzova&nbsp; Lamiy\u0259 N\u00fcsr\u0259t q\u0131z\u0131<\/p>\n\n\n\n<p><strong>V\u0259zif\u0259si:<\/strong>m\u00fc\u0259llim<\/p>\n\n\n\n<p><strong>Telefon:<\/strong>\n0556252780<\/p>\n\n\n\n<p><strong>E-mail: <\/strong>murguzova82@mail.ru<\/p>\n\n\n\n<p><strong>Q\u0131sa bioqrafik m\u0259lumat:<\/strong>\n20.06.1982-ci ild\u0259 Qazax\u0131stan respublikas\u0131nln Kostanay&nbsp; \u015f\u0259h\u0259rind\u0259 anadan olmu\u015fdur<\/p>\n\n\n\n<p>Ail\u0259lidir.2\n\u00f6vlad\u0131 var<\/p>\n\n\n\n<p><strong>T\u0259hsili :<\/strong>2000-2005-\nci ill\u0259rd\u0259 Bak\u0131 Slavyan Universitetinin filologiya fak\u00fclt\u0259sini&nbsp; bitirib.2013-2015-ci ild\u0259 Bak\u0131 Slavyan&nbsp; Universitetinin Magistratura filologiya\n\u015f\u00f6b\u0259sini f\u0259rql\u0259nm\u0259 diplomu il\u0259 bitirib. <\/p>\n\n\n\n<p><strong>Elmi d\u0259r\u0259c\u0259si v\u0259 adlar\u0131:<\/strong>elmi\nd\u0259r\u0259c\u0259 yoxdur<\/p>\n\n\n\n<p><strong>\u018fm\u0259k f\u0259aliyy\u0259ti:<\/strong>2003- 2016\n-c\u0131 ild\u0259 G\u0259nc\u0259 D\u00f6vl\u0259t universitetinin Rus dili kafedras\u0131nda&nbsp; laborant v\u0259zif\u0259sind\u0259 \u00e7al\u0131\u015f\u0131b.&nbsp; 2016-c\u0131 ild\u0259n&nbsp;\nbu vaxta d\u0259k h\u0259min universitet v\u0259 h\u0259min kafedrada mu\u0259llim kimi v\u0259alliy\u0259t\ng\u00f6st\u0259rir.<\/p>\n\n\n\n<p><strong>T\u0259ltifl\u0259ri:<\/strong><\/p>\n\n\n\n<p><strong>Elmi \u0259s\u0259rl\u0259ri:<\/strong> 15-\u0259\nyaxin elmi \u0259s\u0259ri var.<\/p>\n\n\n\n<p>1.\u041f\u0440\u043e\u0431\u043b\u0435\u043c\u044b \u043e\u0431\u0443\u0447\u0435\u043d\u0438\u044f \u0440\u0443\u0441\u0441\u043a\u043e\u0439 \u043b\u0435\u043a\u0441\u0438\u043a\u0435\n\u0441\u0442\u0443\u0434\u0435\u043d\u0442\u043e\u0432 \u0432&nbsp; \u0430\u0437\u0435\u0440\u0431\u0430\u0439\u0434\u0436\u0430\u043d\u0441\u043a\u0438\u0445 \u0433\u0440\u0443\u043f\u043f\u0430\u0445\n\u0432\u0443\u0437\u043e\u0432. \u00abElmi x\u0259b\u0259rl\u0259r\u00bb\u0413\u0413\u0423- 2017<\/p>\n\n\n\n<p>2. \u041f\u0440\u043e\u0431\u043b\u0435\u043c\u044b\n\u043f\u0438\u0441\u044c\u043c\u0435\u043d\u043d\u043e\u0439 \u043f\u0435\u0440\u0435\u0434\u0430\u0447\u0438 \u0430\u0437\u0435\u0440\u0431\u0430\u0439\u0434\u0436\u0430\u043d\u0441\u043a\u0438\u0445 \u0438\u043c\u0435\u043d&nbsp;\n\u0441\u043e\u0431\u0441\u0442\u0432\u0435\u043d\u043d\u044b\u0445 \u043d\u0430 \u0430\u0437\u0435\u0440\u0431\u0430\u0439\u0434\u0436\u0430\u043d\u0441\u043a\u0438\u0445 \u0440\u0443\u0441\u0441\u043a\u043e\u044f\u0437\u044b\u0447\u043d\u044b\u0445 \u0441\u0430\u0439\u0442\u0430\u0445. \u00abTerminologiya m\u0259s\u0259l\u0259l\u0259ri\u00bb.&nbsp; S\u0259h.\n145-149. Bak\u0131- 2017<\/p>\n\n\n\n<p>3.\n\u0420\u0430\u0431\u043e\u0442\u0430 \u043d\u0430\u0434 \u0438\u043d\u0442\u043e\u043d\u0430\u0446\u0438\u0435\u0439\n\u0438 \u043f\u043e\u0432\u044b\u0448\u0435\u043d\u0438\u0435\u043c \u0432\u044b\u0440\u0430\u0437\u0438\u0442\u0435\u043b\u044c\u043d\u043e\u0441\u0442\u0438 \u0440\u0435\u0447\u0438 \u0443\u0447\u0430\u0449\u0438\u0445\u0441\u044f \u0430\u0437\u0435\u0440\u0431\u0430\u0439\u0434\u0436\u0430\u043d\u0446\u0435\u0432. &nbsp;\u00abTerminologiya\nm\u0259s\u0259l\u0259l\u0259ri\u00bb \u21161 . Bak\u0131- 2018<\/p>\n\n\n\n<p>4.\u0414\u0438\u0444\u0444\u0435\u0440\u0435\u043d\u0446\u0438\u0430\u043b\u044c\u043d\u044b\u0435 \u043f\u0440\u0438\u0437\u043d\u0430\u043a\u0438 \u0444\u043e\u043d\u0435\u043c.&nbsp; \u00abElmi x\u0259b\u0259rl\u0259r\u00bb\u0413\u0413\u0423- 2019<\/p>\n\n\n\n<p>5. \u0421\u043e\u0432\u0440\u0435\u043c\u0435\u043d\u043d\u044b\u0435 \u0438\u043d\u0444\u043e\u0440\u043c\u0430\u0446\u0438\u043e\u043d\u043d\u044b\u0435 \u0442\u0435\u0445\u043d\u043e\u043b\u043e\u0433\u0438\u0438\n\u0438 \u043f\u0440\u043e\u0431\u043b\u0435\u043c\u044b \u0442\u0440\u0430\u043d\u0441\u043a\u0440\u0438\u043f\u0446\u0438\u0438 \u0438 \u0442\u0440\u0430\u043d\u0441\u043b\u0438\u0442\u0435\u0440\u0430\u0446\u0438\u0438 \u043d\u0430 \u0441\u0442\u0440\u0430\u043d\u0438\u0446\u0430\u0445 \u0440\u0443\u0441\u0441\u043a\u043e\u044f\u0437\u044b\u0447\u043d\u044b\u0445 \u0441\u0430\u0439\u0442\u043e\u0432\n\u0410\u0437\u0435\u0440\u0431\u0430\u0439\u0434\u0436\u0430\u043d\u0430. &nbsp;\u00abElmi x\u0259b\u0259rl\u0259r\u00bb. \u0413\u0413\u0423- 2019<\/p>\n\n\n\n<p>6. \u041e \u0440\u043e\u043b\u0438 \u043b\u0438\u0442\u0435\u0440\u0430\u0442\u0443\u0440\u044b \u0432 \u0434\u0443\u0445\u043e\u0432\u043d\u043e\u043c \u0440\u0430\u0437\u0432\u0438\u0442\u0438\u0438 \u0441\u043e\u0432\u0440\u0435\u043c\u0435\u043d\u043d\u043e\u0433\u043e\n\u043e\u0431\u0449\u0435\u0441\u0442\u0432\u0430. \u00abTerminologiya\nm\u0259s\u0259l\u0259l\u0259ri\u00bb \u21161 . Bak\u0131- 2020.<\/p>\n\n\n\n<p>7.\u0418\u0441\u0442\u043e\u0440\u0438\u044f \u0432\u043e\u0437\u043d\u0438\u043a\u043d\u043e\u0432\u0435\u043d\u0438\u044f \u0438 \u0440\u0430\u0437\u0432\u0438\u0442\u0438\u044f \u0431\u0443\u043a\u0432 \u0415 \u0438 \u042d.&nbsp; The VII international\nscientific conference dedicated to the 185 <sup>th<\/sup>&nbsp; anniversary of&nbsp; Seyyid Azim Shirvani\/ \u0410\u0440\u0434\u0430\u0445\u0430\u043d, \u0422\u0443\u0440\u0446\u0438\u044f.&nbsp; \u0421\u0442\u0440. 103-107. 25 \u0421\u0435\u043d\u0442\u044f\u0431\u0440\u044f-2020<\/p>\n\n\n\n<p>8. \u041e\u0431\u0440\u0430\u0437\u043e\u0432\u0430\u043d\u0438\u0435 \u043a\u0430\u043a \u043e\u0442\u0440\u0430\u0436\u0435\u043d\u0438\u0435 \u043c\u0438\u0440\u0430. \u0410\u0440\u0434\u0430\u0445\u0430\u043d,\n\u0422\u0443\u0440\u0446\u0438\u044f.\u0414\u0435\u043a\u0430\u0431\u0440\u044c -2020<\/p>\n\n\n\n<p>9. \u0421\u043f\u043e\u0441\u043e\u0431\u044b \u043e\u043f\u0440\u0435\u0434\u0435\u043b\u0435\u043d\u0438\u044f \u0438\u0441\u043a\u043e\u043d\u043d\u043e \u0440\u0443\u0441\u0441\u043a\u0438\u0445 \u0441\u043b\u043e\u0432 \u0432\n\u0441\u043e\u0432\u0440\u0435\u043c\u0435\u043d\u043d\u043e\u0435 \u0432\u0440\u0435\u043c\u044f. \u0420\u0438\u043c, \u0418\u0442\u0430\u043b\u0438\u044f \u2013 2021 . \u0441\u0442\u0440. 307-310.<\/p>\n\n\n\n<p>10. \u041f\u043e\u0441\u0442\u0430\u043f\u043e\u043a\u0430\u043b\u0438\u043f\u0441\u0438\u0441 \u043a\u0430\u043a \u0436\u0430\u043d\u0440 \u043d\u0430\u0443\u0447\u043d\u043e\u0439\n\u0444\u0430\u043d\u0442\u0430\u0441\u0442\u0438\u043a\u0438.&nbsp; \u00abScience and\neducation: yesterday,&nbsp; today, tomorrow\u00bb.&nbsp; The X International Scientific Simposium\ndedicated to the 880 <sup>th <\/sup>anniversary of Nizami Ganjavi. 21 \u044f\u043d\u0432\u0430\u0440\u044f 2021. \u0421\u0442\u0440. 116-119\u0421\u0442\u043e\u043a\u0433\u043e\u043b\u044c\u043c,\n\u0428\u0432\u0435\u0446\u0438\u044f. <\/p>\n\n\n\n<p>11. \u0412\u0438\u0434\u044b \u043e\u0446\u0435\u043d\u0438\u0432\u0430\u043d\u0438\u044f \u043f\u0440\u043e\u0444\u0435\u0441\u0441\u0438\u043e\u043d\u0430\u043b\u044c\u043d\u043e \u043e\u0440\u0438\u0435\u043d\u0442\u0438\u0440\u043e\u0432\u0430\u043d\u043d\u043e\u0433\u043e \u043e\u0431\u0443\u0447\u0435\u043d\u0438\u044f\n\u0438\u043d\u043e\u0441\u0442\u0440\u0430\u043d\u0446\u0435\u0432 \u044f\u0437\u044b\u043a\u0443 \u043d\u0430 \u043d\u0435\u044f\u0437\u044b\u043a\u043e\u0432\u044b\u0445 \u0444\u0430\u043a\u0443\u043b\u044c\u0442\u0435\u0442\u0430\u0445 \u0432\u0443\u0437\u043e\u0432.&nbsp; Innovations and prospects of\nworld science. Proceedings of IV international scientifical and practical\nconference. \u0441\u0442\u0440.\n978-984 \u0412\u0430\u043d\u043a\u0443\u0432\u0435\u0440,&nbsp; \u041a\u0430\u043d\u0430\u0434\u0430 . 1-3 \u0434\u0435\u043a\u0430\u0431\u0440\u044f 2021<\/p>\n\n\n\n<p>12. \u0422\u0440\u0435\u0431\u043e\u0432\u0430\u043d\u0438\u044f \u043a \u0441\u043e\u0432\u0440\u0435\u043c\u0435\u043d\u043d\u043e\u043c\u0443 \u0443\u0440\u043e\u043a\u0443 \u0440\u0443\u0441\u0441\u043a\u043e\u0433\u043e \u044f\u0437\u044b\u043a\u0430.&nbsp;&nbsp; \u041c\u0435\u0436\u0434\u0443\u043d\u0430\u0440\u043e\u0434\u043d\u044b\u0439 \u043d\u0430\u0443\u0447\u043d\u044b\u0439 \u0416\u0443\u0440\u043d\u0430\u043b \u00ab\u0418\u043d\u043d\u043e\u0432\u0430\u0446\u0438\u043e\u043d\u043d\u0430\u044f\n\u043d\u0430\u0443\u043a\u0430\u00bb (ISSN 2410-6070) \u21167&nbsp; 1\/2022 .\u0413\u043e\u0440\u043e\u0434 \u0423\u0444\u0430 (<a href=\"https:\/\/aeterna-ufa.ru\/sbornik\/IN2022-07-1.pdf\">https:\/\/aeterna-ufa.ru\/sbornik\/IN2022-07-1.pdf<\/a>).<\/p>\n\n\n\n<p>13. \u041c\u0438\u0444\u043e\u043b\u043e\u0433\u0438\u0447\u0435\u0441\u043a\u0438\u0435 \u043e\u0431\u0440\u0430\u0437\u044b \u0432 \u0443\u0441\u0442\u043d\u043e\u043c \u043d\u0430\u0440\u043e\u0434\u043d\u043e\u043c \u0442\u0432\u043e\u0440\u0447\u0435\u0441\u0442\u0432\u0435\n\u0410\u0437\u0435\u0440\u0431\u0430\u0439\u0434\u0436\u0430\u043d\u0430 \u0438&nbsp; \u0438\u0445 \u0441\u043b\u0430\u0432\u044f\u043d\u0441\u043a\u0438\u0435 \u043f\u0440\u043e\u0442\u043e\u0442\u0438\u043f\u044b.\n\u0416\u0443\u0440\u043d\u0430\u043b \u00abModern Humanities Success\u00bb ( ISSN 2618-7175).&nbsp;&nbsp;\n(https:\/\/mhs-journal.ru\/wp-content\/uploads\/2022\/11\/mhs-12-2022.pdf ) <\/p>\n\n\n\n<p>\u0441\u0442\u0440.&nbsp;\n109-115.&nbsp; \u211612\/2022<\/p>\n\n\n\n<p>14. Effective forms of\nteaching in modern society. \u0416\u0443\u0440\u043d\u0430\u043b \u00abTechnium social journal\u00bb. ( <a href=\"https:\/\/doi.org\/10.47577\/tssj.v40i1.8402\">https:\/\/doi.org\/10.47577\/tssj.v40i1.8402<\/a>)&nbsp;&nbsp;&nbsp;&nbsp; \u0441\u0442\u0440. 91-95 \u0424\u0435\u0432\u0440\u0430\u043b\u044c 2023<\/p>\n\n\n\n<p>15. Conceptual provisions, goals\nand objective of specialized training. <\/p>\n\n\n\n<p>XVIII \u043c\u0435\u0436\u0434\u0443\u043d\u0430\u0440\u043e\u0434\u043d\u0430\u044f \u043a\u043e\u043d\u0444\u0435\u0440\u0435\u043d\u0446\u0438\u044f \u00abTheoretical\nand&nbsp; applied aspects of the development\nof science \u00bb&nbsp;&nbsp; (<a href=\"https:\/\/isg-conf.com\/ru\/theoretical-and-applied-aspects-of-the-development-of-science\">https:\/\/isg-conf.com\/ru\/theoretical-and-applied-aspects-of-the-development-of-science<\/a>) \u041c\u0430\u0439-2023\n(ISNN:2720-684x)<\/p>\n\n\n\n<p><strong>T\u0259ltifl\u0259ri.<\/strong><\/p>\n\n\n\n<p>1.Elmi\n\u0259s\u0259rl\u0259rin yazilmazi ADA School of Education 2020.(T\u0259kminl\u0259\u015fm\u0259 kursu)<\/p>\n\n\n\n<p><strong>Beyn\u0259lxalq v\u0259 respublika simpozium v\u0259 konfranslarda\ni\u015ftirak\u0131:<\/strong>10 q\u0259d\u0259r<\/p>\n\n\n\n<p><strong>Dil bilgisi:<\/strong> rus dili\n(\u0259la), ingilis dili (orta),turk dili\n(orta)<\/p>\n\n\n\n<p><strong>Partiyal\u0131l\u0131\u011f\u0131:<\/strong> YAP<\/p>\n\n\n","protected":false},"excerpt":{"rendered":"<p>Ad\u0131, soyad\u0131,atas\u0131n\u0131n ad\u0131: Murquzova&nbsp; Lamiy\u0259 N\u00fcsr\u0259t q\u0131z\u0131 V\u0259zif\u0259si:m\u00fc\u0259llim Telefon: 0556252780 E-mail: murguzova82@mail.ru Q\u0131sa bioqrafik m\u0259lumat: 20.06.1982-ci ild\u0259 Qazax\u0131stan respublikas\u0131nln Kostanay&nbsp; \u015f\u0259h\u0259rind\u0259 anadan olmu\u015fdur Ail\u0259lidir.2 \u00f6vlad\u0131 var T\u0259hsili :2000-2005- ci ill\u0259rd\u0259 Bak\u0131 Slavyan Universitetinin filologiya fak\u00fclt\u0259sini&nbsp; bitirib.2013-2015-ci ild\u0259 Bak\u0131 Slavyan&nbsp; Universitetinin Magistratura filologiya \u015f\u00f6b\u0259sini f\u0259rql\u0259nm\u0259 diplomu il\u0259 bitirib. Elmi d\u0259r\u0259c\u0259si v\u0259 adlar\u0131:elmi d\u0259r\u0259c\u0259 yoxdur \u018fm\u0259k f\u0259aliyy\u0259ti:2003- [&hellip;]<\/p>\n","protected":false},"author":4,"featured_media":0,"parent":0,"menu_order":0,"comment_status":"closed","ping_status":"closed","template":"","meta":{"footnotes":""},"categories":[],"tags":[],"class_list":["post-12181","page","type-page","status-publish","hentry"],"_links":{"self":[{"href":"http:\/\/xdf.gdu.edu.az\/index.php?rest_route=\/wp\/v2\/pages\/12181","targetHints":{"allow":["GET"]}}],"collection":[{"href":"http:\/\/xdf.gdu.edu.az\/index.php?rest_route=\/wp\/v2\/pages"}],"about":[{"href":"http:\/\/xdf.gdu.edu.az\/index.php?rest_route=\/wp\/v2\/types\/page"}],"author":[{"embeddable":true,"href":"http:\/\/xdf.gdu.edu.az\/index.php?rest_route=\/wp\/v2\/users\/4"}],"replies":[{"embeddable":true,"href":"http:\/\/xdf.gdu.edu.az\/index.php?rest_route=%2Fwp%2Fv2%2Fcomments&post=12181"}],"version-history":[{"count":1,"href":"http:\/\/xdf.gdu.edu.az\/index.php?rest_route=\/wp\/v2\/pages\/12181\/revisions"}],"predecessor-version":[{"id":12182,"href":"http:\/\/xdf.gdu.edu.az\/index.php?rest_route=\/wp\/v2\/pages\/12181\/revisions\/12182"}],"wp:attachment":[{"href":"http:\/\/xdf.gdu.edu.az\/index.php?rest_route=%2Fwp%2Fv2%2Fmedia&parent=12181"}],"wp:term":[{"taxonomy":"category","embeddable":true,"href":"http:\/\/xdf.gdu.edu.az\/index.php?rest_route=%2Fwp%2Fv2%2Fcategories&post=12181"},{"taxonomy":"post_tag","embeddable":true,"href":"http:\/\/xdf.gdu.edu.az\/index.php?rest_route=%2Fwp%2Fv2%2Ftags&post=12181"}],"curies":[{"name":"wp","href":"https:\/\/api.w.org\/{rel}","templated":true}]}}