{"id":12175,"date":"2023-05-23T10:21:23","date_gmt":"2023-05-23T08:21:23","guid":{"rendered":"http:\/\/xdf.gdu.edu.az\/?page_id=12175"},"modified":"2023-05-23T10:21:23","modified_gmt":"2023-05-23T08:21:23","slug":"yusibova-dursun-bah%c9%99ddin-qizi","status":"publish","type":"page","link":"http:\/\/xdf.gdu.edu.az\/?page_id=12175","title":{"rendered":"Yusibova Dursun Bah\u0259ddin q\u0131z\u0131"},"content":{"rendered":"\n<div class=\"wp-block-image\"><figure class=\"aligncenter size-large is-resized\"><img loading=\"lazy\" decoding=\"async\" src=\"http:\/\/xdf.gdu.edu.az\/wp-content\/uploads\/2023\/05\/IMG_1560.jpg\" alt=\"\" class=\"wp-image-12130\" width=\"196\" height=\"274\" srcset=\"http:\/\/xdf.gdu.edu.az\/wp-content\/uploads\/2023\/05\/IMG_1560.jpg 1160w, http:\/\/xdf.gdu.edu.az\/wp-content\/uploads\/2023\/05\/IMG_1560-768x1075.jpg 768w, http:\/\/xdf.gdu.edu.az\/wp-content\/uploads\/2023\/05\/IMG_1560-1097x1536.jpg 1097w\" sizes=\"auto, (max-width: 196px) 100vw, 196px\" \/><\/figure><\/div>\n\n\n\n<p><strong>Yusibova\nDursun Bah\u0259ddin q\u0131z\u0131<\/strong><\/p>\n\n\n\n<p><strong>V\u0259zif\u0259si&nbsp;<\/strong>: <\/p>\n\n\n\n<p>GDU-nun \u00abRus\ndili\u00bb kafedras\u0131n\u0131n ba\u015f m\u00fc\u0259llimi <\/p>\n\n\n\n<p>Telefon: +994 50 663 38 34<\/p>\n\n\n\n<p><strong>Email:\nkalekberova@yahoo.com<\/strong><\/p>\n\n\n\n<p><strong>Q\u0131sa\nbioqrafik m\u0259lumat<\/strong><\/p>\n\n\n\n<ul class=\"wp-block-list\"><li>1960-ci il 22\ndekabrda&nbsp; Q\u0259b\u0259l\u0259 \u015f\u0259h\u0259rind\u0259 anadan\nolmu\u015fdur.<\/li><li>1968-1978-ci\nill\u0259rd\u0259 Q\u0259b\u0259l\u0259 \u015f\u0259h\u0259ri 1 sayl\u0131 orta m\u0259kt\u0259bd\u0259 t\u0259hsil alm\u0131\u015f v\u0259 h\u0259min m\u0259kt\u0259bi\nbitirmi\u015fdir.<\/li><li>Ail\u0259lidir 2\n\u00f6vlad\u0131 var<\/li><\/ul>\n\n\n\n<p><strong>T\u0259hsili<\/strong><strong>:<\/strong><\/p>\n\n\n\n<ul class=\"wp-block-list\"><li>1978-1983 M. F. Axundov ad\u0131na Rus dili v\u0259 \u018fd\u0259biyyat\u0131\n\u0130nstitutuna daxil olmu\u015f v\u0259 1983-c\u00fc ild\u0259 h\u0259min Ali m\u0259kt\u0259bin \u00abMilli m\u0259kt\u0259bl\u0259rd\u0259\nrus dili\u00bb ixtisas\u0131 \u00fczr\u0259 t\u0259hsil alm\u0131\u015f v\u0259&nbsp;\nbitirmi\u015fdir.<\/li><li>&nbsp;&nbsp;&nbsp;&nbsp;&nbsp;&nbsp;<strong>Elmi d\u0259r\u0259c\u0259si v\u0259 adlar\u0131<\/strong><strong>:<\/strong><\/li><\/ul>\n\n\n\n<ul class=\"wp-block-list\"><li>2008-ci ild\u0259n\nba\u015f m\u00fc\u0259llimdir<\/li><\/ul>\n\n\n\n<p><strong>\u018fm\u0259k f\u0259aliyy\u0259ti<\/strong><\/p>\n\n\n\n<ul class=\"wp-block-list\"><li>1983-c\u00fc ild\u0259n Q\u0259b\u0259l\u0259 \u015f\u0259h\u0259rinin 3 sayl\u0131 m\u0259kt\u0259bd\u0259\nibtidai sinif m\u00fc\u0259llimi.<\/li><li>1986-c\u0131 ild\u0259n G\u0259nc\u0259 \u015f\u0259h\u0259r 23 sayl\u0131 tam orta m\u0259kt\u0259bin\nrus dili m\u00fc\u0259llimi.<\/li><li>1996-c\u0131 ild\u0259n&nbsp;\nG\u0259nc\u0259 D\u00f6vl\u0259t Aqrar Universitetinin Xarici dill\u0259r kafedras\u0131n\u0131n rus dili\n\u00fczr\u0259 ba\u015f m\u00fc\u0259llimi.<\/li><li>2018-ci ild\u0259n G\u0259nc\u0259 D\u00f6vl\u0259t\nUniversitetinin Xarici dill\u0259r kafedras\u0131n\u0131n rus dili \u00fczr\u0259 ba\u015f m\u00fc\u0259llimi.<\/li><\/ul>\n\n\n\n<p>&nbsp;&nbsp;&nbsp;&nbsp;&nbsp;&nbsp;&nbsp;&nbsp;&nbsp;&nbsp;&nbsp;&nbsp;&nbsp;&nbsp;&nbsp;&nbsp;&nbsp;&nbsp;&nbsp;&nbsp;&nbsp;&nbsp;&nbsp;&nbsp; <strong>T\u0259dqiqat\nsah\u0259si<\/strong><\/p>\n\n\n\n<p><strong>&nbsp;&nbsp;&nbsp;&nbsp;&nbsp;&nbsp;&nbsp;&nbsp; <\/strong>T\u0259rc\u00fcm\u0259 n\u0259z\u0259riyy\u0259si;<\/p>\n\n\n\n<p>Rus dilinin t\u0259drisi; <\/p>\n\n\n\n<p>Dil\u00e7ilik;<\/p>\n\n\n\n<p>Nitq m\u0259d\u0259niyy\u0259ti v\u0259 \u00fcslubiyyat.<\/p>\n\n\n\n<p><strong>Beyn\u0259lxalq v\u0259 respublika s\u0259viyy\u0259li seminar, simpozium v\u0259\nkonfranslarda i\u015ftirak\u0131<\/strong><\/p>\n\n\n\n<p><strong>Elmi\n\u0259s\u0259rl\u0259ri.<\/strong><strong><\/strong><\/p>\n\n\n\n<ol class=\"wp-block-list\"><li>\u041d\u0430\u0440\u0435\u0447\u043d\u044b\u0435 \u0441\u0438\u043d\u043e\u043d\u0438\u043c\u044b \u0432 \u0440\u0443\u0441\u0441\u043a\u043e\u043c \u044f\u0437\u044b\u043a\u0435. Filologiya m\u0259s\u0259l\u0259l\u0259ri \u21166 \u201cElm v\u0259 t\u0259hsil\u201d\nBak\u0131-2016<\/li><\/ol>\n\n\n\n<p>&nbsp;&nbsp;&nbsp;&nbsp;&nbsp; 2.\u041e\u0431\u043e\u0433\u0430\u0449\u0435\u043d\u0438\u0435\n\u0440\u0443\u0441\u0441\u043a\u043e\u0433\u043e \u044f\u0437\u044b\u043a\u0430 \u0438\u043d\u043e\u0441\u0442\u0440\u0430\u043d\u043d\u044b\u043c\u0438 \u0441\u043b\u043e\u0432\u0430\u043c\u0438. \u041d\u0430\u0443\u0447\u043d\u044b\u0435 \u0442\u0440\u0443\u0434\u044b \u0424\u0413\u0424\u0423 2015.<\/p>\n\n\n\n<ul class=\"wp-block-list\"><li>\u042d\u0444\u0444\u0435\u043a\u0442\u0438\u0432\u043d\u044b\u0439\n\u043c\u0435\u0442\u043e\u0434 \u043f\u0440\u043e\u0432\u0435\u0434\u0435\u043d\u0438\u044f \u0443\u0440\u043e\u043a\u0430 \u0440\u0443\u0441\u0441\u043a\u043e\u0433\u043e \u044f\u0437\u044b\u043a\u0430 \u0410DAU Elmi \u018fs\u0259rl\u0259r G\u0259nc\u0259-2015<\/li><li>\u0418\u0437\u0443\u0447\u0435\u043d\u0438\u0435\n\u043f\u0430\u0434\u0435\u0436\u0435\u0439 \u0441\u0443\u0449\u0435\u0441\u0442\u0432\u0438\u0442\u0435\u043b\u044c\u043d\u044b\u0445 \u0432 \u043d\u0430\u0446\u0438\u043e\u043d\u0430\u043b\u044c\u043d\u043e\u0439 \u0448\u043a\u043e\u043b\u0435. \u041d\u0430\u0443\u0447\u043d\u0430\u044f \u043a\u043e\u043d\u0444\u0435\u0440\u0435\u043d\u0446\u0438\u044f \u0411\u0430\u043a\u0443-2019<\/li><li>\u041e\u0441\u043d\u043e\u0432\u043d\u044b\u0435\n\u043f\u0440\u0438\u043d\u0446\u0438\u043f\u044b \u0438 \u0441\u0432\u043e\u0439\u0441\u0442\u0432\u0430 \u0421\u0438\u0441\u0442\u0435\u043c\u044b \u041a\u0443\u0440\u0440\u0438\u043a\u0443\u043b\u0443\u043c\u0430&nbsp; Bak\u0131, Elm v\u0259 \u0130nnovasiya m\u0259rk\u0259zi-\n2021<\/li><li>\u042c\n\u0438\u042a \u0437\u043d\u0430\u043a\u0438 \u0432 \u0441\u043b\u0430\u0432\u044f\u043d\u0441\u043a\u0438\u0445 \u044f\u0437\u044b\u043a\u0430\u0445 \u0422\u0443\u0440\u0446\u0438\u044f \u2013 2021<\/li><li>\u041f\u0440\u0430\u0432\u043e\n\u043f\u0438\u0441\u0430\u0442\u0435\u043b\u044f \u0441\u0432\u043e\u0431\u043e\u0434\u043d\u043e \u0442\u0432\u043e\u0440\u0438\u0442\u044c \u0438\u043b\u0438 \u0442\u043e\u0442\u0430\u043b\u044c\u043d\u044b\u0439 \u043a\u043e\u043d\u0442\u0440\u043e\u043b\u044c. \u0422\u0431\u0438\u043b\u0438\u0441\u0438. \u0413\u0440\u0443\u0437\u0438\u044f 2021<\/li><li>\u042d\u0442\u0430\u043f\u044b\n\u0432\u043d\u0435\u0434\u0440\u0435\u043d\u0438\u044f \u0438\u043d\u043a\u043b\u044e\u0437\u0438\u0438 \u0432 \u0441\u0438\u0441\u0442\u0435\u043c\u0443 \u043e\u0431\u0440\u0430\u0437\u043e\u0432\u0430\u043d\u0438\u044f Konfrans material\u0131, T\u00fcrkiy\u0259, Qars-2020<\/li><li>\u018fd\u0259biyyatda\nelmi fontastika janr\u0131n\u0131n \u00f6z\u00fcn\u0259m\u0259xsuslu\u011fu XI Beyn\u0259lxalq Elmi Simpozium\nTbilisi-2021<\/li><\/ul>\n\n\n\n<p><strong>K\u0130TABLAR v\u0259 D\u018fRS V\u018fSA\u0130TL\u018fR\u0130<\/strong><strong><\/strong><\/p>\n\n\n\n<p><strong>Dil<\/strong><strong> <\/strong><strong>bilgisi<\/strong><strong>: <\/strong><\/p>\n\n\n\n<p>Rus dili, T\u00fcrk dili.<\/p>\n\n\n\n<p><strong>Part\u0131yal\u0131l\u0131\u011f\u0131<\/strong><strong>: <\/strong>YAP<\/p>\n","protected":false},"excerpt":{"rendered":"<p>Yusibova Dursun Bah\u0259ddin q\u0131z\u0131 V\u0259zif\u0259si&nbsp;: GDU-nun \u00abRus dili\u00bb kafedras\u0131n\u0131n ba\u015f m\u00fc\u0259llimi Telefon: +994 50 663 38 34 Email: kalekberova@yahoo.com Q\u0131sa bioqrafik m\u0259lumat 1960-ci il 22 dekabrda&nbsp; Q\u0259b\u0259l\u0259 \u015f\u0259h\u0259rind\u0259 anadan olmu\u015fdur. 1968-1978-ci ill\u0259rd\u0259 Q\u0259b\u0259l\u0259 \u015f\u0259h\u0259ri 1 sayl\u0131 orta m\u0259kt\u0259bd\u0259 t\u0259hsil alm\u0131\u015f v\u0259 h\u0259min m\u0259kt\u0259bi bitirmi\u015fdir. Ail\u0259lidir 2 \u00f6vlad\u0131 var T\u0259hsili: 1978-1983 M. F. Axundov ad\u0131na Rus [&hellip;]<\/p>\n","protected":false},"author":4,"featured_media":0,"parent":0,"menu_order":0,"comment_status":"closed","ping_status":"closed","template":"","meta":{"footnotes":""},"categories":[],"tags":[],"class_list":["post-12175","page","type-page","status-publish","hentry"],"_links":{"self":[{"href":"http:\/\/xdf.gdu.edu.az\/index.php?rest_route=\/wp\/v2\/pages\/12175","targetHints":{"allow":["GET"]}}],"collection":[{"href":"http:\/\/xdf.gdu.edu.az\/index.php?rest_route=\/wp\/v2\/pages"}],"about":[{"href":"http:\/\/xdf.gdu.edu.az\/index.php?rest_route=\/wp\/v2\/types\/page"}],"author":[{"embeddable":true,"href":"http:\/\/xdf.gdu.edu.az\/index.php?rest_route=\/wp\/v2\/users\/4"}],"replies":[{"embeddable":true,"href":"http:\/\/xdf.gdu.edu.az\/index.php?rest_route=%2Fwp%2Fv2%2Fcomments&post=12175"}],"version-history":[{"count":1,"href":"http:\/\/xdf.gdu.edu.az\/index.php?rest_route=\/wp\/v2\/pages\/12175\/revisions"}],"predecessor-version":[{"id":12176,"href":"http:\/\/xdf.gdu.edu.az\/index.php?rest_route=\/wp\/v2\/pages\/12175\/revisions\/12176"}],"wp:attachment":[{"href":"http:\/\/xdf.gdu.edu.az\/index.php?rest_route=%2Fwp%2Fv2%2Fmedia&parent=12175"}],"wp:term":[{"taxonomy":"category","embeddable":true,"href":"http:\/\/xdf.gdu.edu.az\/index.php?rest_route=%2Fwp%2Fv2%2Fcategories&post=12175"},{"taxonomy":"post_tag","embeddable":true,"href":"http:\/\/xdf.gdu.edu.az\/index.php?rest_route=%2Fwp%2Fv2%2Ftags&post=12175"}],"curies":[{"name":"wp","href":"https:\/\/api.w.org\/{rel}","templated":true}]}}