{"id":12171,"date":"2023-05-23T10:17:25","date_gmt":"2023-05-23T08:17:25","guid":{"rendered":"http:\/\/xdf.gdu.edu.az\/?page_id=12171"},"modified":"2023-05-23T10:17:25","modified_gmt":"2023-05-23T08:17:25","slug":"qafarova-gulnar-%c9%99bulf%c9%99z-qizi","status":"publish","type":"page","link":"http:\/\/xdf.gdu.edu.az\/?page_id=12171","title":{"rendered":"Qafarova G\u00fclnar \u018fb\u00fclf\u0259z q\u0131z\u0131"},"content":{"rendered":"\n<div class=\"wp-block-image\"><figure class=\"aligncenter size-large is-resized\"><img loading=\"lazy\" decoding=\"async\" src=\"http:\/\/xdf.gdu.edu.az\/wp-content\/uploads\/2023\/05\/IMG_1545.jpg\" alt=\"\" class=\"wp-image-12123\" width=\"210\" height=\"294\" srcset=\"http:\/\/xdf.gdu.edu.az\/wp-content\/uploads\/2023\/05\/IMG_1545.jpg 1160w, http:\/\/xdf.gdu.edu.az\/wp-content\/uploads\/2023\/05\/IMG_1545-768x1075.jpg 768w, http:\/\/xdf.gdu.edu.az\/wp-content\/uploads\/2023\/05\/IMG_1545-1097x1536.jpg 1097w\" sizes=\"auto, (max-width: 210px) 100vw, 210px\" \/><\/figure><\/div>\n\n\n\n<p><strong>Ad\u0131, soyad\u0131,atas\u0131n\u0131n ad\u0131:<\/strong>&nbsp;&nbsp;&nbsp;&nbsp; Qafarova G\u00fclnar \u018fb\u00fclf\u0259zq\u0131z\u0131<\/p>\n\n\n\n<p><strong>V\u0259zif\u0259si:<\/strong> m\u00fc\u0259llim<\/p>\n\n\n\n<p><strong>Telefon:<\/strong>\n0553206555<\/p>\n\n\n\n<p><strong>E-mail: <\/strong>gulnarqafarova85@gmail.com<\/p>\n\n\n\n<p><strong>Q\u0131sa bioqrafik m\u0259lumat:<\/strong>\n15.05.1985-cu ild\u0259 Xa\u00e7maz \u015f\u0259h\u0259rind\u0259 anadan olmub<\/p>\n\n\n\n<p>Ail\u0259lidir.2\nevlad\u0131 var<\/p>\n\n\n\n<p><strong>T\u0259hsili :<\/strong>2000-2004\nci ill\u0259rd\u0259 Bak\u0131 D\u00f6vl\u0259t Universitetinin filologiya fak\u00fclt\u0259sini f\u0259rql\u0259nm\u0259 diplomu\nil\u0259 bitirib.2006-c\u00fc ild\u0259 Bak\u0131 D\u00f6vl\u0259t&nbsp;\nUniversitetinin Magistratura filologiya \u015f\u00f6b\u0259sini f\u0259rql\u0259nm\u0259 diplomu il\u0259\nbitirib. 2010-2013-ci ild\u0259 Az\u0259rbaycan&nbsp;\nAqrar D\u00f6vl\u0259t Universitetinin muhasibat u\u00e7otu v\u0259 audit fak\u00fclt\u0259sini\nbitirib.<\/p>\n\n\n\n<p><strong>Elmi d\u0259r\u0259c\u0259si v\u0259 adlar\u0131:<\/strong>\nelmi d\u0259r\u0259c\u0259 yoxdur<\/p>\n\n\n\n<p><strong>\u018fm\u0259k f\u0259aliyy\u0259ti:<\/strong> 2011- 2013\n-ci ild\u0259&nbsp; G\u0259nc\u0259 \u015f\u0259h\u0259ri \u201cUN\u0130BANK\u201d\nKommersiya Bank\u0131nda kad\u0131rlar \u015f\u00f6b\u0259sind\u0259&nbsp; \u00e7al\u0131\u015fib,2014-2017 il\u0259d\u0259k\n\u201cBankstandart\u201d Kommersiya bankinda fiziki \u015f\u0259xsl\u0259r uzr\u0259 menejer v\u0259zif\u0259sini icra\netib.2019-ild\u0259n G\u0259nc\u0259 D\u00f6vl\u0259t Universitetinin \u201cRus dili\u201d kafedrasinda mu\u0259llim\nkimi v\u0259alliy\u0259t g\u00f6st\u0259rir.<\/p>\n\n\n\n<p><strong>T\u0259ltifl\u0259ri:<\/strong><\/p>\n\n\n\n<p><strong>Elmi \u0259s\u0259rl\u0259ri:<\/strong> 15-dan\nyaxin elmi \u0259s\u0259ri var.<\/p>\n\n\n\n<p>1.\u041f\u0440\u043e\u0431\u043b\u0435\u043c\u0430 \u043f\u0435\u0440\u0435\u0432\u043e\u0434\u043e\u0432 \u00ab \u041a\u0438\u0442\u0430\u0431\u0438 \u0414\u0435\u0434\u0435\n\u041a\u043e\u0440\u0433\u0443\u0434\u0430\u00bb \u0432 \u0442\u0440\u0443\u0434\u0430\u0445 \u0440\u0443\u0441\u0441\u043a\u0438\u0445 \u0432\u043e\u0441\u0442\u043e\u043a\u043e\u0432\u0435\u0434\u043e\u0432. \u0413\u043e\u0441\u0443\u0434\u0430\u0440\u0441\u0442\u0432\u0435\u043d\u043d\u044b\u0439 \u0418\u043d\u0441\u0442\u0438\u0442\u0443\u0442 \u0440\u0443\u0441\u0441\u043a\u043e\u0433\u043e \u044f\u0437\u044b\u043a\u0430\n\u0438\u043c\u0435\u043d\u0438 \u0410.\u0421.\u041f\u0443\u0448\u043a\u0438\u043d\u0430.2019<\/p>\n\n\n\n<p>2. \u0420\u043e\u043b\u044c \u0441\u0443\u0444\u0444\u0438\u043a\u0441\u043e\u0432 \u0432 \u043e\u0431\u043e\u0433\u0430\u0449\u0435\u043d\u0438\u0438 \u043d\u0430\u0448\u0435\u0439 \u0440\u0435\u0447\u0438- \u0411\u0410\u041a\u0423 \u0413\u0420\u0418\u0424\u041b\u0418 2019.<\/p>\n\n\n\n<p>3.\n\u041e\u0431\u0449\u0435\u044f\u0437\u044b\u043a\u043e\u0432\u044b\u0435 \u043d\u0435\u043e\u043b\u043e\u0433\u0438\u0437\u043c\u044b.- GDU Elmi x\u0259b\u0259rl\u0259r 2020.<\/p>\n\n\n\n<p>4.\u0410\u043d\u0430\u043b\u0438\u0437 \u043e\u0441\u043d\u043e\u0432\u043d\u044b\u0445 \u044f\u0437\u044b\u043a\u043e\u0432\u044b\u0445 \u0438 \u043d\u0435\u044f\u0437\u044b\u043a\u043e\u0432\u044b\u0445 \u043f\u0440\u043e\u0431\u043b\u0435\u043c\n\u0441\u0442\u0443\u0434\u0435\u043d\u0442\u043e\u0432-\u0430\u0437\u0435\u0440\u0431\u0430\u0439\u0434\u0436\u0430\u043d\u0446\u0435\u0432 \u043f\u0440\u0438 \u0438\u0437\u0443\u0447\u0435\u043d\u0438\u0438 \u0440\u0443\u0441\u0441\u043a\u043e\u0433\u043e \u044f\u0437\u044b\u043a\u0430.\u041c\u0413\u0423.2020<\/p>\n\n\n\n<p>5.\u041f\u043e\u0434\u0433\u043e\u0442\u043e\u0432\u043a\u0430 \u043a\u0432\u0430\u043b\u0438\u0444\u0438\u043a\u0430\u0446\u0438\u043e\u043d\u043d\u044b\u0445 \u043a\u0430\u0434\u0440\u043e\u0432 \u0432 \u0441\u0442\u0440\u0443\u043a\u0442\u0443\u0440\u0435 \u0438\u043d\u043a\u043b\u044e\u0437\u0438\u0432\u043d\u043e\u0433\u043e\n\u043e\u0431\u0440\u0430\u0437\u043d\u043e\u0433\u043e \u043e\u0431\u0440\u0430\u0437\u043e\u0432\u0430\u043d\u0438\u044f. \u00abThe VII\ninternational scientific conference dedicated to the 185<sup>th<\/sup>\nanniversary of Seyyid Azim Shirvani. Turkey 2020<\/p>\n\n\n\n<p>6.\u0410\u043a\u0442\u0443\u0430\u043b\u044c\u043d\u044b \u0432\u043e \u0432\u0441\u0435\u0445\n\u0441\u0442\u043e\u043b\u0435\u0442\u0438\u044f\u0445-\u00ab\u0432\u0435\u0447\u043d\u044b\u0435 \u0442\u0435\u043c\u044b\u00bb \u041c. \u0424. \u0414\u043e\u0441\u0442\u043e\u0435\u0432\u0441\u043a\u043e\u0433\u043e. IX<\/p>\n\n\n\n<p>\u041c\u0435\u0436\u0434\u0443\u043d\u0430\u0440\u043e\u0434\u043d\u0430\u044f\n\u041d\u0430\u0443\u0447\u043d\u043e-\u043f\u0440\u0430\u043a\u0442\u0438\u0447\u0435\u0441\u043a\u0430\u044f \u041a\u043e\u043d\u0444\u0435\u0440\u0435\u043d\u0446\u0438.\u041c\u0430\u043a\u0435\u0434\u043e\u043d\u0438\u044f.2021<\/p>\n\n\n\n<p>7.\u00ab\u0410\u043b\u0438 \u0438 \u041d\u0438\u043d\u043e\u00bb &#8211; \u043e\u0434\u043d\u0430 \u043b\u044e\u0431\u043e\u0432\u044c \u0438\n\u0442\u044b\u0441\u044f\u0447\u0430 \u0434\u043e\u0433\u0430\u0434\u043e\u043a. X \u041c\u0435\u0436\u0434\u0443\u043d\u0430\u0440\u043e\u0434\u043d\u0430\u044f \u041d\u0430\u0443\u0447\u043d\u043e-<\/p>\n\n\n\n<p>\u043f\u0440\u0430\u043a\u0442\u0438\u0447\u0435\u0441\u043a\u0430\u044f\n\u041a\u043e\u043d\u0444\u0435\u0440\u0435\u043d\u0446\u0438\u044f.\u0421\u0442\u043e\u043a\u0433\u043e\u043b\u044c\u043c.2021<\/p>\n\n\n\n<p>8.\u041f\u0435\u0440\u0438\u043e\u0434 \u0433\u043e\u0441\u043f\u043e\u0434\u0441\u0442\u0432\u0430 \u0444\u0440\u0430\u043d\u0446\u0443\u0437\u0441\u043a\u043e\u0433\u043e\n\u044f\u0437\u044b\u043a\u0430 \u0432 \u0420\u043e\u0441\u0441\u0438\u0438. \u041c\u043e\u043b\u043e\u0434\u0435\u0436\u043d\u0430\u044f \u043d\u0430\u0443\u043a\u0430 \u0432 21<\/p>\n\n\n\n<p>\u0432\u0435\u043a\u0435:\n\u0442\u0440\u0430\u0434\u0438\u0446\u0438\u0438, \u0438\u043d\u043d\u043e\u0432\u0430\u0446\u0438\u0438, \u0432\u0435\u043a\u0442\u043e\u0440\u044b \u0440\u0430\u0437\u0432\u0438\u0442\u0438\u044f. \u0421\u0430\u043c\u0430\u0440\u0430-\u041e\u0440\u0435\u043d\u0431\u0443\u0440\u0433.2021<\/p>\n\n\n\n<p>9.\u0421\u0440\u0435\u0434\u0441\u0442\u0432\u0430 \u0432\u044b\u0440\u0430\u0436\u0435\u043d\u0438\u044f \u044d\u043c\u043e\u0446\u0438\u0439 \u0438\n\u0447\u0443\u0432\u0441\u0442\u0432-\u0433\u043b\u0430\u0433\u043e\u043b\u044b \u0447\u0443\u0432\u0441\u0442\u0432 \u0440\u0443\u0441\u0441\u043a\u043e\u043c \u044f\u0437\u044b\u043a\u0435. \u00abThe world of science and innovation\u201d\nLondon 2021.<\/p>\n\n\n\n<p>10.\u041c\u0438\u0444\u043e\u043b\u043e\u0433\u0438\u0447\u0435\u0441\u043a\u0438\u0435 \u043e\u0431\u0440\u0430\u0437\u044b \u0432 \u0443\u0441\u0442\u043d\u043e\u043c \u043d\u0430\u0440\u043e\u0434\u043d\u043e\u043c \u0442\u0432\u043e\u0440\u0447\u0435\u0441\u0442\u0432\u0435 \u0410\u0437\u0435\u0440\u0431\u0430\u0439\u0434\u0436\u0430\u043d\u0430.Modern\nHumanities Succes.base Erih Plus 2022<\/p>\n\n\n\n<p>11.\u0425\u0430\u0440\u0430\u043a\u0442\u0435\u0440\u043d\u044b\u0435 \u0447\u0435\u0440\u0442\u044b \u0441\u043e\u0432\u0440\u0435\u043c\u0435\u043d\u043d\u043e\u0439\n\u043b\u0438\u043d\u0433\u0432\u0438\u0441\u0442\u0438\u043a\u0438.\u0421\u0430\u043d\u043a-\u041f\u0435\u0442\u0435\u0440\u0431\u0443\u0440\u0433.2022<\/p>\n\n\n\n<p>12.Effective forms of teaching\na foreign language in modern society.Technium journal.base Erih\nplus,copernicus2023<\/p>\n\n\n\n<p><strong>T\u0259ltifl\u0259ri.<\/strong> 2022-ci\nill\u0259r \u00fc\u00e7\u00fcn 2 proqram d\u0259rc edib \u201cPublisistik t\u04d9rcum\u04d9\u201d v\u04d9 \u201c Siyasi<\/p>\n\n\n\n<p>terminl\u04d9rin\nt\u04d9rcum\u04d9si\u201d<\/p>\n\n\n\n<p>1.Inkluziv\nt\u0259hsil mu\u0259lliminki\u015fafi proqramlari.2019.(T\u0259kminl\u0259\u015fm\u0259 kursu)<\/p>\n\n\n\n<p>2.Elmi\n\u0259s\u0259rl\u0259rin yazilmazi ADA School of Education 2020. (T\u0259kminl\u0259\u015fm\u0259 kursu)<\/p>\n\n\n\n<p>3. \u201cMoving\nforward online workshops\/RUSSIAN AS A FOREIGN LANGUAGE FOR\nKIDS\/2022(T\u0259kminl\u0259\u015fm\u0259 kursu)<\/p>\n\n\n\n<p>4.\u0420\u0443\u0441\u0441\u043a\u0438\u0435\n\u0441\u0443\u0431\u0431\u043e\u0442\u044b.2023(T\u0259kminl\u0259\u015fm\u0259 kursu)<\/p>\n\n\n\n<p><strong>Beyn\u0259lxalq v\u0259 respublika simpozium v\u0259 konfranslarda\ni\u015ftirak\u0131:<\/strong>&nbsp; 10\nq\u0259d\u0259r<\/p>\n\n\n\n<p><strong>Dil bilgisi:<\/strong> rus dili,\ningilis dili.turk dili<\/p>\n\n\n\n<p><strong>Partiyal\u0131l\u0131\u011f\u0131:<\/strong> YAP<\/p>\n","protected":false},"excerpt":{"rendered":"<p>Ad\u0131, soyad\u0131,atas\u0131n\u0131n ad\u0131:&nbsp;&nbsp;&nbsp;&nbsp; Qafarova G\u00fclnar \u018fb\u00fclf\u0259zq\u0131z\u0131 V\u0259zif\u0259si: m\u00fc\u0259llim Telefon: 0553206555 E-mail: gulnarqafarova85@gmail.com Q\u0131sa bioqrafik m\u0259lumat: 15.05.1985-cu ild\u0259 Xa\u00e7maz \u015f\u0259h\u0259rind\u0259 anadan olmub Ail\u0259lidir.2 evlad\u0131 var T\u0259hsili :2000-2004 ci ill\u0259rd\u0259 Bak\u0131 D\u00f6vl\u0259t Universitetinin filologiya fak\u00fclt\u0259sini f\u0259rql\u0259nm\u0259 diplomu il\u0259 bitirib.2006-c\u00fc ild\u0259 Bak\u0131 D\u00f6vl\u0259t&nbsp; Universitetinin Magistratura filologiya \u015f\u00f6b\u0259sini f\u0259rql\u0259nm\u0259 diplomu il\u0259 bitirib. 2010-2013-ci ild\u0259 Az\u0259rbaycan&nbsp; Aqrar D\u00f6vl\u0259t Universitetinin muhasibat [&hellip;]<\/p>\n","protected":false},"author":4,"featured_media":0,"parent":0,"menu_order":0,"comment_status":"closed","ping_status":"closed","template":"","meta":{"footnotes":""},"categories":[],"tags":[],"class_list":["post-12171","page","type-page","status-publish","hentry"],"_links":{"self":[{"href":"http:\/\/xdf.gdu.edu.az\/index.php?rest_route=\/wp\/v2\/pages\/12171","targetHints":{"allow":["GET"]}}],"collection":[{"href":"http:\/\/xdf.gdu.edu.az\/index.php?rest_route=\/wp\/v2\/pages"}],"about":[{"href":"http:\/\/xdf.gdu.edu.az\/index.php?rest_route=\/wp\/v2\/types\/page"}],"author":[{"embeddable":true,"href":"http:\/\/xdf.gdu.edu.az\/index.php?rest_route=\/wp\/v2\/users\/4"}],"replies":[{"embeddable":true,"href":"http:\/\/xdf.gdu.edu.az\/index.php?rest_route=%2Fwp%2Fv2%2Fcomments&post=12171"}],"version-history":[{"count":1,"href":"http:\/\/xdf.gdu.edu.az\/index.php?rest_route=\/wp\/v2\/pages\/12171\/revisions"}],"predecessor-version":[{"id":12172,"href":"http:\/\/xdf.gdu.edu.az\/index.php?rest_route=\/wp\/v2\/pages\/12171\/revisions\/12172"}],"wp:attachment":[{"href":"http:\/\/xdf.gdu.edu.az\/index.php?rest_route=%2Fwp%2Fv2%2Fmedia&parent=12171"}],"wp:term":[{"taxonomy":"category","embeddable":true,"href":"http:\/\/xdf.gdu.edu.az\/index.php?rest_route=%2Fwp%2Fv2%2Fcategories&post=12171"},{"taxonomy":"post_tag","embeddable":true,"href":"http:\/\/xdf.gdu.edu.az\/index.php?rest_route=%2Fwp%2Fv2%2Ftags&post=12171"}],"curies":[{"name":"wp","href":"https:\/\/api.w.org\/{rel}","templated":true}]}}