{"id":12168,"date":"2023-05-23T10:12:38","date_gmt":"2023-05-23T08:12:38","guid":{"rendered":"http:\/\/xdf.gdu.edu.az\/?page_id=12168"},"modified":"2023-05-23T10:12:38","modified_gmt":"2023-05-23T08:12:38","slug":"q%c9%99dirov-balab%c9%99y-q%c9%99dir-oglu","status":"publish","type":"page","link":"http:\/\/xdf.gdu.edu.az\/?page_id=12168","title":{"rendered":"Q\u0259dirov Balab\u0259y Q\u0259dir o\u011flu"},"content":{"rendered":"\n<div class=\"wp-block-image\"><figure class=\"aligncenter size-large is-resized\"><img loading=\"lazy\" decoding=\"async\" src=\"http:\/\/xdf.gdu.edu.az\/wp-content\/uploads\/2023\/05\/IMG_1543.jpg\" alt=\"\" class=\"wp-image-12122\" width=\"189\" height=\"265\" srcset=\"http:\/\/xdf.gdu.edu.az\/wp-content\/uploads\/2023\/05\/IMG_1543.jpg 1160w, http:\/\/xdf.gdu.edu.az\/wp-content\/uploads\/2023\/05\/IMG_1543-768x1075.jpg 768w, http:\/\/xdf.gdu.edu.az\/wp-content\/uploads\/2023\/05\/IMG_1543-1097x1536.jpg 1097w\" sizes=\"auto, (max-width: 189px) 100vw, 189px\" \/><\/figure><\/div>\n\n\n\n<p>* V\u0259zif\u0259si: Ba\u015f m\u00fc\u0259llim&nbsp;<\/p>\n\n\n\n<p>* Telefon: 070 570 87 09<\/p>\n\n\n\n<p>* Email:&nbsp;<a href=\"https:\/\/e.mail.ru\/compose\/?mailto=mailto%3abalabaygadirov17@gmail.com\" target=\"_blank\" rel=\"noreferrer noopener\">balabaygadirov17@gmail.com<\/a><\/p>\n\n\n\n<p>* Q\u0131sa bioqrafik m\u0259lumat: 1959-cu il, Fevral\u0131n 11-i, Sabirabad rayonunun\nQ\u0259zli k\u0259ndind\u0259 anadan olmu\u015fam. 1965-ci ild\u0259 1-ci sinif\u0259 daxil olmu\u015f v\u0259 1975-ci\nild\u0259 orta m\u0259kt\u0259bi bitirmi\u015f\u0259m. 1976-c\u0131 ild\u0259 M.F. Axundov ad\u0131na Rus dili v\u0259\n\u018fd\u0259biyyat\u0131 \u0130nstitutuna daxil olmu\u015f v\u0259 1981-ci ild\u0259 oran\u0131 bitirmi\u015f\u0259m.&nbsp;<\/p>\n\n\n\n<p>* T\u0259hsili (Ali): M.F. Axundov ad\u0131na Rus dili v\u0259 \u018fd\u0259biyyat\u0131 \u0130nstitutu.<\/p>\n\n\n\n<p>* Elmi d\u0259r\u0259c\u0259si v\u0259 adlar\u0131: Ba\u015f m\u00fc\u0259llim<\/p>\n\n\n\n<p>* \u018fm\u0259k f\u0259aliyy\u0259ti: 1981-1986-c\u0131 ill\u0259rd\u0259 t\u0259yinat \u00fczr\u0259 Sabirabad rayonunun\nQ\u0259zli k\u0259ndind\u0259 &nbsp;i\u015fl\u0259mi\u015f\u0259m. 1986-1988-ci ill\u0259rd\u0259\nG\u0259nc\u0259 9 sayl\u0131 Texniki-Pe\u015f\u0259 m\u0259kt\u0259bind\u0259 Rus dili m\u00fc\u0259llimi i\u015fl\u0259mi\u015f\u0259m. 1988-ci\nild\u0259n hal-hazira q\u0259d\u0259r G\u0259nc\u0259 D\u00f6vl\u0259t Universitetinin Rus dili kafedras\u0131nda ba\u015f\nm\u00fc\u0259llim v\u0259zif\u0259sind\u0259 i\u015fl\u0259yir\u0259m.<\/p>\n\n\n\n<p>* T\u0259ltifl\u0259ri: Universitet rektorunun F\u0259xri f\u0259rmanlar\u0131&nbsp;<\/p>\n\n\n\n<p>* T\u0259dqiqat sah\u0259si: &#8220;\u0418\u043d\u0442\u0435\u0440\u0444\u0435\u0440\u0435\u043d\u0446\u0438\u044f \u0432 \u0440\u0443\u0441\u0441\u043a\u043e\u0439 \u0440\u0435\u0447\u0438 \u0443\u0447\u0430\u0449\u0438\u0445\u0441\u044f-\u0430\u0437\u0435\u0440\u0431\u0430\u0439\u0434\u0436\u0430\u043d\u0446\u0435\u0432&#8221;.<\/p>\n\n\n\n<p>* Elmi \u0259s\u0259rl\u0259ri: 1)\n&#8220;\u041f\u0440\u043e\u044f\u0432\u043b\u0435\u043d\u0438\u0435 \u0444\u043e\u043d\u0435\u0442\u0438\u0447\u0435\u0441\u043a\u043e\u0439 \u0418\u043d\u0442\u0435\u0440\u0444\u0435\u0440\u0435\u043d\u0446\u0438\u044f \u0432 \u0440\u0443\u0441\u0441\u043a\u043e\u0439 \u0440\u0435\u0447\u0438 \u0441\u0442\u0443\u0434\u0435\u043d\u0442\u043e\u0432 \u0438 \u043f\u0443\u0442\u0438 \u0435\u0435\n\u0443\u0441\u0442\u0440\u0430\u043d\u0435\u043d\u0438\u044f&#8221; -\u0420\u0443\u0441\u0441\u043a\u0438\u0439 \u044f\u0437\u044b\u043a \u0438 \u043b\u0438\u0442\u0435\u0440\u0430\u0442\u0443\u0440\u0430 \u0432 \u0430\u0437\u0435\u0440\u0431\u0430\u0439\u0434\u0436\u0430\u043d\u0441\u043a\u043e\u0439 \u0448\u043a\u043e\u043b\u0435.\u0441\u044256-60,\n1991-ci il 1-ci n\u00f6mr\u0259&nbsp; 2) &#8220;\u041f\u0440\u043e\u0433\u043d\u043e\u0437\u0438\u0440\u043e\u0432\u0430\u043d\u0438\u0435 \u0418\u043d\u0442\u0435\u0440\u0444\u0435\u0440\u0435\u043d\u0446\u0438\u044f \u043f\u0440\u0438 \u043e\u0431\u0443\u0447\u0435\u043d\u0438\u0438\n\u0433\u043b\u0430\u0433\u043e\u043b\u044c\u043d\u043e\u0439 \u0444\u0440\u0430\u0437\u0435\u043e\u043b\u043e\u0433\u0438\u0438 \u0432 \u0441\u0442\u0430\u0440\u0448\u0438\u0445 \u043a\u043b\u0430\u0441\u0441\u0430\u0445 \u0430\u0437\u0435\u0440\u0431\u0430\u0439\u0434\u0436\u0430\u043d\u0441\u043a\u043e\u0439 \u0448\u043a\u043e\u043b\u044b&#8221;&nbsp; 3)\n&#8220;\u0424\u0440\u0430\u0437\u0435\u043e\u043b\u043e\u0433\u0438\u0447\u0435\u0441\u043a\u0430\u044f \u0418\u043d\u0442\u0435\u0440\u0444\u0435\u0440\u0435\u043d\u0446\u0438\u044f \u0432 \u0440\u0443\u0441\u0441\u043a\u043e\u0439 \u0440\u0435\u0447\u0438 \u0443\u0447\u0430\u0449\u0438\u0445\u0441\u044f-\u0430\u0437\u0435\u0440\u0431\u0430\u0439\u0434\u0436\u0430\u043d\u0446\u0435\u0432 \u0438\n\u043f\u0443\u0442\u0438 \u0435\u0435 \u0443\u0441\u0442\u0440\u0430\u043d\u0435\u043d\u0438\u044f&#8221; &#8211; G\u0259nc\u0259 D\u00f6vl\u0259t Universitetinin Elmi \u018fs\u0259rl\u0259r M\u0259cmu\u0259si,\nBak\u0131-2000, s.184-185.&nbsp; 4) &#8220;\u041b\u0438\u043d\u0433\u0432\u043e\u0434\u0438\u0434\u0430\u043a\u0442\u0438\u0447\u0435\u0441\u043a\u0438\u0435 \u043f\u043e\u0434\u0445\u043e\u0434\u044b \u043a \u043e\u0431\u0443\u0447\u0435\u043d\u0438\u044e\n\u0441\u0442\u0443\u0434\u0435\u043d\u0442\u043e\u0432-\u0438\u0442\u0430\u043b\u044c\u044f\u043d\u0446\u0435\u0432 \u043f\u0440\u0430\u0432\u0438\u043b\u044c\u043d\u043e\u043c\u0443 \u0440\u0443\u0441\u0441\u043a\u043e\u043c\u0443 \u043f\u0440\u043e\u0438\u0437\u043d\u043e\u0448\u0435\u043d\u0438\u044e.&#8221; Elmi x\u0259b\u0259rl\u0259r 3.\nGDU, s.193-199, birg\u0259 D.Discacciati v\u0259 M.Fasolini, 2010.&nbsp; 5)\n&#8220;\u041a\u043e\u043c\u043c\u0435\u043d\u0442\u0430\u0440\u0438\u0439 \u043a \u0418\u0442\u0430\u043b\u044c\u044f\u043d\u0441\u043a\u0438\u043c \u0441\u0442\u0438\u0445\u0430\u043c&#8221;,\u0410\u043b\u0435\u043a\u0441\u0430\u043d\u0434\u0440\u0430 \u0411\u043b\u043e\u043a\u0430, Elmi x\u0259b\u0259rl\u0259r 3.\nGDU 2010, s.199-201.&nbsp; 6) &#8220;\u041b\u0438\u043d\u0433\u0432\u0438\u0441\u0442\u0438\u0447\u0435\u0441\u043a\u043e\u0435 \u043a\u043e\u043c\u043c\u0435\u043d\u0442\u0438\u0440\u043e\u0432\u0430\u043d\u0438\u0435\n\u0445\u0443\u0434\u043e\u0436\u0435\u0441\u0442\u0432\u0435\u043d\u043d\u043e\u0433\u043e \u0442\u0435\u043a\u0441\u0442\u0430 \u0432 \u043d\u0430\u0446\u0438\u043e\u043d\u0430\u043b\u044c\u043d\u043e\u0439 \u0430\u0443\u0434\u0438\u0442\u043e\u0440\u0438\u0438&#8221; Elmi X\u0259b\u0259rl\u0259r, G\u0259nc\u0259\n2019, s.380-384 v\u0259 s. m\u0259qal\u0259l\u0259r.<\/p>\n\n\n\n<p>* Beyn\u0259lxalq v\u0259 respublika\nsimpozium v\u0259 konfranslarda i\u015ftirak\u0131: 1) &#8220;\u0410\u0434\u043c\u0438\u043d\u0438\u0441\u0442\u0440\u0430\u0442\u0438\u0432\u043d\u044b\u0439 \u043c\u0435\u043d\u0435\u0434\u0436\u043c\u0435\u043d\u0442,\u043a\u0430\u043a\n\u0441\u043e\u0446\u0438\u0430\u043b\u044c\u043d\u043e\u0435 \u0434\u0435\u0439\u0441\u0442\u0432\u0438\u0435 \u0432 \u0432\u0438\u0434\u0435 \u0435\u0434\u0438\u043d\u043e\u0439 \u0441\u0438\u0441\u0442\u0435\u043c\u044b \u0438 \u043e\u0441\u043d\u043e\u0432\u043d\u044b\u0435 \u043d\u0430\u043f\u0440\u0430\u0432\u043b\u0435\u043d\u0438\u044f \u0435\u0435\n\u0440\u0430\u0437\u0432\u0438\u0442\u0438\u044f&#8221; \u0441.420-446.\u041f\u0440\u043e\u0431\u043b\u0435\u043c\u044b \u0441\u043e\u0432\u0440\u0435\u043c\u0435\u043d\u043d\u043e\u0439 \u043d\u0430\u0443\u043a\u0438.\u0421\u0431\u043e\u0440\u043d\u0438\u043a \u043d\u0430\u0443\u0447\u043d\u044b\u0445\n\u0442\u0440\u0443\u0434\u043e\u0432.\u0412\u044b\u043f\u0443\u0441\u043a 7.\u0427\u0430\u0441\u0442\u044c 1.\u0421\u0442\u0430\u0432\u0440\u043e\u043f\u043e\u043b\u044c -2013.&nbsp; 2) &#8220;\u0422\u0440\u0443\u0434\u043d\u043e\u0441\u0442\u0438 \u0443\u0441\u0432\u043e\u0435\u043d\u0438\u044f\n\u0440\u0443\u0441\u0441\u043a\u043e\u0439 \u0444\u0440\u0430\u0437\u0435\u043e\u043b\u043e\u0433\u0438\u0438&#8221; \u0441.278-281.\u0422\u0435\u043b\u0430\u0432\u0438 -2008.<\/p>\n\n\n\n<p>* Dil bilgisi: Rus dili, T\u00fcrk\ndili, \u0130talyan dili<\/p>\n\n\n\n<p>* Partiyal\u0131\u011f\u0131: 1997-ci ild\u0259n\nYAP-\u0131n \u00fczv\u00fc.<\/p>\n","protected":false},"excerpt":{"rendered":"<p>* V\u0259zif\u0259si: Ba\u015f m\u00fc\u0259llim&nbsp; * Telefon: 070 570 87 09 * Email:&nbsp;balabaygadirov17@gmail.com * Q\u0131sa bioqrafik m\u0259lumat: 1959-cu il, Fevral\u0131n 11-i, Sabirabad rayonunun Q\u0259zli k\u0259ndind\u0259 anadan olmu\u015fam. 1965-ci ild\u0259 1-ci sinif\u0259 daxil olmu\u015f v\u0259 1975-ci ild\u0259 orta m\u0259kt\u0259bi bitirmi\u015f\u0259m. 1976-c\u0131 ild\u0259 M.F. Axundov ad\u0131na Rus dili v\u0259 \u018fd\u0259biyyat\u0131 \u0130nstitutuna daxil olmu\u015f v\u0259 1981-ci ild\u0259 oran\u0131 bitirmi\u015f\u0259m.&nbsp; [&hellip;]<\/p>\n","protected":false},"author":4,"featured_media":0,"parent":0,"menu_order":0,"comment_status":"closed","ping_status":"closed","template":"","meta":{"footnotes":""},"categories":[],"tags":[],"class_list":["post-12168","page","type-page","status-publish","hentry"],"_links":{"self":[{"href":"http:\/\/xdf.gdu.edu.az\/index.php?rest_route=\/wp\/v2\/pages\/12168","targetHints":{"allow":["GET"]}}],"collection":[{"href":"http:\/\/xdf.gdu.edu.az\/index.php?rest_route=\/wp\/v2\/pages"}],"about":[{"href":"http:\/\/xdf.gdu.edu.az\/index.php?rest_route=\/wp\/v2\/types\/page"}],"author":[{"embeddable":true,"href":"http:\/\/xdf.gdu.edu.az\/index.php?rest_route=\/wp\/v2\/users\/4"}],"replies":[{"embeddable":true,"href":"http:\/\/xdf.gdu.edu.az\/index.php?rest_route=%2Fwp%2Fv2%2Fcomments&post=12168"}],"version-history":[{"count":1,"href":"http:\/\/xdf.gdu.edu.az\/index.php?rest_route=\/wp\/v2\/pages\/12168\/revisions"}],"predecessor-version":[{"id":12169,"href":"http:\/\/xdf.gdu.edu.az\/index.php?rest_route=\/wp\/v2\/pages\/12168\/revisions\/12169"}],"wp:attachment":[{"href":"http:\/\/xdf.gdu.edu.az\/index.php?rest_route=%2Fwp%2Fv2%2Fmedia&parent=12168"}],"wp:term":[{"taxonomy":"category","embeddable":true,"href":"http:\/\/xdf.gdu.edu.az\/index.php?rest_route=%2Fwp%2Fv2%2Fcategories&post=12168"},{"taxonomy":"post_tag","embeddable":true,"href":"http:\/\/xdf.gdu.edu.az\/index.php?rest_route=%2Fwp%2Fv2%2Ftags&post=12168"}],"curies":[{"name":"wp","href":"https:\/\/api.w.org\/{rel}","templated":true}]}}