{"id":12153,"date":"2023-05-23T09:43:43","date_gmt":"2023-05-23T07:43:43","guid":{"rendered":"http:\/\/xdf.gdu.edu.az\/?page_id=12153"},"modified":"2023-05-23T09:43:43","modified_gmt":"2023-05-23T07:43:43","slug":"m%c9%99mm%c9%99dova-mehriban-c%c9%99mil-qizi","status":"publish","type":"page","link":"http:\/\/xdf.gdu.edu.az\/?page_id=12153","title":{"rendered":"M\u0259mm\u0259dova Mehriban C\u0259mil q\u0131z\u0131"},"content":{"rendered":"\n<div class=\"wp-block-image\"><figure class=\"aligncenter size-large is-resized\"><img loading=\"lazy\" decoding=\"async\" src=\"http:\/\/xdf.gdu.edu.az\/wp-content\/uploads\/2023\/05\/meh.jpg\" alt=\"\" class=\"wp-image-12141\" width=\"230\" height=\"288\"\/><\/figure><\/div>\n\n\n\n<p>&nbsp;&nbsp;&nbsp;&nbsp;&nbsp;&nbsp;&nbsp;&nbsp;&nbsp;&nbsp;&nbsp;&nbsp; M\u0259mm\u0259dova Mehriban\nC\u0259mil q\u0131z\u0131<\/p>\n\n\n\n<p>&nbsp; &nbsp;&nbsp;&nbsp;&nbsp;&nbsp;&nbsp;&nbsp;&nbsp;&nbsp;&nbsp;<strong>V\u0259zif\u0259si:\n<\/strong>&nbsp;&nbsp;Rus dili kafedras\u0131n\u0131n ba\u015f&nbsp; m\u00fc\u0259llimi <\/p>\n\n\n\n<p>&nbsp;&nbsp;&nbsp;&nbsp;&nbsp;&nbsp;&nbsp;&nbsp;&nbsp;&nbsp;&nbsp; <strong>Telefon:<\/strong>&nbsp;&nbsp; +994 55&nbsp;436 69 72 <\/p>\n\n\n\n<p>&nbsp;&nbsp;&nbsp;&nbsp;&nbsp;&nbsp;&nbsp;&nbsp;&nbsp;&nbsp;&nbsp;&nbsp; <strong>E mail:<\/strong>&nbsp;&nbsp; &nbsp;&nbsp; <a href=\"mailto:mehriban.memmedova.10@list.ru\">mehriban.memmedova.10@list.ru<\/a><\/p>\n\n\n\n<p>&nbsp;&nbsp;&nbsp;&nbsp;&nbsp;&nbsp;&nbsp;&nbsp; <strong>QISA B\u0130OQRAF\u0130K M\u018fLUMAT<\/strong><\/p>\n\n\n\n<p><strong>&nbsp;&nbsp;&nbsp;&nbsp;&nbsp;&nbsp;&nbsp; <\/strong>5 may 1969-cu ild\u0259 G\u0259nc\u0259\n\u015f\u0259h\u0259rind\u0259 anadn olmu\u015fdur.<\/p>\n\n\n\n<p>&nbsp;&nbsp;&nbsp;&nbsp;&nbsp;&nbsp;&nbsp; 1 \u00f6vlad\u0131 var. 2005-ci\nild\u0259n YAP-\u0131n \u00fczv\u00fcd\u00fcr.<\/p>\n\n\n\n<p>&nbsp;&nbsp;&nbsp;&nbsp;&nbsp;&nbsp;&nbsp; <strong>T\u018fHS\u0130L\u0130, ELM\u0130 D\u018fR\u018fC\u018fS\u0130 V\u018f ELM\u0130 ADLARI<\/strong><\/p>\n\n\n\n<p>&nbsp;&nbsp;&nbsp;&nbsp;&nbsp;&nbsp;&nbsp; 1995-ci ild\u0259&nbsp; M.F.Axundov ad\u0131na&nbsp; Az\u0259rbaycan&nbsp;\nPedaqoji Rus dili v\u0259 <\/p>\n\n\n\n<p>&nbsp;&nbsp;&nbsp;&nbsp;&nbsp;&nbsp;&nbsp; \u0259d\u0259biyyat\u0131\ninstitutunu&nbsp; bitirmi\u015fdir. <\/p>\n\n\n\n<p>&nbsp;&nbsp;&nbsp;&nbsp;&nbsp;&nbsp;&nbsp;&nbsp; <strong>\u018fM\u018fK F\u018fAL\u0130YY\u018fT\u0130<\/strong><\/p>\n\n\n\n<p>&nbsp;01.09.1995-ci ild\u0259n\n14.04.1997-ci il tarixin\u0259 q\u0259d\u0259r&nbsp;\nH.Z\u0259rdabi ad\u0131na&nbsp;&nbsp;&nbsp;&nbsp;&nbsp;&nbsp;&nbsp; G\u0259nc\u0259\nD\u00f6vl\u0259t Pedaqoji \u0130nstitutunun Rus dili kafedras\u0131nda m\u00fc\u0259llim i\u015fl\u0259mi\u015fdir.<\/p>\n\n\n\n<p>1997-ci ilin 14 aprel tarixind\u0259 ail\u0259 v\u0259ziyy\u0259ti il\u0259 \u0259laq\u0259dar Bak\u0131\n\u015f\u0259h\u0259rin\u0259 k\u00f6\u015fd\u00fcy\u00fc \u00fc\u00e7\u00fcn \u00f6z \u0259riz\u0259si il\u0259 i\u015fd\u0259n azad olunmu\u015fdur.<\/p>\n\n\n\n<p>21.01.2003-c\u00fc il tarixind\u0259n 15.09.2004-c\u00fc bi tarixin\u0259d\u0259k&nbsp; G\u0259nc\u0259 D\u00f6dl\u0259t Universitetinin D\u00fcnya \u0259d\u0259biyyat\u0259\nv\u0259 m\u0259d\u0259niyy\u0259t\u015f\u00fcnasl\u0131q&nbsp; kafedras\u0131nda ba\u015f\nlaborant&nbsp; v\u0259zif\u0259sind\u0259 i\u015fl\u0131\u0259mi\u015fdir.<\/p>\n\n\n\n<p>15.09.2004-c\u00fc il tarixind\u0259n 26.05.2010-cu il tarixin\u0259d\u0259k&nbsp; G\u0259nc\u0259 D\u00f6vl\u0259t Universitetinin Rus dili v\u0259 onun\nt\u0259drisi metodikas\u0131 kafedras\u0131nda m\u00fc\u0259llim i\u015fl\u0259\u0131mi\u015fdir.<\/p>\n\n\n\n<p>26.05.2010-cu il tarixind\u0259n G\u0259nc\u0259 D\u00f6dl\u0259t Universitetinin Rus dili\nkafedras\u0131nda ba\u015f&nbsp; m\u00fc\u0259llim v\u0259zif\u0259sind\u0259\ni\u015fl\u0259yir.<\/p>\n\n\n\n<p>&nbsp;&nbsp;&nbsp;&nbsp;&nbsp;&nbsp;&nbsp; <strong>ELM\u0130 \u018fS\u018fRL\u018fR\u0130<\/strong><\/p>\n\n\n\n<p><strong>&nbsp;<\/strong>15 elmi m\u0259qal\u0259nin\nm\u00fc\u0259llifidir.<\/p>\n\n\n\n<p>1.\u041a\u043e\u043b\u0438\u0447\u0435\u0441\u0442\u0432\u0435\u043d\u043d\u044b\u0435&nbsp;\n\u0447\u0438\u0441\u043b\u0438\u0442\u0435\u043b\u044c\u043d\u044b\u0435&nbsp;&nbsp;&nbsp; \u0432 \u0440\u0443\u0441\u0441\u043a\u043e\u043c&nbsp;&nbsp; \u0438&nbsp;\n\u0430\u0437\u0435\u0440\u0431\u0430\u0439\u0434\u0436\u0430\u043d\u0441\u043a\u043e\u043c&nbsp; \u044f\u0437\u044b\u043a\u0430\u0445.M\u0259qal\u0259,. <\/p>\n\n\n\n<p>2.\u0418\u0437\u0443\u0447\u0435\u043d\u0438\u0435&nbsp; \u0447\u0430\u0441\u0442\u0435\u0439&nbsp; \u0440\u0435\u0447\u0438&nbsp;\n\u0432&nbsp; \u043d\u0430\u0446\u0438\u043e\u043d\u0430\u043b\u044c\u043d\u043e\u0439&nbsp; \u0448\u043a\u043e\u043b\u0435,&nbsp;\nM\u0259qal\u0259.<\/p>\n\n\n\n<p>3. \u041b\u0438\u0447\u043d\u044b\u0435&nbsp; \u0438&nbsp;\n\u043f\u0440\u0438\u0442\u044f\u0436\u0430\u0442\u0435\u043b\u044c\u043d\u044b\u0435&nbsp; \u043c\u0435\u0441\u0442\u043e\u0438\u043c\u0435\u043d\u0438\u044f&nbsp; \u0432 \u0440\u0443\u0441\u0441\u043a\u043e\u043c \u0438&nbsp;\n\u0430\u0437\u0435\u0440\u0431\u0430\u0439\u0434\u0436\u0430\u043d\u0441\u043a\u043e\u043c&nbsp; \u044f\u0437\u044b\u043a\u0430\u0445. M\u0259qal\u0259. &nbsp;<\/p>\n\n\n\n<p>4.<strong> <\/strong>\u041c\u0435\u0442\u043e\u0434\u0438\u043a\u0430 \u0438\u0437\u0443\u0447\u0435\u043d\u0438\u044f \u043f\u0440\u0435\u0434\u043b\u043e\u0436\u0435\u043d\u0438\u0439 \u0441 \u0441\u043e\u0447\u0435\u0442\u0430\u043d\u0438\u044f\u043c\u0438\n\u043a\u043e\u043b\u0438\u0447\u0435\u0441\u0442\u0432\u0435\u043d\u043d\u044b\u0445 \u0438&nbsp; \u043f\u043e\u0440\u044f\u0434\u043a\u043e\u0432\u044b\u0445&nbsp; \u0447\u0438\u0441\u043b\u0438\u0442\u0435\u043b\u044c\u043d\u044b\u0445&nbsp;\n\u0441&nbsp;&nbsp; \u0441\u0443\u0449\u0435\u0441\u0442\u0432\u0438\u0442\u0435\u043b\u044c\u043d\u044b\u043c\u0438<strong>. <\/strong><strong>&nbsp;<\/strong>M\u0259qal\u0259.&nbsp; <\/p>\n\n\n\n<p>5. \u0418\u0437\u0443\u0447\u0435\u043d\u0438\u0435&nbsp;&nbsp; \u043f\u0430\u0434\u0435\u0436\u0435\u0439&nbsp; \u0441\u0443\u0449\u0435\u0441\u0442\u0432\u0438\u0442\u0435\u043b\u044c\u043d\u044b\u0445&nbsp; \u0432&nbsp;\n\u043d\u0430\u0446\u0438\u043e\u043d\u0430\u043b\u044c\u043d\u043e\u0439<strong>&nbsp; <\/strong>\u0448\u043a\u043e\u043b\u0435.<strong>&nbsp; <\/strong><\/p>\n\n\n\n<p>&nbsp;&nbsp;&nbsp; M\u0259qal\u0259.<\/p>\n\n\n\n<p><strong>&nbsp;<\/strong>6.\u0421\u0443\u0444\u0444\u0438\u043a\u0441\u044b \u0438\u043c\u0435\u043d\u043d\u044b\u0445 \u0447\u0430\u0441\u0442\u0435\u0439\n\u0440\u0435\u0447\u0438 \u0438 \u0438\u0445 \u0441\u043c\u044b\u0441\u043b\u043e\u0432\u044b\u0435 \u043e\u0442\u0442\u0435\u043d\u043a\u0438. M\u0259qal\u0259.<\/p>\n\n\n\n<p><strong>BEYN\u018fLXALQ\nSEM\u0130NAR,S\u0130MPOZ\u0130UM V\u018f KONFRANSLARDA \u0130\u015eT\u0130RAKI<\/strong> <\/p>\n\n\n\n<p>1. \u00dc.Hac\u0131b\u0259yovun anadan olmas\u0131n\u0131n 135 illik&nbsp; yubileyin\u0259 h\u0259sr olunmu\u015f&nbsp; VIII beyn\u0259lxalq&nbsp; elmi konfrans . T\u00fcrkiy\u0259,Qars. 2020<\/p>\n\n\n\n<p>2. XI Beyn\u0259lxalq&nbsp; Elmi Simpozium\n\u201cM\u00fcasir d\u00fcnyada m\u0259d\u0259niyy\u0259tl\u0259raras\u0131 m\u00fcnasib\u0259tl\u0259r\u201d&nbsp; Tbilisi&nbsp;\n2021.<\/p>\n\n\n\n<p>&nbsp;<strong>D\u0130L \u00c7\u0130LG\u0130S\u0130 :&nbsp; <\/strong>Rus, T\u00fcrk<\/p>\n\n\n\n<p><strong>Partiyal\u0131l\u0131\u011f\u0131:&nbsp;&nbsp;&nbsp; <\/strong>YAP<\/p>\n","protected":false},"excerpt":{"rendered":"<p>&nbsp;&nbsp;&nbsp;&nbsp;&nbsp;&nbsp;&nbsp;&nbsp;&nbsp;&nbsp;&nbsp;&nbsp; M\u0259mm\u0259dova Mehriban C\u0259mil q\u0131z\u0131 &nbsp; &nbsp;&nbsp;&nbsp;&nbsp;&nbsp;&nbsp;&nbsp;&nbsp;&nbsp;&nbsp;V\u0259zif\u0259si: &nbsp;&nbsp;Rus dili kafedras\u0131n\u0131n ba\u015f&nbsp; m\u00fc\u0259llimi &nbsp;&nbsp;&nbsp;&nbsp;&nbsp;&nbsp;&nbsp;&nbsp;&nbsp;&nbsp;&nbsp; Telefon:&nbsp;&nbsp; +994 55&nbsp;436 69 72 &nbsp;&nbsp;&nbsp;&nbsp;&nbsp;&nbsp;&nbsp;&nbsp;&nbsp;&nbsp;&nbsp;&nbsp; E mail:&nbsp;&nbsp; &nbsp;&nbsp; mehriban.memmedova.10@list.ru &nbsp;&nbsp;&nbsp;&nbsp;&nbsp;&nbsp;&nbsp;&nbsp; QISA B\u0130OQRAF\u0130K M\u018fLUMAT &nbsp;&nbsp;&nbsp;&nbsp;&nbsp;&nbsp;&nbsp; 5 may 1969-cu ild\u0259 G\u0259nc\u0259 \u015f\u0259h\u0259rind\u0259 anadn olmu\u015fdur. &nbsp;&nbsp;&nbsp;&nbsp;&nbsp;&nbsp;&nbsp; 1 \u00f6vlad\u0131 var. 2005-ci ild\u0259n YAP-\u0131n \u00fczv\u00fcd\u00fcr. &nbsp;&nbsp;&nbsp;&nbsp;&nbsp;&nbsp;&nbsp; T\u018fHS\u0130L\u0130, ELM\u0130 D\u018fR\u018fC\u018fS\u0130 V\u018f ELM\u0130 ADLARI &nbsp;&nbsp;&nbsp;&nbsp;&nbsp;&nbsp;&nbsp; 1995-ci ild\u0259&nbsp; M.F.Axundov [&hellip;]<\/p>\n","protected":false},"author":4,"featured_media":0,"parent":0,"menu_order":0,"comment_status":"closed","ping_status":"closed","template":"","meta":{"footnotes":""},"categories":[],"tags":[],"class_list":["post-12153","page","type-page","status-publish","hentry"],"_links":{"self":[{"href":"http:\/\/xdf.gdu.edu.az\/index.php?rest_route=\/wp\/v2\/pages\/12153","targetHints":{"allow":["GET"]}}],"collection":[{"href":"http:\/\/xdf.gdu.edu.az\/index.php?rest_route=\/wp\/v2\/pages"}],"about":[{"href":"http:\/\/xdf.gdu.edu.az\/index.php?rest_route=\/wp\/v2\/types\/page"}],"author":[{"embeddable":true,"href":"http:\/\/xdf.gdu.edu.az\/index.php?rest_route=\/wp\/v2\/users\/4"}],"replies":[{"embeddable":true,"href":"http:\/\/xdf.gdu.edu.az\/index.php?rest_route=%2Fwp%2Fv2%2Fcomments&post=12153"}],"version-history":[{"count":1,"href":"http:\/\/xdf.gdu.edu.az\/index.php?rest_route=\/wp\/v2\/pages\/12153\/revisions"}],"predecessor-version":[{"id":12154,"href":"http:\/\/xdf.gdu.edu.az\/index.php?rest_route=\/wp\/v2\/pages\/12153\/revisions\/12154"}],"wp:attachment":[{"href":"http:\/\/xdf.gdu.edu.az\/index.php?rest_route=%2Fwp%2Fv2%2Fmedia&parent=12153"}],"wp:term":[{"taxonomy":"category","embeddable":true,"href":"http:\/\/xdf.gdu.edu.az\/index.php?rest_route=%2Fwp%2Fv2%2Fcategories&post=12153"},{"taxonomy":"post_tag","embeddable":true,"href":"http:\/\/xdf.gdu.edu.az\/index.php?rest_route=%2Fwp%2Fv2%2Ftags&post=12153"}],"curies":[{"name":"wp","href":"https:\/\/api.w.org\/{rel}","templated":true}]}}