{"id":12097,"date":"2023-05-22T10:05:21","date_gmt":"2023-05-22T08:05:21","guid":{"rendered":"http:\/\/xdf.gdu.edu.az\/?page_id=12097"},"modified":"2025-12-11T09:04:12","modified_gmt":"2025-12-11T07:04:12","slug":"t%c9%99dris-kom%c9%99kci-heyy%c9%99ti","status":"publish","type":"page","link":"http:\/\/xdf.gdu.edu.az\/?page_id=12097","title":{"rendered":"T\u018fDR\u0130S K\u00d6M\u018fK\u00c7\u0130 HEYY\u018fT\u0130"},"content":{"rendered":"\n<ul class=\"wp-block-list\">\n<li>Qurbanova \u0130lah\u0259 S\u0259xav\u0259t q\u0131z\u0131<\/li>\n\n\n\n<li>V\u0259zif\u0259si: Laborant <\/li>\n\n\n\n<li>Telefon: +994 55 807 44 11<\/li>\n\n\n\n<li>E-mail: g.ilaha76 @ gmail.com<\/li>\n\n\n\n<li> Q\u0131sa bioqrafik m\u0259lumat:<\/li>\n\n\n\n<li>1999-cu ild\u0259 28 aprel G\u0259nc\u0259 \u015f\u0259h\u0259rind\u0259 anadan olmu\u015fdur.<\/li>\n\n\n\n<li>2006-2017-ci ill\u0259rd\u0259 G\u0259nc\u0259 \u015f\u0259h\u0259ri 15 sayl\u0131 orta m\u0259kt\u0259bd\u0259 t\u0259hsil alm\u0131\u015f v\u0259 h\u0259min m\u0259kt\u0259bi bitirmi\u015fdir.<\/li>\n\n\n\n<li>2021-ci ild\u0259 G\u0259nc\u0259 D\u00f6vl\u0259t Universitetinin \u0130ngilis dili m\u00fc\u0259llimliyi ixtisas\u0131n\u0131 bitirmi\u015fdir.<\/li>\n\n\n\n<li>2023-c\u00fc ild\u0259 Az\u0259rbaycan D\u00f6vl\u0259t Aqrar Universitetinin Biznesin t\u0259\u015fkili v\u0259 idar\u0259 edilm\u0259si maliyy\u0259 \u00fczr\u0259 ixtisas\u0131n\u0131 bitirmi\u015fdir.\u018fm\u0259k f\u0259aliyy\u0259ti:<\/li>\n\n\n\n<li>2024-c\u00fc ild\u0259 G\u0259nc\u0259 D\u00f6vl\u0259t Universitetinin Praktik Xarici dill\u0259r kafedras\u0131na laborant t\u0259yin olunmu\u015fdur.<\/li>\n<\/ul>\n\n\n\n<p><\/p>\n\n\n\n<p><\/p>\n\n\n\n<p><\/p>\n\n\n\n<p><\/p>\n\n\n\n<p><\/p>\n\n\n\n<ul class=\"wp-block-list\">\n<li><a href=\"mailto:g.ilaha76@gmail.com\"><\/a><\/li>\n\n\n\n<li>H\u0259s\u0259nova F\u0259rid\u0259 Cahan q\u0131z\u0131<\/li>\n\n\n\n<li>V\u0259zif\u0259si: Laborant<\/li>\n\n\n\n<li>Telefon: +994556929585<\/li>\n\n\n\n<li>E-mail: hsnova.frid @ mail.ru <\/li>\n\n\n\n<li>Q\u0131sa biografik m\u0259lumat:<\/li>\n\n\n\n<li>1998-ci il 25 iyul Rusiya Federasiyas\u0131, Moskva \u015f\u0259h\u0259rind\u0259 anadan olmu\u015fdur.<\/li>\n\n\n\n<li>2005-ci ild\u0259n 2008-ci il\u0259d\u0259k Ukraynan\u0131n, Mariupol \u015f\u0259h\u0259rond\u0259 t\u0259hsil alm\u0131\u015f, daha sonra is\u0259 G\u0259nc\u0259 \u015f\u0259h\u0259ri 4 n\u00f6mr\u0259li orta m\u0259kt\u0259bd\u0259 t\u0259hsilini davam etdirmi\u015f v\u0259 h\u0259min m\u0259kt\u0259bi bitirmi\u015fdir.<\/li>\n\n\n\n<li> 2020- ci ild\u0259 G\u0259nc\u0259 D\u00f6vl\u0259t Universitetinin \u0130ngilis dili m\u00fc\u0259llimliyi (rus b\u00f6lm\u0259si \u00fczr\u0259) ixtisas\u0131n\u0131 bitirmi\u015fdir. <\/li>\n\n\n\n<li>2023-ci ild\u0259 Odlar Yurdu Universitetinin Xarici dil m\u00fc\u0259llimliyi (ingilis dili) Xarici dilin t\u0259drisi metodikas\u0131 vemetodologiyas\u0131 ixtisas\u0131n\u0131 bitirmi\u015fdir.<\/li>\n\n\n\n<li>\u018fm\u0259k f\u0259aliyy\u0259ti:2023-c\u00fc ild\u0259 G\u0259nc\u0259 D\u00f6vl\u0259t Universitetinin Praktik Xarici dill\u0259r kafedras\u0131na laborant t\u0259yin olunmu\u015fdur.<a href=\"mailto:hsnova.frid@mail.ru\"><\/a><\/li>\n<\/ul>\n\n\n\n<p><\/p>\n\n\n\n<p><\/p>\n\n\n<div class=\"wp-block-image\">\n<figure class=\"aligncenter size-large is-resized\"><img loading=\"lazy\" decoding=\"async\" width=\"354\" height=\"472\" src=\"http:\/\/xdf.gdu.edu.az\/wp-content\/uploads\/2023\/05\/m\u0259tan\u0259t.jpg\" alt=\"\" class=\"wp-image-12022\" style=\"width:230px;height:307px\"\/><\/figure>\n<\/div>\n\n\n<p><strong>2. Hac\u0131yeva M\u0259tan\u0259t Novruz q\u0131z\u0131<\/strong><\/p>\n\n\n\n<ul class=\"wp-block-list\">\n<li>V\u0259zif\u0259si:&nbsp; Laborant<\/li>\n\n\n\n<li>Telefon:&nbsp; +994 70 935 33 27<\/li>\n\n\n\n<li>E-mail: &nbsp;&nbsp;metanet.haciyeva.80@mail.ru<\/li>\n\n\n\n<li><strong>Q\u0131sa<br>bioqrafik m\u0259lumat<\/strong>:&nbsp;&nbsp;<br>1980 -ci il 12 iyun G\u0259nc\u0259 \u015f\u0259h\u0259rind\u0259 anadan olmu\u015fdur.<\/li>\n\n\n\n<li>1986 \u2013 1995 -ci ill\u0259rd\u0259 G\u0259nc\u0259 \u015f\u0259h\u0259ri 34<br>sayl\u0131 orta m\u0259kt\u0259bd\u0259 t\u0259hsil alm\u0131\u015f v\u0259 h\u0259min m\u0259kt\u0259bi bitirmi\u015fdir. 1995-ci ild\u0259 G\u0259nc\u0259<br>Humanitar kollecinin \u0130btidai sinif m\u00fc\u0259llimliyi ixtisas\u0131n\u0131 bitirmi\u015fdi.<\/li>\n\n\n\n<li><strong>\u018fM\u018fK<br>F\u018fAL\u0130YY\u018fT\u0130 : <\/strong>2003-c\u00fc ild\u0259 G\u0259nc\u0259 D\u00f6vl\u0259t Universitetin Praktik<br>Xarici dill\u0259r kafedras\u0131na laborant t\u0259yin olunmu\u015fdur.<\/li>\n<\/ul>\n\n\n<div class=\"wp-block-image\">\n<figure class=\"aligncenter size-large is-resized\"><img loading=\"lazy\" decoding=\"async\" width=\"374\" height=\"476\" src=\"http:\/\/xdf.gdu.edu.az\/wp-content\/uploads\/2023\/05\/fizz\u0259.jpg\" alt=\"\" class=\"wp-image-12016\" style=\"width:227px;height:289px\"\/><\/figure>\n<\/div>\n\n\n<p><strong>4. Yusifova Fizz\u0259 K\u0259mal\u0259ddin q\u0131z\u0131<\/strong><\/p>\n\n\n\n<ul class=\"wp-block-list\">\n<li>V\u0259zif\u0259si:&nbsp; Laborant<\/li>\n\n\n\n<li>Telefon:&nbsp; +994 55 366 08 28<\/li>\n\n\n\n<li>E-mail: &nbsp;&nbsp;Fizz.28@yahoo.com<\/li>\n\n\n\n<li><strong>Q\u0131sa bioqrafik m\u0259lumat<\/strong>:&nbsp;&nbsp; 1988-ci il 13 iyun G\u0259nc\u0259 \u015f\u0259h\u0259rind\u0259 anadan olmu\u015fdur.<\/li>\n\n\n\n<li>1995-ci ild\u0259 U\u015finiski ad\u0131na 29 sayli tam orta m\u0259t\u0259bind\u0259 t\u0259hsil alm\u0131\u015f v\u0259 2006-c\u0131 ild\u0259 44 n\u00f6mr\u0259li Baxca-M\u0259kt\u0259b-Litsey kompleksini bitirmi\u015fdir. 2008-ci ild\u0259 G\u00f6y\u00e7ay D\u00f6vl\u0259t v\u0259 \u0130dar\u0259etm\u0259 kollecini (ingili dili m\u00fc\u0259llimliyi) bitirmi\u015fdir.<\/li>\n\n\n\n<li><strong>T\u018fHS\u0130L\u0130<\/strong>:&nbsp; Orta.<\/li>\n\n\n\n<li><strong>\u018fM\u018fK F\u018fAL\u0130YY\u018fT\u0130 : <\/strong>2011- ci ild\u0259n G\u0259nc\u0259 D\u00f6vl\u0259t Universitetin Praktik Xarici dill\u0259r kafedras\u0131na laborant t\u0259yin olunmu\u015fdur<\/li>\n\n\n\n<li><strong>D\u0130L B\u0130LG\u0130S\u0130 : <\/strong>Ingilis dili<strong>&nbsp; <\/strong><\/li>\n\n\n\n<li><strong>PART\u0130YALILI\u011eI:<\/strong> &nbsp;YAP <\/li>\n<\/ul>\n\n\n\n<p><\/p>\n\n\n<div class=\"wp-block-image\">\n<figure class=\"aligncenter size-large is-resized\"><img loading=\"lazy\" decoding=\"async\" width=\"338\" height=\"341\" src=\"https:\/\/xdf.gdu.edu.az\/wp-content\/uploads\/2024\/05\/image.png\" alt=\"\" class=\"wp-image-14599\" style=\"width:204px;height:206px\"\/><\/figure>\n<\/div>\n\n\n<p>M\u0259mm\u0259dova Lal\u0259 Yunis q\u0131z\u0131.<\/p>\n\n\n\n<p>Laborant.<\/p>\n\n\n\n<p>Tel.050-317-35-09<\/p>\n\n\n\n<p>E.Mail.vekilaze429@gmail.com<\/p>\n\n\n\n<p>1990-ci ild\u0259 17 noyabrda G\u0259nc\u0259 \u015f\u0259h\u0259rind\u0259 anadan\nolmu\u015fdur.<\/p>\n\n\n\n<p>1997-ci ild\u0259 G\u0259nc\u0259 \u015f\u0259h\u0259ri 15-sayli tam orta m\u0259kt\u0259bd\u0259\nt\u0259hsil alm\u0131\u015f v\u0259 2008ci-ild\u0259 Samux rayonu Kolay\u0131r tam orta mekt\u0259bi bitirmi\u015fdir.<\/p>\n\n\n\n<p>2008-ci ild\u0259 G\u0259nc\u0259 D\u00f6vl\u0259t \u00dcniversitetin\u0259 q\u0259bul\nolmu\u015fdur.<\/p>\n\n\n\n<p>2012ci \u2013ild\u0259 G\u0259nc\u0259 D\u00f6vl\u0259t \u00dcniversitetinin Praktik\nDill\u0259r Kafedras\u0131na laborant t\u0259yin olunmu\u015fdur.<\/p>\n\n\n\n<p>Dil bilgisi.\u0130ngilis-dili<\/p>\n\n\n\n<p>Adres.S\u0259favil\u0259r ev.92<\/p>\n\n\n\n<p>Partiyal\u0131l\u0131\u011f\u0131.YAP.<\/p>\n\n\n\n<p><\/p>\n","protected":false},"excerpt":{"rendered":"<p>2. Hac\u0131yeva M\u0259tan\u0259t Novruz q\u0131z\u0131 4. Yusifova Fizz\u0259 K\u0259mal\u0259ddin q\u0131z\u0131 M\u0259mm\u0259dova Lal\u0259 Yunis q\u0131z\u0131. Laborant. Tel.050-317-35-09 E.Mail.vekilaze429@gmail.com 1990-ci ild\u0259 17 noyabrda G\u0259nc\u0259 \u015f\u0259h\u0259rind\u0259 anadan olmu\u015fdur. 1997-ci ild\u0259 G\u0259nc\u0259 \u015f\u0259h\u0259ri 15-sayli tam orta m\u0259kt\u0259bd\u0259 t\u0259hsil alm\u0131\u015f v\u0259 2008ci-ild\u0259 Samux rayonu Kolay\u0131r tam orta mekt\u0259bi bitirmi\u015fdir. 2008-ci ild\u0259 G\u0259nc\u0259 D\u00f6vl\u0259t \u00dcniversitetin\u0259 q\u0259bul olmu\u015fdur. 2012ci \u2013ild\u0259 G\u0259nc\u0259 D\u00f6vl\u0259t [&hellip;]<\/p>\n","protected":false},"author":4,"featured_media":0,"parent":0,"menu_order":0,"comment_status":"closed","ping_status":"closed","template":"","meta":{"footnotes":""},"categories":[],"tags":[],"class_list":["post-12097","page","type-page","status-publish","hentry"],"_links":{"self":[{"href":"http:\/\/xdf.gdu.edu.az\/index.php?rest_route=\/wp\/v2\/pages\/12097","targetHints":{"allow":["GET"]}}],"collection":[{"href":"http:\/\/xdf.gdu.edu.az\/index.php?rest_route=\/wp\/v2\/pages"}],"about":[{"href":"http:\/\/xdf.gdu.edu.az\/index.php?rest_route=\/wp\/v2\/types\/page"}],"author":[{"embeddable":true,"href":"http:\/\/xdf.gdu.edu.az\/index.php?rest_route=\/wp\/v2\/users\/4"}],"replies":[{"embeddable":true,"href":"http:\/\/xdf.gdu.edu.az\/index.php?rest_route=%2Fwp%2Fv2%2Fcomments&post=12097"}],"version-history":[{"count":9,"href":"http:\/\/xdf.gdu.edu.az\/index.php?rest_route=\/wp\/v2\/pages\/12097\/revisions"}],"predecessor-version":[{"id":18203,"href":"http:\/\/xdf.gdu.edu.az\/index.php?rest_route=\/wp\/v2\/pages\/12097\/revisions\/18203"}],"wp:attachment":[{"href":"http:\/\/xdf.gdu.edu.az\/index.php?rest_route=%2Fwp%2Fv2%2Fmedia&parent=12097"}],"wp:term":[{"taxonomy":"category","embeddable":true,"href":"http:\/\/xdf.gdu.edu.az\/index.php?rest_route=%2Fwp%2Fv2%2Fcategories&post=12097"},{"taxonomy":"post_tag","embeddable":true,"href":"http:\/\/xdf.gdu.edu.az\/index.php?rest_route=%2Fwp%2Fv2%2Ftags&post=12097"}],"curies":[{"name":"wp","href":"https:\/\/api.w.org\/{rel}","templated":true}]}}