{"id":11963,"date":"2023-05-17T10:39:47","date_gmt":"2023-05-17T08:39:47","guid":{"rendered":"http:\/\/xdf.gdu.edu.az\/?page_id=11963"},"modified":"2025-12-03T09:58:30","modified_gmt":"2025-12-03T07:58:30","slug":"qasimova-samir%c9%99-firuddin-qizi","status":"publish","type":"page","link":"http:\/\/xdf.gdu.edu.az\/?page_id=11963","title":{"rendered":"Qas\u0131mova Samir\u0259 Firuddin q\u0131z\u0131"},"content":{"rendered":"<div class=\"wp-block-image\">\n<figure class=\"aligncenter size-large is-resized\"><img loading=\"lazy\" decoding=\"async\" width=\"252\" height=\"342\" src=\"http:\/\/xdf.gdu.edu.az\/wp-content\/uploads\/2023\/05\/samire.jpg\" alt=\"\" class=\"wp-image-11906\" style=\"width:217px;height:294px\"\/><\/figure>\n<\/div>\n\n\n<p>G\u0259nc\u0259 D\u00f6vl\u0259t\nUniversitetinin \u201cQrammatika v\u0259&nbsp; \u0130ngilis dilinin t\u0259drisi\u201d kafedras\u0131n\u0131n\ndosenti &nbsp;Qas\u0131mova Samir\u0259 Firuddin q\u0131z\u0131<\/p>\n\n\n\n<p><strong>QISA B\u0130OQRAF\u0130K\nM\u018fLUMAT<\/strong><\/p>\n\n\n\n<p>&nbsp;1979-cu il 12 oktyab\u0131rda G\u0259nc\u0259\n\u015f\u0259h\u0259rind\u0259 anadan olmu\u015fdur.<\/p>\n\n\n\n<p>&nbsp;1986-1996-c\u00fc ill\u0259rd\u0259 G\u0259nc\u0259\n\u015f\u0259h\u0259ri 27 sayl\u0131 orta m\u0259kt\u0259bd\u0259 t\u0259hsil alm\u0131\u015fd\u0131r. &nbsp;&nbsp;Ail\u0259lidir, bir&nbsp; \u00f6vlad\u0131 var.&nbsp; 2001-ci ild\u0259n YAP \u00fczv\u00fcd\u00fcr.<\/p>\n\n\n\n<p><strong>Telefon:<\/strong> 055-264-54-03<\/p>\n\n\n\n<p><strong>E-mail:<\/strong> <a href=\"mailto:samiragasimova@yandex.ru\">samiragasimova@yandex.ru<\/a> <\/p>\n\n\n\n<ul class=\"wp-block-list\">\n<li>1996-2000-ci ill\u0259rd\u0259 Bak\u0131 \u015f\u0259h\u0259rind\u0259 \u201c T\u0259f\u0259kk\u00fcr\u201d<br>Universitetind\u0259 \u201c\u0130ngilis- alman \u201d dill\u0259ri istiqam\u0259ti \u00fczr\u0259 bakalav\u0131r d\u0259r\u0259c\u0259si<br>alm\u0131\u015fd\u0131r.<\/li>\n\n\n\n<li>2000-2002-c\u00fc ill\u0259rd\u0259 G\u0259nc\u0259 D\u00f6vl\u0259t<br>Universitetinin\u00a0 \u201cDil\u015f\u00fcnasl\u0131q\u201d istiqam\u0259ti \u00fczr\u0259 magistr d\u0259r\u0259c\u0259sini<br>f\u0259rql\u0259nm\u0259 diplomu il\u0259 bitirmi\u015fdir.<\/li>\n\n\n\n<li>31 oktyabr 2014-ci ild\u0259 G\u0259nc\u0259 D\u00f6vl\u0259t<br>Universitetinin \u201cM\u00fcqayis\u0259li \u2013 tarixi v\u0259 m\u00fcqayis\u0259li dil\u00e7ilik.\u201c ixtisas\u0131<br>\u00fczr\u0259 dissertant q\u0259bul olunmu\u015fdur.<\/li>\n\n\n\n<li>2021-ci ild\u0259 \u201cM\u00fcqayis\u0259li-tarixi v\u0259 m\u00fcqais\u0259li-tipoloji dil\u00e7ilik\u201d ixtisas\u0131 \u00fczr\u0259 Filologiya<br>\u00fczr\u0259 F\u0259ls\u0259f\u0259 Doktoru elmi d\u0259r\u0259c\u0259si almi\u015fd\u0131r.<\/li>\n\n\n\n<li>2022-ci ild\u0259 dosent (at-siz)  <\/li>\n\n\n\n<li>2025-ci ild\u0259n dosent<\/li>\n<\/ul>\n\n\n\n<p><strong>\u018fM\u018fK F\u018fAL\u0130YY\u018fT\u0130<\/strong><\/p>\n\n\n\n<ul class=\"wp-block-list\">\n<li>2000-2002-ci ill\u0259rd\u0259 G\u0259nc\u0259 D\u00f6vl\u0259t Humanitar<br>Kollecind\u0259\u00a0 m\u00fc\u0259llim.<\/li>\n\n\n\n<li>2002-2009-cu ill\u0259rd\u0259 G\u0259nc\u0259 D\u00f6vl\u0259t Universitetinin<br>\u201cXarici dill\u0259r\u201d kafedras\u0131nda m\u00fc\u0259llim.<\/li>\n\n\n\n<li>2009-2022cu ill\u0259rd\u0259 G\u0259nc\u0259 D\u00f6vl\u0259t Universitetinin<br>\u201cXarici dill\u0259r\u201d fak\u00fclt\u0259sinin \u201cQrammatika v\u0259 ingilis dilinin t\u0259drisi\u201d<br>kafedras\u0131nda ba\u015f m\u00fc\u0259llim.<\/li>\n\n\n\n<li>2025-ci ild\u0259n \u201cXarici dill\u0259r\u201d fak\u00fclt\u0259sinin<br>\u201cQrammatika v\u0259 ingilis dilinin t\u0259drisi\u201d kafedras\u0131n\u0131n dosenti<\/li>\n<\/ul>\n\n\n\n<p><strong>T\u018fLT\u0130FL\u018fR\u0130<\/strong><\/p>\n\n\n\n<p>1.Sertifikat.Az\u0259rbaycan Respublikas\u0131 T\u0259hsil\nNazirliyi v\u0259 \u201cM\u0259d\u0259d\u201dt\u0259\u015fkilat\u0131 t\u0259r\u0259find\u0259n t\u0259\u015fkil edilmi\u015f&nbsp; \u0130KT \u2013nin t\u0259hsil\u0259 t\u0259tbiqi \u00fczr\u0259 intel \u201dG\u0259l\u0259c\u0259k\n\u00fc\u00e7\u00fcn T\u0259hsil\u201d<\/p>\n\n\n\n<p>2. Cerificate.\u201dEducational and Scientific Activity\nin a new time : Realities and Challenges\u201d<\/p>\n\n\n\n<p>3. Certificate of Participation.Has successfully\nparticipated in the&nbsp; VII&nbsp; International Scientific Conference dedicated\nto the 185<sup>th<\/sup> anniversary of Seyyid Azim Shirvani \u201dPersonality and\nsociety:problems of interaction\u201d<\/p>\n\n\n\n<p>4. Certificate of Participation.The 60<sup>th <\/sup>\u0130nternational\nScientific Conference \u201dEurope and Asia:history,culture and mutual\ncooperation\u201ddedicated to the 95<sup>th<\/sup> Anniversary of Bhatiyar Vahabzade <\/p>\n\n\n\n<p>5. Certificate of Participation.\u0130n oral and\ntechnical participation and appreciation of research contributions to the XXXV\n\u0130nternational Scientific Symposium \u201d Mahmud Kashgari: Common Heritage of the\nturkic world held on February 25,2023 Amsterdam \/Holland<\/p>\n\n\n\n<p>6. Certificate&nbsp;\nuczestinka czasopismo naukowe, Zeszyt \u211635(122)\u201dColloquium-journal\n\u201dComperative&nbsp; Historical Linguistics <\/p>\n\n\n\n<p>7. University of Essex-Tempus Jep \u2013Ritsa Baku\n\u0130n-service Teachers Training and Retraining \u0130nstitute-Tempus programme1.Tempus\nProqram\u0131 \u00fczr\u0259 Bak\u0131 M\u00fc\u0259lliml\u0259rin \u0130xtisasart\u0131rma \u0130nstitunda t\u0259\u015fkil olunmu\u015f\ntreyninqd\u0259 sertifikat<\/p>\n\n\n\n<p>8.Tempus proqram\u0131 \u00e7\u0259r\u00e7iv\u0259sind\u0259 \u0130gilt\u0259r\u0259nin ESSEX\nUniversitetind\u0259 t\u0259\u015fkil olunmu\u015f<\/p>\n\n\n\n<p>treyninqd\u0259 sertifikat<\/p>\n\n\n\n<p>9. \u0130ntel-G\u0259l\u0259c\u0259k \u00dc\u00e7\u00fcn T\u0259hsil- kursunda t\u0259\u015fkil\nolunmu\u015f treyninq\u0259 dair sertifikat<\/p>\n\n\n\n<p>10. Tempus proqram\u0131 \u00e7\u0259r\u00e7iv\u0259sind\u0259 G\u0259nc\u0259 D\u00f6vl\u0259t\nUniversitetind\u0259 t\u0259\u015fkil olunmu\u015f<\/p>\n\n\n\n<p>treyninqd\u0259 sertifikat Erasmus mundos proqram\u0131 \u00e7\u0259r\u00e7iv\u0259sind\u0259\nPotuqaliya Viana de <\/p>\n\n\n\n<p><strong>T\u018fDQ\u0130QAT\nSAH\u018fS\u0130<\/strong><\/p>\n\n\n\n<p>\u201c Az\u0259rbaycan v\u0259 \u0130ngilis dill\u0259rind\u0259 T\u0259f\u0259kk\u00fcr fell\u0259ri\u201d.<\/p>\n\n\n\n<p><strong>BEYN\u018fLXALQ\nSEM\u0130NAR, S\u0130MPOZ\u0130UM V\u018f KONFRANSLARDA \u0130\u015eT\u0130RAKI<\/strong><\/p>\n\n\n\n<p>1. THE VII INTERNATIONAL SCIENTIFIC CONFRENCE\nDEDICATED TO THE 185 th ANNYVERSARY OF SEYYID AZIM SHIRVANI \u201c Personality and\nsociety : problems of interaction<\/p>\n\n\n\n<p>2. THE INTERNATIONAL SCIENTIFIC CONFRENCE DEDICATED TO THE\n89 th ANNYVERSARY OF BAKHTIYAR VAHABZADE<\/p>\n\n\n\n<p>Europe and Asia: history, cultureand cooperation<\/p>\n\n\n\n<p>3. THE IX INTERNATIONAL SCIENTIFIC SYMPOSIUM DEDICATED TO THE\n550 th ANNYVERSARY OF HABIBI<\/p>\n\n\n\n<p><strong>ELM\u0130\n\u018fS\u018fRL\u018fR\u0130<\/strong><\/p>\n\n\n\n<ol class=\"wp-block-list\">\n<li>Morphological way of expressing comparative adjectives and adverbs, GDU, Elmi x\u0259b\u0259rl\u0259r, Fundamental, humanitar v\u0259 t\u0259bi\u0259t elml\u0259ri seriyas\u0131, G\u0259nc\u0259-\u00a0 2019\\1<\/li>\n\n\n\n<li>Proverbs and sayings as genre of folk art, GDU, Elmi x\u0259b\u0259rl\u0259r, Fundamental, humanitar v\u0259 t\u0259bi\u0259t elml\u0259ri seriyas\u0131, G\u0259nc\u0259 -2019\\2\u00a0 <\/li>\n\n\n\n<li>The difference between linguistics and philology, GDU, Elmi x\u0259b\u0259rl\u0259r, Fundamental, humanitar v\u0259 t\u0259bi\u0259t elml\u0259ri seriyas\u0131, G\u0259nc\u0259- 2020\\2 <\/li>\n<\/ol>\n\n\n\n<p><strong>Dil\nbilgisi: <\/strong>Az\u0259rbaycan dili, \u0130ngilis dili, Rus dili, T\u00fcrk dili,\nAlman dili.<\/p>\n","protected":false},"excerpt":{"rendered":"<p>G\u0259nc\u0259 D\u00f6vl\u0259t Universitetinin \u201cQrammatika v\u0259&nbsp; \u0130ngilis dilinin t\u0259drisi\u201d kafedras\u0131n\u0131n dosenti &nbsp;Qas\u0131mova Samir\u0259 Firuddin q\u0131z\u0131 QISA B\u0130OQRAF\u0130K M\u018fLUMAT &nbsp;1979-cu il 12 oktyab\u0131rda G\u0259nc\u0259 \u015f\u0259h\u0259rind\u0259 anadan olmu\u015fdur. &nbsp;1986-1996-c\u00fc ill\u0259rd\u0259 G\u0259nc\u0259 \u015f\u0259h\u0259ri 27 sayl\u0131 orta m\u0259kt\u0259bd\u0259 t\u0259hsil alm\u0131\u015fd\u0131r. &nbsp;&nbsp;Ail\u0259lidir, bir&nbsp; \u00f6vlad\u0131 var.&nbsp; 2001-ci ild\u0259n YAP \u00fczv\u00fcd\u00fcr. Telefon: 055-264-54-03 E-mail: samiragasimova@yandex.ru \u018fM\u018fK F\u018fAL\u0130YY\u018fT\u0130 T\u018fLT\u0130FL\u018fR\u0130 1.Sertifikat.Az\u0259rbaycan Respublikas\u0131 T\u0259hsil Nazirliyi v\u0259 [&hellip;]<\/p>\n","protected":false},"author":4,"featured_media":0,"parent":0,"menu_order":0,"comment_status":"closed","ping_status":"closed","template":"","meta":{"footnotes":""},"categories":[],"tags":[],"class_list":["post-11963","page","type-page","status-publish","hentry"],"_links":{"self":[{"href":"http:\/\/xdf.gdu.edu.az\/index.php?rest_route=\/wp\/v2\/pages\/11963","targetHints":{"allow":["GET"]}}],"collection":[{"href":"http:\/\/xdf.gdu.edu.az\/index.php?rest_route=\/wp\/v2\/pages"}],"about":[{"href":"http:\/\/xdf.gdu.edu.az\/index.php?rest_route=\/wp\/v2\/types\/page"}],"author":[{"embeddable":true,"href":"http:\/\/xdf.gdu.edu.az\/index.php?rest_route=\/wp\/v2\/users\/4"}],"replies":[{"embeddable":true,"href":"http:\/\/xdf.gdu.edu.az\/index.php?rest_route=%2Fwp%2Fv2%2Fcomments&post=11963"}],"version-history":[{"count":3,"href":"http:\/\/xdf.gdu.edu.az\/index.php?rest_route=\/wp\/v2\/pages\/11963\/revisions"}],"predecessor-version":[{"id":18130,"href":"http:\/\/xdf.gdu.edu.az\/index.php?rest_route=\/wp\/v2\/pages\/11963\/revisions\/18130"}],"wp:attachment":[{"href":"http:\/\/xdf.gdu.edu.az\/index.php?rest_route=%2Fwp%2Fv2%2Fmedia&parent=11963"}],"wp:term":[{"taxonomy":"category","embeddable":true,"href":"http:\/\/xdf.gdu.edu.az\/index.php?rest_route=%2Fwp%2Fv2%2Fcategories&post=11963"},{"taxonomy":"post_tag","embeddable":true,"href":"http:\/\/xdf.gdu.edu.az\/index.php?rest_route=%2Fwp%2Fv2%2Ftags&post=11963"}],"curies":[{"name":"wp","href":"https:\/\/api.w.org\/{rel}","templated":true}]}}