{"id":11958,"date":"2023-05-17T10:30:09","date_gmt":"2023-05-17T08:30:09","guid":{"rendered":"http:\/\/xdf.gdu.edu.az\/?page_id=11958"},"modified":"2023-05-17T10:30:57","modified_gmt":"2023-05-17T08:30:57","slug":"%c9%99hm%c9%99dova-kutay%c9%99t-elsad-qizi","status":"publish","type":"page","link":"http:\/\/xdf.gdu.edu.az\/?page_id=11958","title":{"rendered":"\u018fhm\u0259dova Kutay\u0259t El\u015fad q\u0131z\u0131"},"content":{"rendered":"\n<div class=\"wp-block-image\"><figure class=\"aligncenter size-large is-resized\"><img loading=\"lazy\" decoding=\"async\" src=\"http:\/\/xdf.gdu.edu.az\/wp-content\/uploads\/2023\/05\/kutu.jpg\" alt=\"\" class=\"wp-image-11900\" width=\"207\" height=\"251\"\/><\/figure><\/div>\n\n\n\n<p>G\u0259nc\u0259 D\u00f6vl\u0259t Universitetinin <strong>\u201c<\/strong>Qrammatika v\u0259 ingilis dilinin t\u0259drisi\u201d kafedras\u0131n\u0131n&nbsp; laborant\u0131 \u018fhm\u0259dova Kutay\u0259t El\u015fad q\u0131z\u0131<\/p>\n\n\n\n<p><strong>QISA\nB\u0130OQRAF\u0130K M\u018fLUMAT<\/strong><\/p>\n\n\n\n<p>23 sentyabr2000-ci\nild\u0259 Goranboy rayonunda anadan olmu\u015fdur.<\/p>\n\n\n\n<p>2006-2017-ci&nbsp;\nild\u0259 Goranboy rayon F\u0259xral\u0131 k\u0259ndind\u0259 T.Sad\u0131qov ad\u0131na orta m\u0259kt\u0259bi\nbitirib.<\/p>\n\n\n\n<p>Ail\u0259lidi, 2 (\u0259kiz) \u00f6vlad\u0131 var.\n2018-ci ild\u0259n YAP-\u0131n \u00fczv\u00fcd\u00fcr.<\/p>\n\n\n\n<p><strong>Telefon:<\/strong> 055-686-03-80<\/p>\n\n\n\n<p><strong>E-mail:<\/strong> <a href=\"mailto:kutayetehmedova@gmail.com\">kutayetehmedova@gmail.com<\/a> <\/p>\n\n\n\n<p><strong>T\u018fHS\u0130L\u0130<\/strong><\/p>\n\n\n\n<p>2017-2021-ci ild\u0259&nbsp;\nG\u0259nc\u0259 D\u00f6vl\u0259t Universitetinin Xarci Dill\u0259r Fak\u00fclt\u0259sinin&nbsp; \u0130ngilis dili m\u00fc\u0259llimliyi ixtisas\u0131 \u00fczr\u0259\nbakalvr d\u0259r\u0259c\u0259si alm\u0131\u015fd\u0131r.<\/p>\n\n\n\n<p>2023-c\u00fc\nild\u0259n&nbsp; G\u0259nc\u0259 D\u00f6vl\u0259t Universitetinin\nXarici dill\u0259r fak\u00fclt\u0259sinin, \u201cQrammatika v\u0259 ingilis dilinin t\u0259drisi\u201d\nkafedras\u0131nda laborant v\u0259zif\u0259sind\u0259 \u00e7al\u0131\u015f\u0131r.<\/p>\n\n\n\n<p><strong>Dil bilgisi:<\/strong> Az\u0259rbaycan\ndili, \u0130ngilis dili, T\u00fcrk dili, Rus dili, Frans\u0131z dili<\/p>\n","protected":false},"excerpt":{"rendered":"<p>G\u0259nc\u0259 D\u00f6vl\u0259t Universitetinin \u201cQrammatika v\u0259 ingilis dilinin t\u0259drisi\u201d kafedras\u0131n\u0131n&nbsp; laborant\u0131 \u018fhm\u0259dova Kutay\u0259t El\u015fad q\u0131z\u0131 QISA B\u0130OQRAF\u0130K M\u018fLUMAT 23 sentyabr2000-ci ild\u0259 Goranboy rayonunda anadan olmu\u015fdur. 2006-2017-ci&nbsp; ild\u0259 Goranboy rayon F\u0259xral\u0131 k\u0259ndind\u0259 T.Sad\u0131qov ad\u0131na orta m\u0259kt\u0259bi bitirib. Ail\u0259lidi, 2 (\u0259kiz) \u00f6vlad\u0131 var. 2018-ci ild\u0259n YAP-\u0131n \u00fczv\u00fcd\u00fcr. Telefon: 055-686-03-80 E-mail: kutayetehmedova@gmail.com T\u018fHS\u0130L\u0130 2017-2021-ci ild\u0259&nbsp; G\u0259nc\u0259 D\u00f6vl\u0259t Universitetinin Xarci [&hellip;]<\/p>\n","protected":false},"author":4,"featured_media":0,"parent":0,"menu_order":0,"comment_status":"closed","ping_status":"closed","template":"","meta":{"footnotes":""},"categories":[],"tags":[],"class_list":["post-11958","page","type-page","status-publish","hentry"],"_links":{"self":[{"href":"http:\/\/xdf.gdu.edu.az\/index.php?rest_route=\/wp\/v2\/pages\/11958","targetHints":{"allow":["GET"]}}],"collection":[{"href":"http:\/\/xdf.gdu.edu.az\/index.php?rest_route=\/wp\/v2\/pages"}],"about":[{"href":"http:\/\/xdf.gdu.edu.az\/index.php?rest_route=\/wp\/v2\/types\/page"}],"author":[{"embeddable":true,"href":"http:\/\/xdf.gdu.edu.az\/index.php?rest_route=\/wp\/v2\/users\/4"}],"replies":[{"embeddable":true,"href":"http:\/\/xdf.gdu.edu.az\/index.php?rest_route=%2Fwp%2Fv2%2Fcomments&post=11958"}],"version-history":[{"count":2,"href":"http:\/\/xdf.gdu.edu.az\/index.php?rest_route=\/wp\/v2\/pages\/11958\/revisions"}],"predecessor-version":[{"id":11960,"href":"http:\/\/xdf.gdu.edu.az\/index.php?rest_route=\/wp\/v2\/pages\/11958\/revisions\/11960"}],"wp:attachment":[{"href":"http:\/\/xdf.gdu.edu.az\/index.php?rest_route=%2Fwp%2Fv2%2Fmedia&parent=11958"}],"wp:term":[{"taxonomy":"category","embeddable":true,"href":"http:\/\/xdf.gdu.edu.az\/index.php?rest_route=%2Fwp%2Fv2%2Fcategories&post=11958"},{"taxonomy":"post_tag","embeddable":true,"href":"http:\/\/xdf.gdu.edu.az\/index.php?rest_route=%2Fwp%2Fv2%2Ftags&post=11958"}],"curies":[{"name":"wp","href":"https:\/\/api.w.org\/{rel}","templated":true}]}}