{"id":11954,"date":"2023-05-17T10:27:14","date_gmt":"2023-05-17T08:27:14","guid":{"rendered":"http:\/\/xdf.gdu.edu.az\/?page_id=11954"},"modified":"2023-05-17T10:27:14","modified_gmt":"2023-05-17T08:27:14","slug":"%c9%99lizad%c9%99-m%c9%99lt%c9%99m-adil-qizi","status":"publish","type":"page","link":"http:\/\/xdf.gdu.edu.az\/?page_id=11954","title":{"rendered":"\u018flizad\u0259 M\u0259lt\u0259m Adil q\u0131z\u0131"},"content":{"rendered":"\n<figure class=\"wp-block-image size-large\"><img loading=\"lazy\" decoding=\"async\" width=\"323\" height=\"405\" src=\"http:\/\/xdf.gdu.edu.az\/wp-content\/uploads\/2023\/05\/meltem.jpg\" alt=\"\" class=\"wp-image-11902\"\/><\/figure>\n\n\n\n<p>G\u0259nc\u0259 D\u00f6vl\u0259t Universitetinin <strong>\u201c<\/strong>Qrammatika v\u0259 ingilis dilinin t\u0259drisi<strong>\u201d<\/strong> kafedras\u0131n\u0131n laborant\u0131 \u018flizad\u0259 M\u0259lt\u0259m Adil q\u0131z\u0131<\/p>\n\n\n\n<p><strong>QISA\nB\u0130OQRAF\u0130K M\u018fLUMAT<\/strong><\/p>\n\n\n\n<p>11 mart 1990-ci ild\u0259 G\u0259nc\u0259 \u015f\u0259h\u0259rind\u0259\nanadan olmu\u015fdur.<\/p>\n\n\n\n<p>1996-2007-ci ild\u0259 Bak\u0131 \u015f\u0259h\u0259ri 1\nsayl\u0131 G\u0259nc\u0259 orta m\u0259kt\u0259bi bitirib. <\/p>\n\n\n\n<p>&nbsp;1 \u00f6vlad\u0131 var. 2013-c\u00fc\nild\u0259n YAP-\u0131n \u00fczv\u00fcd\u00fcr.<\/p>\n\n\n\n<p><strong>T\u018fHS\u0130L\u0130<\/strong><\/p>\n\n\n\n<p>2009-2012-ci\nild\u0259 Elm v\u0259 T\u0259hsil M\u0259rk\u0259zi T\u0259f\u0259kk\u00fcr Universiteinin, Filologiya Xarici dil\n(ingilis dili)&nbsp; ixtisas\u0131 \u00fczr\u0259 bakalavr d\u0259r\u0259c\u0259si alm\u0131\u015fd\u0131r.<\/p>\n\n\n\n<p>2020-cu ild\u0259n G\u0259nc\u0259 D\u00f6vl\u0259t\nUniversitetinin Xarici dill\u0259r fak\u00fclt\u0259sinin, \u201cQrammatika v\u0259 ingilis dilinin\nt\u0259drisi\u201d kafedras\u0131nda laborant v\u0259zif\u0259sind\u0259 \u00e7al\u0131\u015f\u0131r. <\/p>\n\n\n\n<p><strong>Dil\nbilgisi<\/strong>: Az\u0259rbaycan\ndili, \u0130ngilis dili, Rus dili, T\u00fcrk dili, Alman dili<\/p>\n","protected":false},"excerpt":{"rendered":"<p>G\u0259nc\u0259 D\u00f6vl\u0259t Universitetinin \u201cQrammatika v\u0259 ingilis dilinin t\u0259drisi\u201d kafedras\u0131n\u0131n laborant\u0131 \u018flizad\u0259 M\u0259lt\u0259m Adil q\u0131z\u0131 QISA B\u0130OQRAF\u0130K M\u018fLUMAT 11 mart 1990-ci ild\u0259 G\u0259nc\u0259 \u015f\u0259h\u0259rind\u0259 anadan olmu\u015fdur. 1996-2007-ci ild\u0259 Bak\u0131 \u015f\u0259h\u0259ri 1 sayl\u0131 G\u0259nc\u0259 orta m\u0259kt\u0259bi bitirib. &nbsp;1 \u00f6vlad\u0131 var. 2013-c\u00fc ild\u0259n YAP-\u0131n \u00fczv\u00fcd\u00fcr. T\u018fHS\u0130L\u0130 2009-2012-ci ild\u0259 Elm v\u0259 T\u0259hsil M\u0259rk\u0259zi T\u0259f\u0259kk\u00fcr Universiteinin, Filologiya Xarici dil (ingilis [&hellip;]<\/p>\n","protected":false},"author":4,"featured_media":0,"parent":0,"menu_order":0,"comment_status":"closed","ping_status":"closed","template":"","meta":{"footnotes":""},"categories":[],"tags":[],"class_list":["post-11954","page","type-page","status-publish","hentry"],"_links":{"self":[{"href":"http:\/\/xdf.gdu.edu.az\/index.php?rest_route=\/wp\/v2\/pages\/11954","targetHints":{"allow":["GET"]}}],"collection":[{"href":"http:\/\/xdf.gdu.edu.az\/index.php?rest_route=\/wp\/v2\/pages"}],"about":[{"href":"http:\/\/xdf.gdu.edu.az\/index.php?rest_route=\/wp\/v2\/types\/page"}],"author":[{"embeddable":true,"href":"http:\/\/xdf.gdu.edu.az\/index.php?rest_route=\/wp\/v2\/users\/4"}],"replies":[{"embeddable":true,"href":"http:\/\/xdf.gdu.edu.az\/index.php?rest_route=%2Fwp%2Fv2%2Fcomments&post=11954"}],"version-history":[{"count":1,"href":"http:\/\/xdf.gdu.edu.az\/index.php?rest_route=\/wp\/v2\/pages\/11954\/revisions"}],"predecessor-version":[{"id":11955,"href":"http:\/\/xdf.gdu.edu.az\/index.php?rest_route=\/wp\/v2\/pages\/11954\/revisions\/11955"}],"wp:attachment":[{"href":"http:\/\/xdf.gdu.edu.az\/index.php?rest_route=%2Fwp%2Fv2%2Fmedia&parent=11954"}],"wp:term":[{"taxonomy":"category","embeddable":true,"href":"http:\/\/xdf.gdu.edu.az\/index.php?rest_route=%2Fwp%2Fv2%2Fcategories&post=11954"},{"taxonomy":"post_tag","embeddable":true,"href":"http:\/\/xdf.gdu.edu.az\/index.php?rest_route=%2Fwp%2Fv2%2Ftags&post=11954"}],"curies":[{"name":"wp","href":"https:\/\/api.w.org\/{rel}","templated":true}]}}